{"id":6008,"date":"2018-09-05T09:18:48","date_gmt":"2018-09-05T09:18:48","guid":{"rendered":"https:\/\/medhit-wp2.it\/sap\/product\/%d0%ba%d0%b0%d1%80%d1%82%d0%be%d1%84%d0%b5%d0%bb%d0%b5%d1%87%d0%b8%d1%81%d1%82%d0%ba%d0%b8-2\/"},"modified":"2026-03-11T12:02:00","modified_gmt":"2026-03-11T12:02:00","slug":"%d0%ba%d0%b0%d1%80%d1%82%d0%be%d1%84%d0%b5%d0%bb%d0%b5%d1%87%d0%b8%d1%81%d1%82%d0%ba%d0%b8-2","status":"publish","type":"product","link":"https:\/\/sapbologna.it\/ru\/product\/%d0%ba%d0%b0%d1%80%d1%82%d0%be%d1%84%d0%b5%d0%bb%d0%b5%d1%87%d0%b8%d1%81%d1%82%d0%ba%d0%b8-2\/","title":{"rendered":"\u041a\u0410\u0420\u0422\u041e\u0424\u0415\u041b\u0415\u0427\u0418\u0421\u0422\u041a\u0418"},"content":{"rendered":"<div class=\"caratteristiche\"><\/div>\n<div class=\"caratteristiche\">\n<p>&nbsp;<\/p>\n<table class=\"table table-striped\">\n<thead>\n<tr>\n<th colspan=\"2\">\u041c\u0410\u0428\u0418\u041d\u0410 \u0414\u041b\u042f \u041e\u0427\u0418\u0421\u0422\u041a\u0418 \u041b\u0423\u041a\u0410 PLC8<\/th>\n<\/tr>\n<\/thead>\n<tbody>\n<tr>\n<td>\u041c\u0430\u0442\u0435\u0440\u0438\u0430\u043b \/ Materiale \/ Made of \/ Mat\u00e9riel<\/td>\n<td>\u043d\u0435\u0440\u0436\u0430\u0432\u0435\u044e\u0449\u0430\u044f \u0441\u0442\u0430\u043b\u044c<\/td>\n<\/tr>\n<tr>\n<td>\u0412\u043c\u0435\u0441\u0442\u0438\u043c\u043e\u0441\u0442\u044c \u0435\u043c\u043a\u043e\u0441\u0442\u0438 \/ Capacit\u00e0 vasca \/ Tank capacity<\/td>\n<td>8 \u043a\u0433<\/td>\n<\/tr>\n<tr>\n<td>\u041f\u0440\u043e\u0438\u0437\u0432\u043e\u0434\u0438\u0442\u0435\u043b\u044c\u043d\u043e\u0441\u0442\u044c \u0432 \u0447\u0430\u0441 \/ Produzione oraria \/ Hourly output<\/td>\n<td>100 \u043a\u0433<\/td>\n<\/tr>\n<tr>\n<td>\u0414\u0432\u0438\u0433\u0430\u0442\u0435\u043b\u044c \/ Motore \/ Motor \/ Moteur<\/td>\n<td>0,55 \u043a\u0412\u0442, 230 \u0412 \/ 50 \u0413\u0446<\/td>\n<\/tr>\n<tr>\n<td>\u041c\u043e\u0449\u043d\u043e\u0441\u0442\u044c \/ Potenza \/ Power \/ Puissance<\/td>\n<td>0,75 \u043b.\u0441.<\/td>\n<\/tr>\n<tr>\n<td>\u041e\u0431\u043e\u0440\u043e\u0442\u044b \u0434\u0432\u0438\u0433\u0430\u0442\u0435\u043b\u044f \/ Giri motore \/ Motor speed<\/td>\n<td>900 \u041e\u0411.\/\u041c\u0418\u041d.<\/td>\n<\/tr>\n<tr>\n<td>\u041c\u0430\u0441\u0441\u0430 \u043d\u0435\u0442\u0442\u043e \/ Peso netto \/ Net weight \/ Poids net<\/td>\n<td>26 \u043a\u0433<\/td>\n<\/tr>\n<tr>\n<td>\u041c\u0430\u0441\u0441\u0430 \u0431\u0440\u0443\u0442\u0442\u043e \/ Peso lordo \/ Gross weight \/ Poids brut<\/td>\n<td>30 \u043a\u0433<\/td>\n<\/tr>\n<tr>\n<td>\u0420\u0430\u0437\u043c\u0435\u0440\u044b \/ Dimensione \/ Dimension \/ Dimensions<\/td>\n<td>32 x 42 x 80 \u0441\u043c<\/td>\n<\/tr>\n<tr>\n<td>\u0420\u0430\u0437\u043c\u0435\u0440\u044b \u0443\u043f\u0430\u043a\u043e\u0432\u043a\u0438 \/ Dimensione imballo \/ Package dimension<\/td>\n<td>95 x 50 x 45 \u0441\u043c<\/td>\n<\/tr>\n<tr>\n<td>\u041e\u043f\u0446\u0438\u0438 \/ Optional \/ Optional<\/td>\n<td>\u041f\u043e\u0434\u0441\u0442\u0430\u0432\u043a\u0430 \u0441 \u0444\u0438\u043b\u044c\u0442\u0440\u043e\u043c<\/td>\n<\/tr>\n<tr>\n<td>\u041a\u0430\u0442\u0430\u043b\u043e\u0433 \u0442\u043e\u0432\u0430\u0440\u043e\u0432 \/ Catalogo prodotto<\/td>\n<td><a href=\"\/wp-content\/uploads\/2026\/03\/PELACIPOLLE-PLC8.pdf\" target=\"_blank\" rel=\"noopener\"><img loading=\"lazy\" decoding=\"async\" class=\"alignleft wp-image-3321 size-full\" src=\"https:\/\/sapbologna.it\/wp-content\/uploads\/2018\/09\/download-icon.png\" alt=\"\" width=\"114\" height=\"133\" \/><\/a><\/td>\n<\/tr>\n<\/tbody>\n<\/table>\n<\/div>\n<div class=\"caratteristiche\">\n<p>&nbsp;<\/p>\n<table class=\"table table-striped\">\n<thead>\n<tr>\n<th colspan=\"2\">\u041c\u0410\u0428\u0418\u041d\u0410 \u0414\u041b\u042f \u041e\u0427\u0418\u0421\u0422\u041a\u0418 \u041b\u0423\u041a\u0410 PLC15<\/th>\n<\/tr>\n<\/thead>\n<tbody>\n<tr>\n<td>\u041c\u0430\u0442\u0435\u0440\u0438\u0430\u043b \/ Materiale \/ Made of \/ Mat\u00e9riel<\/td>\n<td>\u043d\u0435\u0440\u0436\u0430\u0432\u0435\u044e\u0449\u0430\u044f \u0441\u0442\u0430\u043b\u044c<\/td>\n<\/tr>\n<tr>\n<td>\u0412\u043c\u0435\u0441\u0442\u0438\u043c\u043e\u0441\u0442\u044c \u0435\u043c\u043a\u043e\u0441\u0442\u0438 \/ Capacit\u00e0 vasca \/ Tank capacity<\/td>\n<td>15 \u043a\u0433<\/td>\n<\/tr>\n<tr>\n<td>\u041f\u0440\u043e\u0438\u0437\u0432\u043e\u0434\u0438\u0442\u0435\u043b\u044c\u043d\u043e\u0441\u0442\u044c \u0432 \u0447\u0430\u0441 \/ Produzione oraria \/ Hourly output<\/td>\n<td>180 \u043a\u0433<\/td>\n<\/tr>\n<tr>\n<td>\u0414\u0432\u0438\u0433\u0430\u0442\u0435\u043b\u044c \/ Motore \/ Motor \/ Moteur<\/td>\n<td>0,63 \u043a\u0412\u0442 230 \u0412 \/ 50 \u0413\u0446 230 \u0412 \/ 400 \/ 50 \u0413\u0446<\/td>\n<\/tr>\n<tr>\n<td>\u041c\u043e\u0449\u043d\u043e\u0441\u0442\u044c \/ Potenza \/ Power \/ Puissance<\/td>\n<td>0,85 \u043b.\u0441.<\/td>\n<\/tr>\n<tr>\n<td>\u041e\u0431\u043e\u0440\u043e\u0442\u044b \u0434\u0432\u0438\u0433\u0430\u0442\u0435\u043b\u044f \/ Giri motore \/ Motor speed<\/td>\n<td>900 \u041e\u0411.\/\u041c\u0418\u041d.<\/td>\n<\/tr>\n<tr>\n<td>\u041c\u0430\u0441\u0441\u0430 \u043d\u0435\u0442\u0442\u043e \/ Peso netto \/ Net weight \/ Poids net<\/td>\n<td>36 \u043a\u0433<\/td>\n<\/tr>\n<tr>\n<td>\u041c\u0430\u0441\u0441\u0430 \u0431\u0440\u0443\u0442\u0442\u043e \/ Peso lordo \/ Gross weight \/ Poids brut<\/td>\n<td>40 \u043a\u0433<\/td>\n<\/tr>\n<tr>\n<td>\u0420\u0430\u0437\u043c\u0435\u0440\u044b \/ Dimensione \/ Dimension \/ Dimensions<\/td>\n<td>40 x 50 x 90 \u0441\u043c<\/td>\n<\/tr>\n<tr>\n<td>\u0420\u0430\u0437\u043c\u0435\u0440\u044b \u0443\u043f\u0430\u043a\u043e\u0432\u043a\u0438 \/ Dimensione imballo \/ Package dimension<\/td>\n<td>100 x 60 x 55 \u0441\u043c<\/td>\n<\/tr>\n<tr>\n<td>\u041e\u043f\u0446\u0438\u0438 \/ Optional \/ Optional<\/td>\n<td>\u041f\u043e\u0434\u0441\u0442\u0430\u0432\u043a\u0430 \u0441 \u0444\u0438\u043b\u044c\u0442\u0440\u043e\u043c<\/td>\n<\/tr>\n<tr>\n<td>\u041a\u0430\u0442\u0430\u043b\u043e\u0433 \u0442\u043e\u0432\u0430\u0440\u043e\u0432 \/ Catalogo prodotto<\/td>\n<td><a href=\"\/wp-content\/uploads\/2026\/03\/PELACIPOLLE-PLC15.pdf\" target=\"_blank\" rel=\"noopener\"><img loading=\"lazy\" decoding=\"async\" class=\"alignleft wp-image-3321 size-full\" src=\"https:\/\/sapbologna.it\/wp-content\/uploads\/2018\/09\/download-icon.png\" alt=\"\" width=\"114\" height=\"133\" \/><\/a><\/td>\n<\/tr>\n<\/tbody>\n<\/table>\n<\/div>\n<div class=\"caratteristiche\">\n<p>&nbsp;<\/p>\n<table class=\"table table-striped\">\n<thead>\n<tr>\n<th colspan=\"2\">\u041c\u0410\u0428\u0418\u041d\u0410 \u0414\u041b\u042f \u041e\u0427\u0418\u0421\u0422\u041a\u0418 \u041b\u0423\u041a\u0410 PLC20<\/th>\n<\/tr>\n<\/thead>\n<tbody>\n<tr>\n<td>\u041c\u0430\u0442\u0435\u0440\u0438\u0430\u043b \/ Materiale \/ Made of \/ Mat\u00e9riel<\/td>\n<td>20 \u043a\u0433<\/td>\n<\/tr>\n<tr>\n<td>\u041f\u0440\u043e\u0438\u0437\u0432\u043e\u0434\u0438\u0442\u0435\u043b\u044c\u043d\u043e\u0441\u0442\u044c \u0432 \u0447\u0430\u0441 \/ Produzione oraria \/ Hourly output<\/td>\n<td>240 \u043a\u0433<\/td>\n<\/tr>\n<tr>\n<td>\u0414\u0432\u0438\u0433\u0430\u0442\u0435\u043b\u044c \/ Motore \/ Motor \/ Moteur<\/td>\n<td>0,63 \u043a\u0412\u0442 230 \u0412 \/ 50 \u0412 230 \/ 400 \/ 50 \u0413\u0446<\/td>\n<\/tr>\n<tr>\n<td>\u041c\u043e\u0449\u043d\u043e\u0441\u0442\u044c \/ Potenza \/ Power \/ Puissance<\/td>\n<td>0,85 \u043b.\u0441.<\/td>\n<\/tr>\n<tr>\n<td>\u041e\u0431\u043e\u0440\u043e\u0442\u044b \u0434\u0432\u0438\u0433\u0430\u0442\u0435\u043b\u044f \/ Giri motore \/ Motor speed<\/td>\n<td>900 \u041e\u0411.\/\u041c\u0418\u041d.<\/td>\n<\/tr>\n<tr>\n<td>\u041c\u0430\u0441\u0441\u0430 \u043d\u0435\u0442\u0442\u043e \/ Peso netto \/ Net weight \/ Poids net<\/td>\n<td>41 \u043a\u0433<\/td>\n<\/tr>\n<tr>\n<td>\u041c\u0430\u0441\u0441\u0430 \u0431\u0440\u0443\u0442\u0442\u043e \/ Peso lordo \/ Gross weight \/ Poids brut<\/td>\n<td>45 \u043a\u0433<\/td>\n<\/tr>\n<tr>\n<td>\u0420\u0430\u0437\u043c\u0435\u0440\u044b \/ Dimensione \/ Dimension \/ Dimensions<\/td>\n<td>45 x 55 x 95 \u0441\u043c<\/td>\n<\/tr>\n<tr>\n<td>\u0420\u0430\u0437\u043c\u0435\u0440\u044b \u0443\u043f\u0430\u043a\u043e\u0432\u043a\u0438 \/ Dimensione imballo \/ Package dimension<\/td>\n<td>100 x 60 x 55 \u0441\u043c<\/td>\n<\/tr>\n<tr>\n<td>\u041a\u0430\u0442\u0430\u043b\u043e\u0433 \u0442\u043e\u0432\u0430\u0440\u043e\u0432 \/ Catalogo prodotto<\/td>\n<td><a href=\"\/wp-content\/uploads\/2026\/03\/PELACIPOLLE-PLC20.pdf\" target=\"_blank\" rel=\"noopener\"><img loading=\"lazy\" decoding=\"async\" class=\"alignleft wp-image-3321 size-full\" src=\"https:\/\/sapbologna.it\/wp-content\/uploads\/2018\/09\/download-icon.png\" alt=\"\" width=\"114\" height=\"133\" \/><\/a><\/td>\n<\/tr>\n<\/tbody>\n<\/table>\n<\/div>\n","protected":false},"excerpt":{"rendered":"<p>\u041a\u0430\u0440\u0442\u043e\u0444\u0435\u043b\u0435\u0447\u0438\u0441\u0442\u043a\u0430 \u0438 \u043c\u0430\u0448\u0438\u043d\u0430 \u0434\u043b\u044f \u043e\u0447\u0438\u0441\u0442\u043a\u0438 \u043b\u0443\u043a\u0430 \u0438\u0437\u0433\u043e\u0442\u043e\u0432\u043b\u0435\u043d\u044b \u043f\u043e\u043b\u043d\u043e\u0441\u0442\u044c\u044e \u0438\u0437 \u043d\u0435\u0440\u0436\u0430\u0432\u0435\u044e\u0449\u0435\u0439 \u0441\u0442\u0430\u043b\u0438 \u0438 \u043e\u0441\u043d\u0430\u0449\u0435\u043d\u044b \u0441\u0430\u043c\u044b\u043c\u0438 \u0441\u043e\u0432\u0440\u0435\u043c\u0435\u043d\u043d\u044b\u043c\u0438 \u0443\u0441\u0442\u0440\u043e\u0439\u0441\u0442\u0432\u0430\u043c\u0438 \u0431\u0435\u0437\u043e\u043f\u0430\u0441\u043d\u043e\u0441\u0442\u0438. \u0412\u0435\u0440\u0441\u0438\u044f \u0421\u0415, \u0432 \u0441\u043e\u043e\u0442\u0432\u0435\u0442\u0441\u0442\u0432\u0438\u0438 \u0441 \u043d\u043e\u0440\u043c\u0430\u043c\u0438 \u0431\u0435\u0437\u043e\u043f\u0430\u0441\u043d\u043e\u0441\u0442\u0438 \u0415\u0432\u0440\u043e\u043f\u0435\u0439\u0441\u043a\u043e\u0433\u043e \u0421\u043e\u0434\u0440\u0443\u0436\u0435\u0441\u0442\u0432\u0430 \u0441\u043d\u0430\u0431\u0436\u0435\u043d\u0430 \u044d\u043b\u0435\u043a\u0442\u0440\u0438\u0447\u0435\u0441\u043a\u043e\u0439 \u043a\u043d\u043e\u043f\u043e\u0447\u043d\u043e\u0439 \u043f\u0430\u043d\u0435\u043b\u044c\u044e \u0441 \u043f\u043b\u0430\u0442\u043e\u0439 \u043d\u0430 24 \u0412\u043e\u043b\u044c\u0442, \u043f\u0440\u0435\u0434\u043e\u0445\u0440\u0430\u043d\u0438\u0442\u0435\u043b\u044c\u043d\u044b\u043c \u0432\u044b\u043a\u043b\u044e\u0447\u0430\u0442\u0435\u043b\u0435\u043c, \u043a\u0430\u043a \u043d\u0430 \u0434\u0432\u0435\u0440\u0446\u0435, \u0442\u0430\u043a \u0438 \u043d\u0430 \u043a\u0440\u044b\u0448\u043a\u0435 \u0438 \u0433\u0440\u0438\u0431\u043e\u0432\u0438\u0434\u043d\u043e\u0439 \u043a\u0440\u0430\u0441\u043d\u043e\u0439 \u0430\u0432\u0430\u0440\u0438\u0439\u043d\u043e\u0439 \u043a\u043d\u043e\u043f\u043a\u043e\u0439 \u043f\u043e \u043e\u043a\u043e\u043d\u0447\u0430\u043d\u0438\u0438 \u0440\u0430\u0431\u043e\u0442\u044b. \u041c\u0430\u0448\u0438\u043d\u044b \u043e\u0441\u043d\u0430\u0449\u0435\u043d\u044b \u0440\u0435\u0434\u0443\u043a\u0442\u043e\u0440\u043e\u043c \u0441\u043a\u043e\u0440\u043e\u0441\u0442\u0438 \u0441 \u0440\u0435\u043c\u0435\u043d\u043d\u043e\u0439 \u043f\u0435\u0440\u0435\u0434\u0430\u0447\u0435\u0439, \u0437\u0443\u0431\u0447\u0430\u0442\u044b\u0439 \u0440\u0435\u043c\u0435\u043d\u044c \u2013 \u0431\u0435\u0441\u0448\u0443\u043c\u043d\u044b\u0439, \u043d\u0430\u0434\u0435\u0436\u043d\u044b\u0439 \u0438 \u043f\u0440\u043e\u0441\u0442 \u0432 \u0440\u0435\u0433\u0443\u043b\u0438\u0440\u043e\u0432\u0430\u043d\u0438\u0438. \u041a\u0440\u044b\u0448\u043a\u0430 \u0438\u0437 \u043f\u0440\u043e\u0437\u0440\u0430\u0447\u043d\u043e\u0433\u043e \u0441\u0442\u0435\u043a\u043b\u0430 \u043f\u043e\u0437\u0432\u043e\u043b\u044f\u0435\u0442 \u043e\u043f\u0435\u0440\u0430\u0442\u043e\u0440\u0443 \u043a\u043e\u043d\u0442\u0440\u043e\u043b\u0438\u0440\u043e\u0432\u0430\u0442\u044c \u043f\u0440\u043e\u0446\u0435\u0441\u0441 \u0440\u0430\u0431\u043e\u0442\u044b. Il dispositivo di scarico automatico e carico d\u00b4acqua \u00e8 di \u00d8 50 mm e il piattello \u00e8 rivestito in granulare finissimo ed ha una rotazione inferiore del 20% rispetto al pelapatate. Il nuovo sportello e la sua maniglia \u00e8 fatto di un materiale speciale nylon 6 FV 30% denominato akulon.<\/p>\n","protected":false},"featured_media":6010,"template":"","meta":[],"product_brand":[],"product_cat":[296,298],"product_tag":[],"class_list":{"0":"post-6008","1":"product","2":"type-product","3":"status-publish","4":"has-post-thumbnail","6":"product_cat-296","7":"product_cat-298","8":"item col-md-6 col-sm-6 col-xs-12 mb_50","10":"first","11":"instock","12":"shipping-taxable","13":"product-type-simple"},"_links":{"self":[{"href":"https:\/\/sapbologna.it\/ru\/wp-json\/wp\/v2\/product\/6008","targetHints":{"allow":["GET"]}}],"collection":[{"href":"https:\/\/sapbologna.it\/ru\/wp-json\/wp\/v2\/product"}],"about":[{"href":"https:\/\/sapbologna.it\/ru\/wp-json\/wp\/v2\/types\/product"}],"wp:featuredmedia":[{"embeddable":true,"href":"https:\/\/sapbologna.it\/ru\/wp-json\/wp\/v2\/media\/6010"}],"wp:attachment":[{"href":"https:\/\/sapbologna.it\/ru\/wp-json\/wp\/v2\/media?parent=6008"}],"wp:term":[{"taxonomy":"product_brand","embeddable":true,"href":"https:\/\/sapbologna.it\/ru\/wp-json\/wp\/v2\/product_brand?post=6008"},{"taxonomy":"product_cat","embeddable":true,"href":"https:\/\/sapbologna.it\/ru\/wp-json\/wp\/v2\/product_cat?post=6008"},{"taxonomy":"product_tag","embeddable":true,"href":"https:\/\/sapbologna.it\/ru\/wp-json\/wp\/v2\/product_tag?post=6008"}],"curies":[{"name":"wp","href":"https:\/\/api.w.org\/{rel}","templated":true}]}}