{"id":9273,"date":"2026-03-23T14:33:57","date_gmt":"2026-03-23T14:33:57","guid":{"rendered":"https:\/\/sapbologna.it\/?post_type=product&#038;p=9273"},"modified":"2026-03-26T11:10:33","modified_gmt":"2026-03-26T11:10:33","slug":"mignon","status":"publish","type":"product","link":"https:\/\/sapbologna.it\/fr\/produit\/mignon\/","title":{"rendered":"R\u00e2pe MIGNON"},"content":{"rendered":"<div class=\"caratteristiche\">\n<table class=\"table table-striped\">\n<thead>\n<tr>\n<th colspan=\"2\">R\u00c2PE MIGNON<\/th>\n<\/tr>\n<\/thead>\n<tbody>\n<tr>\n<td>PUISSANCE<\/td>\n<td>0,38 kW (0,5 HP)<\/td>\n<\/tr>\n<tr>\n<td>ALIMENTATION<\/td>\n<td>230V\/1N\/50Hz<\/td>\n<\/tr>\n<tr>\n<td>PRODUCTION HORAIRE<\/td>\n<td>35 Kg\/h<\/td>\n<\/tr>\n<tr>\n<td>DIMENSIONS BOUCHE R\u00c2PE<\/td>\n<td>11x 6,5 (cm)<\/td>\n<\/tr>\n<tr>\n<td>DIMENSIONS<\/td>\n<td>28x25x31 (cm)<\/td>\n<\/tr>\n<tr>\n<td>POIDS NET<\/td>\n<td>8 Kg<\/td>\n<\/tr>\n<tr>\n<td>DIMENSIONS EMBALLAGE<\/td>\n<td>31x26x37 (cm)<\/td>\n<\/tr>\n<tr>\n<td>Catalogue produits<\/td>\n<td><a href=\"\/wp-content\/uploads\/2026\/03\/MIGNON-CATALOGO.pdf\" target=\"_blank\" rel=\"noopener\"><img loading=\"lazy\" decoding=\"async\" class=\"alignleft wp-image-3321\" src=\"https:\/\/sapbologna.it\/wp-content\/uploads\/2018\/09\/download-icon.png\" alt=\"\" width=\"21\" height=\"25\" \/><\/a><\/td>\n<\/tr>\n<\/tbody>\n<\/table>\n<\/div>\n","protected":false},"excerpt":{"rendered":"<p>Petite r\u00e2pe pour la pr\u00e9paration du fromage, parfaite pour usages domestiques et semi-professionnel: petites communaut\u00e9s, h\u00f4tels et restaurants.<br data-start=\"1107\" data-end=\"1110\" \/>La version CE, conforme \u00e0 toutes les r\u00e9gulations, est \u00e9quip\u00e9e d&rsquo;un moteur avec protection thermique, enclenchement de s\u00e9curit\u00e9 sur le presseur et grille en acier inox.<br data-start=\"1277\" data-end=\"1280\" \/>Malgr\u00e9 ses petites dimensions, la machine peut pr\u00e9parer une grande quantit\u00e9 de produit.<\/p>\n","protected":false},"featured_media":9277,"template":"","meta":[],"product_brand":[],"product_cat":[280,287],"product_tag":[],"class_list":{"0":"post-9273","1":"product","2":"type-product","3":"status-publish","4":"has-post-thumbnail","6":"product_cat-rape","7":"product_cat-tous","8":"item col-md-6 col-sm-6 col-xs-12 mb_50","10":"first","11":"instock","12":"shipping-taxable","13":"product-type-simple"},"_links":{"self":[{"href":"https:\/\/sapbologna.it\/fr\/wp-json\/wp\/v2\/product\/9273","targetHints":{"allow":["GET"]}}],"collection":[{"href":"https:\/\/sapbologna.it\/fr\/wp-json\/wp\/v2\/product"}],"about":[{"href":"https:\/\/sapbologna.it\/fr\/wp-json\/wp\/v2\/types\/product"}],"wp:featuredmedia":[{"embeddable":true,"href":"https:\/\/sapbologna.it\/fr\/wp-json\/wp\/v2\/media\/9277"}],"wp:attachment":[{"href":"https:\/\/sapbologna.it\/fr\/wp-json\/wp\/v2\/media?parent=9273"}],"wp:term":[{"taxonomy":"product_brand","embeddable":true,"href":"https:\/\/sapbologna.it\/fr\/wp-json\/wp\/v2\/product_brand?post=9273"},{"taxonomy":"product_cat","embeddable":true,"href":"https:\/\/sapbologna.it\/fr\/wp-json\/wp\/v2\/product_cat?post=9273"},{"taxonomy":"product_tag","embeddable":true,"href":"https:\/\/sapbologna.it\/fr\/wp-json\/wp\/v2\/product_tag?post=9273"}],"curies":[{"name":"wp","href":"https:\/\/api.w.org\/{rel}","templated":true}]}}