{"id":8661,"date":"2025-03-21T10:43:01","date_gmt":"2025-03-21T10:43:01","guid":{"rendered":"https:\/\/sapbologna.it\/?post_type=product&#038;p=8661"},"modified":"2026-04-28T14:36:10","modified_gmt":"2026-04-28T14:36:10","slug":"hachoirs-a-viande-tcb22-tcb32-copia","status":"publish","type":"product","link":"https:\/\/sapbologna.it\/fr\/produit\/hachoirs-a-viande-tcb22-tcb32-copia\/","title":{"rendered":"Hachoir \u00e0 viande TC32 P\/CE &#8211; TC32 P\/EX"},"content":{"rendered":"<div id=\"\" class=\"caratteristiche\">\n<table class=\"table table-striped\">\n<thead>\n<tr>\n<th colspan=\"2\">HACHOIR \u00c0 VIANDE TC32 P\/CE<\/th>\n<\/tr>\n<\/thead>\n<tbody>\n<tr>\n<td>BOUCHE<\/td>\n<td>32 entreprise<\/td>\n<\/tr>\n<tr>\n<td>COL D&rsquo;ENTR\u00c9E<\/td>\n<td>\u00d8 52 mm<\/p>\n<p>P76 avec dispositif de protection des mains plus microrupteur codifi\u00e9<\/td>\n<\/tr>\n<tr>\n<td>PRODUCTION HORAIRE<\/td>\n<td>600 kg\/h<\/td>\n<\/tr>\n<tr>\n<td>DIMENSION TR\u00c9MIE<\/td>\n<td>43 x 29 x 7 cm<\/td>\n<\/tr>\n<tr>\n<td>MOTEUR TRIPHAS\u00c9<\/td>\n<td>400 V \/ 3 hp \/ 2,2 kW<\/td>\n<\/tr>\n<tr>\n<td>POIDS NET<\/td>\n<td>34 kg<\/td>\n<\/tr>\n<tr>\n<td>DIMENSION<\/td>\n<td>70 x 28 x 43 cm<\/td>\n<\/tr>\n<tr>\n<td>DIMENSION EMBALLAGE<\/td>\n<td>60 x 34 x 55 cm<\/td>\n<\/tr>\n<tr>\n<td>CATALOGUE PRODUITS<\/td>\n<td><a href=\"\/wp-content\/uploads\/2026\/04\/TRITACARNE-TC32P.pdf\" target=\"_blank\" rel=\"noopener\"><img loading=\"lazy\" decoding=\"async\" class=\"alignleft wp-image-3321 size-full\" src=\"https:\/\/sapbologna.it\/wp-content\/uploads\/2018\/09\/download-icon.png\" alt=\"\" width=\"114\" height=\"133\" \/><\/a><\/td>\n<\/tr>\n<tr>\n<td>VUE \u00c9CLAT\u00c9E<\/td>\n<td><a href=\"\/wp-content\/uploads\/2026\/03\/TC32P.pdf\" target=\"_blank\" rel=\"noopener\"><img loading=\"lazy\" decoding=\"async\" class=\"alignleft wp-image-3321 size-full\" src=\"https:\/\/sapbologna.it\/wp-content\/uploads\/2018\/09\/download-icon.png\" alt=\"\" width=\"114\" height=\"133\" \/><\/a><\/td>\n<\/tr>\n<\/tbody>\n<\/table>\n<\/div>\n<p>&nbsp;<\/p>\n<div class=\"caratteristiche\">\n<table class=\"table table-striped\">\n<thead>\n<tr>\n<th colspan=\"2\">HACHOIR \u00c0 VIANDE TC32 P\/EX<\/th>\n<\/tr>\n<\/thead>\n<tbody>\n<tr>\n<td>BOUCHE<\/td>\n<td>32 enterprise<\/td>\n<\/tr>\n<tr>\n<td>COL D&rsquo;ENTR\u00c9E<\/td>\n<td>\u00d8 76 mm<\/td>\n<\/tr>\n<tr>\n<td>PRODUCTION HORAIRE<\/td>\n<td>600 kg\/h<\/td>\n<\/tr>\n<tr>\n<td>DIMENSION TR\u00c9MIE<\/td>\n<td>43 x 29 x 7 cm<\/td>\n<\/tr>\n<tr>\n<td>MOTEUR TRIPHAS\u00c9<\/td>\n<td>400 V \/ 3 hp \/ 2,2 kW<\/td>\n<\/tr>\n<tr>\n<td>MOTEUR MONOPHAS\u00c9<\/td>\n<td>230 V \/ 2,3 hp \/ 1,7 kW<\/td>\n<\/tr>\n<tr>\n<td>POIDS NET<\/td>\n<td>34 kg<\/td>\n<\/tr>\n<tr>\n<td>DIMENSION<\/td>\n<td>70 x 28 x 43 cm<\/td>\n<\/tr>\n<tr>\n<td>DIMENSION EMBALLAGE<\/td>\n<td>60 x 34 x 55 cm<\/td>\n<\/tr>\n<tr>\n<td>CATALOGUE PRODUITS<\/td>\n<td><a href=\"\/wp-content\/uploads\/2026\/04\/TRITACARNE-TC32P.pdf\" target=\"_blank\" rel=\"noopener\"><img loading=\"lazy\" decoding=\"async\" class=\"alignleft wp-image-3321 size-full\" src=\"https:\/\/www.sapbologna.it\/wp-content\/uploads\/2018\/09\/download-icon.png\" alt=\"\" width=\"20\" height=\"28\" \/><\/a><\/td>\n<\/tr>\n<tr>\n<td>VUE \u00c9CLAT\u00c9E<\/td>\n<td><a href=\"\/wp-content\/uploads\/2026\/03\/TC32P.pdf\" target=\"_blank\" rel=\"noopener\"><img loading=\"lazy\" decoding=\"async\" class=\"alignleft wp-image-3321 size-full\" src=\"https:\/\/sapbologna.it\/wp-content\/uploads\/2018\/09\/download-icon.png\" alt=\"\" width=\"114\" height=\"133\" \/><\/a><\/td>\n<\/tr>\n<\/tbody>\n<\/table>\n<\/div>\n","protected":false},"excerpt":{"rendered":"<div>Les hachoirs TC32 P\/CE et TC32 P\/EX sont costitu\u00e9s d&rsquo;une carcasse, d&rsquo;un groupe de broyage, d&rsquo;une cuvette et d&rsquo;une tr\u00e9mie en <strong>acier inox AISI 304<\/strong>. Les machines sont dot\u00e9es d&rsquo;un inverseur de marche et carte \u00e9lectronique 24 volts. Faciles \u00e0 utiliser et \u00e0 nettoyer puisque le groupe de hachage peut \u00eatre d\u00e9fil\u00e9. Et toutes les parties peuvent \u00eatre nettoy\u00e9es avec un chiffon humide. Instruments id\u00e9aux pour la hachage de viande qui peuvent \u00eatre dot\u00e9s, sur demande, dentonnoirs pour emballer les saucisses.<\/div>\n<div><\/div>\n<div>Les TC32 P\/CE sont conformes \u00e0 toutes les plus rigoureuses r\u00e9gulations CE en mati\u00e8re de s\u00e9curit\u00e9.<\/div>\n","protected":false},"featured_media":6026,"template":"","meta":[],"product_brand":[],"product_cat":[286,287],"product_tag":[],"class_list":{"0":"post-8661","1":"product","2":"type-product","3":"status-publish","4":"has-post-thumbnail","6":"product_cat-hachoirs-a-viande-fr","7":"product_cat-tous","8":"item col-md-6 col-sm-6 col-xs-12 mb_50","10":"first","11":"instock","12":"shipping-taxable","13":"product-type-simple"},"_links":{"self":[{"href":"https:\/\/sapbologna.it\/fr\/wp-json\/wp\/v2\/product\/8661","targetHints":{"allow":["GET"]}}],"collection":[{"href":"https:\/\/sapbologna.it\/fr\/wp-json\/wp\/v2\/product"}],"about":[{"href":"https:\/\/sapbologna.it\/fr\/wp-json\/wp\/v2\/types\/product"}],"wp:featuredmedia":[{"embeddable":true,"href":"https:\/\/sapbologna.it\/fr\/wp-json\/wp\/v2\/media\/6026"}],"wp:attachment":[{"href":"https:\/\/sapbologna.it\/fr\/wp-json\/wp\/v2\/media?parent=8661"}],"wp:term":[{"taxonomy":"product_brand","embeddable":true,"href":"https:\/\/sapbologna.it\/fr\/wp-json\/wp\/v2\/product_brand?post=8661"},{"taxonomy":"product_cat","embeddable":true,"href":"https:\/\/sapbologna.it\/fr\/wp-json\/wp\/v2\/product_cat?post=8661"},{"taxonomy":"product_tag","embeddable":true,"href":"https:\/\/sapbologna.it\/fr\/wp-json\/wp\/v2\/product_tag?post=8661"}],"curies":[{"name":"wp","href":"https:\/\/api.w.org\/{rel}","templated":true}]}}