{"id":6266,"date":"2018-09-05T10:04:52","date_gmt":"2018-09-05T10:04:52","guid":{"rendered":"https:\/\/medhit-wp2.it\/sap\/product\/cloches-pour-le-conditionnement-sous-vide-a-aspiration-externe\/"},"modified":"2026-03-11T11:43:53","modified_gmt":"2026-03-11T11:43:53","slug":"cloches-pour-le-conditionnement-sous-vide-a-aspiration-externe","status":"publish","type":"product","link":"https:\/\/sapbologna.it\/fr\/produit\/cloches-pour-le-conditionnement-sous-vide-a-aspiration-externe\/","title":{"rendered":"Cloches pour le Conditionnement Sous Vide \u00e0 Aspiration Externe"},"content":{"rendered":"<div class=\"caratteristiche\">\n<table class=\"table table-striped\">\n<thead>\n<tr>\n<th colspan=\"2\">MACHINE POUR LE CONDITIONNEMENT SOUS VIDE \u00c0 ASPIRATION EXTERNE VACUUM\/350<\/th>\n<\/tr>\n<\/thead>\n<tbody>\n<tr>\n<td>Dimension<\/td>\n<td>370 x 260 x 130 mm<\/td>\n<\/tr>\n<tr>\n<td>Voltage<\/td>\n<td>230 V \/ 50-60 Hz<\/td>\n<\/tr>\n<tr>\n<td>Pompe \u00e0 bain d&rsquo;huile<\/td>\n<td>20-24 L\/min 20-24 nmpa b MMHyiy<\/td>\n<\/tr>\n<tr>\n<td>Consommation<\/td>\n<td>250 W &#8211; 250 Bt<\/td>\n<\/tr>\n<tr>\n<td>Barre de soudure<\/td>\n<td>350<\/td>\n<\/tr>\n<tr>\n<td>Poids<\/td>\n<td>8 kg &#8211; 8 Kr<\/td>\n<\/tr>\n<tr>\n<td>Catalogue produits<\/td>\n<td><a href=\"\/wp-content\/uploads\/2026\/03\/MACCHINA-SOTTOVUOTO-AD-ASPIRAZIONE-ESTERNE.pdf\" target=\"_blank\" rel=\"noopener\"><img loading=\"lazy\" decoding=\"async\" class=\"alignleft wp-image-3321 size-full\" src=\"https:\/\/sapbologna.it\/wp-content\/uploads\/2018\/09\/download-icon.png\" alt=\"\" width=\"114\" height=\"133\" \/><\/a><\/td>\n<\/tr>\n<tr>\n<td>Vue \u00e9clat\u00e9e<\/td>\n<td><a href=\"https:\/\/www.sapbologna.it\/wp-content\/uploads\/2022\/12\/ESPLOSO-VACUUM-ASPIRAZIONE-ESTERNA.pdf\" target=\"_blank\" rel=\"noopener\"><img loading=\"lazy\" decoding=\"async\" class=\"alignleft wp-image-3321 size-full\" src=\"https:\/\/www.sapbologna.it\/wp-content\/uploads\/2018\/09\/download-icon.png\" alt=\"\" width=\"20\" height=\"28\" \/><\/a><\/td>\n<\/tr>\n<tr>\n<td>Pi\u00e8ces de rechange produit<\/td>\n<td><a href=\"https:\/\/www.sapbologna.it\/wp-content\/uploads\/2022\/12\/RICAMBI-VAC-ASPIRAZIONE-ESTERNA.pdf\" target=\"_blank\" rel=\"noopener\"><img loading=\"lazy\" decoding=\"async\" class=\"alignleft wp-image-3321 size-full\" src=\"https:\/\/www.sapbologna.it\/wp-content\/uploads\/2018\/09\/download-icon.png\" alt=\"\" width=\"20\" height=\"28\" \/><\/a><\/td>\n<\/tr>\n<\/tbody>\n<\/table>\n<p>&nbsp;<\/p>\n<\/div>\n<div class=\"caratteristiche\">\n<table class=\"table table-striped\">\n<thead>\n<tr>\n<th colspan=\"2\">MACHINE POUR LE CONDITIONNEMENT SOUS VIDE \u00c0 ASPIRATION EXTERNE VACUUM\/450<\/th>\n<\/tr>\n<\/thead>\n<tbody>\n<tr>\n<td>Dimension<\/td>\n<td>470 x 260 x 130 mm<\/td>\n<\/tr>\n<tr>\n<td>Voltage<\/td>\n<td>230 V \/ 50-60 Hz<\/td>\n<\/tr>\n<tr>\n<td>Pompe \u00e0 bain d&rsquo;huile<\/td>\n<td>20-24 L\/min 20-24 nmpa b MMHyiy<\/td>\n<\/tr>\n<tr>\n<td>Consommation<\/td>\n<td>300 W &#8211; 300 Bt<\/td>\n<\/tr>\n<tr>\n<td>Barre de soudure<\/td>\n<td>450<\/td>\n<\/tr>\n<tr>\n<td>Poids<\/td>\n<td>10 kg -10 kt<\/td>\n<\/tr>\n<tr>\n<td>Catalogue produits<\/td>\n<td><a href=\"\/wp-content\/uploads\/2026\/03\/MACCHINA-SOTTOVUOTO-AD-ASPIRAZIONE-ESTERNE.pdf\" target=\"_blank\" rel=\"noopener\"><img loading=\"lazy\" decoding=\"async\" class=\"alignleft wp-image-3321 size-full\" src=\"https:\/\/www.sapbologna.it\/wp-content\/uploads\/2018\/09\/download-icon.png\" alt=\"\" width=\"20\" height=\"28\" \/><\/a><\/td>\n<\/tr>\n<tr>\n<td>Vue \u00e9clat\u00e9e<\/td>\n<td><a href=\"https:\/\/www.sapbologna.it\/wp-content\/uploads\/2022\/12\/ESPLOSO-VACUUM-ASPIRAZIONE-ESTERNA.pdf\" target=\"_blank\" rel=\"noopener\"><img loading=\"lazy\" decoding=\"async\" class=\"alignleft wp-image-3321 size-full\" src=\"https:\/\/www.sapbologna.it\/wp-content\/uploads\/2018\/09\/download-icon.png\" alt=\"\" width=\"20\" height=\"28\" \/><\/a><\/td>\n<\/tr>\n<tr>\n<td>Pi\u00e8ces de rechange produit<\/td>\n<td><a href=\"https:\/\/www.sapbologna.it\/wp-content\/uploads\/2022\/12\/RICAMBI-VAC-ASPIRAZIONE-ESTERNA.pdf\" target=\"_blank\" rel=\"noopener\"><img loading=\"lazy\" decoding=\"async\" class=\"alignleft wp-image-3321 size-full\" src=\"https:\/\/www.sapbologna.it\/wp-content\/uploads\/2018\/09\/download-icon.png\" alt=\"\" width=\"20\" height=\"28\" \/><\/a><\/td>\n<\/tr>\n<\/tbody>\n<\/table>\n<p>&nbsp;<\/p>\n<table class=\"table table-striped\">\n<thead>\n<tr>\n<th colspan=\"2\">MACHINE POUR LE CONDITIONNEMENT SOUS VIDE \u00c0 ASPIRATION EXTERNE VACUUM\/450 AUTO<\/th>\n<\/tr>\n<\/thead>\n<tbody>\n<tr>\n<td>Dimension<\/td>\n<td>470 x 260 x 130 mm<\/td>\n<\/tr>\n<tr>\n<td>Voltage<\/td>\n<td>230 V \/ 50-60 Hz<\/td>\n<\/tr>\n<tr>\n<td>Pompe \u00e0 bain d&rsquo;huile<\/td>\n<td>40-48 L\/min 20-24 nmpa b MMHyiy<\/td>\n<\/tr>\n<tr>\n<td>Consommation<\/td>\n<td>400 W &#8211; 400 Bt<\/td>\n<\/tr>\n<tr>\n<td>Barre de soudure<\/td>\n<td>450<\/td>\n<\/tr>\n<tr>\n<td>Poids<\/td>\n<td>8 kg &#8211; 8 Kr<\/td>\n<\/tr>\n<tr>\n<td>Catalogue produits<\/td>\n<td><a href=\"\/wp-content\/uploads\/2026\/03\/MACCHINA-SOTTOVUOTO-AD-ASPIRAZIONE-ESTERNE.pdf\" target=\"_blank\" rel=\"noopener\"><img loading=\"lazy\" decoding=\"async\" class=\"alignleft wp-image-3321 size-full\" src=\"https:\/\/www.sapbologna.it\/wp-content\/uploads\/2018\/09\/download-icon.png\" alt=\"\" width=\"20\" height=\"28\" \/><\/a><\/td>\n<\/tr>\n<tr>\n<td>Vue \u00e9clat\u00e9e<\/td>\n<td><a href=\"https:\/\/www.sapbologna.it\/wp-content\/uploads\/2022\/12\/ESPLOSO-VACUUM-ASPIRAZIONE-ESTERNA.pdf\" target=\"_blank\" rel=\"noopener\"><img loading=\"lazy\" decoding=\"async\" class=\"alignleft wp-image-3321 size-full\" src=\"https:\/\/www.sapbologna.it\/wp-content\/uploads\/2018\/09\/download-icon.png\" alt=\"\" width=\"20\" height=\"28\" \/><\/a><\/td>\n<\/tr>\n<tr>\n<td>Pi\u00e8ces de rechange produit<\/td>\n<td><a href=\"https:\/\/www.sapbologna.it\/wp-content\/uploads\/2022\/12\/RICAMBI-VAC-ASPIRAZIONE-ESTERNA.pdf\" target=\"_blank\" rel=\"noopener\"><img loading=\"lazy\" decoding=\"async\" class=\"alignleft wp-image-3321 size-full\" src=\"https:\/\/www.sapbologna.it\/wp-content\/uploads\/2018\/09\/download-icon.png\" alt=\"\" width=\"20\" height=\"28\" \/><\/a><\/td>\n<\/tr>\n<\/tbody>\n<\/table>\n<\/div>\n<div class=\"caratteristiche\"><\/div>\n","protected":false},"excerpt":{"rendered":"<p>La conditionneuse \u00e0 aspiration externe, enti\u00e8rement r\u00e9alis\u00e9e en acier inox, est un \u00e9quipement professionnel parfait pour les petits commerces de d\u00e9tail. Solide et fiable sur la dur\u00e9e, elle permet de servir le produit conditionn\u00e9 de mani\u00e8re \u00ab visible \u00bb, tout en en augmentant la conservation et la fra\u00eccheur dans le temps gr\u00e0ce \u00e0 un vide durable et de qualit\u00e0 avec une augmentation cons\u00e9quente du Service et de l&rsquo;image. Parfaite pour les produits \u00e0 faible teneur en humidit\u00e9 (charcuterie, fromages, etc.). La machine est \u00e9quip\u00e9e d&rsquo;une barre de soudure professionnelle qui permet d&rsquo;obtenir une soudure plus \u00e9paisse et plus nette, garantissant un vide durable. Ils ont aussi une protection de la pompe de f\u00ecltration des liquides et de l&rsquo;humidit\u00e9. Tous les produits liquides ou frais qu&rsquo;il est impossible de conditionner dans les sachets gaufr\u00e9s peuvent \u00e8tre conserv\u00e9s \u00e0 l&rsquo;int\u00e9rieur de r\u00e9cipients sp\u00e9ciaux.<\/p>\n","protected":false},"featured_media":6273,"template":"","meta":[],"product_brand":[],"product_cat":[284,287],"product_tag":[],"class_list":{"0":"post-6266","1":"product","2":"type-product","3":"status-publish","4":"has-post-thumbnail","6":"product_cat-sous-vide","7":"product_cat-tous","8":"item col-md-6 col-sm-6 col-xs-12 mb_50","10":"first","11":"instock","12":"shipping-taxable","13":"product-type-simple"},"_links":{"self":[{"href":"https:\/\/sapbologna.it\/fr\/wp-json\/wp\/v2\/product\/6266","targetHints":{"allow":["GET"]}}],"collection":[{"href":"https:\/\/sapbologna.it\/fr\/wp-json\/wp\/v2\/product"}],"about":[{"href":"https:\/\/sapbologna.it\/fr\/wp-json\/wp\/v2\/types\/product"}],"wp:featuredmedia":[{"embeddable":true,"href":"https:\/\/sapbologna.it\/fr\/wp-json\/wp\/v2\/media\/6273"}],"wp:attachment":[{"href":"https:\/\/sapbologna.it\/fr\/wp-json\/wp\/v2\/media?parent=6266"}],"wp:term":[{"taxonomy":"product_brand","embeddable":true,"href":"https:\/\/sapbologna.it\/fr\/wp-json\/wp\/v2\/product_brand?post=6266"},{"taxonomy":"product_cat","embeddable":true,"href":"https:\/\/sapbologna.it\/fr\/wp-json\/wp\/v2\/product_cat?post=6266"},{"taxonomy":"product_tag","embeddable":true,"href":"https:\/\/sapbologna.it\/fr\/wp-json\/wp\/v2\/product_tag?post=6266"}],"curies":[{"name":"wp","href":"https:\/\/api.w.org\/{rel}","templated":true}]}}