{"id":6263,"date":"2018-09-05T09:41:55","date_gmt":"2018-09-05T09:41:55","guid":{"rendered":"https:\/\/medhit-wp2.it\/sap\/product\/cutter-mod-2013-lt3-lt5-lt8\/"},"modified":"2026-02-26T12:56:31","modified_gmt":"2026-02-26T12:56:31","slug":"cutter-mod-2013-lt3-lt5-lt8","status":"publish","type":"product","link":"https:\/\/sapbologna.it\/fr\/produit\/cutter-mod-2013-lt3-lt5-lt8\/","title":{"rendered":"Cutter Mod. 2013 LT3 \u2013 LT5 \u2013 LT8"},"content":{"rendered":"<div id=\"spalla-dx\">\n<div class=\"prodotto\">\n<div class=\"caratteristiche\">\n<p>&nbsp;<\/p>\n<table class=\"table table-striped\">\n<thead>\n<tr>\n<th colspan=\"2\">CUTTER MOD. 2013 LT3<\/th>\n<\/tr>\n<\/thead>\n<tbody>\n<tr>\n<td>Puissance moteur monophas\u00e9 230 V 50 Hz<\/td>\n<td>370 W<\/td>\n<\/tr>\n<tr>\n<td>Dimensions externes<\/td>\n<td>40 x 32 x 32 cm<\/td>\n<\/tr>\n<tr>\n<td>Poids net<\/td>\n<td>14 kg<\/td>\n<\/tr>\n<tr>\n<td>Dimensions cuve<\/td>\n<td>diam. 21 x 11 cm<\/td>\n<\/tr>\n<tr>\n<td>Dimension emballage<\/td>\n<td>47 x 38 x 38 cm<\/td>\n<\/tr>\n<tr>\n<td>Options<\/td>\n<td>lame perc\u00e9e pour monter et m\u00e9langer<\/td>\n<\/tr>\n<tr>\n<td>Catalogue produits<\/td>\n<td><a href=\"\/wp-content\/uploads\/2026\/02\/CUTTER-2013-LT3-LT5-LT8.pdf\" target=\"_blank\" rel=\"noopener\"><img loading=\"lazy\" decoding=\"async\" class=\"alignleft wp-image-3321 \" src=\"https:\/\/sapbologna.it\/wp-content\/uploads\/2018\/09\/download-icon.png\" alt=\"\" width=\"22\" height=\"26\" \/><\/a><\/td>\n<\/tr>\n<\/tbody>\n<\/table>\n<\/div>\n<div class=\"caratteristiche\">\n<p>&nbsp;<\/p>\n<table class=\"table table-striped\">\n<thead>\n<tr>\n<th colspan=\"2\">CUTTER MOD. 2013 LT5<\/th>\n<\/tr>\n<\/thead>\n<tbody>\n<tr>\n<td>Puissance moteur monophas\u00e9 230 V 50 Hz<\/td>\n<td>750 W<\/td>\n<\/tr>\n<tr>\n<td>Dimensions externes<\/td>\n<td>56 x 32 x 44 cm<\/td>\n<\/tr>\n<tr>\n<td>Poids net<\/td>\n<td>30 kg<\/td>\n<\/tr>\n<tr>\n<td>Dimensions cuve<\/td>\n<td>diam. 21 x 15,5 cm<\/td>\n<\/tr>\n<tr>\n<td>Dimension emballage<\/td>\n<td>63 x 53 x 51 cm<\/td>\n<\/tr>\n<tr>\n<td>Options<\/td>\n<td>lame perc\u00e9e pour monter et m\u00e9langer<\/td>\n<\/tr>\n<tr>\n<td>Catalogue produits<\/td>\n<td><a href=\"\/wp-content\/uploads\/2026\/02\/CUTTER-2013-LT3-LT5-LT8.pdf\" target=\"_blank\" rel=\"noopener\"><img loading=\"lazy\" decoding=\"async\" class=\"alignleft wp-image-3321 size-full\" src=\"https:\/\/www.sapbologna.it\/wp-content\/uploads\/2018\/09\/download-icon.png\" alt=\"\" width=\"20\" height=\"28\" \/><\/a><\/td>\n<\/tr>\n<\/tbody>\n<\/table>\n<\/div>\n<div class=\"caratteristiche\">\n<p>&nbsp;<\/p>\n<table class=\"table table-striped\">\n<thead>\n<tr>\n<th colspan=\"2\">CUTTER MOD. 2013 LT8<\/th>\n<\/tr>\n<\/thead>\n<tbody>\n<tr>\n<td>Puissance moteur monophas\u00e9 230 V 50 Hz<\/td>\n<td>750 W<\/td>\n<\/tr>\n<tr>\n<td>Dimensions externes<\/td>\n<td>56 x 32 x 44 cm<\/td>\n<\/tr>\n<tr>\n<td>Poids net<\/td>\n<td>31 kg<\/td>\n<\/tr>\n<tr>\n<td>Dimensions cuve<\/td>\n<td>diam. 21 x 23 cm<\/td>\n<\/tr>\n<tr>\n<td>Dimension emballage<\/td>\n<td>63 x 53 x 51 cm<\/td>\n<\/tr>\n<tr>\n<td>Options<\/td>\n<td>lame perc\u00e9e pour monter et m\u00e9langer<\/td>\n<\/tr>\n<tr>\n<td>Catalogue produits<\/td>\n<td><a href=\"\/wp-content\/uploads\/2026\/02\/CUTTER-2013-LT3-LT5-LT8.pdf\" target=\"_blank\" rel=\"noopener\"><img loading=\"lazy\" decoding=\"async\" class=\"alignleft wp-image-3321 size-full\" src=\"https:\/\/www.sapbologna.it\/wp-content\/uploads\/2018\/09\/download-icon.png\" alt=\"\" width=\"20\" height=\"28\" \/><\/a><\/td>\n<\/tr>\n<\/tbody>\n<\/table>\n<\/div>\n<\/div>\n<\/div>\n<div class=\"clearfix\"><\/div>\n","protected":false},"excerpt":{"rendered":"<p>Con\u00e7us et r\u00e9alis\u00e9s conform\u00e9ment aux r\u00e9glementations europ\u00e9ennes en r\u00e8gle pour la certification CE, ils sont depuis des ann\u00e9es un ustensile tr\u00e8s pr\u00e9cieux dans les cuisines professionnelles. Cuve espac\u00e9e par le moteur pour ne pas r\u00e9chauffer les produits trait\u00e9s. Vitesse couteau 1400 tours\/minute, avec fonction \u00ab pulse \u00bb et frein\u2013moteur sur les versions de 5 et 8 litres. Pratiques, ils sont en effet en mesure de : hacher, couper, homog\u00e9n\u00e9iser, m\u00e9langer, etc., diff\u00e9rentes quantit\u00e9s de produits en r\u00e9duisant consid\u00e9rablement les temps de pr\u00e9paration \u00e0 la cuisine. Ils sont s\u00fbrs car ils disposent des dispositifs suivants : commandes basse tension \u00e0 24 Volts, 1 microinterrupteur de s\u00e9curit\u00e9 sur le couvercle et 2 microinterrupteurs de s\u00e9curit\u00e9 sur la cuve. Structure en aluminium anodis\u00e9, cuve en acier inox et couvercle en polycarbonate transparent. Groupe couteau avec lames tranchantes en acier inox d&rsquo;origine. En option groupe couteau avec lames perc\u00e9es pour m\u00e9langer.<\/p>\n","protected":false},"featured_media":6265,"template":"","meta":[],"product_brand":[],"product_cat":[279,287],"product_tag":[],"class_list":{"0":"post-6263","1":"product","2":"type-product","3":"status-publish","4":"has-post-thumbnail","6":"product_cat-cutter-fr","7":"product_cat-tous","8":"item col-md-6 col-sm-6 col-xs-12 mb_50","10":"first","11":"instock","12":"shipping-taxable","13":"product-type-simple"},"_links":{"self":[{"href":"https:\/\/sapbologna.it\/fr\/wp-json\/wp\/v2\/product\/6263","targetHints":{"allow":["GET"]}}],"collection":[{"href":"https:\/\/sapbologna.it\/fr\/wp-json\/wp\/v2\/product"}],"about":[{"href":"https:\/\/sapbologna.it\/fr\/wp-json\/wp\/v2\/types\/product"}],"wp:featuredmedia":[{"embeddable":true,"href":"https:\/\/sapbologna.it\/fr\/wp-json\/wp\/v2\/media\/6265"}],"wp:attachment":[{"href":"https:\/\/sapbologna.it\/fr\/wp-json\/wp\/v2\/media?parent=6263"}],"wp:term":[{"taxonomy":"product_brand","embeddable":true,"href":"https:\/\/sapbologna.it\/fr\/wp-json\/wp\/v2\/product_brand?post=6263"},{"taxonomy":"product_cat","embeddable":true,"href":"https:\/\/sapbologna.it\/fr\/wp-json\/wp\/v2\/product_cat?post=6263"},{"taxonomy":"product_tag","embeddable":true,"href":"https:\/\/sapbologna.it\/fr\/wp-json\/wp\/v2\/product_tag?post=6263"}],"curies":[{"name":"wp","href":"https:\/\/api.w.org\/{rel}","templated":true}]}}