{"id":6259,"date":"2018-09-05T09:58:48","date_gmt":"2018-09-05T09:58:48","guid":{"rendered":"https:\/\/medhit-wp2.it\/sap\/product\/cloche-pour-le-conditionnement-sous-vide\/"},"modified":"2026-03-11T11:36:59","modified_gmt":"2026-03-11T11:36:59","slug":"cloche-pour-le-conditionnement-sous-vide","status":"publish","type":"product","link":"https:\/\/sapbologna.it\/fr\/produit\/cloche-pour-le-conditionnement-sous-vide\/","title":{"rendered":"Cloche pour le Conditionnement Sous Vide"},"content":{"rendered":"<div class=\"caratteristiche\">\n<p>&nbsp;<\/p>\n<table class=\"table table-striped\">\n<thead>\n<tr>\n<th colspan=\"2\">CLOCHE POUR LE CONDITIONNEMENT SOUS VIDE KAMMER\/300C<\/th>\n<\/tr>\n<\/thead>\n<tbody>\n<tr>\n<td>Dimension<\/td>\n<td>410 x 460 x 430 mm<\/td>\n<\/tr>\n<tr>\n<td>Dimensions chambre<\/td>\n<td>310 x 350 x 190 mm<\/td>\n<\/tr>\n<tr>\n<td>Voltage<\/td>\n<td>230 \/ 50-60 Hz &#8211; <span style=\"font-family: inherit; font-size: inherit;\">230 B\/50-60 lg<\/span><\/td>\n<\/tr>\n<tr>\n<td>Pompe \u00e0 vide<\/td>\n<td>8-9,6 m3\/h &#8211; oil \u00d2l &#8211; aceite &#8211; Macao<\/td>\n<\/tr>\n<tr>\n<td>Nombre de programmes<\/td>\n<td>9<\/td>\n<\/tr>\n<tr>\n<td>Barre de soudure<\/td>\n<td>300 mm<\/td>\n<\/tr>\n<tr>\n<td>Poids<\/td>\n<td>38 kg<\/td>\n<\/tr>\n<tr>\n<td>Catalogue produits<\/td>\n<td><a href=\"\/wp-content\/uploads\/2026\/03\/MACCHINA-SOTTOVUOTO-A-CAMPANA.pdf\" target=\"_blank\" rel=\"noopener\"><img loading=\"lazy\" decoding=\"async\" class=\"alignleft wp-image-3321\" src=\"https:\/\/sapbologna.it\/wp-content\/uploads\/2018\/09\/download-icon.png\" alt=\"\" width=\"24\" height=\"28\" \/><\/a><\/td>\n<\/tr>\n<tr>\n<td>Vue \u00e9clat\u00e9e<\/td>\n<td><a href=\"https:\/\/www.sapbologna.it\/wp-content\/uploads\/2022\/12\/ESPLOSO-VACUUM-A-CAMPANA.pdf\" target=\"_blank\" rel=\"noopener\"><img loading=\"lazy\" decoding=\"async\" class=\"alignleft wp-image-3321 size-full\" src=\"https:\/\/www.sapbologna.it\/wp-content\/uploads\/2018\/09\/download-icon.png\" alt=\"\" width=\"20\" height=\"28\" \/><\/a><\/td>\n<\/tr>\n<tr>\n<td>Pi\u00e8ces de rechange produit<\/td>\n<td><a href=\"https:\/\/www.sapbologna.it\/wp-content\/uploads\/2022\/12\/RICAMBI-VAC.-CAMPANA.pdf\" target=\"_blank\" rel=\"noopener\"><img loading=\"lazy\" decoding=\"async\" class=\"alignleft wp-image-3321 size-full\" src=\"https:\/\/www.sapbologna.it\/wp-content\/uploads\/2018\/09\/download-icon.png\" alt=\"\" width=\"20\" height=\"28\" \/><\/a><\/td>\n<\/tr>\n<\/tbody>\n<\/table>\n<p>&nbsp;<\/p>\n<table class=\"table table-striped\">\n<thead>\n<tr>\n<th colspan=\"2\">CLOCHE POUR LE CONDITIONNEMENT SOUS VIDE KAMMER\/400C<\/th>\n<\/tr>\n<\/thead>\n<tbody>\n<tr>\n<td>Dimension<\/td>\n<td>510 x 560 x 460 mm<\/td>\n<\/tr>\n<tr>\n<td>Dimensions chambre<\/td>\n<td>410 x 450 x 220 mm<\/td>\n<\/tr>\n<tr>\n<td>Voltage<\/td>\n<td>230 V\/50-60 Hz &#8211; 230 B\/50-60 Tg<\/td>\n<\/tr>\n<tr>\n<td>Pompe \u00e0 vide<\/td>\n<td>20-24 m3\/h &#8211; oil \u00d2l &#8211; aceite &#8211; Macao<\/td>\n<\/tr>\n<tr>\n<td>Nombre de programmes<\/td>\n<td>9<\/td>\n<\/tr>\n<tr>\n<td>Barre de soudure<\/td>\n<td>400 mm<\/td>\n<\/tr>\n<tr>\n<td>Poids<\/td>\n<td>50 kg<\/td>\n<\/tr>\n<tr>\n<td>Catalogue produits<\/td>\n<td><a href=\"\/wp-content\/uploads\/2026\/03\/MACCHINA-SOTTOVUOTO-A-CAMPANA.pdf\" target=\"_blank\" rel=\"noopener\"><img loading=\"lazy\" decoding=\"async\" class=\"alignleft wp-image-3321 size-full\" src=\"https:\/\/www.sapbologna.it\/wp-content\/uploads\/2018\/09\/download-icon.png\" alt=\"\" width=\"20\" height=\"28\" \/><\/a><\/td>\n<\/tr>\n<tr>\n<td>Vue \u00e9clat\u00e9e<\/td>\n<td><a href=\"https:\/\/www.sapbologna.it\/wp-content\/uploads\/2022\/12\/ESPLOSO-VACUUM-A-CAMPANA.pdf\" target=\"_blank\" rel=\"noopener\"><img loading=\"lazy\" decoding=\"async\" class=\"alignleft wp-image-3321 size-full\" src=\"https:\/\/www.sapbologna.it\/wp-content\/uploads\/2018\/09\/download-icon.png\" alt=\"\" width=\"20\" height=\"28\" \/><\/a><\/td>\n<\/tr>\n<tr>\n<td>Pi\u00e8ces de rechange produit<\/td>\n<td><a href=\"https:\/\/www.sapbologna.it\/wp-content\/uploads\/2022\/12\/RICAMBI-VAC.-CAMPANA.pdf\" target=\"_blank\" rel=\"noopener\"><img loading=\"lazy\" decoding=\"async\" class=\"alignleft wp-image-3321 size-full\" src=\"https:\/\/www.sapbologna.it\/wp-content\/uploads\/2018\/09\/download-icon.png\" alt=\"\" width=\"20\" height=\"28\" \/><\/a><\/td>\n<\/tr>\n<\/tbody>\n<\/table>\n<p>&nbsp;<\/p>\n<\/div>\n<div class=\"caratteristiche\">\n<table class=\"table table-striped\">\n<thead>\n<tr>\n<th colspan=\"2\">CLOCHE POUR LE CONDITIONNEMENT SOUS VIDE KAMMER\/500C<\/th>\n<\/tr>\n<\/thead>\n<tbody>\n<tr>\n<td>Dimension<\/td>\n<td>610 x 630 x 500 mm<\/td>\n<\/tr>\n<tr>\n<td>Dimensions chambre<\/td>\n<td>520 x 520 x 200 mm<\/td>\n<\/tr>\n<tr>\n<td>Voltage<\/td>\n<td>230 V\/50-60 Hz &#8211; 230 B\/50-60 Tg<\/td>\n<\/tr>\n<tr>\n<td>Pompe \u00e0 vide<\/td>\n<td>20-24 m3\/h &#8211; oil \u00d2l &#8211; aceite &#8211; Macao<\/td>\n<\/tr>\n<tr>\n<td>Nombre de programmes<\/td>\n<td>9<\/td>\n<\/tr>\n<tr>\n<td>Barre de soudure<\/td>\n<td>500 mm<\/td>\n<\/tr>\n<tr>\n<td>Poids<\/td>\n<td>70 kg<\/td>\n<\/tr>\n<tr>\n<td>Catalogue produits<\/td>\n<td><a href=\"\/wp-content\/uploads\/2026\/03\/MACCHINA-SOTTOVUOTO-A-CAMPANA.pdf\" target=\"_blank\" rel=\"noopener\"><img loading=\"lazy\" decoding=\"async\" class=\"alignleft wp-image-3321 size-full\" src=\"https:\/\/www.sapbologna.it\/wp-content\/uploads\/2018\/09\/download-icon.png\" alt=\"\" width=\"20\" height=\"28\" \/><\/a><\/td>\n<\/tr>\n<tr>\n<td>Vue \u00e9clat\u00e9e<\/td>\n<td><a href=\"https:\/\/www.sapbologna.it\/wp-content\/uploads\/2022\/12\/ESPLOSO-VACUUM-A-CAMPANA.pdf\" target=\"_blank\" rel=\"noopener\"><img loading=\"lazy\" decoding=\"async\" class=\"alignleft wp-image-3321 size-full\" src=\"https:\/\/www.sapbologna.it\/wp-content\/uploads\/2018\/09\/download-icon.png\" alt=\"\" width=\"20\" height=\"28\" \/><\/a><\/td>\n<\/tr>\n<tr>\n<td>Pi\u00e8ces de rechange produit<\/td>\n<td><a href=\"https:\/\/www.sapbologna.it\/wp-content\/uploads\/2022\/12\/RICAMBI-VAC.-CAMPANA.pdf\" target=\"_blank\" rel=\"noopener\"><img loading=\"lazy\" decoding=\"async\" class=\"alignleft wp-image-3321 size-full\" src=\"https:\/\/www.sapbologna.it\/wp-content\/uploads\/2018\/09\/download-icon.png\" alt=\"\" width=\"20\" height=\"28\" \/><\/a><\/td>\n<\/tr>\n<\/tbody>\n<\/table>\n<\/div>\n<div><\/div>\n<div class=\"caratteristiche\"><\/div>\n","protected":false},"excerpt":{"rendered":"<p>Machine professionnelle enti\u00e8rement r\u00e9alis\u00e9e en inox, s&rsquo;adaptant \u00e0 diff\u00e9rents secteurs d&rsquo;utilisation. Dot\u00e9e de caract\u00e9ristiques technologiques innovantes, elle est indispensable pour le conditionnement de divers produits (sauces, liquides, viandes, poissons et l\u00e9gumes), dans les secteurs les plus vari\u00e9s comme la restauration, la gastronomie, les services de traiteur, la grande distribution, etc. \u00c9quip\u00e9e d&rsquo;un syst\u00e8me de pr\u00e9disposition \u00e0 injection de gaz inerte (sur demande), elle est \u00e9galement capable de conditionner et de prot\u00e9ger des produits particuli\u00e8rement d\u00e9licats et fragiles. Le souci des d\u00e9tails et la grande qualit\u00e0 des mat\u00e9riaux assurent un vide parfait et durable. Chaque machine est \u00e9quip\u00e9e d&rsquo;une pompe \u00e0 bain d\u2019huile, munie d&rsquo;un dispositif qui permet le drainage et le r\u00e9chauffage de l&rsquo;huile \u00e0 utiliser apr\u00e8s des p\u00e9riodes d&rsquo;inactivit\u00e9 ou de froid intense. Le couvercle est compos\u00e9 d&rsquo;un plexiglas \u00e9pais garantissant une meilleure r\u00e9sistance aux tensions provoqu\u00e9es par une utilisation fr\u00e9quente. Pour le conditionnement des produits les plus longs, la machine peut faire le vide \u00e0 l&rsquo;ext\u00e9rieur de la cloche gr\u00e0ce \u00e0 des sacs gaufr\u00e9s.<\/p>\n","protected":false},"featured_media":6262,"template":"","meta":[],"product_brand":[],"product_cat":[284,287],"product_tag":[],"class_list":{"0":"post-6259","1":"product","2":"type-product","3":"status-publish","4":"has-post-thumbnail","6":"product_cat-sous-vide","7":"product_cat-tous","8":"item col-md-6 col-sm-6 col-xs-12 mb_50","10":"first","11":"instock","12":"shipping-taxable","13":"product-type-simple"},"_links":{"self":[{"href":"https:\/\/sapbologna.it\/fr\/wp-json\/wp\/v2\/product\/6259","targetHints":{"allow":["GET"]}}],"collection":[{"href":"https:\/\/sapbologna.it\/fr\/wp-json\/wp\/v2\/product"}],"about":[{"href":"https:\/\/sapbologna.it\/fr\/wp-json\/wp\/v2\/types\/product"}],"wp:featuredmedia":[{"embeddable":true,"href":"https:\/\/sapbologna.it\/fr\/wp-json\/wp\/v2\/media\/6262"}],"wp:attachment":[{"href":"https:\/\/sapbologna.it\/fr\/wp-json\/wp\/v2\/media?parent=6259"}],"wp:term":[{"taxonomy":"product_brand","embeddable":true,"href":"https:\/\/sapbologna.it\/fr\/wp-json\/wp\/v2\/product_brand?post=6259"},{"taxonomy":"product_cat","embeddable":true,"href":"https:\/\/sapbologna.it\/fr\/wp-json\/wp\/v2\/product_cat?post=6259"},{"taxonomy":"product_tag","embeddable":true,"href":"https:\/\/sapbologna.it\/fr\/wp-json\/wp\/v2\/product_tag?post=6259"}],"curies":[{"name":"wp","href":"https:\/\/api.w.org\/{rel}","templated":true}]}}