{"id":6255,"date":"2018-09-05T09:38:50","date_gmt":"2018-09-05T09:38:50","guid":{"rendered":"https:\/\/medhit-wp2.it\/sap\/product\/cutter-mod-2004-lt3-lt5-lt8\/"},"modified":"2026-04-02T11:36:01","modified_gmt":"2026-04-02T11:36:01","slug":"cutter-mod-2004-lt3-lt5-lt8","status":"publish","type":"product","link":"https:\/\/sapbologna.it\/fr\/produit\/cutter-mod-2004-lt3-lt5-lt8\/","title":{"rendered":"Cutter Mod.2004 LT3-LT5-LT8"},"content":{"rendered":"<div class=\"caratteristiche\">\n<p>&nbsp;<\/p>\n<table class=\"table table-striped\">\n<thead>\n<tr>\n<th colspan=\"2\">CUTTER LT 3<\/th>\n<\/tr>\n<\/thead>\n<tbody>\n<tr>\n<td>Puissance install\u00e9e monophas\u00e9e 230 V<\/td>\n<td>480 W &#8211; 2,2 A<\/td>\n<\/tr>\n<tr>\n<td>Dimensions externes<\/td>\n<td>35x24x31 cm<\/td>\n<\/tr>\n<tr>\n<td>Poids<\/td>\n<td>kg 11<\/td>\n<\/tr>\n<tr>\n<td>Niveau moyen de bruit<\/td>\n<td>&lt; 70 dB A<\/td>\n<\/tr>\n<tr>\n<td>Vitesse lames \u00e0 la minute<\/td>\n<td>de 900 \u00e0 2200<\/td>\n<\/tr>\n<tr>\n<td>Dimensions cuve<\/td>\n<td>Diam. 18\u00d710,5 h cm<\/td>\n<\/tr>\n<tr>\n<td>Dimensions emballage<\/td>\n<td>40x38x39 cm<\/td>\n<\/tr>\n<tr>\n<td>Options<\/td>\n<td>lame dent\u00e9e pour broyer lame perc\u00e9e pour monter et m\u00e9langer<\/td>\n<\/tr>\n<tr>\n<td>Catalogue produits<\/td>\n<td><a href=\"\/wp-content\/uploads\/2026\/03\/CUTTER-2004-LT-3.pdf\"><img loading=\"lazy\" decoding=\"async\" class=\"alignleft wp-image-3321\" src=\"https:\/\/www.sapbologna.it\/wp-content\/uploads\/2018\/09\/download-icon.png\" alt=\"\" width=\"20\" height=\"28\" \/><\/a><\/td>\n<\/tr>\n<tr>\n<td>Vue \u00e9clat\u00e9e<\/td>\n<td><a href=\"..\/..\/..\/wp-content\/uploads\/2018\/09\/CUTTER-2004-3LT.pdf\" target=\"_blank\" rel=\"noopener\"><img loading=\"lazy\" decoding=\"async\" class=\"alignleft wp-image-3321 size-full\" src=\"https:\/\/www.sapbologna.it\/wp-content\/uploads\/2018\/09\/download-icon.png\" alt=\"\" width=\"20\" height=\"28\" \/><\/a><\/td>\n<\/tr>\n<tr>\n<td>Pi\u00e8ces de rechange produit<\/td>\n<td><a href=\"..\/..\/..\/wp-content\/uploads\/2018\/09\/CUTTER-3-MARZO-2018-PER-SITO.pdf\" target=\"_blank\" rel=\"noopener\"><img loading=\"lazy\" decoding=\"async\" class=\"alignleft wp-image-3321 size-full\" src=\"https:\/\/www.sapbologna.it\/wp-content\/uploads\/2018\/09\/download-icon.png\" alt=\"\" width=\"20\" height=\"28\" \/><\/a><\/td>\n<\/tr>\n<\/tbody>\n<\/table>\n<\/div>\n<div class=\"caratteristiche\">\n<p>&nbsp;<\/p>\n<table class=\"table table-striped\">\n<thead>\n<tr>\n<th colspan=\"2\">CUTTER LT 5<\/th>\n<\/tr>\n<\/thead>\n<tbody>\n<tr>\n<td>Puissance install\u00e9e monophas\u00e9e 230 V<\/td>\n<td>960 W &#8211; 4,4 A<\/td>\n<\/tr>\n<tr>\n<td>Dimensions externes<\/td>\n<td>41x31x34 cm<\/td>\n<\/tr>\n<tr>\n<td>Poids<\/td>\n<td>kg 18<\/td>\n<\/tr>\n<tr>\n<td>Niveau moyen de bruit<\/td>\n<td>&lt; 70 dB A<\/td>\n<\/tr>\n<tr>\n<td>Vitesse lames \u00e0 la minute<\/td>\n<td>de 900 \u00e0 2200<\/td>\n<\/tr>\n<tr>\n<td>Dimensions cuve<\/td>\n<td>Diam. 24\u00d712 h cm<\/td>\n<\/tr>\n<tr>\n<td>Dimensions emballage<\/td>\n<td>47x40x50 cm<\/td>\n<\/tr>\n<tr>\n<td>Options<\/td>\n<td>lame dent\u00e9e pour broyer lame perc\u00e9e pour monter et m\u00e9langer<\/td>\n<\/tr>\n<tr>\n<td>Catalogue produits<\/td>\n<td><a href=\"\/wp-content\/uploads\/2026\/04\/CUTTER-2004-LT-5.pdf\"><img loading=\"lazy\" decoding=\"async\" class=\"alignleft wp-image-3321\" src=\"https:\/\/www.sapbologna.it\/wp-content\/uploads\/2018\/09\/download-icon.png\" alt=\"\" width=\"20\" height=\"28\" \/><\/a><\/td>\n<\/tr>\n<tr>\n<td>Vue \u00e9clat\u00e9e<\/td>\n<td><a href=\"..\/..\/..\/wp-content\/uploads\/2018\/09\/CUTTER-2004-3LT.pdf\" target=\"_blank\" rel=\"noopener\"><img loading=\"lazy\" decoding=\"async\" class=\"alignleft wp-image-3321 size-full\" src=\"https:\/\/www.sapbologna.it\/wp-content\/uploads\/2018\/09\/download-icon.png\" alt=\"\" width=\"20\" height=\"28\" \/><\/a><\/td>\n<\/tr>\n<tr>\n<td>Pi\u00e8ces de rechange produit<\/td>\n<td><a href=\"..\/..\/..\/wp-content\/uploads\/2018\/09\/CUTTER-5-MARZO-2018-PER-SITO.pdf\" target=\"_blank\" rel=\"noopener\"><img loading=\"lazy\" decoding=\"async\" class=\"alignleft wp-image-3321 size-full\" src=\"https:\/\/www.sapbologna.it\/wp-content\/uploads\/2018\/09\/download-icon.png\" alt=\"\" width=\"20\" height=\"28\" \/><\/a><\/td>\n<\/tr>\n<\/tbody>\n<\/table>\n<\/div>\n<div class=\"caratteristiche\">\n<p>&nbsp;<\/p>\n<table class=\"table table-striped\">\n<thead>\n<tr>\n<th colspan=\"2\">CUTTER LT 8<\/th>\n<\/tr>\n<\/thead>\n<tbody>\n<tr>\n<td>Puissance install\u00e9e monophas\u00e9e 230 V<\/td>\n<td>960 W &#8211; 4,4 A<\/td>\n<\/tr>\n<tr>\n<td>Dimensions externes<\/td>\n<td>41x31x40 cm<\/td>\n<\/tr>\n<tr>\n<td>Poids<\/td>\n<td>kg 19<\/td>\n<\/tr>\n<tr>\n<td>Niveau moyen de bruit<\/td>\n<td>de 900 \u00e0 2200<\/td>\n<\/tr>\n<tr>\n<td>Dimensions cuve<\/td>\n<td>Diam. 24\u00d718 h cm<\/td>\n<\/tr>\n<tr>\n<td>Dimensions emballage<\/td>\n<td>47x40x50 cm<\/td>\n<\/tr>\n<tr>\n<td>Options<\/td>\n<td>lame dent\u00e9e pour broyer lame perc\u00e9e pour monter et m\u00e9langer<\/td>\n<\/tr>\n<tr>\n<td>Catalogue produits<\/td>\n<td><a href=\"\/wp-content\/uploads\/2026\/04\/CUTTER-2004-LT8.pdf\"><img loading=\"lazy\" decoding=\"async\" class=\"alignleft wp-image-3321\" src=\"https:\/\/www.sapbologna.it\/wp-content\/uploads\/2018\/09\/download-icon.png\" alt=\"\" width=\"20\" height=\"28\" \/><\/a><\/td>\n<\/tr>\n<tr>\n<td>Vue \u00e9clat\u00e9e<\/td>\n<td><a href=\"..\/..\/..\/wp-content\/uploads\/2018\/09\/CUTTER-2004-3LT.pdf\" target=\"_blank\" rel=\"noopener\"><img loading=\"lazy\" decoding=\"async\" class=\"alignleft wp-image-3321 size-full\" src=\"https:\/\/www.sapbologna.it\/wp-content\/uploads\/2018\/09\/download-icon.png\" alt=\"\" width=\"20\" height=\"28\" \/><\/a><\/td>\n<\/tr>\n<tr>\n<td>Pi\u00e8ces de rechange produit<\/td>\n<td><a href=\"..\/..\/..\/wp-content\/uploads\/2018\/09\/CUTTER-8-MARZO-2018-PER-SITO.pdf\" target=\"_blank\" rel=\"noopener\"><img loading=\"lazy\" decoding=\"async\" class=\"alignleft wp-image-3321 size-full\" src=\"https:\/\/www.sapbologna.it\/wp-content\/uploads\/2018\/09\/download-icon.png\" alt=\"\" width=\"20\" height=\"28\" \/><\/a><\/td>\n<\/tr>\n<\/tbody>\n<\/table>\n<\/div>\n","protected":false},"excerpt":{"rendered":"<div class=\"testo\">\n<p>Con\u00e7us et r\u00e9alis\u00e9s conform\u00e9ment aux r\u00e9glementations europ\u00e9ennes en r\u00e8gle pour la certification CE, ils sont depuis des ann\u00e9es un ustensile tr\u00e8s pr\u00e9cieux dans les cuisines professionnelles. Cuve espac\u00e9e par le moteur pour ne pas r\u00e9chauffer les produits trait\u00e9s.<\/p>\n<p>Vitesse r\u00e9glable de 900 \u00e0 2200 tours\/minute avec neuf positions diff\u00e9rentes. Pratiques, ils sont en effet en mesure de : broyer, hacher, couper, homog\u00e9n\u00e9iser, m\u00e9langer, etc., diff\u00e9rentes quantit\u00e9s de produits en r\u00e9duisant consid\u00e9rablement les temps de pr\u00e9paration \u00e0 la cuisine.<\/p>\n<p>Ils sont s\u00fbrs car ils disposent des dispositifs suivants : commandes basse tension \u00e0 24 Volts, frein\u2013moteur, microinterrupteur de s\u00e9curit\u00e9 sur le couvercle.<\/p>\n<p>Ils sont hygi\u00e9niques car ils sont enti\u00e8rement r\u00e9alis\u00e9s en acier inox et en plastique \u00e0 usage alimentaire.<\/p>\n<\/div>\n","protected":false},"featured_media":6258,"template":"","meta":[],"product_brand":[],"product_cat":[279,287],"product_tag":[],"class_list":{"0":"post-6255","1":"product","2":"type-product","3":"status-publish","4":"has-post-thumbnail","6":"product_cat-cutter-fr","7":"product_cat-tous","8":"item col-md-6 col-sm-6 col-xs-12 mb_50","10":"first","11":"instock","12":"shipping-taxable","13":"product-type-simple"},"_links":{"self":[{"href":"https:\/\/sapbologna.it\/fr\/wp-json\/wp\/v2\/product\/6255","targetHints":{"allow":["GET"]}}],"collection":[{"href":"https:\/\/sapbologna.it\/fr\/wp-json\/wp\/v2\/product"}],"about":[{"href":"https:\/\/sapbologna.it\/fr\/wp-json\/wp\/v2\/types\/product"}],"wp:featuredmedia":[{"embeddable":true,"href":"https:\/\/sapbologna.it\/fr\/wp-json\/wp\/v2\/media\/6258"}],"wp:attachment":[{"href":"https:\/\/sapbologna.it\/fr\/wp-json\/wp\/v2\/media?parent=6255"}],"wp:term":[{"taxonomy":"product_brand","embeddable":true,"href":"https:\/\/sapbologna.it\/fr\/wp-json\/wp\/v2\/product_brand?post=6255"},{"taxonomy":"product_cat","embeddable":true,"href":"https:\/\/sapbologna.it\/fr\/wp-json\/wp\/v2\/product_cat?post=6255"},{"taxonomy":"product_tag","embeddable":true,"href":"https:\/\/sapbologna.it\/fr\/wp-json\/wp\/v2\/product_tag?post=6255"}],"curies":[{"name":"wp","href":"https:\/\/api.w.org\/{rel}","templated":true}]}}