{"id":6250,"date":"2018-09-05T09:53:38","date_gmt":"2018-09-05T09:53:38","guid":{"rendered":"https:\/\/medhit-wp2.it\/sap\/product\/presse-a-hamburgers-phr-100-phr-130-phr-150\/"},"modified":"2026-02-26T12:34:52","modified_gmt":"2026-02-26T12:34:52","slug":"presse-a-hamburgers-phr-100-phr-130-phr-150","status":"publish","type":"product","link":"https:\/\/sapbologna.it\/fr\/produit\/presse-a-hamburgers-phr-100-phr-130-phr-150\/","title":{"rendered":"Presse \u00e0 hamburgers PHR 100 \u2013 PHR 130 \u2013 PHR 150"},"content":{"rendered":"<div class=\"caratteristiche\">\n<p>&nbsp;<\/p>\n<table class=\"table table-striped\">\n<thead>\n<tr>\n<th colspan=\"2\">PRESSE \u00c0 HAMBURGERS PHR 100<\/th>\n<\/tr>\n<\/thead>\n<tbody>\n<tr>\n<td>DIMENSION CUVE<\/td>\n<td>mm 100<\/td>\n<\/tr>\n<tr>\n<td>DIMENSIONS HORS-TOUT<\/td>\n<td>100x170x310mm<\/td>\n<\/tr>\n<tr>\n<td>POIDS<\/td>\n<td>4,6 Kg<\/td>\n<\/tr>\n<tr>\n<td>Catalogue produits<\/td>\n<td><a href=\"\/wp-content\/uploads\/2026\/02\/BISTECCATRICE-PHR100.pdf\" target=\"_blank\" rel=\"noopener\"><img loading=\"lazy\" decoding=\"async\" class=\"alignleft wp-image-3321 \" src=\"https:\/\/sapbologna.it\/wp-content\/uploads\/2018\/09\/download-icon.png\" alt=\"\" width=\"21\" height=\"25\" \/><\/a><\/td>\n<\/tr>\n<tr>\n<td>Vue \u00e9clat\u00e9e<\/td>\n<td><a href=\"..\/..\/..\/wp-content\/uploads\/2018\/09\/esploso_hamburgatrice-ESPLOSO.pdf\" target=\"_blank\" rel=\"noopener\"><img loading=\"lazy\" decoding=\"async\" class=\"alignleft wp-image-3321 size-full\" src=\"https:\/\/www.sapbologna.it\/wp-content\/uploads\/2018\/09\/download-icon.png\" alt=\"\" width=\"20\" height=\"28\" \/><\/a><\/td>\n<\/tr>\n<tr>\n<td>Pi\u00e8ces de rechange produit<\/td>\n<td><a href=\"..\/..\/..\/wp-content\/uploads\/2018\/09\/hamburgatrice100-130-150itaRICAMBI.pdf\" target=\"_blank\" rel=\"noopener\"><img loading=\"lazy\" decoding=\"async\" class=\"alignleft wp-image-3321 size-full\" src=\"https:\/\/www.sapbologna.it\/wp-content\/uploads\/2018\/09\/download-icon.png\" alt=\"\" width=\"20\" height=\"28\" \/><\/a><\/td>\n<\/tr>\n<\/tbody>\n<\/table>\n<\/div>\n<div class=\"caratteristiche\">\n<p>&nbsp;<\/p>\n<table class=\"table table-striped\">\n<thead>\n<tr>\n<th colspan=\"2\">PRESSE \u00c0 HAMBURGERS PHR 130<\/th>\n<\/tr>\n<\/thead>\n<tbody>\n<tr>\n<td>DIMENSION CUVE<\/td>\n<td>mm 130<\/td>\n<\/tr>\n<tr>\n<td>DIMENSIONS HORS-TOUT<\/td>\n<td>130x170x310mm<\/td>\n<\/tr>\n<tr>\n<td>POIDS<\/td>\n<td>4,8 Kg<\/td>\n<\/tr>\n<tr>\n<td>Catalogue produits<\/td>\n<td><a href=\"\/wp-content\/uploads\/2026\/02\/BISTECCATRICE-PHR130.pdf\" target=\"_blank\" rel=\"noopener\"><img loading=\"lazy\" decoding=\"async\" class=\"alignleft wp-image-3321 \" src=\"https:\/\/sapbologna.it\/wp-content\/uploads\/2018\/09\/download-icon.png\" alt=\"\" width=\"21\" height=\"25\" \/><\/a><\/td>\n<\/tr>\n<tr>\n<td>Vue \u00e9clat\u00e9e<\/td>\n<td><a href=\"..\/..\/..\/wp-content\/uploads\/2018\/09\/esploso_hamburgatrice-ESPLOSO.pdf\" target=\"_blank\" rel=\"noopener\"><img loading=\"lazy\" decoding=\"async\" class=\"alignleft wp-image-3321 size-full\" src=\"https:\/\/www.sapbologna.it\/wp-content\/uploads\/2018\/09\/download-icon.png\" alt=\"\" width=\"20\" height=\"28\" \/><\/a><\/td>\n<\/tr>\n<tr>\n<td>Pi\u00e8ces de rechange produit<\/td>\n<td><a href=\"..\/..\/..\/wp-content\/uploads\/2018\/09\/hamburgatrice100-130-150itaRICAMBI.pdf\" target=\"_blank\" rel=\"noopener\"><img loading=\"lazy\" decoding=\"async\" class=\"alignleft wp-image-3321 size-full\" src=\"https:\/\/www.sapbologna.it\/wp-content\/uploads\/2018\/09\/download-icon.png\" alt=\"\" width=\"20\" height=\"28\" \/><\/a><\/td>\n<\/tr>\n<\/tbody>\n<\/table>\n<\/div>\n<div class=\"caratteristiche\">\n<p>&nbsp;<\/p>\n<table class=\"table table-striped\">\n<thead>\n<tr>\n<th colspan=\"2\">PRESSE \u00c0 HAMBURGERS PHR 150<\/th>\n<\/tr>\n<\/thead>\n<tbody>\n<tr>\n<td>DIMENSION CUVE<\/td>\n<td>mm 150<\/td>\n<\/tr>\n<tr>\n<td>DIMENSIONS HORS-TOUT<\/td>\n<td>150x250x240mm<\/td>\n<\/tr>\n<tr>\n<td>POIDS<\/td>\n<td>5,0 Kg<\/td>\n<\/tr>\n<tr>\n<td>Catalogue produits<\/td>\n<td><a href=\"\/wp-content\/uploads\/2026\/02\/BISTECCATRICE-PHR150.pdf\" target=\"_blank\" rel=\"noopener\"><img loading=\"lazy\" decoding=\"async\" class=\"alignleft wp-image-3321 \" src=\"https:\/\/sapbologna.it\/wp-content\/uploads\/2018\/09\/download-icon.png\" alt=\"\" width=\"21\" height=\"25\" \/><\/a><\/td>\n<\/tr>\n<tr>\n<td>Vue \u00e9clat\u00e9e<\/td>\n<td><a href=\"..\/..\/..\/wp-content\/uploads\/2018\/09\/esploso_hamburgatrice-ESPLOSO.pdf\" target=\"_blank\" rel=\"noopener\"><img loading=\"lazy\" decoding=\"async\" class=\"alignleft wp-image-3321 size-full\" src=\"https:\/\/www.sapbologna.it\/wp-content\/uploads\/2018\/09\/download-icon.png\" alt=\"\" width=\"20\" height=\"28\" \/><\/a><\/td>\n<\/tr>\n<tr>\n<td>Pi\u00e8ces de rechange produit<\/td>\n<td><a href=\"..\/..\/..\/wp-content\/uploads\/2018\/09\/hamburgatrice100-130-150itaRICAMBI.pdf\" target=\"_blank\" rel=\"noopener\"><img loading=\"lazy\" decoding=\"async\" class=\"alignleft wp-image-3321 size-full\" src=\"https:\/\/www.sapbologna.it\/wp-content\/uploads\/2018\/09\/download-icon.png\" alt=\"\" width=\"20\" height=\"28\" \/><\/a><\/td>\n<\/tr>\n<\/tbody>\n<\/table>\n<\/div>\n","protected":false},"excerpt":{"rendered":"<div class=\"testo\">\n<p>Presse \u00e0 hamburgers manuelle enti\u00e8rement r\u00e9alis\u00e9e en alliage d&rsquo;aluminium et prot\u00e9g\u00e9e par oxydation anodique.<\/p>\n<p>&#8211; Diametro 100-130-150 con vaschetta premicarne in alluminio anodizzato ed espulsore in acciaio inox.<\/p>\n<p>\u2013 R\u00e9cipient pour cellophane incorpor\u00e9e et s\u00e9rie de disques en cellophane.<\/p>\n<p>\u2013 Fonctionnement moyennant un levier de commande qui permet la compression et l&rsquo;extraction synchronis\u00e9es du steak hach\u00e9.<\/p>\n<p>\u2013 Nettoyage rapide en raison de l&rsquo;absence g\u00e9n\u00e9rale de coins ou de rainures.<\/p>\n<p>\u2013 Entretien pratiquement inexistant.<\/p>\n<p>\u2013 Conforme aux r\u00e9glementations internationales en mati\u00e8re d&rsquo;hygi\u00e8ne et de s\u00e9curit\u00e9.<\/p>\n<p>\u2013 Option : disques en cellophane diam\u00e8tre 100-130-150.<\/p>\n<\/div>\n","protected":false},"featured_media":6254,"template":"","meta":[],"product_brand":[],"product_cat":[286,287],"product_tag":[],"class_list":{"0":"post-6250","1":"product","2":"type-product","3":"status-publish","4":"has-post-thumbnail","6":"product_cat-hachoirs-a-viande-fr","7":"product_cat-tous","8":"item col-md-6 col-sm-6 col-xs-12 mb_50","10":"first","11":"instock","12":"shipping-taxable","13":"product-type-simple"},"_links":{"self":[{"href":"https:\/\/sapbologna.it\/fr\/wp-json\/wp\/v2\/product\/6250","targetHints":{"allow":["GET"]}}],"collection":[{"href":"https:\/\/sapbologna.it\/fr\/wp-json\/wp\/v2\/product"}],"about":[{"href":"https:\/\/sapbologna.it\/fr\/wp-json\/wp\/v2\/types\/product"}],"wp:featuredmedia":[{"embeddable":true,"href":"https:\/\/sapbologna.it\/fr\/wp-json\/wp\/v2\/media\/6254"}],"wp:attachment":[{"href":"https:\/\/sapbologna.it\/fr\/wp-json\/wp\/v2\/media?parent=6250"}],"wp:term":[{"taxonomy":"product_brand","embeddable":true,"href":"https:\/\/sapbologna.it\/fr\/wp-json\/wp\/v2\/product_brand?post=6250"},{"taxonomy":"product_cat","embeddable":true,"href":"https:\/\/sapbologna.it\/fr\/wp-json\/wp\/v2\/product_cat?post=6250"},{"taxonomy":"product_tag","embeddable":true,"href":"https:\/\/sapbologna.it\/fr\/wp-json\/wp\/v2\/product_tag?post=6250"}],"curies":[{"name":"wp","href":"https:\/\/api.w.org\/{rel}","templated":true}]}}