{"id":6248,"date":"2018-09-05T09:35:10","date_gmt":"2018-09-05T09:35:10","guid":{"rendered":"https:\/\/medhit-wp2.it\/sap\/product\/trancheuse-verticale\/"},"modified":"2026-02-26T11:26:06","modified_gmt":"2026-02-26T11:26:06","slug":"trancheuse-verticale","status":"publish","type":"product","link":"https:\/\/sapbologna.it\/fr\/produit\/trancheuse-verticale\/","title":{"rendered":"Trancheuse Verticale"},"content":{"rendered":"<div class=\"caratteristiche\">\n<p>&nbsp;<\/p>\n<table class=\"table table-striped\">\n<thead>\n<tr>\n<th colspan=\"2\">TRANCHEUSE VERTICALE AFV250SC<\/th>\n<\/tr>\n<\/thead>\n<tbody>\n<tr>\n<td>Diametro lama \/ Blade diameter \/ Diam\u00e8tre lame<\/td>\n<td>250 mm<\/td>\n<\/tr>\n<tr>\n<td>Potenza motore \/ Power \/ Puissance moteur<\/td>\n<td>260 W<\/td>\n<\/tr>\n<tr>\n<td>Impianto elettrico \/ Electric plant \/ Circuit \u00e9lectrique<\/td>\n<td>230 \/ 1N \/ 50<\/td>\n<\/tr>\n<tr>\n<td>Capacit\u00e0 di taglio \/ Capacity of cut about \/ Capacit\u00e9 de coupe<\/td>\n<td>260 x 190 &#8211; 215X170 CM<\/td>\n<\/tr>\n<tr>\n<td>Peso \/ Weight \/ Poids \/ \u0412\u0435\u0441<\/td>\n<td>24 kg<\/td>\n<\/tr>\n<tr>\n<td>Dimensione \/ Dimensions \/ Dimension<\/td>\n<td>52 x 61 x 51,5 cm (S)<\/td>\n<\/tr>\n<tr>\n<td>Dimensione imballo \/ Packaging dimensions \/ Dimension emballage<\/td>\n<td>70 x 63 x 63 h<\/td>\n<\/tr>\n<tr>\n<td>Catalogue produits<\/td>\n<td><a href=\"\/wp-content\/uploads\/2026\/02\/AFFETTATRICE-VERTICALE-250.pdf\" target=\"_blank\" rel=\"noopener\"><img loading=\"lazy\" decoding=\"async\" class=\"alignleft wp-image-3321 \" src=\"https:\/\/sapbologna.it\/wp-content\/uploads\/2018\/09\/download-icon.png\" alt=\"\" width=\"22\" height=\"26\" \/><\/a><\/td>\n<\/tr>\n<\/tbody>\n<\/table>\n<\/div>\n<div class=\"caratteristiche\">\n<p>&nbsp;<\/p>\n<table class=\"table table-striped\">\n<thead>\n<tr>\n<th colspan=\"2\">TRANCHEUSE VERTICALE AFV300SC<\/th>\n<\/tr>\n<\/thead>\n<tbody>\n<tr>\n<td>Diametro lama \/ Blade diameter \/\u00a0Diam\u00e8tre lame<\/td>\n<td>300 mm<\/td>\n<\/tr>\n<tr>\n<td>Potenza motore \/ Power \/\u00a0Puissance moteur<\/td>\n<td>260 W<\/td>\n<\/tr>\n<tr>\n<td>Impianto elettrico \/ Electric plant \/\u00a0Circuit \u00e9lectrique<\/td>\n<td>230 \/ 1N \/ 50<\/td>\n<\/tr>\n<tr>\n<td>Capacit\u00e0 di taglio \/ Capacity of cut about \/\u00a0Capacit\u00e9 de coupe<\/td>\n<td>260 x 210<\/td>\n<\/tr>\n<tr>\n<td>Peso \/ Weight \/ Poids \/ \u0412\u0435\u0441<\/td>\n<td>28 kg<\/td>\n<\/tr>\n<tr>\n<td>Dimensione \/ Dimensions \/\u00a0Dimension<\/td>\n<td>55 x 71 x 61 cm (S) 55 x 71 x 55 cm (C)<\/td>\n<\/tr>\n<tr>\n<td>Dimensione imballo \/ Packaging dimensions \/\u00a0Dimension emballage<\/td>\n<td>70 x 63 x 70 h<\/td>\n<\/tr>\n<tr>\n<td>Catalogue produits<\/td>\n<td><a href=\"\/wp-content\/uploads\/2026\/02\/AFFETTATRICE-VERTICALE-300.pdf\" target=\"_blank\" rel=\"noopener\"><img loading=\"lazy\" decoding=\"async\" class=\"alignleft wp-image-3321 \" src=\"https:\/\/sapbologna.it\/wp-content\/uploads\/2018\/09\/download-icon.png\" alt=\"\" width=\"22\" height=\"26\" \/><\/a><\/td>\n<\/tr>\n<\/tbody>\n<\/table>\n<\/div>\n<div class=\"caratteristiche\">\n<p>&nbsp;<\/p>\n<table class=\"table table-striped\">\n<thead>\n<tr>\n<th colspan=\"2\">TRANCHEUSE VERTICALE AFV350SC<\/th>\n<\/tr>\n<\/thead>\n<tbody>\n<tr>\n<td>Diametro lama \/ Blade diameter \/\u00a0Diam\u00e8tre lame<\/td>\n<td>350 mm<\/td>\n<\/tr>\n<tr>\n<td>Potenza motore \/ Power \/\u00a0Puissance moteur<\/td>\n<td>260 W<\/td>\n<\/tr>\n<tr>\n<td>Impianto elettrico \/ Electric plant \/\u00a0Circuit \u00e9lectrique<\/td>\n<td>230 \/ 1N \/ 50<\/td>\n<\/tr>\n<tr>\n<td>Capacit\u00e0 di taglio \/ Capacity of cut about \/\u00a0Capacit\u00e9 de coupe<\/td>\n<td>260 x 210<\/td>\n<\/tr>\n<tr>\n<td>Peso \/ Weight \/ Poids \/ \u0412\u0435\u0441<\/td>\n<td>44 kg<\/td>\n<\/tr>\n<tr>\n<td>Dimensione \/ Dimensions \/\u00a0Dimension<\/td>\n<td>65 x 82 x 64 cm (S) -65 x 82 x 64 cm (C)<\/td>\n<\/tr>\n<tr>\n<td>Dimensione imballo \/ Packaging dimensions \/\u00a0Dimension emballage<\/td>\n<td>82 x 72 x 76 h<\/td>\n<\/tr>\n<tr>\n<td>Catalogue produits<\/td>\n<td><a href=\"\/wp-content\/uploads\/2026\/02\/AFFETTATRICE-VERTICALE-350.pdf\" target=\"_blank\" rel=\"noopener\"><img loading=\"lazy\" decoding=\"async\" class=\"alignleft wp-image-3321 \" src=\"https:\/\/sapbologna.it\/wp-content\/uploads\/2018\/09\/download-icon.png\" alt=\"\" width=\"21\" height=\"25\" \/><\/a><\/td>\n<\/tr>\n<\/tbody>\n<\/table>\n<\/div>\n<div class=\"caratteristiche\">\n<p>&nbsp;<\/p>\n<table class=\"table table-striped\">\n<thead>\n<tr>\n<th colspan=\"2\">TRANCHEUSE VERTICALE AFV370SC<\/th>\n<\/tr>\n<\/thead>\n<tbody>\n<tr>\n<td>Diametro lama \/ Blade diameter \/\u00a0Diam\u00e8tre lame<\/td>\n<td>370 mm<\/td>\n<\/tr>\n<tr>\n<td>Potenza motore \/ Power \/\u00a0Puissance moteur<\/td>\n<td>370 W<\/td>\n<\/tr>\n<tr>\n<td>Impianto elettrico \/ Electric plant \/\u00a0Circuit \u00e9lectrique<\/td>\n<td>230 \/ 1N \/ 50<\/td>\n<\/tr>\n<tr>\n<td>Capacit\u00e0 di taglio \/ Capacity of cut about \/\u00a0Capacit\u00e9 de coupe<\/td>\n<td>290 x 275 cm<\/td>\n<\/tr>\n<tr>\n<td>Peso \/ Weight \/ Poids \/ \u0412\u0435\u0441<\/td>\n<td>47 kg<\/td>\n<\/tr>\n<tr>\n<td>Dimensione \/ Dimensions \/\u00a0Dimension<\/td>\n<td>65 x 82 x 64 cm (S)-65 x 82 x 64 cm (C)<\/td>\n<\/tr>\n<tr>\n<td>Dimensione imballo \/ Packaging dimensions \/\u00a0Dimension emballage<\/td>\n<td>82 x 72 x 76 h<\/td>\n<\/tr>\n<tr>\n<td>Catalogue produits<\/td>\n<td><a href=\"\/wp-content\/uploads\/2026\/02\/AFFETTATRICE-VERTICALE-370.pdf\" target=\"_blank\" rel=\"noopener\"><img loading=\"lazy\" decoding=\"async\" class=\"alignleft wp-image-3321 \" src=\"https:\/\/sapbologna.it\/wp-content\/uploads\/2018\/09\/download-icon.png\" alt=\"\" width=\"21\" height=\"25\" \/><\/a><\/td>\n<\/tr>\n<\/tbody>\n<\/table>\n<\/div>\n","protected":false},"excerpt":{"rendered":"<div class=\"testo\">\n<p align=\"LEFT\">R\u00e9alis\u00e9e en alliage d&rsquo;aluminium avec coul\u00e9e en coquille\u00a0elle pr\u00e9sente une surface polie et anodis\u00e9e. Elle est \u00e9quip\u00e9e d&rsquo;un dispositif de r\u00e9glage de l&rsquo;\u00e9paisseur de coupe d&rsquo;une hauteur de 0 \u00e0 16 mm\u00a0de grande pr\u00e9cision et d&rsquo;un aff\u00fbteur fixe sup\u00e9rieur d&rsquo;origine. La plaque\u00a0mont\u00e9e sur des roulements \u00e0 billes favorise\u00a0le coulissement. Elle est \u00e9quip\u00e9e d&rsquo;une lame en acier chrom\u00e9 et\u00a0tremp\u00e9, d&rsquo;une bague fixe autour de la lame et d&rsquo;un dispositif de blocage du support voile\u00a0d&rsquo;origine sur les mod\u00e8les CE professionnels. La machine est\u00a0disponible dans la version charcuterie (S) et dans la version avec\u00a0le plateau viande (C).<\/p>\n<\/div>\n","protected":false},"featured_media":6249,"template":"","meta":[],"product_brand":[],"product_cat":[278,287],"product_tag":[],"class_list":{"0":"post-6248","1":"product","2":"type-product","3":"status-publish","4":"has-post-thumbnail","6":"product_cat-trancheuse","7":"product_cat-tous","8":"item col-md-6 col-sm-6 col-xs-12 mb_50","10":"first","11":"instock","12":"shipping-taxable","13":"product-type-simple"},"_links":{"self":[{"href":"https:\/\/sapbologna.it\/fr\/wp-json\/wp\/v2\/product\/6248","targetHints":{"allow":["GET"]}}],"collection":[{"href":"https:\/\/sapbologna.it\/fr\/wp-json\/wp\/v2\/product"}],"about":[{"href":"https:\/\/sapbologna.it\/fr\/wp-json\/wp\/v2\/types\/product"}],"wp:featuredmedia":[{"embeddable":true,"href":"https:\/\/sapbologna.it\/fr\/wp-json\/wp\/v2\/media\/6249"}],"wp:attachment":[{"href":"https:\/\/sapbologna.it\/fr\/wp-json\/wp\/v2\/media?parent=6248"}],"wp:term":[{"taxonomy":"product_brand","embeddable":true,"href":"https:\/\/sapbologna.it\/fr\/wp-json\/wp\/v2\/product_brand?post=6248"},{"taxonomy":"product_cat","embeddable":true,"href":"https:\/\/sapbologna.it\/fr\/wp-json\/wp\/v2\/product_cat?post=6248"},{"taxonomy":"product_tag","embeddable":true,"href":"https:\/\/sapbologna.it\/fr\/wp-json\/wp\/v2\/product_tag?post=6248"}],"curies":[{"name":"wp","href":"https:\/\/api.w.org\/{rel}","templated":true}]}}