{"id":6245,"date":"2018-09-05T09:44:02","date_gmt":"2018-09-05T09:44:02","guid":{"rendered":"https:\/\/medhit-wp2.it\/sap\/product\/attendrisseur\/"},"modified":"2026-02-27T09:37:06","modified_gmt":"2026-02-27T09:37:06","slug":"attendrisseur","status":"publish","type":"product","link":"https:\/\/sapbologna.it\/fr\/produit\/attendrisseur\/","title":{"rendered":"Attendrisseur"},"content":{"rendered":"<p>&nbsp;<\/p>\n<table class=\"table table-striped\">\n<thead>\n<tr>\n<th colspan=\"2\">INTENERITRICE<\/th>\n<\/tr>\n<\/thead>\n<tbody>\n<tr>\n<td>LAME<\/td>\n<td>2&#215;64<\/td>\n<\/tr>\n<tr>\n<td>CAPACIT\u00c9 DE COUPE<\/td>\n<td>150&#215;20<\/td>\n<\/tr>\n<tr>\n<td>POIDS<\/td>\n<td>20 Kg<\/td>\n<\/tr>\n<tr>\n<td>Spessore massimo \/Maximum Thickness \/ Epaisseur maximum \/ \u041c\u0430\u043a\u0441\u0438\u043c\u0430\u043b\u044c\u043d\u0430\u044f \u0442\u043e\u043b\u0449\u0438\u043d\u0430<\/td>\n<td>20 mm<\/td>\n<\/tr>\n<tr>\n<td>Motore \/ Motor \/ Moteur \/ \u0414\u0432\u0438\u0433\u0430\u0442\u0435\u043b\u044c<\/td>\n<td>V 400\/50 &#8211; V 230\/50 kW 0,15<\/td>\n<\/tr>\n<tr>\n<td>Dimensioni appoggio \/ Surface Dimensions \/ Dimensions d\u2019appui \/ \u0420\u0430\u0437\u043c\u0435\u0440\u044b \u043e\u043f\u043e\u0440\u044b<\/td>\n<td>16 x 38,5 cm<\/td>\n<\/tr>\n<tr>\n<td>Dimensione \/ Dimension \/ Dimensions \/ \u0420\u0430\u0437\u043c\u0435\u0440\u044b<\/td>\n<td>44 x 17 x 48 cm<\/td>\n<\/tr>\n<tr>\n<td>Dimensione imballo \/ Package dimension \/ Dimensions emballage \/ \u0420\u0430\u0437\u043c\u0435\u0440\u044b \u0443\u043f\u0430\u043a\u043e\u0432\u043a\u0438<\/td>\n<td>50 x 30 x 50 cm<\/td>\n<\/tr>\n<tr>\n<td>Catalogue produits<\/td>\n<td><a href=\"\/wp-content\/uploads\/2026\/02\/INTENERITRICE-INT.pdf\" target=\"_blank\" rel=\"noopener\"><img loading=\"lazy\" decoding=\"async\" class=\"alignleft wp-image-3321 \" src=\"https:\/\/sapbologna.it\/wp-content\/uploads\/2018\/09\/download-icon.png\" alt=\"\" width=\"21\" height=\"25\" \/><\/a><\/td>\n<\/tr>\n<\/tbody>\n<\/table>\n","protected":false},"excerpt":{"rendered":"<p>L\u2019attendrisseur, avec ses 180 micro-coupes par centim\u00e8tre carr\u00e9, coupe les fibres en attendrissant la viande sans l&rsquo;endommager. Il sert \u00e0 attendrir les tranches de viande crue ou cuite, mais il n&rsquo;est pas indiqu\u00e9 pour la viande avec os ou congel\u00e9e.<\/p>\n<p>La machine est dot\u00e9e d&rsquo;une transmission \u00e0 engrenages et de couteaux en acier inox ais\u00e9ment amovibles, et elle est conforme aux r\u00e9glementations CE les plus strictes en mati\u00e8re de s\u00e9curit\u00e9.<\/p>\n<p>La machine enti\u00e8rement r\u00e9alis\u00e9e en acier inox Aisi 304 n&rsquo;exige aucun entretien particulier et elle est facile \u00e0 nettoyer.<\/p>\n","protected":false},"featured_media":6247,"template":"","meta":[],"product_brand":[],"product_cat":[286,287],"product_tag":[],"class_list":{"0":"post-6245","1":"product","2":"type-product","3":"status-publish","4":"has-post-thumbnail","6":"product_cat-hachoirs-a-viande-fr","7":"product_cat-tous","8":"item col-md-6 col-sm-6 col-xs-12 mb_50","10":"first","11":"instock","12":"shipping-taxable","13":"product-type-simple"},"_links":{"self":[{"href":"https:\/\/sapbologna.it\/fr\/wp-json\/wp\/v2\/product\/6245","targetHints":{"allow":["GET"]}}],"collection":[{"href":"https:\/\/sapbologna.it\/fr\/wp-json\/wp\/v2\/product"}],"about":[{"href":"https:\/\/sapbologna.it\/fr\/wp-json\/wp\/v2\/types\/product"}],"wp:featuredmedia":[{"embeddable":true,"href":"https:\/\/sapbologna.it\/fr\/wp-json\/wp\/v2\/media\/6247"}],"wp:attachment":[{"href":"https:\/\/sapbologna.it\/fr\/wp-json\/wp\/v2\/media?parent=6245"}],"wp:term":[{"taxonomy":"product_brand","embeddable":true,"href":"https:\/\/sapbologna.it\/fr\/wp-json\/wp\/v2\/product_brand?post=6245"},{"taxonomy":"product_cat","embeddable":true,"href":"https:\/\/sapbologna.it\/fr\/wp-json\/wp\/v2\/product_cat?post=6245"},{"taxonomy":"product_tag","embeddable":true,"href":"https:\/\/sapbologna.it\/fr\/wp-json\/wp\/v2\/product_tag?post=6245"}],"curies":[{"name":"wp","href":"https:\/\/api.w.org\/{rel}","templated":true}]}}