{"id":6238,"date":"2018-09-05T09:18:48","date_gmt":"2018-09-05T09:18:48","guid":{"rendered":"https:\/\/medhit-wp2.it\/sap\/product\/machine-a-eplucher-les-oignons\/"},"modified":"2026-03-11T12:00:34","modified_gmt":"2026-03-11T12:00:34","slug":"machine-a-eplucher-les-oignons","status":"publish","type":"product","link":"https:\/\/sapbologna.it\/fr\/produit\/machine-a-eplucher-les-oignons\/","title":{"rendered":"Machine \u00e0 \u00e9plucher les oignons"},"content":{"rendered":"<div class=\"caratteristiche\"><\/div>\n<div class=\"caratteristiche\">\n<p>&nbsp;<\/p>\n<table class=\"table table-striped\">\n<thead>\n<tr>\n<th colspan=\"2\">MACHINE \u00c0 \u00c9PLUCHER LES OIGNONS PLC8<\/th>\n<\/tr>\n<\/thead>\n<tbody>\n<tr>\n<td>Materiale \/ Made of \/ Mat\u00e9riau \/ \u041c\u0430\u0442\u0435\u0440\u0438\u0430\u043b<\/td>\n<td>acciaio inox \/ stainless steel \/ acier inox \/ \u041d\u0435\u0440\u0436\u0430\u0432\u0435\u044e\u0449\u0430\u044f \u0441\u0442\u0430\u043b\u044c<\/td>\n<\/tr>\n<tr>\n<td>Capacit\u00c0 vasca \/ Tank capacity \/ Capacit\u00e9 cuve<\/td>\n<td>8 kg<\/td>\n<\/tr>\n<tr>\n<td>Produzione oraria \/ Hourly output \/ Production horaire<\/td>\n<td>100 kg<\/td>\n<\/tr>\n<tr>\n<td>Motore \/ Motor \/ Moteur \/ \u0414\u0432\u0438\u0433\u0430\u0442\u0435\u043b\u044c<\/td>\n<td>Kw 0,55 V 230 \/ 50 Hz<\/td>\n<\/tr>\n<tr>\n<td>Potenza \/ Power \/ Puissance \/ \u041c\u043e\u0449\u043d\u043e\u0441\u0442\u044c<\/td>\n<td>0,75 hp<\/td>\n<\/tr>\n<tr>\n<td>Giri motore \/ Motor speed \/ Vitesse moteur<\/td>\n<td>900 TR\/MIN.<\/td>\n<\/tr>\n<tr>\n<td>Peso netto \/ Net weight \/ Poids net \/ \u0427\u0438\u0441\u0442\u044b\u0439 \u0432\u0435\u0441<\/td>\n<td>26 kg<\/td>\n<\/tr>\n<tr>\n<td>Peso lordo \/ Gross weight \/ Poids brut \/ \u041e\u0431\u0449\u0438\u0439 \u0432\u0435\u0441<\/td>\n<td>30 kg<\/td>\n<\/tr>\n<tr>\n<td>Dimensione \/ Dimension \/ Dimension \/ \u0420\u0430\u0437\u043c\u0435\u0440\u044b<\/td>\n<td>32 x 42 x 80 cm<\/td>\n<\/tr>\n<tr>\n<td>Dimensione imballo \/ Package dimension \/ Dimension emballage<\/td>\n<td>95 x 50 x 45 cm<\/td>\n<\/tr>\n<tr>\n<td>Optional \/ Optional \/ Options<\/td>\n<td>Cavalletto con filtro \/ Stainless steel table with filter \/Support avec filtre<\/td>\n<\/tr>\n<tr>\n<td>Catalogue produits<\/td>\n<td><a href=\"\/wp-content\/uploads\/2026\/03\/PELACIPOLLE-PLC8.pdf\" target=\"_blank\" rel=\"noopener\"><img loading=\"lazy\" decoding=\"async\" class=\"alignleft wp-image-3321 size-full\" src=\"https:\/\/sapbologna.it\/wp-content\/uploads\/2018\/09\/download-icon.png\" alt=\"\" width=\"114\" height=\"133\" \/><\/a><\/td>\n<\/tr>\n<\/tbody>\n<\/table>\n<\/div>\n<div class=\"caratteristiche\">\n<p>&nbsp;<\/p>\n<table class=\"table table-striped\">\n<thead>\n<tr>\n<th colspan=\"2\">MACHINE \u00c0 \u00c9PLUCHER LES OIGNONS PLC15<\/th>\n<\/tr>\n<\/thead>\n<tbody>\n<tr>\n<td>Materiale \/ Made of \/ Mat\u00e9riau \/ \u041c\u0430\u0442\u0435\u0440\u0438\u0430\u043b<\/td>\n<td>acciaio inox \/ stainless steel \/ acier inox \/ \u041d\u0435\u0440\u0436\u0430\u0432\u0435\u044e\u0449\u0430\u044f \u0441\u0442\u0430\u043b\u044c<\/td>\n<\/tr>\n<tr>\n<td>Capacit\u00c0 vasca \/ Tank capacity \/ Capacit\u00e9 cuve<\/td>\n<td>15 kg<\/td>\n<\/tr>\n<tr>\n<td>Produzione oraria \/ Hourly output \/ Production horaire<\/td>\n<td>180 kg<\/td>\n<\/tr>\n<tr>\n<td>Motore \/ Motor \/ Moteur \/ \u0414\u0432\u0438\u0433\u0430\u0442\u0435\u043b\u044c<\/td>\n<td>Kw 0,63 V 230 \/ 50 Hz V 230 \/ 400 \/ 50 Hz<\/td>\n<\/tr>\n<tr>\n<td>Potenza \/ Power \/ Puissance \/ \u041c\u043e\u0449\u043d\u043e\u0441\u0442\u044c<\/td>\n<td>0,85 hp<\/td>\n<\/tr>\n<tr>\n<td>Giri motore \/ Motor speed \/ Vitesse moteur<\/td>\n<td>900 TR\/MIN.<\/td>\n<\/tr>\n<tr>\n<td>Peso netto \/ Net weight \/ Poids net \/ \u0427\u0438\u0441\u0442\u044b\u0439 \u0432\u0435\u0441<\/td>\n<td>36 kg<\/td>\n<\/tr>\n<tr>\n<td>Peso lordo \/ Gross weight \/ Poids brut \/ \u041e\u0431\u0449\u0438\u0439 \u0432\u0435\u0441<\/td>\n<td>40 kg<\/td>\n<\/tr>\n<tr>\n<td>Dimensione \/ Dimension \/ Dimension \/ \u0420\u0430\u0437\u043c\u0435\u0440\u044b<\/td>\n<td>40 x 50 x 90 cm<\/td>\n<\/tr>\n<tr>\n<td>Dimensione imballo \/ Package dimension \/ Dimension emballage<\/td>\n<td>100 x 60 x 55 cm<\/td>\n<\/tr>\n<tr>\n<td>Optional \/ Optional \/ Options<\/td>\n<td>Cavalletto con filtro \/ Stainless steel table with filter \/ Support avec filtre<\/td>\n<\/tr>\n<tr>\n<td>Catalogue produits<\/td>\n<td><a href=\"\/wp-content\/uploads\/2026\/03\/PELACIPOLLE-PLC15.pdf\" target=\"_blank\" rel=\"noopener\"><img loading=\"lazy\" decoding=\"async\" class=\"alignleft wp-image-3321 size-full\" src=\"https:\/\/sapbologna.it\/wp-content\/uploads\/2018\/09\/download-icon.png\" alt=\"\" width=\"114\" height=\"133\" \/><\/a><\/td>\n<\/tr>\n<\/tbody>\n<\/table>\n<\/div>\n<div class=\"caratteristiche\">\n<p>&nbsp;<\/p>\n<table class=\"table table-striped\">\n<thead>\n<tr>\n<th colspan=\"2\">MACHINE \u00c0 \u00c9PLUCHER LES OIGNONS PLC20<\/th>\n<\/tr>\n<\/thead>\n<tbody>\n<tr>\n<td>Materiale \/ Made of \/ Mat\u00e9riau \/ \u041c\u0430\u0442\u0435\u0440\u0438\u0430\u043b<\/td>\n<td>20 kg<\/td>\n<\/tr>\n<tr>\n<td>Produzione oraria \/ Hourly output \/ Production horaire<\/td>\n<td>240 kg<\/td>\n<\/tr>\n<tr>\n<td>Motore \/ Motor \/ Moteur \/ \u0414\u0432\u0438\u0433\u0430\u0442\u0435\u043b\u044c<\/td>\n<td>kW 0,63 V 230 \/ 50V 230 \/ 400 \/ 50 Hz Hz<\/td>\n<\/tr>\n<tr>\n<td>Potenza \/ Power \/ Puissance \/ \u041c\u043e\u0449\u043d\u043e\u0441\u0442\u044c<\/td>\n<td>0,85 hp<\/td>\n<\/tr>\n<tr>\n<td>Giri motore \/ Motor speed \/ Vitesse moteur<\/td>\n<td>900 TR\/MIN.<\/td>\n<\/tr>\n<tr>\n<td>Peso netto \/ Net weight \/ Poids net \/ \u0427\u0438\u0441\u0442\u044b\u0439 \u0432\u0435\u0441<\/td>\n<td>41 kg<\/td>\n<\/tr>\n<tr>\n<td>Peso lordo \/ Gross weight \/ Poids brut \/ \u041e\u0431\u0449\u0438\u0439 \u0432\u0435\u0441<\/td>\n<td>45 kg<\/td>\n<\/tr>\n<tr>\n<td>Dimensione \/ Dimension \/ Dimension \/ \u0420\u0430\u0437\u043c\u0435\u0440\u044b<\/td>\n<td>45 x 55 x 95 cm<\/td>\n<\/tr>\n<tr>\n<td>Dimensione imballo \/ Package dimension \/ Dimension emballage<\/td>\n<td>100 x 60 x 55 cm<\/td>\n<\/tr>\n<tr>\n<td>Catalogue produits<\/td>\n<td><a href=\"\/wp-content\/uploads\/2026\/03\/PELACIPOLLE-PLC20.pdf\" target=\"_blank\" rel=\"noopener\"><img loading=\"lazy\" decoding=\"async\" class=\"alignleft wp-image-3321 size-full\" src=\"https:\/\/sapbologna.it\/wp-content\/uploads\/2018\/09\/download-icon.png\" alt=\"\" width=\"114\" height=\"133\" \/><\/a><\/td>\n<\/tr>\n<\/tbody>\n<\/table>\n<\/div>\n","protected":false},"excerpt":{"rendered":"<p>Les machines \u00e0 \u00e9plucher les oignons sont enti\u00e8rement r\u00e9alis\u00e9es en acier inox et elles sont dot\u00e9es des dispositifs de s\u00e9curit\u00e9 les plus modernes. Conform\u00e9ment aux normes de s\u00e9curit\u00e9 de la Communaut\u00e9 \u00c9conomique Europ\u00e9enne, la version CE est \u00e9quip\u00e9e d&rsquo;un tableau de commande \u00e9lectrique avec une carte 24 V, d&rsquo;un microinterrupteur de s\u00e9curit\u00e9 sur la porte et sur le couvercle et d&rsquo;un bouton coup-de-poing rouge d&rsquo;urgence \u00e0 activer au terme des op\u00e9rations. Les machines sont \u00e9quip\u00e9es d&rsquo;un r\u00e9ducteur de vitesse avec transmission \u00e0 courroie, et la courroie multigrip est silencieuse, s\u00fbre et simple \u00e0 r\u00e9gler. Le couvercle en polycarbonate permet \u00e0 l&rsquo;op\u00e9rateur de contr\u00f4ler le processus de transformation. Le dispositif de vidage automatique et de remplissage en eau a un diam\u00e8tre de 50 mm ; le disque est rev\u00eatu d&rsquo;un mat\u00e9riau granulaire et sa rotation est inf\u00e9rieure de 20 % par rapport \u00e0 celle de l&rsquo;\u00e9plucheuse. La nouvelle porte et sa poign\u00e9e sont r\u00e9alis\u00e9es dans un mat\u00e9riau sp\u00e9cial, le nylon 6 FV 30%, d\u00e9nomm\u00e9 akulon.<\/p>\n","protected":false},"featured_media":6240,"template":"","meta":[],"product_brand":[],"product_cat":[285,287],"product_tag":[],"class_list":{"0":"post-6238","1":"product","2":"type-product","3":"status-publish","4":"has-post-thumbnail","6":"product_cat-hachoirs-a-viande","7":"product_cat-tous","8":"item col-md-6 col-sm-6 col-xs-12 mb_50","10":"first","11":"instock","12":"shipping-taxable","13":"product-type-simple"},"_links":{"self":[{"href":"https:\/\/sapbologna.it\/fr\/wp-json\/wp\/v2\/product\/6238","targetHints":{"allow":["GET"]}}],"collection":[{"href":"https:\/\/sapbologna.it\/fr\/wp-json\/wp\/v2\/product"}],"about":[{"href":"https:\/\/sapbologna.it\/fr\/wp-json\/wp\/v2\/types\/product"}],"wp:featuredmedia":[{"embeddable":true,"href":"https:\/\/sapbologna.it\/fr\/wp-json\/wp\/v2\/media\/6240"}],"wp:attachment":[{"href":"https:\/\/sapbologna.it\/fr\/wp-json\/wp\/v2\/media?parent=6238"}],"wp:term":[{"taxonomy":"product_brand","embeddable":true,"href":"https:\/\/sapbologna.it\/fr\/wp-json\/wp\/v2\/product_brand?post=6238"},{"taxonomy":"product_cat","embeddable":true,"href":"https:\/\/sapbologna.it\/fr\/wp-json\/wp\/v2\/product_cat?post=6238"},{"taxonomy":"product_tag","embeddable":true,"href":"https:\/\/sapbologna.it\/fr\/wp-json\/wp\/v2\/product_tag?post=6238"}],"curies":[{"name":"wp","href":"https:\/\/api.w.org\/{rel}","templated":true}]}}