{"id":6233,"date":"2018-09-05T09:08:56","date_gmt":"2018-09-05T09:08:56","guid":{"rendered":"https:\/\/medhit-wp2.it\/sap\/product\/eplucheuse\/"},"modified":"2026-03-11T13:41:52","modified_gmt":"2026-03-11T13:41:52","slug":"eplucheuse","status":"publish","type":"product","link":"https:\/\/sapbologna.it\/fr\/produit\/eplucheuse\/","title":{"rendered":"\u00c9plucheuse"},"content":{"rendered":"<div class=\"caratteristiche\"><\/div>\n<div class=\"caratteristiche\">\n<p>&nbsp;<\/p>\n<table class=\"table table-striped\">\n<thead>\n<tr>\n<th colspan=\"2\">\u00c9PLUCHEUSE PL8<\/th>\n<\/tr>\n<\/thead>\n<tbody>\n<tr>\n<td>Mat\u00e9riau<\/td>\n<td>acier inox<\/td>\n<\/tr>\n<tr>\n<td>Capacit\u00e9 cuve<\/td>\n<td>8 kg<\/td>\n<\/tr>\n<tr>\n<td>Production horaire<\/td>\n<td>200 kg<\/td>\n<\/tr>\n<tr>\n<td>Moteur<\/td>\n<td>kW 0,5 V 230\/50Hz O V.230\/400\/50Hz<\/td>\n<\/tr>\n<tr>\n<td>Puissance<\/td>\n<td>0,6 hp<\/td>\n<\/tr>\n<tr>\n<td>Vitesse moteur<\/td>\n<td>1350 RPM 1400 RPM<\/td>\n<\/tr>\n<tr>\n<td>Poids net<\/td>\n<td>26 kg<\/td>\n<\/tr>\n<tr>\n<td>Poids brut<\/td>\n<td>30 kg<\/td>\n<\/tr>\n<tr>\n<td>Dimension<\/td>\n<td>32 x 42 x 80 cm<\/td>\n<\/tr>\n<tr>\n<td>Dimension emballage<\/td>\n<td>95 x 50 x 45 cm<\/td>\n<\/tr>\n<tr>\n<td>Options<\/td>\n<td>chariot acier inox<\/td>\n<\/tr>\n<tr>\n<td>Catalogue produits<\/td>\n<td><a href=\"\/wp-content\/uploads\/2026\/03\/PELAPATATE-PL8.pdf\" target=\"_blank\" rel=\"noopener\"><img loading=\"lazy\" decoding=\"async\" class=\"alignleft wp-image-3321 size-full\" src=\"https:\/\/sapbologna.it\/wp-content\/uploads\/2018\/09\/download-icon.png\" alt=\"\" width=\"114\" height=\"133\" \/><\/a><\/td>\n<\/tr>\n<tr>\n<td>Vue \u00e9clat\u00e9e<\/td>\n<td><a href=\"..\/..\/..\/wp-content\/uploads\/2018\/09\/Esploso-PL-2015.pdf\" target=\"_blank\" rel=\"noopener\"><img loading=\"lazy\" decoding=\"async\" class=\"alignleft wp-image-3321 size-full\" src=\"https:\/\/www.sapbologna.it\/wp-content\/uploads\/2018\/09\/download-icon.png\" alt=\"\" width=\"20\" height=\"28\" \/><\/a><\/td>\n<\/tr>\n<tr>\n<td>Pi\u00e8ces de rechange produit<\/td>\n<td><a href=\"..\/..\/..\/wp-content\/uploads\/2018\/09\/PL-8-ricambi.pdf \" target=\"_blank\" rel=\"noopener\"><img loading=\"lazy\" decoding=\"async\" class=\"alignleft wp-image-3321 size-full\" src=\"https:\/\/www.sapbologna.it\/wp-content\/uploads\/2018\/09\/download-icon.png\" alt=\"\" width=\"20\" height=\"28\" \/><\/a><\/td>\n<\/tr>\n<\/tbody>\n<\/table>\n<\/div>\n<div class=\"caratteristiche\">\n<p>&nbsp;<\/p>\n<table class=\"table table-striped\">\n<thead>\n<tr>\n<th colspan=\"2\">\u00c9PLUCHEUSE PL15<\/th>\n<\/tr>\n<\/thead>\n<tbody>\n<tr>\n<td>Mat\u00e9riau<\/td>\n<td>acier inox<\/td>\n<\/tr>\n<tr>\n<td>Capacit\u00e9 cuve<\/td>\n<td>15 kg<\/td>\n<\/tr>\n<tr>\n<td>Production horaire<\/td>\n<td>450 kg\/h<\/td>\n<\/tr>\n<tr>\n<td>Moteur<\/td>\n<td>kW 0,75 V.230\/50Hz O V.230\/400\/50Hz<\/td>\n<\/tr>\n<tr>\n<td>Puissance<\/td>\n<td>1,0 hp<\/td>\n<\/tr>\n<tr>\n<td>Vitesse moteur<\/td>\n<td>1360 RPM 1400 RPM<\/td>\n<\/tr>\n<tr>\n<td>Poids net<\/td>\n<td>36 kg<\/td>\n<\/tr>\n<tr>\n<td>Poids brut<\/td>\n<td>40 kg<\/td>\n<\/tr>\n<tr>\n<td>Dimension<\/td>\n<td>40 x 50 x 90 cm<\/td>\n<\/tr>\n<tr>\n<td>Dimension emballage<\/td>\n<td>100 x 60 x 55 cm<\/td>\n<\/tr>\n<tr>\n<td>Options<\/td>\n<td>chariot acier inox<\/td>\n<\/tr>\n<tr>\n<td>Catalogue produits<\/td>\n<td><a href=\"\/wp-content\/uploads\/2026\/03\/PELAPATATE-PL15.pdf\" target=\"_blank\" rel=\"noopener\"><img loading=\"lazy\" decoding=\"async\" class=\"alignleft wp-image-3321 size-full\" src=\"https:\/\/sapbologna.it\/wp-content\/uploads\/2018\/09\/download-icon.png\" alt=\"\" width=\"114\" height=\"133\" \/><\/a><\/td>\n<\/tr>\n<tr>\n<td>Vue \u00e9clat\u00e9e<\/td>\n<td><a href=\"..\/..\/..\/wp-content\/uploads\/2018\/09\/Esploso-PL-2015.pdf\" target=\"_blank\" rel=\"noopener\"><img loading=\"lazy\" decoding=\"async\" class=\"alignleft wp-image-3321 size-full\" src=\"https:\/\/www.sapbologna.it\/wp-content\/uploads\/2018\/09\/download-icon.png\" alt=\"\" width=\"20\" height=\"28\" \/><\/a><\/td>\n<\/tr>\n<tr>\n<td>Pi\u00e8ces de rechange produit<\/td>\n<td><a href=\"..\/..\/..\/wp-content\/uploads\/2018\/09\/PL-15-ricambi.pdf \" target=\"_blank\" rel=\"noopener\"><img loading=\"lazy\" decoding=\"async\" class=\"alignleft wp-image-3321 size-full\" src=\"https:\/\/www.sapbologna.it\/wp-content\/uploads\/2018\/09\/download-icon.png\" alt=\"\" width=\"20\" height=\"28\" \/><\/a><\/td>\n<\/tr>\n<\/tbody>\n<\/table>\n<\/div>\n<div class=\"caratteristiche\">\n<p>&nbsp;<\/p>\n<table class=\"table table-striped\">\n<thead>\n<tr>\n<th colspan=\"2\">\u00c9PLUCHEUSE PL20<\/th>\n<\/tr>\n<\/thead>\n<tbody>\n<tr>\n<td>Mat\u00e9riau<\/td>\n<td>acier inox<\/td>\n<\/tr>\n<tr>\n<td>Capacit\u00e9 cuve<\/td>\n<td>20 kg<\/td>\n<\/tr>\n<tr>\n<td>Production horaire<\/td>\n<td>550 kg<\/td>\n<\/tr>\n<tr>\n<td>Moteur<\/td>\n<td>kW 0,75 V.230\/50Hz o V230\/400\/50Hz<\/td>\n<\/tr>\n<tr>\n<td>Puissance<\/td>\n<td>1,0 hp<\/td>\n<\/tr>\n<tr>\n<td>Vitesse moteur<\/td>\n<td>1360 RPM 1400 RPM<\/td>\n<\/tr>\n<tr>\n<td>Poids net<\/td>\n<td>41 kg<\/td>\n<\/tr>\n<tr>\n<td>Poids brut<\/td>\n<td>45 kg<\/td>\n<\/tr>\n<tr>\n<td>Dimension<\/td>\n<td>45 x 55 x 95 cm<\/td>\n<\/tr>\n<tr>\n<td>Dimension emballage<\/td>\n<td>100 x 60 x 55 cm<\/td>\n<\/tr>\n<tr>\n<td>Options<\/td>\n<td>chariot acier inox<\/td>\n<\/tr>\n<tr>\n<td>Catalogue produits<\/td>\n<td><a href=\"\/wp-content\/uploads\/2026\/03\/PELAPATATE-PL20.pdf\" target=\"_blank\" rel=\"noopener\"><img loading=\"lazy\" decoding=\"async\" class=\"alignleft wp-image-3321 size-full\" src=\"https:\/\/sapbologna.it\/wp-content\/uploads\/2018\/09\/download-icon.png\" alt=\"\" width=\"114\" height=\"133\" \/><\/a><\/td>\n<\/tr>\n<tr>\n<td>Vue \u00e9clat\u00e9e<\/td>\n<td><a href=\"..\/..\/..\/wp-content\/uploads\/2018\/09\/Esploso-PL-2015.pdf\" target=\"_blank\" rel=\"noopener\"><img loading=\"lazy\" decoding=\"async\" class=\"alignleft wp-image-3321 size-full\" src=\"https:\/\/www.sapbologna.it\/wp-content\/uploads\/2018\/09\/download-icon.png\" alt=\"\" width=\"20\" height=\"28\" \/><\/a><\/td>\n<\/tr>\n<tr>\n<td>Pi\u00e8ces de rechange produit<\/td>\n<td><a href=\"..\/..\/..\/wp-content\/uploads\/2018\/09\/PL-20-ricambi.pdf \" target=\"_blank\" rel=\"noopener\"><img loading=\"lazy\" decoding=\"async\" class=\"alignleft wp-image-3321 size-full\" src=\"https:\/\/www.sapbologna.it\/wp-content\/uploads\/2018\/09\/download-icon.png\" alt=\"\" width=\"20\" height=\"28\" \/><\/a><\/td>\n<\/tr>\n<\/tbody>\n<\/table>\n<\/div>\n","protected":false},"excerpt":{"rendered":"<p>L&rsquo;\u00e9plucheuse et la machine \u00e0 \u00e9plucher les oignons sont enti\u00e8rement r\u00e9alis\u00e9es en acier inox et elles sont dot\u00e9es des dispositifs de s\u00e9curit\u00e9 les plus modernes. Conform\u00e9ment aux normes de s\u00e9curit\u00e9 de la Communaut\u00e9 \u00c9conomique Europ\u00e9enne, la version CE est \u00e9quip\u00e9e d&rsquo;un tableau de commande \u00e9lectrique avec une carte 24 V, d&rsquo;un microinterrupteur de s\u00e9curit\u00e9 sur la porte et sur le couvercle et d&rsquo;un bouton coup-de-poing rouge d&rsquo;urgence \u00e0 activer au terme des op\u00e9rations.<br \/>\nLes machines sont \u00e9quip\u00e9es d&rsquo;un r\u00e9ducteur de vitesse avec transmission \u00e0 courroie, et la courroie multigrip est silencieuse, s\u00fbre et simple \u00e0 r\u00e9gler.<br \/>\nLe couvercle en verre transparent permet \u00e0 l&rsquo;op\u00e9rateur de contr\u00f4ler le processus de transformation.<br \/>\nLe dispositif de vidage automatique et de remplissage en eau a un diam\u00e8tre de 50 mm pour l&rsquo;\u00e9plucheuse, et de 70 mm pour la machine \u00e0 \u00e9plucher les oignons.<br \/>\nLe disque de l&rsquo;\u00e9plucheuse est en carbone de silicium ou en aluminium, tandis que celui de la machine \u00e0 \u00e9plucher les oignons est rev\u00eatu d&rsquo;un mat\u00e9riau granulaire tr\u00e8s fin et sa rotation est inf\u00e9rieure de 20 % par rapport \u00e0 celle de l&rsquo;\u00e9plucheuse.<br \/>\nLa courroie multigrip est silencieuse, s\u00fbre et simple \u00e0 r\u00e9gler.<\/p>\n","protected":false},"featured_media":6237,"template":"","meta":[],"product_brand":[],"product_cat":[285,287],"product_tag":[],"class_list":{"0":"post-6233","1":"product","2":"type-product","3":"status-publish","4":"has-post-thumbnail","6":"product_cat-hachoirs-a-viande","7":"product_cat-tous","8":"item col-md-6 col-sm-6 col-xs-12 mb_50","10":"first","11":"instock","12":"shipping-taxable","13":"product-type-simple"},"_links":{"self":[{"href":"https:\/\/sapbologna.it\/fr\/wp-json\/wp\/v2\/product\/6233","targetHints":{"allow":["GET"]}}],"collection":[{"href":"https:\/\/sapbologna.it\/fr\/wp-json\/wp\/v2\/product"}],"about":[{"href":"https:\/\/sapbologna.it\/fr\/wp-json\/wp\/v2\/types\/product"}],"wp:featuredmedia":[{"embeddable":true,"href":"https:\/\/sapbologna.it\/fr\/wp-json\/wp\/v2\/media\/6237"}],"wp:attachment":[{"href":"https:\/\/sapbologna.it\/fr\/wp-json\/wp\/v2\/media?parent=6233"}],"wp:term":[{"taxonomy":"product_brand","embeddable":true,"href":"https:\/\/sapbologna.it\/fr\/wp-json\/wp\/v2\/product_brand?post=6233"},{"taxonomy":"product_cat","embeddable":true,"href":"https:\/\/sapbologna.it\/fr\/wp-json\/wp\/v2\/product_cat?post=6233"},{"taxonomy":"product_tag","embeddable":true,"href":"https:\/\/sapbologna.it\/fr\/wp-json\/wp\/v2\/product_tag?post=6233"}],"curies":[{"name":"wp","href":"https:\/\/api.w.org\/{rel}","templated":true}]}}