{"id":6220,"date":"2018-09-05T09:07:03","date_gmt":"2018-09-05T09:07:03","guid":{"rendered":"https:\/\/medhit-wp2.it\/sap\/product\/coupe-legumes-mod-2004-2013-top\/"},"modified":"2026-04-01T10:27:19","modified_gmt":"2026-04-01T10:27:19","slug":"coupe-legumes-mod-2004-2013-top","status":"publish","type":"product","link":"https:\/\/sapbologna.it\/fr\/produit\/coupe-legumes-mod-2004-2013-top\/","title":{"rendered":"Coupe\u2013l\u00e9gumes Mod. 2013 \u2013 TOP"},"content":{"rendered":"<div class=\"caratteristiche\"><\/div>\n<div class=\"caratteristiche\"><\/div>\n<div class=\"caratteristiche\">\n<p>&nbsp;<\/p>\n<table class=\"table table-striped\">\n<thead>\n<tr>\n<th colspan=\"2\">COUPE\u2013L\u00c9GUMES MOD. 2013<\/th>\n<\/tr>\n<\/thead>\n<tbody>\n<tr>\n<td>Alimentation<\/td>\n<td>400\/3\/50Hz kW 0,38 230\/1\/50Hz kW 0,38<\/td>\n<\/tr>\n<tr>\n<td>Production horaire<\/td>\n<td>100-300 kg\/h<\/td>\n<\/tr>\n<tr>\n<td>Poids net<\/td>\n<td>18.5 kg<\/td>\n<\/tr>\n<tr>\n<td>Poids brut<\/td>\n<td>21 kg<\/td>\n<\/tr>\n<tr>\n<td>Dimensions<\/td>\n<td>24 x 57 x 47 cm<\/td>\n<\/tr>\n<tr>\n<td>Dimension emballage<\/td>\n<td>32 x 60 x 55 cm<\/td>\n<\/tr>\n<tr>\n<td>Options<\/td>\n<td>Disque de tranchage Disque de coupe en b\u00e2tonnets et en allumettes Disque pour \u00e9mincer et r\u00e2per Disque pour couper en d\u00e9s Disque pour trancher et grenailler les fruits frais et le chocolat Conteneur pour disques<\/td>\n<\/tr>\n<tr>\n<td>Catalogue produits<\/td>\n<td><a href=\"\/wp-content\/uploads\/2026\/03\/TAGLIAVERDURE-2013.pdf\" target=\"_blank\" rel=\"noopener\"><img loading=\"lazy\" decoding=\"async\" class=\"alignleft wp-image-3321\" src=\"https:\/\/sapbologna.it\/wp-content\/uploads\/2018\/09\/download-icon.png\" alt=\"\" width=\"21\" height=\"25\" \/><\/a><\/td>\n<\/tr>\n<tr>\n<td>Vue \u00e9clat\u00e9e<\/td>\n<td><a href=\"..\/..\/..\/wp-content\/uploads\/2018\/09\/MOD2004-CE.pdf\" target=\"_blank\" rel=\"noopener\"><img loading=\"lazy\" decoding=\"async\" class=\"alignleft wp-image-3321 size-full\" src=\"https:\/\/www.sapbologna.it\/wp-content\/uploads\/2018\/09\/download-icon.png\" alt=\"\" width=\"20\" height=\"28\" \/><\/a><\/td>\n<\/tr>\n<tr>\n<td>Pi\u00e8ces de rechange produit<\/td>\n<td><a href=\"..\/..\/..\/wp-content\/uploads\/2018\/09\/TAGLIAVERDURA-RICAMBI.pdf\" target=\"_blank\" rel=\"noopener\"><img loading=\"lazy\" decoding=\"async\" class=\"alignleft wp-image-3321 size-full\" src=\"https:\/\/www.sapbologna.it\/wp-content\/uploads\/2018\/09\/download-icon.png\" alt=\"\" width=\"20\" height=\"28\" \/><\/a><\/td>\n<\/tr>\n<\/tbody>\n<\/table>\n<\/div>\n<div class=\"caratteristiche\">\n<p>&nbsp;<\/p>\n<table class=\"table table-striped\">\n<thead>\n<tr>\n<th colspan=\"2\">COUPE\u2013L\u00c9GUMES MOD. TOP<\/th>\n<\/tr>\n<\/thead>\n<tbody>\n<tr>\n<td>Alimentation<\/td>\n<td>400\/3\/50Hz kW 0,60<\/td>\n<\/tr>\n<tr>\n<td>Production horaire<\/td>\n<td>100-450 kg\/h<\/td>\n<\/tr>\n<tr>\n<td>Poids net<\/td>\n<td>21 kg<\/td>\n<\/tr>\n<tr>\n<td>Poids brut<\/td>\n<td>23 kg<\/td>\n<\/tr>\n<tr>\n<td>Dimensions<\/td>\n<td>26.5 x 58 x 52 cm<\/td>\n<\/tr>\n<tr>\n<td>Dimension emballage<\/td>\n<td>34 x 68 x 58 cm<\/td>\n<\/tr>\n<tr>\n<td>Options<\/td>\n<td>Disque de tranchage Disque de coupe en b\u00e2tonnets et en allumettes Disque pour \u00e9mincer et r\u00e2per Disque pour couper en d\u00e9s Disque pour trancher et grenailler les fruits frais et le chocolat Conteneur pour disquesi<\/td>\n<\/tr>\n<tr>\n<td>Catalogue produits<\/td>\n<td><a href=\"\/wp-content\/uploads\/2026\/04\/TAGLIAVERDURE-TOP.pdf\" target=\"_blank\" rel=\"noopener\"><img loading=\"lazy\" decoding=\"async\" class=\"alignleft wp-image-3321 size-full\" src=\"https:\/\/sapbologna.it\/wp-content\/uploads\/2018\/09\/download-icon.png\" alt=\"\" width=\"114\" height=\"133\" \/><\/a><\/td>\n<\/tr>\n<tr>\n<td>Vue \u00e9clat\u00e9e<\/td>\n<td><a href=\"..\/..\/..\/wp-content\/uploads\/2018\/09\/MOD2004-CE.pdf\" target=\"_blank\" rel=\"noopener\"><img loading=\"lazy\" decoding=\"async\" class=\"alignleft wp-image-3321 size-full\" src=\"https:\/\/www.sapbologna.it\/wp-content\/uploads\/2018\/09\/download-icon.png\" alt=\"\" width=\"20\" height=\"28\" \/><\/a><\/td>\n<\/tr>\n<tr>\n<td>Pi\u00e8ces de rechange produit<\/td>\n<td><a href=\"..\/..\/..\/wp-content\/uploads\/2018\/09\/TAGLIAVERDURA-RICAMBI.pdf\" target=\"_blank\" rel=\"noopener\"><img loading=\"lazy\" decoding=\"async\" class=\"alignleft wp-image-3321 size-full\" src=\"https:\/\/www.sapbologna.it\/wp-content\/uploads\/2018\/09\/download-icon.png\" alt=\"\" width=\"20\" height=\"28\" \/><\/a><\/td>\n<\/tr>\n<\/tbody>\n<\/table>\n<\/div>\n","protected":false},"excerpt":{"rendered":"<p>Indispensable dans toute cuisine, il est con\u00e7u pour couper, trancher,<br \/>\ncouper en d\u00e9s, en lamelles, r\u00e2per, \u00e9mincer, grenailler une grande vari\u00e9t\u00e9 de produits comme les l\u00e9gumes, les fruits, le pain, le fromage, le chocolat, les fruits secs et autres<br \/>\nLes machines sont r\u00e9alis\u00e9es en alliage d&rsquo;aluminium \u00e0 usage alimentaire et en acier inox, et elles sont \u00e9quip\u00e9es d&rsquo;un moteur \u00e0 haute puissance ainsi que d&rsquo;un couvercle \u00e0 ouverture rapide et ais\u00e9ment d\u00e9montable pour le nettoyage. Les versions CE sont \u00e9quip\u00e9es de protections qui emp\u00eachent les lames de tourner lorsque la poign\u00e9e est soulev\u00e9e ou lorsque le couvercle est ouvert.<\/p>\n","protected":false},"featured_media":9325,"template":"","meta":[],"product_brand":[],"product_cat":[285,287],"product_tag":[],"class_list":{"0":"post-6220","1":"product","2":"type-product","3":"status-publish","4":"has-post-thumbnail","6":"product_cat-hachoirs-a-viande","7":"product_cat-tous","8":"item col-md-6 col-sm-6 col-xs-12 mb_50","10":"first","11":"instock","12":"shipping-taxable","13":"product-type-simple"},"_links":{"self":[{"href":"https:\/\/sapbologna.it\/fr\/wp-json\/wp\/v2\/product\/6220","targetHints":{"allow":["GET"]}}],"collection":[{"href":"https:\/\/sapbologna.it\/fr\/wp-json\/wp\/v2\/product"}],"about":[{"href":"https:\/\/sapbologna.it\/fr\/wp-json\/wp\/v2\/types\/product"}],"wp:featuredmedia":[{"embeddable":true,"href":"https:\/\/sapbologna.it\/fr\/wp-json\/wp\/v2\/media\/9325"}],"wp:attachment":[{"href":"https:\/\/sapbologna.it\/fr\/wp-json\/wp\/v2\/media?parent=6220"}],"wp:term":[{"taxonomy":"product_brand","embeddable":true,"href":"https:\/\/sapbologna.it\/fr\/wp-json\/wp\/v2\/product_brand?post=6220"},{"taxonomy":"product_cat","embeddable":true,"href":"https:\/\/sapbologna.it\/fr\/wp-json\/wp\/v2\/product_cat?post=6220"},{"taxonomy":"product_tag","embeddable":true,"href":"https:\/\/sapbologna.it\/fr\/wp-json\/wp\/v2\/product_tag?post=6220"}],"curies":[{"name":"wp","href":"https:\/\/api.w.org\/{rel}","templated":true}]}}