{"id":6208,"date":"2018-09-18T13:12:11","date_gmt":"2018-09-18T13:12:11","guid":{"rendered":"https:\/\/medhit-wp2.it\/sap\/product\/melangeurs-imp-301\/"},"modified":"2026-02-26T13:36:25","modified_gmt":"2026-02-26T13:36:25","slug":"melangeurs-imp-301-sur-support","status":"publish","type":"product","link":"https:\/\/sapbologna.it\/fr\/produit\/melangeurs-imp-301-sur-support\/","title":{"rendered":"M\u00e9langeurs Imp 301 sur support"},"content":{"rendered":"<div class=\"caratteristiche\">\n<p>&nbsp;<\/p>\n<table class=\"table table-striped\">\n<thead>\n<tr>\n<th colspan=\"2\">M\u00c9LANGEUR IMP 301 SUR SUPPORT<\/th>\n<\/tr>\n<\/thead>\n<tbody>\n<tr>\n<td>Capacita&rsquo; d\u2019impasto Min. \/ Working capacity Min. Capacita&rsquo; de Melange Min. \/ \u041c\u0438\u043d. \u043f\u0440\u043e\u0438\u0437\u0432\u043e\u0434\u0438\u0442. \u0441\u043c\u0435\u0448\u0438\u0432\u0430\u043d\u0438\u044f \u0444\u0430\u0440\u0448\u0430<\/td>\n<td>8 &#8211; 10 kg<\/td>\n<\/tr>\n<tr>\n<td>Capacita&rsquo; d\u2019impasto Max. \/ Working capacity Max. Capacita&rsquo; de Melange Max. \/ \u041c\u0430\u043a\u0441. \u043f\u0440\u043e\u0438\u0437\u0432\u043e\u0434\u0438\u0442. \u0441\u043c\u0435\u0448\u0438\u0432\u0430\u043d\u0438\u044f \u0444\u0430\u0440\u0448\u0430<\/td>\n<td>30 kg<\/td>\n<\/tr>\n<tr>\n<td>Motore \/ Motor \/ Moteur \/ \u0414\u0432\u0438\u0433\u0430\u0442\u0435\u043b\u044c<\/td>\n<td>V 230 400\/3\/50 Hz V 230\/1\/50 Hz<\/td>\n<\/tr>\n<tr>\n<td>Potenza \/ Power \/ Puissance \/ \u041c\u043e\u0449\u043d\u043e\u0441\u0442\u044c<\/td>\n<td>hp 1 kW 0,75<\/td>\n<\/tr>\n<tr>\n<td>Peso \/ Weight \/ Poids \/ \u0412\u0435\u0441<\/td>\n<td>40 kg<\/td>\n<\/tr>\n<tr>\n<td>Dimensione \/ Dimension \/ Dimensions \/ \u0420\u0430\u0437\u043c\u0435\u0440\u044b<\/td>\n<td>36x72x57 cm<\/td>\n<\/tr>\n<tr>\n<td>Optional \/ Optional \/Optionnels \/ \u041f\u043e \u0441\u043f\u0435\u0446\u0438\u0430\u043b\u044c\u043d\u043e\u043c\u0443 \u0437\u0430\u043a\u0430\u0437\u0443<\/td>\n<td>carrello \/ trolley \/ charict \/ \u0442\u0435\u043b\u0435\u0436\u043a\u0430<\/td>\n<\/tr>\n<tr>\n<td>Giri al minuto del motore \/ Motor rotation speed \/ Vitesse de rotation du moteur \/ \u0421\u043a\u043e\u0440\u043e\u0441\u0442\u044c \u0432\u0440\u0430\u0449\u0435\u043d\u0438\u044f \u0434\u0432\u0438\u0433\u0430\u0442\u0435\u043b\u044f<\/td>\n<td>1400 rpm<\/td>\n<\/tr>\n<tr>\n<td>Velocita rotazione pale minuto \/ Blade rotation speed \/ Vitesse de rotation de pales \/ \u0421\u043a\u043e\u0440\u043e\u0441\u0442\u044c \u0432\u0440\u0430\u0449\u0435\u043d\u0438\u044f \u043b\u0435\u0437\u0432\u0438\u044f<\/td>\n<td>23 rpm<\/td>\n<\/tr>\n<tr>\n<td>Dimensioni vasca \/ Tank Dimensions \/ Dimensions de la cuve \/ \u0420\u0430\u0437\u043c\u0435\u0440\u044b \u0431\u0430\u043a\u0430<\/td>\n<td>39x30x39 cm<\/td>\n<\/tr>\n<tr>\n<td>Optional \/ Optional \/ Optionnels \/ \u041f\u043e \u0441\u043f\u0435\u0446\u0438\u0430\u043b\u044c\u043d\u043e\u043c\u0443 \u0437\u0430\u043a\u0430\u0437\u0443<\/td>\n<td>carrello \/ trolley \/ chariot \/ \u0442\u0435\u043b\u0435\u0436\u043a\u0430<\/td>\n<\/tr>\n<tr>\n<td>Catalogue produits<\/td>\n<td><a href=\"\/wp-content\/uploads\/2026\/02\/IMPASTATRICE-PER-CARNE-301.pdf\" target=\"_blank\" rel=\"noopener\"><img loading=\"lazy\" decoding=\"async\" class=\"alignleft wp-image-3321 \" src=\"https:\/\/sapbologna.it\/wp-content\/uploads\/2018\/09\/download-icon.png\" alt=\"\" width=\"21\" height=\"25\" \/><\/a><\/td>\n<\/tr>\n<tr>\n<td>Vue \u00e9clat\u00e9e<\/td>\n<td><a href=\"..\/..\/..\/wp-content\/uploads\/2018\/09\/IMP-Monopala.pdf\" target=\"_blank\" rel=\"noopener\"><img loading=\"lazy\" decoding=\"async\" class=\"alignleft wp-image-3321 size-full\" src=\"https:\/\/www.sapbologna.it\/wp-content\/uploads\/2018\/09\/download-icon.png\" alt=\"\" width=\"20\" height=\"28\" \/><\/a><\/td>\n<\/tr>\n<tr>\n<td>Pi\u00e8ces de rechange produit<\/td>\n<td><a href=\"..\/..\/..\/wp-content\/uploads\/2018\/09\/IMPASTATRICI-MONOPALA-30kg-RICAMBI.pdf\" target=\"_blank\" rel=\"noopener\"><img loading=\"lazy\" decoding=\"async\" class=\"alignleft wp-image-3321 size-full\" src=\"https:\/\/www.sapbologna.it\/wp-content\/uploads\/2018\/09\/download-icon.png\" alt=\"\" width=\"20\" height=\"28\" \/><\/a><\/td>\n<\/tr>\n<\/tbody>\n<\/table>\n<\/div>\n<div class=\"caratteristiche\"><\/div>\n","protected":false},"excerpt":{"rendered":"<p>Notre ligne de m\u00e9langeurs est con\u00e7ue pour m\u00e9langer diff\u00e9rents types de viande et elle permet de s&rsquo;adapter aux exigences de production les plus disparates.<\/p>\n<p>Les m\u00e9langeurs, ayant des capacit\u00e9s variables de 30 \u00e0 150 kg, sont propos\u00e9s dans la version \u00e0 une ou deux pales.<\/p>\n<p>Gr\u00e2ce \u00e0 leurs dimensions r\u00e9duites et \u00e0 leur structure enti\u00e8rement r\u00e9alis\u00e9e en acier inox, ces m\u00e9langeurs repr\u00e9sentent la solution id\u00e9ale pour les petits et les moyens utilisateurs qui disposent d&rsquo;espaces restreints.<\/p>\n<p>Les dispositifs de s\u00e9curit\u00e9 absolument conformes aux r\u00e9glementations CE ont \u00e9t\u00e9 r\u00e9alis\u00e9s avec un soin extr\u00eame, ils sont \u00e9quip\u00e9s de commandes basse tension d&rsquo;origine et de microinterrupteurs d&rsquo;urgence sur le couvercle de la cuve.<\/p>\n<p>Les diff\u00e9rentes phases de la transformation sont favoris\u00e9es par des solutions techniques de pointe comme le basculement de la cuve pour le vidage \u00e0 la fin des op\u00e9rations, le bouton \u00e0 impulsions qui permet l&rsquo;inversion de marche pour obtenir un meilleur m\u00e9lange, les pales amovibles pour simplifier le lavage.<\/p>\n","protected":false},"featured_media":6209,"template":"","meta":[],"product_brand":[],"product_cat":[281,287],"product_tag":[],"class_list":{"0":"post-6208","1":"product","2":"type-product","3":"status-publish","4":"has-post-thumbnail","6":"product_cat-melangeurs","7":"product_cat-tous","8":"item col-md-6 col-sm-6 col-xs-12 mb_50","10":"first","11":"instock","12":"shipping-taxable","13":"product-type-simple"},"_links":{"self":[{"href":"https:\/\/sapbologna.it\/fr\/wp-json\/wp\/v2\/product\/6208","targetHints":{"allow":["GET"]}}],"collection":[{"href":"https:\/\/sapbologna.it\/fr\/wp-json\/wp\/v2\/product"}],"about":[{"href":"https:\/\/sapbologna.it\/fr\/wp-json\/wp\/v2\/types\/product"}],"wp:featuredmedia":[{"embeddable":true,"href":"https:\/\/sapbologna.it\/fr\/wp-json\/wp\/v2\/media\/6209"}],"wp:attachment":[{"href":"https:\/\/sapbologna.it\/fr\/wp-json\/wp\/v2\/media?parent=6208"}],"wp:term":[{"taxonomy":"product_brand","embeddable":true,"href":"https:\/\/sapbologna.it\/fr\/wp-json\/wp\/v2\/product_brand?post=6208"},{"taxonomy":"product_cat","embeddable":true,"href":"https:\/\/sapbologna.it\/fr\/wp-json\/wp\/v2\/product_cat?post=6208"},{"taxonomy":"product_tag","embeddable":true,"href":"https:\/\/sapbologna.it\/fr\/wp-json\/wp\/v2\/product_tag?post=6208"}],"curies":[{"name":"wp","href":"https:\/\/api.w.org\/{rel}","templated":true}]}}