{"id":6193,"date":"2018-09-05T08:54:10","date_gmt":"2018-09-05T08:54:10","guid":{"rendered":"https:\/\/medhit-wp2.it\/sap\/product\/embosseuses-hydrauliques-inox\/"},"modified":"2026-02-26T14:59:48","modified_gmt":"2026-02-26T14:59:48","slug":"embosseuses-hydrauliques-inox","status":"publish","type":"product","link":"https:\/\/sapbologna.it\/fr\/produit\/embosseuses-hydrauliques-inox\/","title":{"rendered":"Embosseuses Hydrauliques INOX"},"content":{"rendered":"<div class=\"caratteristiche\">\n<p>&nbsp;<\/p>\n<table class=\"table table-striped\">\n<thead>\n<tr>\n<th colspan=\"2\">INSACCATRICE INV \/ ID22 VERTICALE<\/th>\n<\/tr>\n<\/thead>\n<tbody>\n<tr>\n<td>Capacit\u00e9<\/td>\n<td>22 kg<\/td>\n<\/tr>\n<tr>\n<td>Moteur<\/td>\n<td>230V-50Hz, hp 0.50, kw 0.37 230-400V-50Hz, hp 0.70, kw 0.5<\/td>\n<\/tr>\n<tr>\n<td>Temps minimum de vidage<\/td>\n<td>64<\/td>\n<\/tr>\n<tr>\n<td>Catalogue produits<\/td>\n<td><a href=\"\/wp-content\/uploads\/2026\/02\/INSACCATRICE-IDRAULICA-INOX-VERTICALE-15-25-35-50.pdf\" target=\"_blank\" rel=\"noopener\"><img loading=\"lazy\" decoding=\"async\" class=\"alignleft wp-image-3321 \" src=\"https:\/\/sapbologna.it\/wp-content\/uploads\/2018\/09\/download-icon.png\" alt=\"\" width=\"21\" height=\"25\" \/><\/a><\/td>\n<\/tr>\n<tr>\n<td>Vue \u00e9clat\u00e9e<\/td>\n<td><a href=\"..\/..\/..\/wp-content\/uploads\/2018\/09\/INV-ID22-ESPLOSO.pdf\" target=\"_blank\" rel=\"noopener\"><img loading=\"lazy\" decoding=\"async\" class=\"alignleft wp-image-3321 size-full\" src=\"https:\/\/www.sapbologna.it\/wp-content\/uploads\/2018\/09\/download-icon.png\" alt=\"\" width=\"20\" height=\"28\" \/><\/a><\/td>\n<\/tr>\n<tr>\n<td>Pi\u00e8ces de rechange produit<\/td>\n<td><a href=\"..\/..\/..\/wp-content\/uploads\/2018\/09\/ID22RICAMBI.pdf\" target=\"_blank\" rel=\"noopener\"><img loading=\"lazy\" decoding=\"async\" class=\"alignleft wp-image-3321 size-full\" src=\"https:\/\/www.sapbologna.it\/wp-content\/uploads\/2018\/09\/download-icon.png\" alt=\"\" width=\"20\" height=\"28\" \/><\/a><\/td>\n<\/tr>\n<\/tbody>\n<\/table>\n<\/div>\n<div class=\"caratteristiche\">\n<p>&nbsp;<\/p>\n<table class=\"table table-striped\">\n<thead>\n<tr>\n<th colspan=\"2\">EMBOSSEUSE INV \/ ID32 VERTICALE<\/th>\n<\/tr>\n<\/thead>\n<tbody>\n<tr>\n<td>Capacit\u00e9<\/td>\n<td>32 kg<\/td>\n<\/tr>\n<tr>\n<td>Moteur<\/td>\n<td>230V-50Hz, hp 0,50, kW 0,37 230-400V-50Hz, hp 0,70, kW 0,5<\/td>\n<\/tr>\n<tr>\n<td>Temps minimum de vidage<\/td>\n<td>88<\/td>\n<\/tr>\n<tr>\n<td>Poids net<\/td>\n<td>130kg<\/td>\n<\/tr>\n<tr>\n<td>Poids Brut<\/td>\n<td>150kg<\/td>\n<\/tr>\n<tr>\n<td>Dimensions<\/td>\n<td>52 x 57 x 119 cm<\/td>\n<\/tr>\n<tr>\n<td>Dimension emballage<\/td>\n<td>74 x 84 x 136 cm<\/td>\n<\/tr>\n<tr>\n<td>Catalogue produits<\/td>\n<td><a href=\"\/wp-content\/uploads\/2026\/02\/INSACCATRICE-IDRAULICA-INOX-VERTICALE-15-25-35-50.pdf\" target=\"_blank\" rel=\"noopener\"><img loading=\"lazy\" decoding=\"async\" class=\"alignleft wp-image-3321 size-full\" src=\"https:\/\/www.sapbologna.it\/wp-content\/uploads\/2018\/09\/download-icon.png\" alt=\"\" width=\"20\" height=\"28\" \/><\/a><\/td>\n<\/tr>\n<tr>\n<td>Vue \u00e9clat\u00e9e<\/td>\n<td><a href=\"..\/..\/..\/wp-content\/uploads\/2018\/09\/INV-ID22-ESPLOSO.pdf\" target=\"_blank\" rel=\"noopener\"><img loading=\"lazy\" decoding=\"async\" class=\"alignleft wp-image-3321 size-full\" src=\"https:\/\/www.sapbologna.it\/wp-content\/uploads\/2018\/09\/download-icon.png\" alt=\"\" width=\"20\" height=\"28\" \/><\/a><\/td>\n<\/tr>\n<tr>\n<td>Pi\u00e8ces de rechange produit<\/td>\n<td><a href=\"..\/..\/..\/wp-content\/uploads\/2018\/09\/ID32RICAMBI.pdf\" target=\"_blank\" rel=\"noopener\"><img loading=\"lazy\" decoding=\"async\" class=\"alignleft wp-image-3321 size-full\" src=\"https:\/\/www.sapbologna.it\/wp-content\/uploads\/2018\/09\/download-icon.png\" alt=\"\" width=\"20\" height=\"28\" \/><\/a><\/td>\n<\/tr>\n<\/tbody>\n<\/table>\n<\/div>\n<div class=\"caratteristiche\">\n<p>&nbsp;<\/p>\n<table class=\"table table-striped\">\n<thead>\n<tr>\n<th colspan=\"2\">EMBOSSEUSE INV \/ ID45 VERTICALE<\/th>\n<\/tr>\n<\/thead>\n<tbody>\n<tr>\n<td>Capacit\u00e9<\/td>\n<td>45 kg<\/td>\n<\/tr>\n<tr>\n<td>Moteur<\/td>\n<td>230-400V-50Hz, hp 0,70, kW 0,5<\/td>\n<\/tr>\n<tr>\n<td>Temps minimum de vidage<\/td>\n<td>88<\/td>\n<\/tr>\n<tr>\n<td>Catalogue produits<\/td>\n<td><a href=\"\/wp-content\/uploads\/2026\/02\/INSACCATRICE-IDRAULICA-INOX-VERTICALE-15-25-35-50.pdf\" target=\"_blank\" rel=\"noopener\"><img loading=\"lazy\" decoding=\"async\" class=\"alignleft wp-image-3321 size-full\" src=\"https:\/\/www.sapbologna.it\/wp-content\/uploads\/2018\/09\/download-icon.png\" alt=\"\" width=\"20\" height=\"28\" \/><\/a><\/td>\n<\/tr>\n<tr>\n<td>Vue \u00e9clat\u00e9e<\/td>\n<td><a href=\"..\/..\/..\/wp-content\/uploads\/2018\/09\/INV-ID22-ESPLOSO.pdf\" target=\"_blank\" rel=\"noopener\"><img loading=\"lazy\" decoding=\"async\" class=\"alignleft wp-image-3321 size-full\" src=\"https:\/\/www.sapbologna.it\/wp-content\/uploads\/2018\/09\/download-icon.png\" alt=\"\" width=\"20\" height=\"28\" \/><\/a><\/td>\n<\/tr>\n<tr>\n<td>Pi\u00e8ces de rechange produit<\/td>\n<td><a href=\"..\/..\/..\/wp-content\/uploads\/2018\/09\/ID45RICAMBI.pdf\" target=\"_blank\" rel=\"noopener\"><img loading=\"lazy\" decoding=\"async\" class=\"alignleft wp-image-3321 size-full\" src=\"https:\/\/www.sapbologna.it\/wp-content\/uploads\/2018\/09\/download-icon.png\" alt=\"\" width=\"20\" height=\"28\" \/><\/a><\/td>\n<\/tr>\n<\/tbody>\n<\/table>\n<\/div>\n","protected":false},"excerpt":{"rendered":"<p>Les embosseuses inox verticales sont utilis\u00e9es pour la transformation de la viande de porc et de b\u0153uf. La commande au genou et le r\u00e9gulateur de vitesse du piston assurent libert\u00e9 et dynamisme d&rsquo;ex\u00e9cution \u00e0 l&rsquo;op\u00e9rateur au cours des op\u00e9rations d&#8217;embossage. Sur tous les mod\u00e8les, le remplissage est effectu\u00e9 par le haut, en tournant et en bloquant le cylindre en position verticale au moyen des dispositifs m\u00e9caniques de s\u00e9curit\u00e9. Le cylindre est amovible et r\u00e9glable pour faciliter les op\u00e9rations de nettoyage. Elles sont \u00e9quip\u00e9es de 4 roues pour faciliter la manutention et de 3 entonnoirs en acier inox : 12, 20, 28 mm. Elles sont conformes aux Normes CE en mati\u00e8re d&rsquo;hygi\u00e8ne et de s\u00e9curit\u00e9 et les parties \u00e9lectriques sont contenues dans un bo\u00eetier \u00e9tanche IP56.<\/p>\n","protected":false},"featured_media":6199,"template":"","meta":[],"product_brand":[],"product_cat":[282,287],"product_tag":[],"class_list":{"0":"post-6193","1":"product","2":"type-product","3":"status-publish","4":"has-post-thumbnail","6":"product_cat-embosseuses-a-saucisses","7":"product_cat-tous","8":"item col-md-6 col-sm-6 col-xs-12 mb_50","10":"first","11":"instock","12":"shipping-taxable","13":"product-type-simple"},"_links":{"self":[{"href":"https:\/\/sapbologna.it\/fr\/wp-json\/wp\/v2\/product\/6193","targetHints":{"allow":["GET"]}}],"collection":[{"href":"https:\/\/sapbologna.it\/fr\/wp-json\/wp\/v2\/product"}],"about":[{"href":"https:\/\/sapbologna.it\/fr\/wp-json\/wp\/v2\/types\/product"}],"wp:featuredmedia":[{"embeddable":true,"href":"https:\/\/sapbologna.it\/fr\/wp-json\/wp\/v2\/media\/6199"}],"wp:attachment":[{"href":"https:\/\/sapbologna.it\/fr\/wp-json\/wp\/v2\/media?parent=6193"}],"wp:term":[{"taxonomy":"product_brand","embeddable":true,"href":"https:\/\/sapbologna.it\/fr\/wp-json\/wp\/v2\/product_brand?post=6193"},{"taxonomy":"product_cat","embeddable":true,"href":"https:\/\/sapbologna.it\/fr\/wp-json\/wp\/v2\/product_cat?post=6193"},{"taxonomy":"product_tag","embeddable":true,"href":"https:\/\/sapbologna.it\/fr\/wp-json\/wp\/v2\/product_tag?post=6193"}],"curies":[{"name":"wp","href":"https:\/\/api.w.org\/{rel}","templated":true}]}}