{"id":6187,"date":"2018-09-05T08:49:51","date_gmt":"2018-09-05T08:49:51","guid":{"rendered":"https:\/\/medhit-wp2.it\/sap\/product\/embosseuses-eco-3-5-8-lt\/"},"modified":"2026-02-27T11:20:47","modified_gmt":"2026-02-27T11:20:47","slug":"embosseuses-eco-3-5-8-lt","status":"publish","type":"product","link":"https:\/\/sapbologna.it\/fr\/produit\/embosseuses-eco-3-5-8-lt\/","title":{"rendered":"Embosseuses ECO 3 \u2013 5 \u2013 8 LT"},"content":{"rendered":"<div class=\"caratteristiche\">\n<p>&nbsp;<\/p>\n<table class=\"table table-striped\">\n<thead>\n<tr>\n<th colspan=\"2\">INSACCATRICE LT3<\/th>\n<\/tr>\n<\/thead>\n<tbody>\n<tr>\n<td>Velocit\u00e0 \/ Speed \/ Vitesse \/ \u0421\u043a\u043e\u0440\u043e\u0441\u0442\u044c<\/td>\n<td>1<\/td>\n<\/tr>\n<tr>\n<td>Peso Netto \/ Net Weight \/ Poids net \/ \u041e\u0431\u044a\u0435\u043c<\/td>\n<td>8 kg<\/td>\n<\/tr>\n<tr>\n<td>Dimensione \/ Dimension \/ Dimension \/<\/td>\n<td>22 x 37 x 20 cm<\/td>\n<\/tr>\n<tr>\n<td>Catalogue produits<\/td>\n<td><a href=\"\/wp-content\/uploads\/2026\/02\/INSACCATRICE-ECONOMICA-LT3-LT5-LT8.pdf\" target=\"_blank\" rel=\"noopener\"><img loading=\"lazy\" decoding=\"async\" class=\"alignleft wp-image-3321 \" src=\"https:\/\/sapbologna.it\/wp-content\/uploads\/2018\/09\/download-icon.png\" alt=\"\" width=\"21\" height=\"25\" \/><\/a><\/td>\n<\/tr>\n<tr>\n<td>Vue \u00e9clat\u00e9e<\/td>\n<td><a href=\"..\/..\/..\/wp-content\/uploads\/2018\/09\/ESPLOSO-IN3-5-8LT-2016.pdf\" target=\"_blank\" rel=\"noopener\"><img loading=\"lazy\" decoding=\"async\" class=\"alignleft wp-image-3321 size-full\" src=\"https:\/\/www.sapbologna.it\/wp-content\/uploads\/2018\/09\/download-icon.png\" alt=\"\" width=\"20\" height=\"28\" \/><\/a><\/td>\n<\/tr>\n<tr>\n<td>Pi\u00e8ces de rechange produit<\/td>\n<td><a href=\"..\/..\/..\/wp-content\/uploads\/2018\/09\/INS-3-5-8-NUOVO-2016.pdf\" target=\"_blank\" rel=\"noopener\"><img loading=\"lazy\" decoding=\"async\" class=\"alignleft wp-image-3321 size-full\" src=\"https:\/\/www.sapbologna.it\/wp-content\/uploads\/2018\/09\/download-icon.png\" alt=\"\" width=\"20\" height=\"28\" \/><\/a><\/td>\n<\/tr>\n<\/tbody>\n<\/table>\n<\/div>\n<div class=\"caratteristiche\">\n<p>&nbsp;<\/p>\n<table class=\"table table-striped\">\n<thead>\n<tr>\n<th colspan=\"2\">INSACCATRICE LT5<\/th>\n<\/tr>\n<\/thead>\n<tbody>\n<tr>\n<td>Velocit\u00e0 \/ Speed \/ Vitesse \/ \u0421\u043a\u043e\u0440\u043e\u0441\u0442\u044c<\/td>\n<td>2<\/td>\n<\/tr>\n<tr>\n<td>Peso Netto \/ Net Weight \/ Poids net \/ \u041e\u0431\u044a\u0435\u043c<\/td>\n<td>11 kg<\/td>\n<\/tr>\n<tr>\n<td>Dimensione \/ Dimension \/ Dimension \/<\/td>\n<td>59 x 23 x 24 cm<\/td>\n<\/tr>\n<tr>\n<td>Catalogo prodotto<\/td>\n<td><a href=\"\/wp-content\/uploads\/2026\/02\/INSACCATRICE-ECONOMICA-LT3-LT5-LT8.pdf\" target=\"_blank\" rel=\"noopener\"><img loading=\"lazy\" decoding=\"async\" class=\"alignleft wp-image-3321 size-full\" src=\"https:\/\/www.sapbologna.it\/wp-content\/uploads\/2018\/09\/download-icon.png\" alt=\"\" width=\"20\" height=\"28\" \/><\/a><\/td>\n<\/tr>\n<tr>\n<td>Vue \u00e9clat\u00e9e<\/td>\n<td><a href=\"..\/..\/..\/wp-content\/uploads\/2018\/09\/ESPLOSO-IN3-5-8LT-2016.pdf\" target=\"_blank\" rel=\"noopener\"><img loading=\"lazy\" decoding=\"async\" class=\"alignleft wp-image-3321 size-full\" src=\"https:\/\/www.sapbologna.it\/wp-content\/uploads\/2018\/09\/download-icon.png\" alt=\"\" width=\"20\" height=\"28\" \/><\/a><\/td>\n<\/tr>\n<tr>\n<td>Pi\u00e8ces de rechange produit<\/td>\n<td><a href=\"..\/..\/..\/wp-content\/uploads\/2018\/09\/INS-3-5-8-NUOVO-2016.pdf\" target=\"_blank\" rel=\"noopener\"><img loading=\"lazy\" decoding=\"async\" class=\"alignleft wp-image-3321 size-full\" src=\"https:\/\/www.sapbologna.it\/wp-content\/uploads\/2018\/09\/download-icon.png\" alt=\"\" width=\"20\" height=\"28\" \/><\/a><\/td>\n<\/tr>\n<\/tbody>\n<\/table>\n<\/div>\n<div class=\"caratteristiche\">\n<p>&nbsp;<\/p>\n<table class=\"table table-striped\">\n<thead>\n<tr>\n<th colspan=\"2\">INSACCATRICE LT8<\/th>\n<\/tr>\n<\/thead>\n<tbody>\n<tr>\n<td>Velocit\u00e0 \/ Speed \/ Vitesse \/ \u0421\u043a\u043e\u0440\u043e\u0441\u0442\u044c<\/td>\n<td>2<\/td>\n<\/tr>\n<tr>\n<td>Peso Netto \/ Net Weight \/ Poids net \/ \u041e\u0431\u044a\u0435\u043c<\/td>\n<td>13 kg<\/td>\n<\/tr>\n<tr>\n<td>Dimensione \/ Dimension \/ Dimension \/<\/td>\n<td>75 x 23 x 24 cm<\/td>\n<\/tr>\n<tr>\n<td>Catalogo prodotto<\/td>\n<td><a href=\"\/wp-content\/uploads\/2026\/02\/INSACCATRICE-ECONOMICA-LT3-LT5-LT8.pdf\" target=\"_blank\" rel=\"noopener\"><img loading=\"lazy\" decoding=\"async\" class=\"alignleft wp-image-3321 size-full\" src=\"https:\/\/www.sapbologna.it\/wp-content\/uploads\/2018\/09\/download-icon.png\" alt=\"\" width=\"20\" height=\"28\" \/><\/a><\/td>\n<\/tr>\n<tr>\n<td>Vue \u00e9clat\u00e9e<\/td>\n<td><a href=\"..\/..\/..\/wp-content\/uploads\/2018\/09\/ESPLOSO-IN3-5-8LT-2016.pdf\" target=\"_blank\" rel=\"noopener\"><img loading=\"lazy\" decoding=\"async\" class=\"alignleft wp-image-3321 size-full\" src=\"https:\/\/www.sapbologna.it\/wp-content\/uploads\/2018\/09\/download-icon.png\" alt=\"\" width=\"20\" height=\"28\" \/><\/a><\/td>\n<\/tr>\n<tr>\n<td>Pi\u00e8ces de rechange produit<\/td>\n<td><a href=\"..\/..\/..\/wp-content\/uploads\/2018\/09\/INS-3-5-8-NUOVO-2016.pdf\" target=\"_blank\" rel=\"noopener\"><img loading=\"lazy\" decoding=\"async\" class=\"alignleft wp-image-3321 size-full\" src=\"https:\/\/www.sapbologna.it\/wp-content\/uploads\/2018\/09\/download-icon.png\" alt=\"\" width=\"20\" height=\"28\" \/><\/a><\/td>\n<\/tr>\n<\/tbody>\n<\/table>\n<\/div>\n","protected":false},"excerpt":{"rendered":"<p>Embosseuse tr\u00e8s solide avec structure portante compacte en acier, m\u00e9canisme et engrenages de r\u00e9duction et de multiplication de la course du piston en m\u00e9tal pour faciliter respectivement les op\u00e9rations d&#8217;embossage et d&rsquo;extraction du piston. Tube en acier inox AISI 304 sp\u00e9cifique pour les aliments, cr\u00e9maill\u00e8re en acier, support pour le piston en nylon, couvercle et joint du piston en plastique \u00e0 usage alimentaire. On fournit une s\u00e9rie de quatre entonnoirs embosseurs de diff\u00e9rentes dimensions (10\/20\/25\/35 mm) pour tous les types de saucisses.<\/p>\n","protected":false},"featured_media":6188,"template":"","meta":[],"product_brand":[],"product_cat":[282,287],"product_tag":[],"class_list":{"0":"post-6187","1":"product","2":"type-product","3":"status-publish","4":"has-post-thumbnail","6":"product_cat-embosseuses-a-saucisses","7":"product_cat-tous","8":"item col-md-6 col-sm-6 col-xs-12 mb_50","10":"first","11":"instock","12":"shipping-taxable","13":"product-type-simple"},"_links":{"self":[{"href":"https:\/\/sapbologna.it\/fr\/wp-json\/wp\/v2\/product\/6187","targetHints":{"allow":["GET"]}}],"collection":[{"href":"https:\/\/sapbologna.it\/fr\/wp-json\/wp\/v2\/product"}],"about":[{"href":"https:\/\/sapbologna.it\/fr\/wp-json\/wp\/v2\/types\/product"}],"wp:featuredmedia":[{"embeddable":true,"href":"https:\/\/sapbologna.it\/fr\/wp-json\/wp\/v2\/media\/6188"}],"wp:attachment":[{"href":"https:\/\/sapbologna.it\/fr\/wp-json\/wp\/v2\/media?parent=6187"}],"wp:term":[{"taxonomy":"product_brand","embeddable":true,"href":"https:\/\/sapbologna.it\/fr\/wp-json\/wp\/v2\/product_brand?post=6187"},{"taxonomy":"product_cat","embeddable":true,"href":"https:\/\/sapbologna.it\/fr\/wp-json\/wp\/v2\/product_cat?post=6187"},{"taxonomy":"product_tag","embeddable":true,"href":"https:\/\/sapbologna.it\/fr\/wp-json\/wp\/v2\/product_tag?post=6187"}],"curies":[{"name":"wp","href":"https:\/\/api.w.org\/{rel}","templated":true}]}}