{"id":6170,"date":"2018-09-05T08:35:58","date_gmt":"2018-09-05T08:35:58","guid":{"rendered":"https:\/\/medhit-wp2.it\/sap\/product\/embosseuses-lt-7-14-verticales\/"},"modified":"2026-02-27T10:26:36","modified_gmt":"2026-02-27T10:26:36","slug":"embosseuses-lt-7-14-verticales","status":"publish","type":"product","link":"https:\/\/sapbologna.it\/fr\/produit\/embosseuses-lt-7-14-verticales\/","title":{"rendered":"Embosseuses LT 7-14 Verticales"},"content":{"rendered":"<div class=\"caratteristiche\">\n<p>&nbsp;<\/p>\n<table class=\"table table-striped\">\n<thead>\n<tr>\n<th colspan=\"2\">EMBOSSEUSE LT 7<\/th>\n<\/tr>\n<\/thead>\n<tbody>\n<tr>\n<td>Capacit\u00e9<\/td>\n<td>7 lt<\/td>\n<\/tr>\n<tr>\n<td>Vitesse<\/td>\n<td>2<\/td>\n<\/tr>\n<tr>\n<td>Dimensions<\/td>\n<td>A x B x C 300 x 300 x 710h mm<\/td>\n<\/tr>\n<tr>\n<td>Dimension emballage<\/td>\n<td>80 x 30 x 35 cm<\/td>\n<\/tr>\n<tr>\n<td>Poids net<\/td>\n<td>20 Kg<\/td>\n<\/tr>\n<tr>\n<td>Poids brut<\/td>\n<td>24,5 kg<\/td>\n<\/tr>\n<tr>\n<td>Catalogue produits<\/td>\n<td><a href=\"\/wp-content\/uploads\/2026\/02\/INSACCATRICE-VERTICALE-LT7.pdf\" target=\"_blank\" rel=\"noopener\"><img loading=\"lazy\" decoding=\"async\" class=\"alignleft wp-image-6000 \" src=\"https:\/\/sapbologna.it\/wp-content\/uploads\/2018\/09\/download-icon.png\" alt=\"\" width=\"21\" height=\"25\" \/><\/a><\/td>\n<\/tr>\n<tr>\n<td>Vue \u00e9clat\u00e9e<\/td>\n<td><a href=\"..\/..\/..\/wp-content\/uploads\/2018\/09\/INS-7-14-VERTICALE.pdf\" target=\"_blank\" rel=\"noopener\"><img loading=\"lazy\" decoding=\"async\" class=\"alignleft wp-image-6000 size-full\" src=\"https:\/\/www.sapbologna.it\/wp-content\/uploads\/2018\/09\/download-icon.png\" alt=\"\" width=\"20\" height=\"28\" \/><\/a><\/td>\n<\/tr>\n<tr>\n<td>Pi\u00e8ces de rechange produit<\/td>\n<td><a href=\"..\/..\/..\/wp-content\/uploads\/2018\/09\/INSVERTICALE-RICAMBI.pdf\" target=\"_blank\" rel=\"noopener\"><img loading=\"lazy\" decoding=\"async\" class=\"alignleft wp-image-6000 size-full\" src=\"https:\/\/www.sapbologna.it\/wp-content\/uploads\/2018\/09\/download-icon.png\" alt=\"\" width=\"20\" height=\"28\" \/><\/a><\/td>\n<\/tr>\n<\/tbody>\n<\/table>\n<\/div>\n<div class=\"caratteristiche\">\n<p>&nbsp;<\/p>\n<table class=\"table table-striped\">\n<thead>\n<tr>\n<th colspan=\"2\">EMBOSSEUSE LT 14<\/th>\n<\/tr>\n<\/thead>\n<tbody>\n<tr>\n<td>Capacit\u00e9<\/td>\n<td>14 lt<\/td>\n<\/tr>\n<tr>\n<td>Vitesse<\/td>\n<td>2<\/td>\n<\/tr>\n<tr>\n<td>Dimensions<\/td>\n<td>A x B x C 350 x 350 x 875h mm<\/td>\n<\/tr>\n<tr>\n<td>Dimension emballage<\/td>\n<td>96 x 40 x 38 cm<\/td>\n<\/tr>\n<tr>\n<td>Poids net<\/td>\n<td>27 Kg<\/td>\n<\/tr>\n<tr>\n<td>Poids brut<\/td>\n<td>32 kg<\/td>\n<\/tr>\n<tr>\n<td>Catalogue produits<\/td>\n<td><a href=\"\/wp-content\/uploads\/2026\/02\/INSACCATRICE-VERTICALE-LT14.pdf\" target=\"_blank\" rel=\"noopener\"><img loading=\"lazy\" decoding=\"async\" class=\"alignleft wp-image-6000 \" src=\"https:\/\/sapbologna.it\/wp-content\/uploads\/2018\/09\/download-icon.png\" alt=\"\" width=\"21\" height=\"25\" \/><\/a><\/td>\n<\/tr>\n<tr>\n<td>Vue \u00e9clat\u00e9e<\/td>\n<td><a href=\"..\/..\/..\/wp-content\/uploads\/2018\/09\/INS-7-14-VERTICALE.pdf\" target=\"_blank\" rel=\"noopener\"><img loading=\"lazy\" decoding=\"async\" class=\"alignleft wp-image-6000 size-full\" src=\"https:\/\/www.sapbologna.it\/wp-content\/uploads\/2018\/09\/download-icon.png\" alt=\"\" width=\"20\" height=\"28\" \/><\/a><\/td>\n<\/tr>\n<tr>\n<td>Pi\u00e8ces de rechange produit<\/td>\n<td><a href=\"..\/..\/..\/wp-content\/uploads\/2018\/09\/INSVERTICALE-RICAMBI.pdf\" target=\"_blank\" rel=\"noopener\"><img loading=\"lazy\" decoding=\"async\" class=\"alignleft wp-image-6000 size-full\" src=\"https:\/\/www.sapbologna.it\/wp-content\/uploads\/2018\/09\/download-icon.png\" alt=\"\" width=\"20\" height=\"28\" \/><\/a><\/td>\n<\/tr>\n<\/tbody>\n<\/table>\n<\/div>\n","protected":false},"excerpt":{"rendered":"<p>Extr\u00eamement solide, facile \u00e0 manier et \u00e0 utiliser, le poussoir manuel LT14 vertical, muni de trois entonnoirs diff\u00e9rents, est l\u2019instrument id\u00e9al pour la pr\u00e9paration de tous les types de saucisses. Le cylindre en acier inox 18\/8 AISI 304, le piston en aluminium \u00e0 usage alimentaire avec vanne de purge air et un joint sp\u00e9cial, la cr\u00e9maill\u00e8re solide en acier rectifi\u00e9, les engrenages de pr\u00e9cision et la r\u00e9alisation scrupuleuse de tous les d\u00e9tails m\u00e9caniques assure un fonctionnement parfait, le plus haut rendement ainsi qu\u2019une dur\u00e9e de vie prolong\u00e9e. Les ensacheuses disposent de deux vitesses et trois entonnoirs interchangeables en dotation pour des types diff\u00e9rents de saucissons. La machine a \u00e9t\u00e9 con\u00e7ue pour un usage exclusivement manuel. Sa motorisation au moyen de tout type de moteur doit \u00eatre consid\u00e9r\u00e9e comme un usage impropre et est donc aux risques exclusifs de l\u2019utilisateur.<\/p>\n","protected":false},"featured_media":6174,"template":"","meta":[],"product_brand":[],"product_cat":[282,287],"product_tag":[],"class_list":{"0":"post-6170","1":"product","2":"type-product","3":"status-publish","4":"has-post-thumbnail","6":"product_cat-embosseuses-a-saucisses","7":"product_cat-tous","8":"item col-md-6 col-sm-6 col-xs-12 mb_50","10":"first","11":"instock","12":"shipping-taxable","13":"product-type-simple"},"_links":{"self":[{"href":"https:\/\/sapbologna.it\/fr\/wp-json\/wp\/v2\/product\/6170","targetHints":{"allow":["GET"]}}],"collection":[{"href":"https:\/\/sapbologna.it\/fr\/wp-json\/wp\/v2\/product"}],"about":[{"href":"https:\/\/sapbologna.it\/fr\/wp-json\/wp\/v2\/types\/product"}],"wp:featuredmedia":[{"embeddable":true,"href":"https:\/\/sapbologna.it\/fr\/wp-json\/wp\/v2\/media\/6174"}],"wp:attachment":[{"href":"https:\/\/sapbologna.it\/fr\/wp-json\/wp\/v2\/media?parent=6170"}],"wp:term":[{"taxonomy":"product_brand","embeddable":true,"href":"https:\/\/sapbologna.it\/fr\/wp-json\/wp\/v2\/product_brand?post=6170"},{"taxonomy":"product_cat","embeddable":true,"href":"https:\/\/sapbologna.it\/fr\/wp-json\/wp\/v2\/product_cat?post=6170"},{"taxonomy":"product_tag","embeddable":true,"href":"https:\/\/sapbologna.it\/fr\/wp-json\/wp\/v2\/product_tag?post=6170"}],"curies":[{"name":"wp","href":"https:\/\/api.w.org\/{rel}","templated":true}]}}