{"id":6148,"date":"2018-09-05T08:27:08","date_gmt":"2018-09-05T08:27:08","guid":{"rendered":"https:\/\/medhit-wp2.it\/sap\/product\/scie-a-os-so-sm-2020-ce-export-eco\/"},"modified":"2026-03-12T11:20:54","modified_gmt":"2026-03-12T11:20:54","slug":"scie-a-os-so-sm-2020-ce-export-eco","status":"publish","type":"product","link":"https:\/\/sapbologna.it\/fr\/produit\/scie-a-os-so-sm-2020-ce-export-eco\/","title":{"rendered":"Scie \u00e0 os SO-SM 2020 CE-EXPORT-ECO"},"content":{"rendered":"<div class=\"caratteristiche\">\n<p>&nbsp;<\/p>\n<table class=\"table table-striped\">\n<thead>\n<tr>\n<th colspan=\"2\">SCIE \u00c0 OS SO-SM 2020 CE<\/th>\n<\/tr>\n<\/thead>\n<tbody>\n<tr>\n<td>Longueur lame<\/td>\n<td>2020 mm<\/td>\n<\/tr>\n<tr>\n<td>Hauteur utile de coupe<\/td>\n<td>290 mm<\/td>\n<\/tr>\n<tr>\n<td>Hauteur maximale de coupe<\/td>\n<td>340 mm<\/td>\n<\/tr>\n<tr>\n<td>Largeur de coupe<\/td>\n<td>230 mm<\/td>\n<\/tr>\n<tr>\n<td>Plan de travail<\/td>\n<td>500 x 530 cm<\/td>\n<\/tr>\n<tr>\n<td>Diam. Poulie<\/td>\n<td>Diam. 245<\/td>\n<\/tr>\n<tr>\n<td>Moteur<\/td>\n<td>hp 1,5 &#8211; kW 1<\/td>\n<\/tr>\n<tr>\n<td>Circuit \u00e9lectrique<\/td>\n<td>24V &#8211; scheda a bassa tensione<\/td>\n<\/tr>\n<tr>\n<td>Poids net<\/td>\n<td>52 Kg<\/td>\n<\/tr>\n<tr>\n<td>Dimension<\/td>\n<td>50 x 75 x 105 h cm<\/td>\n<\/tr>\n<tr>\n<td>Dimension emballage<\/td>\n<td>110 x 55 x 40 h cm<\/td>\n<\/tr>\n<tr>\n<td>Catalogue produits<\/td>\n<td><a href=\"\/wp-content\/uploads\/2026\/03\/SEGAOSSA-SO-SM-2020-CE.pdf\" target=\"_blank\" rel=\"noopener\"><img loading=\"lazy\" decoding=\"async\" class=\"alignleft wp-image-3321 size-full\" src=\"https:\/\/sapbologna.it\/wp-content\/uploads\/2018\/09\/download-icon.png\" alt=\"\" width=\"114\" height=\"133\" \/><\/a><\/td>\n<\/tr>\n<tr>\n<td>Vue \u00e9clat\u00e9e<\/td>\n<td><a href=\"..\/..\/..\/wp-content\/uploads\/2018\/09\/SO-1550-1830-20201.pdf\" target=\"_blank\" rel=\"noopener\"><img loading=\"lazy\" decoding=\"async\" class=\"alignleft wp-image-3321 size-full\" src=\"https:\/\/www.sapbologna.it\/wp-content\/uploads\/2018\/09\/download-icon.png\" alt=\"\" width=\"20\" height=\"28\" \/><\/a><\/td>\n<\/tr>\n<tr>\n<td>Pi\u00e8ces de rechange produit<\/td>\n<td><a href=\"..\/..\/..\/wp-content\/uploads\/2018\/09\/SO2020-Ricambi.pdf\" target=\"_blank\" rel=\"noopener\"><img loading=\"lazy\" decoding=\"async\" class=\"alignleft wp-image-3321 size-full\" src=\"https:\/\/www.sapbologna.it\/wp-content\/uploads\/2018\/09\/download-icon.png\" alt=\"\" width=\"20\" height=\"28\" \/><\/a><\/td>\n<\/tr>\n<\/tbody>\n<\/table>\n<\/div>\n<div class=\"caratteristiche\">\n<p>&nbsp;<\/p>\n<table class=\"table table-striped\" style=\"height: 385px;\" width=\"380\">\n<thead>\n<tr>\n<th colspan=\"2\">SCIE \u00c0 OS SO-SM 2020 ECO<\/th>\n<\/tr>\n<\/thead>\n<tbody>\n<tr>\n<td>Longueur lame<\/td>\n<td>2020 mm<\/td>\n<\/tr>\n<tr>\n<td>Hauteur utile de coupe<\/td>\n<td>290 mm<\/td>\n<\/tr>\n<tr>\n<td>Hauteur maximale de coupe<\/td>\n<td>340 mm<\/td>\n<\/tr>\n<tr>\n<td>Largeur de coupe<\/td>\n<td>230 mm<\/td>\n<\/tr>\n<tr>\n<td>Plan de travail<\/td>\n<td>500 x 530 cm<\/td>\n<\/tr>\n<tr>\n<td>Diam. Poulie<\/td>\n<td>Diam. 245<\/td>\n<\/tr>\n<tr>\n<td>Moteur<\/td>\n<td>hp 1,5 &#8211; kW 1<\/td>\n<\/tr>\n<tr>\n<td>Circuit \u00e9lectrique<\/td>\n<td>12A interrupteur 0-1<\/td>\n<\/tr>\n<tr>\n<td>Poids net<\/td>\n<td>48 Kg<\/td>\n<\/tr>\n<tr>\n<td>Dimension<\/td>\n<td>50 x 75 x 105 h cm<\/td>\n<\/tr>\n<tr>\n<td>Dimensions emballage<\/td>\n<td>110 x 55 x 40 h cm<\/td>\n<\/tr>\n<tr>\n<td>Catalogue produits<\/td>\n<td><a href=\"\/wp-content\/uploads\/2026\/03\/SEGAOSSA-SO-SM-2020-EX-ECO.pdf\" target=\"_blank\" rel=\"noopener\"><img loading=\"lazy\" decoding=\"async\" class=\"alignleft wp-image-3321 size-full\" src=\"https:\/\/sapbologna.it\/wp-content\/uploads\/2018\/09\/download-icon.png\" alt=\"\" width=\"114\" height=\"133\" \/><\/a><\/td>\n<\/tr>\n<\/tbody>\n<\/table>\n<\/div>\n","protected":false},"excerpt":{"rendered":"<p>Scie \u00e0 os avec lame 2020 mm<br \/>\n<strong>TYPE D&rsquo;UTILISATEUR <\/strong> : Boucheries, poissonneries, restauration, cantines, industries de la viande et du poisson congel\u00e9.<br \/>\n<strong>HYGI\u00c9NIQUE, SOLIDE ET FACILE \u00c0 UTILISER<\/strong> Machine conforme aux r\u00e9glementations internationales en mati\u00e8re d&rsquo;hygi\u00e8ne. Corps de la machine en alliage d&rsquo;aluminium, fini \u00e0 la peinture nitro ou anodis\u00e9. Plan de travail en acier inox (500 x 530 mm), tendeur de lame r\u00e9glable, portionneur de coupe incorpor\u00e9.<br \/>\n<strong>S\u00dbRE<\/strong>: Conforme aux principales r\u00e9glementations europ\u00e9ennes et internationales: Directive de l\u2019Union Europ\u00e9enne 2006\/42\/ CE sur la s\u00e9curit\u00e9 des Machines, Directive de l\u2019Union Europ\u00e9enne 2004\/108CE sur la Compatibilit\u00e9 \u00c9lectromagn\u00e9tique et norme harmonis\u00e9e EN 12268:2003.<\/p>\n","protected":false},"featured_media":6152,"template":"","meta":[],"product_brand":[],"product_cat":[283,287],"product_tag":[],"class_list":{"0":"post-6148","1":"product","2":"type-product","3":"status-publish","4":"has-post-thumbnail","6":"product_cat-scies-a-os","7":"product_cat-tous","8":"item col-md-6 col-sm-6 col-xs-12 mb_50","10":"first","11":"instock","12":"shipping-taxable","13":"product-type-simple"},"_links":{"self":[{"href":"https:\/\/sapbologna.it\/fr\/wp-json\/wp\/v2\/product\/6148","targetHints":{"allow":["GET"]}}],"collection":[{"href":"https:\/\/sapbologna.it\/fr\/wp-json\/wp\/v2\/product"}],"about":[{"href":"https:\/\/sapbologna.it\/fr\/wp-json\/wp\/v2\/types\/product"}],"wp:featuredmedia":[{"embeddable":true,"href":"https:\/\/sapbologna.it\/fr\/wp-json\/wp\/v2\/media\/6152"}],"wp:attachment":[{"href":"https:\/\/sapbologna.it\/fr\/wp-json\/wp\/v2\/media?parent=6148"}],"wp:term":[{"taxonomy":"product_brand","embeddable":true,"href":"https:\/\/sapbologna.it\/fr\/wp-json\/wp\/v2\/product_brand?post=6148"},{"taxonomy":"product_cat","embeddable":true,"href":"https:\/\/sapbologna.it\/fr\/wp-json\/wp\/v2\/product_cat?post=6148"},{"taxonomy":"product_tag","embeddable":true,"href":"https:\/\/sapbologna.it\/fr\/wp-json\/wp\/v2\/product_tag?post=6148"}],"curies":[{"name":"wp","href":"https:\/\/api.w.org\/{rel}","templated":true}]}}