{"id":6136,"date":"2018-09-05T08:18:05","date_gmt":"2018-09-05T08:18:05","guid":{"rendered":"https:\/\/medhit-wp2.it\/sap\/product\/scies-a-os-so-sm-1550-eco-so-sm-1830-eco\/"},"modified":"2026-03-12T09:24:12","modified_gmt":"2026-03-12T09:24:12","slug":"scies-a-os-so-sm-1550-eco-so-sm-1830-eco","status":"publish","type":"product","link":"https:\/\/sapbologna.it\/fr\/produit\/scies-a-os-so-sm-1550-eco-so-sm-1830-eco\/","title":{"rendered":"Scies \u00e0 os SO-SM 1550 ECO \/ SO-SM 1830 ECO"},"content":{"rendered":"<div class=\"caratteristiche\">\n<p>&nbsp;<\/p>\n<table class=\"table table-striped\">\n<thead>\n<tr>\n<th colspan=\"2\">SCIE \u00c0 OS SO-SM 1550 ECO<\/th>\n<\/tr>\n<\/thead>\n<tbody>\n<tr>\n<td>Longueur lame<\/td>\n<td>1550 mm<\/td>\n<\/tr>\n<tr>\n<td>Hauteur de coupe<\/td>\n<td>250 mm<\/td>\n<\/tr>\n<tr>\n<td>Plan de travail<\/td>\n<td>330 x 330 mm<\/td>\n<\/tr>\n<tr>\n<td>Moteur<\/td>\n<td>kW 1,1 &#8211; hp 1,00 230V &#8211; 50 Hz \/ 230\u00f7400 V &#8211; 50 Hz<\/td>\n<\/tr>\n<tr>\n<td>Circuit \u00e9lectrique<\/td>\n<td>Carte basse tension 24 V<\/td>\n<\/tr>\n<tr>\n<td>Poids<\/td>\n<td>Kg. 32<\/td>\n<\/tr>\n<tr>\n<td>Dimensions<\/td>\n<td>44 x 37 x 81 cm<\/td>\n<\/tr>\n<tr>\n<td>Dimensions emballage<\/td>\n<td>90 x 52 x 40 cm<\/td>\n<\/tr>\n<tr>\n<td>Options<\/td>\n<td>Support inox (75 x 50 x 35 cm) Version anodis\u00e9e ou peinte<\/td>\n<\/tr>\n<tr>\n<td>Hauteur utile de coupe<\/td>\n<td>150 mm<\/td>\n<\/tr>\n<tr>\n<td>Largeur de coupe<\/td>\n<td>170 mm<\/td>\n<\/tr>\n<tr>\n<td>Diam. Poulie<\/td>\n<td>Diam. 190<\/td>\n<\/tr>\n<tr>\n<td>Catalogue produits<\/td>\n<td><a href=\"\/wp-content\/uploads\/2026\/03\/SEGAOSSA-SO-SM-1550-EX-ECO.pdf\" target=\"_blank\" rel=\"noopener\"><img loading=\"lazy\" decoding=\"async\" class=\"alignleft wp-image-3321 size-full\" src=\"https:\/\/sapbologna.it\/wp-content\/uploads\/2018\/09\/download-icon.png\" alt=\"\" width=\"114\" height=\"133\" \/><\/a><\/td>\n<\/tr>\n<tr>\n<td>Vue \u00e9clat\u00e9e<\/td>\n<td><a href=\"..\/..\/..\/wp-content\/uploads\/2018\/09\/esploso-segaossa1550-1830-ECO.pdf\" target=\"_blank\" rel=\"noopener\"><img loading=\"lazy\" decoding=\"async\" class=\"alignleft wp-image-3321 size-full\" src=\"https:\/\/www.sapbologna.it\/wp-content\/uploads\/2018\/09\/download-icon.png\" alt=\"\" width=\"20\" height=\"28\" \/><\/a><\/td>\n<\/tr>\n<tr>\n<td>Pi\u00e8ces de rechange produit<\/td>\n<td><a href=\"..\/..\/..\/wp-content\/uploads\/2018\/09\/segaossa1550ita-RICAMBI.pdf\" target=\"_blank\" rel=\"noopener\"><img loading=\"lazy\" decoding=\"async\" class=\"alignleft wp-image-3321 size-full\" src=\"https:\/\/www.sapbologna.it\/wp-content\/uploads\/2018\/09\/download-icon.png\" alt=\"\" width=\"20\" height=\"28\" \/><\/a><\/td>\n<\/tr>\n<\/tbody>\n<\/table>\n<\/div>\n<div class=\"caratteristiche\">\n<p>&nbsp;<\/p>\n<table class=\"table table-striped\">\n<thead>\n<tr>\n<th colspan=\"2\">SCIE \u00c0 OS SO-SM 1830 ECO<\/th>\n<\/tr>\n<\/thead>\n<tbody>\n<tr>\n<td>Longueur lame<\/td>\n<td>1830 mm<\/td>\n<\/tr>\n<tr>\n<td>Longueur lame<\/td>\n<td>320 mm<\/td>\n<\/tr>\n<tr>\n<td>Plan de travail<\/td>\n<td>410 x 410 mm<\/td>\n<\/tr>\n<tr>\n<td>Moteur<\/td>\n<td>kW 1,1 &#8211; hp 1,00 230V &#8211; 50 Hz \/ 230\u00f7400 V &#8211; 50 Hz<\/td>\n<\/tr>\n<tr>\n<td>Circuit \u00e9lectrique<\/td>\n<td>Carte basse tension 24 V<\/td>\n<\/tr>\n<tr>\n<td>Poids<\/td>\n<td>Kg. 36<\/td>\n<\/tr>\n<tr>\n<td>Dimensions<\/td>\n<td>53 x 42 x 91 cm<\/td>\n<\/tr>\n<tr>\n<td>Dimensions emballage<\/td>\n<td>100 x 53 x 40 cm<\/td>\n<\/tr>\n<tr>\n<td>Options<\/td>\n<td>Support inox (75 x 50 x 35 cm) Version anodis\u00e9e ou peinte<\/td>\n<\/tr>\n<tr>\n<td>Hauteur utile de coupe<\/td>\n<td>225 mm<\/td>\n<\/tr>\n<tr>\n<td>Largeur de coupe<\/td>\n<td>200 mm<\/td>\n<\/tr>\n<tr>\n<td>Diam. Poulie<\/td>\n<td>Diam. 200<\/td>\n<\/tr>\n<tr>\n<td>Catalogue produits<\/td>\n<td><a href=\"\/wp-content\/uploads\/2026\/03\/SEGAOSSA-SO-SM-1830-EX-ECO.pdf\" target=\"_blank\" rel=\"noopener\"><img loading=\"lazy\" decoding=\"async\" class=\"alignleft wp-image-3321 size-full\" src=\"https:\/\/sapbologna.it\/wp-content\/uploads\/2018\/09\/download-icon.png\" alt=\"\" width=\"114\" height=\"133\" \/><\/a><\/td>\n<\/tr>\n<tr>\n<td>Vue \u00e9clat\u00e9e<\/td>\n<td><a href=\"..\/..\/..\/wp-content\/uploads\/2018\/09\/esploso-segaossa1550-1830-ECO.pdf\" target=\"_blank\" rel=\"noopener\"><img loading=\"lazy\" decoding=\"async\" class=\"alignleft wp-image-3321 size-full\" src=\"https:\/\/www.sapbologna.it\/wp-content\/uploads\/2018\/09\/download-icon.png\" alt=\"\" width=\"20\" height=\"28\" \/><\/a><\/td>\n<\/tr>\n<tr>\n<td>Pi\u00e8ces de rechange produit<\/td>\n<td><a href=\"..\/..\/..\/wp-content\/uploads\/2018\/09\/segaossa1830ita-RICAMBI.pdf\" target=\"_blank\" rel=\"noopener\"><img loading=\"lazy\" decoding=\"async\" class=\"alignleft wp-image-3321 size-full\" src=\"https:\/\/www.sapbologna.it\/wp-content\/uploads\/2018\/09\/download-icon.png\" alt=\"\" width=\"20\" height=\"28\" \/><\/a><\/td>\n<\/tr>\n<\/tbody>\n<\/table>\n<\/div>\n","protected":false},"excerpt":{"rendered":"<div class=\"testo\">\n<p>Une gamme compl\u00e8te de scies \u00e0 os comprenant 2 mod\u00e8les (petit mod. 1550, grand mod. 1830)<\/p>\n<p><strong>TYPE D&rsquo;UTILISATEUR:<\/strong> Boucheries, poissonneries, restauration, cantines, industries de la viande et du poisson congel\u00e9.<br \/>\n<strong>HYGI\u00c9NIQUES, SOLIDES ET FACILES \u00c0 UTILISER:<\/strong> Machines conformes aux r\u00e9glementations internationales en mati\u00e8re d&rsquo;hygi\u00e8ne. Corps de la machine en m\u00e9tal coul\u00e9 fini \u00e0 la peinture nitro ou anodis\u00e9. Plan de travail en acier inox, tendeur de lame r\u00e9glable, portionneur de coupe incorpor\u00e9.<\/p>\n<\/div>\n","protected":false},"featured_media":6141,"template":"","meta":[],"product_brand":[],"product_cat":[283,287],"product_tag":[],"class_list":{"0":"post-6136","1":"product","2":"type-product","3":"status-publish","4":"has-post-thumbnail","6":"product_cat-scies-a-os","7":"product_cat-tous","8":"item col-md-6 col-sm-6 col-xs-12 mb_50","10":"first","11":"instock","12":"shipping-taxable","13":"product-type-simple"},"_links":{"self":[{"href":"https:\/\/sapbologna.it\/fr\/wp-json\/wp\/v2\/product\/6136","targetHints":{"allow":["GET"]}}],"collection":[{"href":"https:\/\/sapbologna.it\/fr\/wp-json\/wp\/v2\/product"}],"about":[{"href":"https:\/\/sapbologna.it\/fr\/wp-json\/wp\/v2\/types\/product"}],"wp:featuredmedia":[{"embeddable":true,"href":"https:\/\/sapbologna.it\/fr\/wp-json\/wp\/v2\/media\/6141"}],"wp:attachment":[{"href":"https:\/\/sapbologna.it\/fr\/wp-json\/wp\/v2\/media?parent=6136"}],"wp:term":[{"taxonomy":"product_brand","embeddable":true,"href":"https:\/\/sapbologna.it\/fr\/wp-json\/wp\/v2\/product_brand?post=6136"},{"taxonomy":"product_cat","embeddable":true,"href":"https:\/\/sapbologna.it\/fr\/wp-json\/wp\/v2\/product_cat?post=6136"},{"taxonomy":"product_tag","embeddable":true,"href":"https:\/\/sapbologna.it\/fr\/wp-json\/wp\/v2\/product_tag?post=6136"}],"curies":[{"name":"wp","href":"https:\/\/api.w.org\/{rel}","templated":true}]}}