{"id":6126,"date":"2018-09-05T08:11:12","date_gmt":"2018-09-05T08:11:12","guid":{"rendered":"https:\/\/medhit-wp2.it\/sap\/product\/scies-a-os-so-sm-1550-so-sm-1830-ce\/"},"modified":"2026-03-12T11:01:03","modified_gmt":"2026-03-12T11:01:03","slug":"scies-a-os-so-sm-1550-so-sm-1830-ce","status":"publish","type":"product","link":"https:\/\/sapbologna.it\/fr\/produit\/scies-a-os-so-sm-1550-so-sm-1830-ce\/","title":{"rendered":"Scies \u00e0 os SO-SM 1550\/SO-SM 1830 CE"},"content":{"rendered":"<div class=\"caratteristiche\">\n<p>&nbsp;<\/p>\n<table class=\"table table-striped\">\n<thead>\n<tr>\n<th colspan=\"2\">SCIE \u00c0 OS SO-SM 1550<\/th>\n<\/tr>\n<\/thead>\n<tbody>\n<tr>\n<td>Longueur lame<\/td>\n<td>1550 mm<\/td>\n<\/tr>\n<tr>\n<td>Hauteur de coupe<\/td>\n<td>250 mm<\/td>\n<\/tr>\n<tr>\n<td>Plan de travail<\/td>\n<td>330 x 330 mm<\/td>\n<\/tr>\n<tr>\n<td>Moteur<\/td>\n<td>kW 0,75 &#8211; hp 1,00 230V &#8211; 50 Hz \/ 230\u00f7400 V &#8211; 50 Hz<\/td>\n<\/tr>\n<tr>\n<td>Circuit \u00e9lectrique<\/td>\n<td>Carte basse tension 24 V<\/td>\n<\/tr>\n<tr>\n<td>Poids<\/td>\n<td>Kg. 34<\/td>\n<\/tr>\n<tr>\n<td>Dimensions<\/td>\n<td>44 x 37 x 81 cm<\/td>\n<\/tr>\n<tr>\n<td>Dimensions emballage<\/td>\n<td>90 x 52 x 40 cm<\/td>\n<\/tr>\n<tr>\n<td>Options<\/td>\n<td>Support inox (75 x 50 x 35 cm) Version anodis\u00e9e ou peinte<\/td>\n<\/tr>\n<tr>\n<td>Hauteur utile de coupe<\/td>\n<td>150 mm<\/td>\n<\/tr>\n<tr>\n<td>Largeur de coupe<\/td>\n<td>LES MACHINES PEUVENT \u00caTRE PROPOS\u00c9ES DANS LA VERSION ANODIS\u00c9E OU PEINTE<\/td>\n<\/tr>\n<tr>\n<td>Diam. Poulie<\/td>\n<td>Diam. 190<\/td>\n<\/tr>\n<tr>\n<td>Catalogue produits<\/td>\n<td><a href=\"\/wp-content\/uploads\/2026\/03\/SEGAOSSA-SO-SM-1550-CE.pdf\" target=\"_blank\" rel=\"noopener\"><img loading=\"lazy\" decoding=\"async\" class=\"alignleft wp-image-3321 size-full\" src=\"https:\/\/sapbologna.it\/wp-content\/uploads\/2018\/09\/download-icon.png\" alt=\"\" width=\"114\" height=\"133\" \/><\/a><\/td>\n<\/tr>\n<tr>\n<td>Vue \u00e9clat\u00e9e<\/td>\n<td><a href=\"..\/..\/..\/wp-content\/uploads\/2018\/09\/SO-1550-1830-2020.pdf\" target=\"_blank\" rel=\"noopener\"><img loading=\"lazy\" decoding=\"async\" class=\"alignleft wp-image-3321 size-full\" src=\"https:\/\/www.sapbologna.it\/wp-content\/uploads\/2018\/09\/download-icon.png\" alt=\"\" width=\"20\" height=\"28\" \/><\/a><\/td>\n<\/tr>\n<tr>\n<td>Pi\u00e8ces de rechange produit<\/td>\n<td><a href=\"..\/..\/..\/wp-content\/uploads\/2018\/09\/SO1550L-RIC.pdf\" target=\"_blank\" rel=\"noopener\"><img loading=\"lazy\" decoding=\"async\" class=\"alignleft wp-image-3321 size-full\" src=\"https:\/\/www.sapbologna.it\/wp-content\/uploads\/2018\/09\/download-icon.png\" alt=\"\" width=\"20\" height=\"28\" \/><\/a><\/td>\n<\/tr>\n<\/tbody>\n<\/table>\n<\/div>\n<div class=\"caratteristiche\">\n<p>&nbsp;<\/p>\n<table class=\"table table-striped\">\n<thead>\n<tr>\n<th colspan=\"2\">SCIE \u00c0 OS SO-SM 1830<\/th>\n<\/tr>\n<\/thead>\n<tbody>\n<tr>\n<td>Longueur lame<\/td>\n<td>1830 mm<\/td>\n<\/tr>\n<tr>\n<td>Hauteur de coupe<\/td>\n<td>320 mm<\/td>\n<\/tr>\n<tr>\n<td>Plan de travail<\/td>\n<td>410 x 410 mm<\/td>\n<\/tr>\n<tr>\n<td>Moteur<\/td>\n<td>kW 0,75 &#8211; hp 1,00 230V &#8211; 50 Hz \/ 230\u00f7400 V &#8211; 50 Hz<\/td>\n<\/tr>\n<tr>\n<td>Circuit \u00e9lectrique<\/td>\n<td>Carte basse tension 24 V<\/td>\n<\/tr>\n<tr>\n<td>Poids<\/td>\n<td>Kg. 38<\/td>\n<\/tr>\n<tr>\n<td>Dimensions<\/td>\n<td>53 x 42 x 91 cm<\/td>\n<\/tr>\n<tr>\n<td>Dimensions emballage<\/td>\n<td>100 x 53 x 40 cm<\/td>\n<\/tr>\n<tr>\n<td>Options<\/td>\n<td>Support inox (75 x 50 x 35 cm) Version anodis\u00e9e ou peinte<\/td>\n<\/tr>\n<tr>\n<td>Hauteur utile de coupe<\/td>\n<td>225 mm<\/td>\n<\/tr>\n<tr>\n<td>Largeur de coupe<\/td>\n<td>200 mm<\/td>\n<\/tr>\n<tr>\n<td>Diam. Poulie<\/td>\n<td>\u00d8 200<\/td>\n<\/tr>\n<tr>\n<td>Options<\/td>\n<td>Support inox (75 x 50 x 35 cm) Version anodis\u00e9e ou peinte<\/td>\n<\/tr>\n<tr>\n<td>Catalogue produits<\/td>\n<td><a href=\"\/wp-content\/uploads\/2026\/03\/SEGAOSSA-SO-SM-1830-CE.pdf\" target=\"_blank\" rel=\"noopener\"><img loading=\"lazy\" decoding=\"async\" class=\"alignleft wp-image-3321 size-full\" src=\"https:\/\/sapbologna.it\/wp-content\/uploads\/2018\/09\/download-icon.png\" alt=\"\" width=\"114\" height=\"133\" \/><\/a><\/td>\n<\/tr>\n<tr>\n<td>Vue \u00e9clat\u00e9e<\/td>\n<td><a href=\"..\/..\/..\/wp-content\/uploads\/2018\/09\/SO-1550-1830-2020.pdf\" target=\"_blank\" rel=\"noopener\"><img loading=\"lazy\" decoding=\"async\" class=\"alignleft wp-image-3321 size-full\" src=\"https:\/\/www.sapbologna.it\/wp-content\/uploads\/2018\/09\/download-icon.png\" alt=\"\" width=\"20\" height=\"28\" \/><\/a><\/td>\n<\/tr>\n<tr>\n<td>Pi\u00e8ces de rechange produit<\/td>\n<td><a href=\"..\/..\/..\/wp-content\/uploads\/2018\/09\/SO1830-RIC.pdf\" target=\"_blank\" rel=\"noopener\"><img loading=\"lazy\" decoding=\"async\" class=\"alignleft wp-image-3321 size-full\" src=\"https:\/\/www.sapbologna.it\/wp-content\/uploads\/2018\/09\/download-icon.png\" alt=\"\" width=\"20\" height=\"28\" \/><\/a><\/td>\n<\/tr>\n<\/tbody>\n<\/table>\n<\/div>\n","protected":false},"excerpt":{"rendered":"<div class=\"testo\">\n<p>Une gamme compl\u00e8te de scies \u00e0 os comprenant 2 mod\u00e8les (petit mod. 1550, grand mod. 1830).<\/p>\n<p><span class=\"testo10\"><strong>TYPE D&rsquo;UTILISATEUR :<\/strong><br \/>\nBoucheries, poissonneries, restaurants, cantines, industries de la viande et du poisson congel\u00e9.<br \/>\n<\/span><\/p>\n<p><span class=\"testo10\"><strong>HYGI\u00c9NIQUES, SOLIDES ET FACILES \u00c0 UTILISER<\/strong>:<br \/>\nMachines conformes aux r\u00e9glementations internationales en mati\u00e8re d&rsquo;hygi\u00e8ne. Corps de la machine en m\u00e9tal coul\u00e9 fini \u00e0 la peinture nitro ou anodis\u00e9. Plan de travail en acier inox, tendeur de lame r\u00e9glable, portionneur de coupe incorpor\u00e9.<br \/>\n<\/span><\/p>\n<p><span class=\"testo10\"><strong>S\u00dbRES<\/strong>:<br \/>\nConformes aux principales r\u00e9glementations europ\u00e9ennes et internationales. Moteur \u00e0 l&rsquo;int\u00e9rieur du corps IP 65.<br \/>\n<\/span><\/p>\n<\/div>\n","protected":false},"featured_media":6131,"template":"","meta":[],"product_brand":[],"product_cat":[283,287],"product_tag":[],"class_list":{"0":"post-6126","1":"product","2":"type-product","3":"status-publish","4":"has-post-thumbnail","6":"product_cat-scies-a-os","7":"product_cat-tous","8":"item col-md-6 col-sm-6 col-xs-12 mb_50","10":"first","11":"instock","12":"shipping-taxable","13":"product-type-simple"},"_links":{"self":[{"href":"https:\/\/sapbologna.it\/fr\/wp-json\/wp\/v2\/product\/6126","targetHints":{"allow":["GET"]}}],"collection":[{"href":"https:\/\/sapbologna.it\/fr\/wp-json\/wp\/v2\/product"}],"about":[{"href":"https:\/\/sapbologna.it\/fr\/wp-json\/wp\/v2\/types\/product"}],"wp:featuredmedia":[{"embeddable":true,"href":"https:\/\/sapbologna.it\/fr\/wp-json\/wp\/v2\/media\/6131"}],"wp:attachment":[{"href":"https:\/\/sapbologna.it\/fr\/wp-json\/wp\/v2\/media?parent=6126"}],"wp:term":[{"taxonomy":"product_brand","embeddable":true,"href":"https:\/\/sapbologna.it\/fr\/wp-json\/wp\/v2\/product_brand?post=6126"},{"taxonomy":"product_cat","embeddable":true,"href":"https:\/\/sapbologna.it\/fr\/wp-json\/wp\/v2\/product_cat?post=6126"},{"taxonomy":"product_tag","embeddable":true,"href":"https:\/\/sapbologna.it\/fr\/wp-json\/wp\/v2\/product_tag?post=6126"}],"curies":[{"name":"wp","href":"https:\/\/api.w.org\/{rel}","templated":true}]}}