{"id":6111,"date":"2018-09-05T07:48:17","date_gmt":"2018-09-05T07:48:17","guid":{"rendered":"https:\/\/medhit-wp2.it\/sap\/product\/rape-grl\/"},"modified":"2026-02-26T13:24:23","modified_gmt":"2026-02-26T13:24:23","slug":"rape-grl","status":"publish","type":"product","link":"https:\/\/sapbologna.it\/fr\/produit\/rape-grl\/","title":{"rendered":"R\u00e2pe GRL"},"content":{"rendered":"<div class=\"caratteristiche\">\n<table class=\"table table-striped\">\n<thead>\n<tr>\n<th colspan=\"2\">R\u00c2PE GRL<\/th>\n<\/tr>\n<\/thead>\n<tbody>\n<tr>\n<td>PUISSANCE<\/td>\n<td>0,75 kW (1 HP)<\/td>\n<\/tr>\n<tr>\n<td>ALIMENTATION<\/td>\n<td>230V\/1N\/50Hz &#8211; 230-400V\/3\/50Hz<\/td>\n<\/tr>\n<tr>\n<td>PRODUCTION HORAIRE<\/td>\n<td>40 Kg\/h<\/td>\n<\/tr>\n<tr>\n<td>DIMENSIONS BOUCHE R\u00c2PE<\/td>\n<td>140 \u2013 75 (mm)<\/td>\n<\/tr>\n<tr>\n<td>DIMENSIONS<\/td>\n<td>420x300x390h (mm)<\/td>\n<\/tr>\n<tr>\n<td>POIDS NET<\/td>\n<td>17 Kg<\/td>\n<\/tr>\n<tr>\n<td>POIDS BRUT<\/td>\n<td>19 Kg<\/td>\n<\/tr>\n<tr>\n<td>DIMENSIONS EMBALLAGE<\/td>\n<td>470x300x480h (mm)<\/td>\n<\/tr>\n<tr>\n<td>VOLUME EMBALLAGE<\/td>\n<td>0,068 m3<\/td>\n<\/tr>\n<tr>\n<td>Catalogue produits<\/td>\n<td><a href=\"\/wp-content\/uploads\/2026\/02\/GRATTUGIA-GRL.pdf\" target=\"_blank\" rel=\"noopener\"><img loading=\"lazy\" decoding=\"async\" class=\"alignleft wp-image-3321 \" src=\"https:\/\/sapbologna.it\/wp-content\/uploads\/2018\/09\/download-icon.png\" alt=\"\" width=\"21\" height=\"25\" \/><\/a><\/td>\n<\/tr>\n<tr>\n<td>Vue \u00e9clat\u00e9e<\/td>\n<td><a href=\"..\/..\/..\/wp-content\/uploads\/2018\/09\/GRATTUGIA-GRL-esploso.pdf\" target=\"_blank\" rel=\"noopener\"><img loading=\"lazy\" decoding=\"async\" class=\"alignleft wp-image-3321 size-full\" src=\"https:\/\/www.sapbologna.it\/wp-content\/uploads\/2018\/09\/download-icon.png\" alt=\"\" width=\"20\" height=\"28\" \/><\/a><\/td>\n<\/tr>\n<tr>\n<td>Pi\u00e8ces de rechange produit<\/td>\n<td><a href=\"..\/..\/..\/wp-content\/uploads\/2018\/09\/grattugia_grl_mignon-RICAMBI.pdf\" target=\"_blank\" rel=\"noopener\"><img loading=\"lazy\" decoding=\"async\" class=\"alignleft wp-image-3321 size-full\" src=\"https:\/\/www.sapbologna.it\/wp-content\/uploads\/2018\/09\/download-icon.png\" alt=\"\" width=\"20\" height=\"28\" \/><\/a><\/td>\n<\/tr>\n<\/tbody>\n<\/table>\n<\/div>\n","protected":false},"excerpt":{"rendered":"<p>Structure et bouche en aluminium poli. La machine est \u00e9quip\u00e9e d&rsquo;un rouleau en acier inox et d&rsquo;une grille inf\u00e9rieure de protection. Elle est \u00e9quip\u00e9e d&rsquo;un microinterrupteur\u2013levier sur le pressoir, et elle est conforme aux principales r\u00e9glementations europ\u00e9ennes et internationales. La version CE est \u00e9quip\u00e9e d&rsquo;un frein moteur. Utilisable pour le pain, le fromage, les fruits secs et les biscuits, elle est parfaite pour les supermarch\u00e9s, les cantines et les restaurants. On peut nettoyer ais\u00e9ment chaque partie de la machine avec un chiffon humide.<\/p>\n","protected":false},"featured_media":6115,"template":"","meta":[],"product_brand":[],"product_cat":[280,287],"product_tag":[],"class_list":{"0":"post-6111","1":"product","2":"type-product","3":"status-publish","4":"has-post-thumbnail","6":"product_cat-rape","7":"product_cat-tous","8":"item col-md-6 col-sm-6 col-xs-12 mb_50","10":"first","11":"instock","12":"shipping-taxable","13":"product-type-simple"},"_links":{"self":[{"href":"https:\/\/sapbologna.it\/fr\/wp-json\/wp\/v2\/product\/6111","targetHints":{"allow":["GET"]}}],"collection":[{"href":"https:\/\/sapbologna.it\/fr\/wp-json\/wp\/v2\/product"}],"about":[{"href":"https:\/\/sapbologna.it\/fr\/wp-json\/wp\/v2\/types\/product"}],"wp:featuredmedia":[{"embeddable":true,"href":"https:\/\/sapbologna.it\/fr\/wp-json\/wp\/v2\/media\/6115"}],"wp:attachment":[{"href":"https:\/\/sapbologna.it\/fr\/wp-json\/wp\/v2\/media?parent=6111"}],"wp:term":[{"taxonomy":"product_brand","embeddable":true,"href":"https:\/\/sapbologna.it\/fr\/wp-json\/wp\/v2\/product_brand?post=6111"},{"taxonomy":"product_cat","embeddable":true,"href":"https:\/\/sapbologna.it\/fr\/wp-json\/wp\/v2\/product_cat?post=6111"},{"taxonomy":"product_tag","embeddable":true,"href":"https:\/\/sapbologna.it\/fr\/wp-json\/wp\/v2\/product_tag?post=6111"}],"curies":[{"name":"wp","href":"https:\/\/api.w.org\/{rel}","templated":true}]}}