{"id":6099,"date":"2018-09-05T07:44:29","date_gmt":"2018-09-05T07:44:29","guid":{"rendered":"https:\/\/medhit-wp2.it\/sap\/product\/6099\/"},"modified":"2026-04-01T10:32:33","modified_gmt":"2026-04-01T10:32:33","slug":"hachoir-a-viande-rape-tg12-tg22","status":"publish","type":"product","link":"https:\/\/sapbologna.it\/fr\/produit\/hachoir-a-viande-rape-tg12-tg22\/","title":{"rendered":"Hachoir \u00e0 viande R\u00e2pe TG12-TG22"},"content":{"rendered":"<div class=\"caratteristiche\">\n<p>&nbsp;<\/p>\n<table class=\"table table-striped\">\n<thead>\n<tr>\n<th colspan=\"2\">HACHOIR \u00c0 VIANDE R\u00c2P\u00c9 TG 12<\/th>\n<\/tr>\n<\/thead>\n<tbody>\n<tr>\n<td>PUISSANCE<\/td>\n<td>0,75 kW (1 HP)<\/td>\n<\/tr>\n<tr>\n<td>ALIMENTATION<\/td>\n<td>230V\/1N\/50Hz \u2013 230-400V\/3\/50Hz<\/td>\n<\/tr>\n<tr>\n<td>PRODUCTION HORAIRE HACHOIR \u00c0 VIANDE<\/td>\n<td>160 Kg\/h<\/td>\n<\/tr>\n<tr>\n<td>PRODUCTION HORAIRE R\u00c2PE<\/td>\n<td>40 Kg\/h<\/td>\n<\/tr>\n<tr>\n<td>DIMENSIONS BOUCHE R\u00c2PE<\/td>\n<td>14 x 7,5 cm<\/td>\n<\/tr>\n<tr>\n<td>DIMENSIONS<\/td>\n<td>63 x 30 x 46 cm<\/td>\n<\/tr>\n<tr>\n<td>POIDS NET<\/td>\n<td>23 Kg<\/td>\n<\/tr>\n<tr>\n<td>POIDS BRUT<\/td>\n<td>26 Kg<\/td>\n<\/tr>\n<tr>\n<td>DIMENSIONS EMBALLAGE<\/td>\n<td>75 x 30 x 48 cm<\/td>\n<\/tr>\n<tr>\n<td>VOLUME EMBALLAGE<\/td>\n<td>0,108 m3<\/td>\n<\/tr>\n<tr>\n<td>Catalogue produits<\/td>\n<td><a href=\"\/wp-content\/uploads\/2026\/04\/TRITACARNE-GRATTUGIA-TG12-TG22.pdf\" target=\"_blank\" rel=\"noopener\"><img loading=\"lazy\" decoding=\"async\" class=\"alignleft wp-image-3321 size-full\" src=\"https:\/\/sapbologna.it\/wp-content\/uploads\/2018\/09\/download-icon.png\" alt=\"\" width=\"114\" height=\"133\" \/><\/a><\/td>\n<\/tr>\n<tr>\n<td>Vue \u00e9clat\u00e9e<\/td>\n<td><a href=\"..\/..\/..\/wp-content\/uploads\/2018\/09\/TG-12.pdf\" target=\"_blank\" rel=\"noopener\"><img loading=\"lazy\" decoding=\"async\" class=\"alignleft wp-image-3321 size-full\" src=\"https:\/\/www.sapbologna.it\/wp-content\/uploads\/2018\/09\/download-icon.png\" alt=\"\" width=\"20\" height=\"28\" \/><\/a><\/td>\n<\/tr>\n<\/tbody>\n<\/table>\n<\/div>\n<div class=\"caratteristiche\">\n<p>&nbsp;<\/p>\n<table class=\"table table-striped\">\n<thead>\n<tr>\n<th colspan=\"2\">HACHOIR \u00c0 VIANDE R\u00c2P\u00c9 TG 22<\/th>\n<\/tr>\n<\/thead>\n<tbody>\n<tr>\n<td>PUISSANCE<\/td>\n<td>1,1 kW (1,5 HP)<\/td>\n<\/tr>\n<tr>\n<td>ALIMENTATION<\/td>\n<td>230V\/1N\/50Hz \u2013 230-400V\/3\/50Hz<\/td>\n<\/tr>\n<tr>\n<td>PRODUCTION HORAIRE HACHOIR \u00c0 VIANDE<\/td>\n<td>300 Kg\/h<\/td>\n<\/tr>\n<tr>\n<td>PRODUCTION HORAIRE R\u00c2PE<\/td>\n<td>40 K\/gh<\/td>\n<\/tr>\n<tr>\n<td>DIMENSIONS BOUCHE R\u00c2PE<\/td>\n<td>14 x 7,5 cm<\/td>\n<\/tr>\n<tr>\n<td>DIMENSIONS<\/td>\n<td>67 x 35 x 48 cm<\/td>\n<\/tr>\n<tr>\n<td>POIDS NET<\/td>\n<td>27 Kg<\/td>\n<\/tr>\n<tr>\n<td>POIDS BRUT<\/td>\n<td>30 Kg<\/td>\n<\/tr>\n<tr>\n<td>DIMENSIONS EMBALLAGE<\/td>\n<td>75 x 35 x 50 cm<\/td>\n<\/tr>\n<tr>\n<td>VOLUME EMBALLAGE<\/td>\n<td>0,108 m3<\/td>\n<\/tr>\n<tr>\n<td>Catalogue produits<\/td>\n<td><a href=\"\/wp-content\/uploads\/2026\/04\/TRITACARNE-GRATTUGIA-TG12-TG22.pdf\" target=\"_blank\" rel=\"noopener\"><img loading=\"lazy\" decoding=\"async\" class=\"alignleft wp-image-3321 size-full\" src=\"https:\/\/www.sapbologna.it\/wp-content\/uploads\/2018\/09\/download-icon.png\" alt=\"\" width=\"20\" height=\"28\" \/><\/a><\/td>\n<\/tr>\n<tr>\n<td>Vue \u00e9clat\u00e9e<\/td>\n<td><a href=\"..\/..\/..\/wp-content\/uploads\/2018\/09\/TG-12.pdf\" target=\"_blank\" rel=\"noopener\"><img loading=\"lazy\" decoding=\"async\" class=\"alignleft wp-image-3321 size-full\" src=\"https:\/\/www.sapbologna.it\/wp-content\/uploads\/2018\/09\/download-icon.png\" alt=\"\" width=\"20\" height=\"28\" \/><\/a><\/td>\n<\/tr>\n<\/tbody>\n<\/table>\n<\/div>\n","protected":false},"excerpt":{"rendered":"<div class=\"testo\">\n<p>Hachoir \u00e0 viande tr\u00e8s rapide, avec r\u00e2pe fonctionnelle pour les fromages durs, le pain, les biscuits et les fruits secs.<br \/>\nLe corps et la bouche de la machine sont en aluminium poli, mais sur demande, elle peut \u00eatre \u00e9quip\u00e9e d&rsquo;un groupe de hachage en acier inox.<br \/>\nBouche d&rsquo;entr\u00e9e de la viande Diam. 56 mm, r\u00e9ducteur avec engrenage \u00e0 bain d&rsquo;huile.<\/p>\n<p>Le hachoir \u00e0 viande est \u00e9quip\u00e9 du syst\u00e8me enterprise : grille inox trou 6 mm et couteau inox autotaraudeur.<br \/>\nLa r\u00e2pe est constitu\u00e9e par une bouche en aluminium poli, un rouleau en acier inox, une grille inf\u00e9rieure de protection et un microinterrupteur sur le levier du pressoir.<\/p>\n<\/div>\n","protected":false},"featured_media":6102,"template":"","meta":[],"product_brand":[],"product_cat":[280,286,287],"product_tag":[],"class_list":{"0":"post-6099","1":"product","2":"type-product","3":"status-publish","4":"has-post-thumbnail","6":"product_cat-rape","7":"product_cat-hachoirs-a-viande-fr","8":"product_cat-tous","9":"item col-md-6 col-sm-6 col-xs-12 mb_50","11":"first","12":"instock","13":"shipping-taxable","14":"product-type-simple"},"_links":{"self":[{"href":"https:\/\/sapbologna.it\/fr\/wp-json\/wp\/v2\/product\/6099","targetHints":{"allow":["GET"]}}],"collection":[{"href":"https:\/\/sapbologna.it\/fr\/wp-json\/wp\/v2\/product"}],"about":[{"href":"https:\/\/sapbologna.it\/fr\/wp-json\/wp\/v2\/types\/product"}],"wp:featuredmedia":[{"embeddable":true,"href":"https:\/\/sapbologna.it\/fr\/wp-json\/wp\/v2\/media\/6102"}],"wp:attachment":[{"href":"https:\/\/sapbologna.it\/fr\/wp-json\/wp\/v2\/media?parent=6099"}],"wp:term":[{"taxonomy":"product_brand","embeddable":true,"href":"https:\/\/sapbologna.it\/fr\/wp-json\/wp\/v2\/product_brand?post=6099"},{"taxonomy":"product_cat","embeddable":true,"href":"https:\/\/sapbologna.it\/fr\/wp-json\/wp\/v2\/product_cat?post=6099"},{"taxonomy":"product_tag","embeddable":true,"href":"https:\/\/sapbologna.it\/fr\/wp-json\/wp\/v2\/product_tag?post=6099"}],"curies":[{"name":"wp","href":"https:\/\/api.w.org\/{rel}","templated":true}]}}