{"id":6069,"date":"2018-09-04T16:00:20","date_gmt":"2018-09-04T16:00:20","guid":{"rendered":"https:\/\/medhit-wp2.it\/sap\/product\/hachoir-a-viande-refrigere-igloo-tcr22-tcr32\/"},"modified":"2026-04-01T10:42:30","modified_gmt":"2026-04-01T10:42:30","slug":"hachoir-a-viande-refrigere-igloo-tcr22-tcr32","status":"publish","type":"product","link":"https:\/\/sapbologna.it\/fr\/produit\/hachoir-a-viande-refrigere-igloo-tcr22-tcr32\/","title":{"rendered":"Hachoir \u00e0 Viande R\u00e9frig\u00e9r\u00e9 Igloo TCR22-TCR32"},"content":{"rendered":"<div class=\"caratteristiche\">\n<p>&nbsp;<\/p>\n<table class=\"table table-striped\">\n<thead>\n<tr>\n<th colspan=\"2\">HACHOIR \u00c0 VIANDE TCR22CE IGLOO<\/th>\n<\/tr>\n<\/thead>\n<tbody>\n<tr>\n<td>Production horaire<\/td>\n<td>280 kg\/h<\/td>\n<\/tr>\n<tr>\n<td>Moteur<\/td>\n<td>1,5 Hp\/1,1 KW \u2013 230\/50 ; 1,5 Hp\/1,1 kW \u2013 V 400\/50<\/td>\n<\/tr>\n<tr>\n<td>Poids net<\/td>\n<td>43 kg<\/td>\n<\/tr>\n<tr>\n<td>Dimension<\/td>\n<td>27X41X54,5 cm<\/td>\n<\/tr>\n<tr>\n<td>Dimension tr\u00e9mie<\/td>\n<td>35X24X4,9 cm<\/td>\n<\/tr>\n<tr>\n<td>Puissance compresseur<\/td>\n<td>GD40MB220-240V,50HZ<\/td>\n<\/tr>\n<tr>\n<td>Gaz R\u00e9frig\u00e9rant<\/td>\n<td>R134A<\/td>\n<\/tr>\n<tr>\n<td>Catalogue produits<\/td>\n<td><a href=\"\/wp-content\/uploads\/2026\/04\/TRITACARNE-REFRIGERATO-TCR22.pdf\" target=\"_blank\" rel=\"noopener\"><img loading=\"lazy\" decoding=\"async\" class=\"alignleft wp-image-3321 size-full\" src=\"https:\/\/sapbologna.it\/wp-content\/uploads\/2018\/09\/download-icon.png\" alt=\"\" width=\"114\" height=\"133\" \/><\/a><\/td>\n<\/tr>\n<\/tbody>\n<\/table>\n<\/div>\n<div class=\"caratteristiche\">\n<p>&nbsp;<\/p>\n<table class=\"table table-striped\" style=\"height: 278px;\" width=\"509\">\n<thead>\n<tr>\n<th colspan=\"2\">HACHOIR \u00c0 VIANDE TCR32CE IGLOO<\/th>\n<\/tr>\n<\/thead>\n<tbody>\n<tr>\n<td>Production horaire<\/td>\n<td>450 kg\/h<\/td>\n<\/tr>\n<tr>\n<td>Moteur<\/td>\n<td>3 Hp\/1,87kW \u2013 V 400\/50<\/td>\n<\/tr>\n<tr>\n<td>Poids net<\/td>\n<td>56 kg<\/td>\n<\/tr>\n<tr>\n<td>Dimension<\/td>\n<td>35X53X55,5cm<\/td>\n<\/tr>\n<tr>\n<td>Dimension tr\u00e9mie<\/td>\n<td>41X31X7,1 cm<\/td>\n<\/tr>\n<tr>\n<td>Puissance compresseur<\/td>\n<td>GD40MB220-240V,50HZ<\/td>\n<\/tr>\n<tr>\n<td>Gaz R\u00e9frig\u00e9rant<\/td>\n<td>R134A<\/td>\n<\/tr>\n<tr>\n<td>Catalogue produits<\/td>\n<td><a href=\"\/wp-content\/uploads\/2026\/04\/TRITACARNE-REFRIGERATO-TCR32.pdf\" target=\"_blank\" rel=\"noopener\"><img loading=\"lazy\" decoding=\"async\" class=\"alignleft wp-image-3321 size-full\" src=\"https:\/\/sapbologna.it\/wp-content\/uploads\/2018\/09\/download-icon.png\" alt=\"\" width=\"114\" height=\"133\" \/><\/a><\/td>\n<\/tr>\n<\/tbody>\n<\/table>\n<\/div>\n","protected":false},"excerpt":{"rendered":"<p>Le hachoir \u00e0 viande enti\u00e8rement r\u00e9alis\u00e9 en acier inox AISI 304 est \u00e9quip\u00e9 d&rsquo;un syst\u00e8me de s\u00e9curit\u00e9 et d&rsquo;un moteur autoventil\u00e9, r\u00e9alis\u00e9 avec des engrenages \u00e0 bain d&rsquo;huile. La machine est conforme \u00e0 toutes les r\u00e9glementations europ\u00e9ennes et internationales concernant l&rsquo;hygi\u00e8ne et la s\u00e9curit\u00e9 : elle permet de transformer les viandes \u00e0 de basses temp\u00e9ratures de mani\u00e8re \u00e0 emp\u00eacher le d\u00e9veloppement des bact\u00e9ries et \u00e0 pr\u00e9server l&rsquo;aspect et les qualit\u00e9s nutritives de la viande. Le syst\u00e8me de coupe est constitu\u00e9 par 1 grille et 1 couteau en acier inox ainsi que par une tr\u00e9mie amovible pour faciliter le nettoyage avec un chiffon humide. Il n&rsquo;est pas n\u00e9cessaire de d\u00e9monter la bouche et de la ranger au r\u00e9frig\u00e9rateur, m\u00eame si la machine n&rsquo;est pas utilis\u00e9e de fa\u00e7on continue. La machine est \u00e9galement \u00e9quip\u00e9e d&rsquo;un compresseur ainsi que d&rsquo;un thermostat et elle utilise un gaz r\u00e9frig\u00e9rant qui n&rsquo;a aucun effet sur l&rsquo;environnement. On fournit \u00e9galement en option un couvercle d&rsquo;isolation de la bouche pour pr\u00e9server la temp\u00e9rature de la viande qu&rsquo;on vient de transformer et l&rsquo;isoler des agents externes.<\/p>\n","protected":false},"featured_media":6072,"template":"","meta":[],"product_brand":[],"product_cat":[286,287],"product_tag":[],"class_list":{"0":"post-6069","1":"product","2":"type-product","3":"status-publish","4":"has-post-thumbnail","6":"product_cat-hachoirs-a-viande-fr","7":"product_cat-tous","8":"item col-md-6 col-sm-6 col-xs-12 mb_50","10":"first","11":"instock","12":"shipping-taxable","13":"product-type-simple"},"_links":{"self":[{"href":"https:\/\/sapbologna.it\/fr\/wp-json\/wp\/v2\/product\/6069","targetHints":{"allow":["GET"]}}],"collection":[{"href":"https:\/\/sapbologna.it\/fr\/wp-json\/wp\/v2\/product"}],"about":[{"href":"https:\/\/sapbologna.it\/fr\/wp-json\/wp\/v2\/types\/product"}],"wp:featuredmedia":[{"embeddable":true,"href":"https:\/\/sapbologna.it\/fr\/wp-json\/wp\/v2\/media\/6072"}],"wp:attachment":[{"href":"https:\/\/sapbologna.it\/fr\/wp-json\/wp\/v2\/media?parent=6069"}],"wp:term":[{"taxonomy":"product_brand","embeddable":true,"href":"https:\/\/sapbologna.it\/fr\/wp-json\/wp\/v2\/product_brand?post=6069"},{"taxonomy":"product_cat","embeddable":true,"href":"https:\/\/sapbologna.it\/fr\/wp-json\/wp\/v2\/product_cat?post=6069"},{"taxonomy":"product_tag","embeddable":true,"href":"https:\/\/sapbologna.it\/fr\/wp-json\/wp\/v2\/product_tag?post=6069"}],"curies":[{"name":"wp","href":"https:\/\/api.w.org\/{rel}","templated":true}]}}