{"id":6049,"date":"2018-09-04T15:47:28","date_gmt":"2018-09-04T15:47:28","guid":{"rendered":"https:\/\/medhit-wp2.it\/sap\/product\/hachoir-a-viande-tc22-tc32\/"},"modified":"2026-04-28T10:14:11","modified_gmt":"2026-04-28T10:14:11","slug":"hachoir-a-viande-tc22-tc32","status":"publish","type":"product","link":"https:\/\/sapbologna.it\/fr\/produit\/hachoir-a-viande-tc22-tc32\/","title":{"rendered":"Hachoir \u00e0 viande TC22-TC32"},"content":{"rendered":"<div class=\"caratteristiche\">\n<p>&nbsp;<\/p>\n<table class=\"table table-striped\">\n<thead>\n<tr>\n<th colspan=\"2\">HACHOIR \u00c0 VIANDE TC22<\/th>\n<\/tr>\n<\/thead>\n<tbody>\n<tr>\n<td>Bouche en acier<\/td>\n<td>Diam. 22 (82 UNGER)<\/td>\n<\/tr>\n<tr>\n<td>Col d&rsquo;entr\u00e9e<\/td>\n<td>Diam. 52<\/td>\n<\/tr>\n<tr>\n<td>Production horaire<\/td>\n<td>kg 300<\/td>\n<\/tr>\n<tr>\n<td>Moteur<\/td>\n<td>kW 1,1 \u2013 hp 1,5 monophas\u00e9<\/td>\n<\/tr>\n<tr>\n<td>Circuit \u00e9lectrique<\/td>\n<td>Carte basse tension 24 V<\/td>\n<\/tr>\n<tr>\n<td>Poids net<\/td>\n<td>39 kg<\/td>\n<\/tr>\n<tr>\n<td>Dimensions<\/td>\n<td>45 x 30 x 36 cm<\/td>\n<\/tr>\n<tr>\n<td>Dimension emballage<\/td>\n<td>60 x 34 x 55 cm<\/td>\n<\/tr>\n<tr>\n<td>Dimensions tr\u00e9mie<\/td>\n<td>39 x 29 x 7 cm<\/td>\n<\/tr>\n<tr>\n<td>Options<\/td>\n<td>TR\u00c9MIE avec microrupteur de s\u00e9curit\u00e9 \u2013 col Diam. 76 S\u00e9rie d&rsquo;entonnoirs pour embosser<\/td>\n<\/tr>\n<tr>\n<td>Options<\/td>\n<td>Bouche UNGER en acier AISI 304 avec 3 grilles (0 mm \u2013 4,5 mm \u2013 8 mm ) et 2 couteaux<\/td>\n<\/tr>\n<tr>\n<td>Catalogue produits<\/td>\n<td><a href=\"\/wp-content\/uploads\/2026\/04\/TRITACARNE-TC22.pdf\" target=\"_blank\" rel=\"noopener noreferrer\"><img loading=\"lazy\" decoding=\"async\" class=\"alignleft wp-image-3321 size-full\" src=\"https:\/\/sapbologna.it\/wp-content\/uploads\/2018\/09\/download-icon.png\" alt=\"\" width=\"114\" height=\"133\" \/><\/a><\/td>\n<\/tr>\n<tr>\n<td>Vue \u00e9clat\u00e9e<\/td>\n<td><a href=\"https:\/\/www.sapbologna.it\/wp-content\/uploads\/2018\/09\/TC22-TQ22-TC32-TQ32_SAP-2.jpg\" target=\"_blank\" rel=\"noopener noreferrer\"><img loading=\"lazy\" decoding=\"async\" class=\"alignleft wp-image-3321 size-full\" src=\"https:\/\/www.sapbologna.it\/wp-content\/uploads\/2018\/09\/download-icon.png\" alt=\"\" width=\"20\" height=\"28\" \/><\/a><\/td>\n<\/tr>\n<tr>\n<td>Pi\u00e8ces de rechange produit<\/td>\n<td><a href=\"https:\/\/www.sapbologna.it\/wp-content\/uploads\/2018\/12\/TC22-TQ224ricambi.pdf\" target=\"_blank\" rel=\"noopener noreferrer\"><img loading=\"lazy\" decoding=\"async\" class=\"alignleft wp-image-3321 size-full\" src=\"https:\/\/www.sapbologna.it\/wp-content\/uploads\/2018\/09\/download-icon.png\" alt=\"\" width=\"20\" height=\"28\" \/><\/a><\/td>\n<\/tr>\n<tr>\n<td>Manuel<\/td>\n<td><a href=\"https:\/\/www.sapbologna.it\/wp-content\/uploads\/2019\/06\/TC-22-32_SAP.pdf\" target=\"_blank\" rel=\"noopener noreferrer\"><img loading=\"lazy\" decoding=\"async\" class=\"alignleft wp-image-3321 size-full\" src=\"https:\/\/www.sapbologna.it\/wp-content\/uploads\/2018\/09\/download-icon.png\" alt=\"\" width=\"20\" height=\"28\" \/><\/a><\/td>\n<\/tr>\n<\/tbody>\n<\/table>\n<\/div>\n<div class=\"caratteristiche\">\n<p>&nbsp;<\/p>\n<table class=\"table table-striped\">\n<thead>\n<tr>\n<th colspan=\"2\">HACHOIR \u00c0 VIANDE TC32<\/th>\n<\/tr>\n<\/thead>\n<tbody>\n<tr>\n<td>Bouche en acier<\/td>\n<td>Diam. 32 (98 UNGER)<\/td>\n<\/tr>\n<tr>\n<td>Col d&rsquo;entr\u00e9e<\/td>\n<td>Diam. 52<\/td>\n<\/tr>\n<tr>\n<td>Production horaire<\/td>\n<td>kg 600<\/td>\n<\/tr>\n<tr>\n<td>Moteur<\/td>\n<td>kW 1,85 \u2013 hp 2,2 monophas\u00e9<\/td>\n<\/tr>\n<tr>\n<td>Circuit \u00e9lectrique<\/td>\n<td>Carte basse tension 24 V<\/td>\n<\/tr>\n<tr>\n<td>Poids net<\/td>\n<td>43 kg<\/td>\n<\/tr>\n<tr>\n<td>Dimensions<\/td>\n<td>47 x 30 x 45 cm<\/td>\n<\/tr>\n<tr>\n<td>Dimension emballage<\/td>\n<td>60 x 34 x 55 cm<\/td>\n<\/tr>\n<tr>\n<td>Options<\/td>\n<td>Bouche UNGER en acier INOX AISI 304 avec trois grilles (0mm \u2013 4,5 mm \u2013 8 mm ) et deux couteaux TR\u00c9MIE avec microrupteur de s\u00e9curit\u00e9 \u2013 col Diam. 76 S\u00e9rie d&rsquo;entonnoirs pour embosser<\/td>\n<\/tr>\n<tr>\n<td>Dimensions emballage<\/td>\n<td>39 x 29 x 7 cm<\/td>\n<\/tr>\n<tr>\n<td>Catalogue produits<\/td>\n<td><a href=\"\/wp-content\/uploads\/2026\/04\/TRITACARNE-TC32.pdf\" target=\"_blank\" rel=\"noopener noreferrer\"><img loading=\"lazy\" decoding=\"async\" class=\"alignleft wp-image-3321 size-full\" src=\"https:\/\/sapbologna.it\/wp-content\/uploads\/2018\/09\/download-icon.png\" alt=\"\" width=\"114\" height=\"133\" \/><\/a><\/td>\n<\/tr>\n<tr>\n<td>Vue \u00e9clat\u00e9e<\/td>\n<td><a href=\"https:\/\/www.sapbologna.it\/wp-content\/uploads\/2018\/09\/TC22-TQ22-TC32-TQ32_SAP-2.jpg\" target=\"_blank\" rel=\"noopener noreferrer\"><img loading=\"lazy\" decoding=\"async\" class=\"alignleft wp-image-3321 size-full\" src=\"https:\/\/www.sapbologna.it\/wp-content\/uploads\/2018\/09\/download-icon.png\" alt=\"\" width=\"20\" height=\"28\" \/><\/a><\/td>\n<\/tr>\n<tr>\n<td>Pi\u00e8ces de rechange produit<\/td>\n<td><a href=\"https:\/\/www.sapbologna.it\/wp-content\/uploads\/2018\/12\/TC22-TQ224ricambi.pdf\" target=\"_blank\" rel=\"noopener noreferrer\"><img loading=\"lazy\" decoding=\"async\" class=\"alignleft wp-image-3321 size-full\" src=\"https:\/\/www.sapbologna.it\/wp-content\/uploads\/2018\/09\/download-icon.png\" alt=\"\" width=\"20\" height=\"28\" \/><\/a><\/td>\n<\/tr>\n<tr>\n<td>Manuel<\/td>\n<td><a href=\"https:\/\/www.sapbologna.it\/wp-content\/uploads\/2019\/06\/TC-22-32_SAP.pdf\" target=\"_blank\" rel=\"noopener noreferrer\"><img loading=\"lazy\" decoding=\"async\" class=\"alignleft wp-image-3321 size-full\" src=\"https:\/\/www.sapbologna.it\/wp-content\/uploads\/2018\/09\/download-icon.png\" alt=\"\" width=\"20\" height=\"28\" \/><\/a><\/td>\n<\/tr>\n<\/tbody>\n<\/table>\n<\/div>\n","protected":false},"excerpt":{"rendered":"<p data-start=\"2229\" data-end=\"2921\">Structure en alliage fondu, enti\u00e8rement rev\u00eatue d\u2019acier inox AISI 304. Moteurs autoventil\u00e9s \u00e0 usage intermittent, r\u00e9alis\u00e9s avec 4 engrenages en acier tremp\u00e9 contenus dans une bo\u00eete \u00e9tanche \u00e0 bain d\u2019huile. Tr\u00e9mie et bac \u00e0 viande en inox. L\u2019option du microrupteur sur la tr\u00e9mie, sur demande, comporte un col d\u2019entr\u00e9e plus large \u00d8 76 et une tr\u00e9mie avec dispositif de protection de la main et microrupteur de s\u00e9curit\u00e9, qui garantit une augmentation de la production \u00e0 l\u2019heure de 35%. La simple rotation d\u2019un levier permet de d\u00e9saccoupler le groupe de hachage enti\u00e8rement r\u00e9alis\u00e9 en acier inox AISI 304. On peut nettoyer ais\u00e9ment chaque partie de la machine avec un chiffon humide.<\/p>\n<p data-start=\"2923\" data-end=\"3286\"><strong data-start=\"2923\" data-end=\"2936\">S\u00c9CURIT\u00c9:<\/strong> Conformes aux r\u00e9glementations europ\u00e9ennes et internationales. Machine relevant de l\u2019annexe IV-D.M.: 96\/37\/CE. Moteur et commandes IP68, avec inverseurs de marche et bouche d\u2019introduction \u00e0 la viande conforme \u00e0 la r\u00e9glementation CE. Appareil de classe 1 avec carte en basse tension 24 V (norme N.V.R.). Temps maximum d\u2019utilisation continuatif 15 min.<\/p>\n","protected":false},"featured_media":6054,"template":"","meta":[],"product_brand":[],"product_cat":[286,287],"product_tag":[],"class_list":{"0":"post-6049","1":"product","2":"type-product","3":"status-publish","4":"has-post-thumbnail","6":"product_cat-hachoirs-a-viande-fr","7":"product_cat-tous","8":"item col-md-6 col-sm-6 col-xs-12 mb_50","10":"first","11":"instock","12":"shipping-taxable","13":"product-type-simple"},"_links":{"self":[{"href":"https:\/\/sapbologna.it\/fr\/wp-json\/wp\/v2\/product\/6049","targetHints":{"allow":["GET"]}}],"collection":[{"href":"https:\/\/sapbologna.it\/fr\/wp-json\/wp\/v2\/product"}],"about":[{"href":"https:\/\/sapbologna.it\/fr\/wp-json\/wp\/v2\/types\/product"}],"wp:featuredmedia":[{"embeddable":true,"href":"https:\/\/sapbologna.it\/fr\/wp-json\/wp\/v2\/media\/6054"}],"wp:attachment":[{"href":"https:\/\/sapbologna.it\/fr\/wp-json\/wp\/v2\/media?parent=6049"}],"wp:term":[{"taxonomy":"product_brand","embeddable":true,"href":"https:\/\/sapbologna.it\/fr\/wp-json\/wp\/v2\/product_brand?post=6049"},{"taxonomy":"product_cat","embeddable":true,"href":"https:\/\/sapbologna.it\/fr\/wp-json\/wp\/v2\/product_cat?post=6049"},{"taxonomy":"product_tag","embeddable":true,"href":"https:\/\/sapbologna.it\/fr\/wp-json\/wp\/v2\/product_tag?post=6049"}],"curies":[{"name":"wp","href":"https:\/\/api.w.org\/{rel}","templated":true}]}}