{"id":6021,"date":"2018-09-04T15:24:06","date_gmt":"2018-09-04T15:24:06","guid":{"rendered":"https:\/\/medhit-wp2.it\/sap\/product\/hachoir-a-viande-tc32p\/"},"modified":"2018-12-15T14:53:59","modified_gmt":"2018-12-15T14:53:59","slug":"hachoir-a-viande-tc32p","status":"publish","type":"product","link":"https:\/\/sapbologna.it\/fr\/produit\/hachoir-a-viande-tc32p\/","title":{"rendered":"Hachoir \u00e0 viande TC32P"},"content":{"rendered":"<div class=\"clearfix\"><\/div>\n<div class=\"caratteristiche\">\n<table class=\"table table-striped\">\n<thead>\n<tr>\n<th colspan=\"2\">HACHOIR \u00c0 VIANDE TC32 P CE<\/th>\n<\/tr>\n<\/thead>\n<tbody>\n<tr>\n<td>Bouche<\/td>\n<td>32 enterprise<\/td>\n<\/tr>\n<tr>\n<td>Col d&rsquo;entr\u00e9e<\/td>\n<td>Diam. 52 cm \u2013 P76 avec protection des mains plus microrupteur de s\u00e9curit\u00e9 codifi\u00e9<\/td>\n<\/tr>\n<tr>\n<td>Production horaire<\/td>\n<td>600 kg\/h<\/td>\n<\/tr>\n<tr>\n<td>Puissance moteur<\/td>\n<td>hp 2 \u2013 kW 1,5 \u2013 triphas\u00e9 hp 1,5 \u2013 kW 1,1 monophas\u00e9 \u2013 une phase<\/td>\n<\/tr>\n<tr>\n<td>Poids net<\/td>\n<td>34\u00a0kg<\/td>\n<\/tr>\n<tr>\n<td>Dimension<\/td>\n<td>70 x 28 x 43 cm<\/td>\n<\/tr>\n<tr>\n<td>Dimension emballage<\/td>\n<td>60 x 35 x 55 cm<\/td>\n<\/tr>\n<tr>\n<td>Catalogue produits<\/td>\n<td><a href=\"..\/..\/..\/wp-content\/uploads\/2018\/09\/TC32P.pdf\" target=\"_blank\" rel=\"noopener\"><img loading=\"lazy\" decoding=\"async\" class=\"alignleft wp-image-3321 size-full\" src=\"https:\/\/www.sapbologna.it\/wp-content\/uploads\/2018\/09\/download-icon.png\" alt=\"\" width=\"20\" height=\"28\" \/><\/a><\/td>\n<\/tr>\n<\/tbody>\n<\/table>\n<table class=\"table table-striped\">\n<thead>\n<tr>\n<th colspan=\"2\">HACHOIR \u00c0 VIANDE TC32 P EX<\/th>\n<\/tr>\n<\/thead>\n<tbody>\n<tr>\n<td>Bouche<\/td>\n<td>32 enterprise<\/td>\n<\/tr>\n<tr>\n<td>Col d&rsquo;entr\u00e9e<\/td>\n<td>Diam. 76 cm<\/td>\n<\/tr>\n<tr>\n<td>Production horaire<\/td>\n<td>600 kg\/h<\/td>\n<\/tr>\n<tr>\n<td>Puissance moteur<\/td>\n<td>hp 2 \u2013 kW 1,5 \u2013 triphas\u00e9 hp 1,5 \u2013 kW 1,1 monophas\u00e9 \u2013 une phase<\/td>\n<\/tr>\n<tr>\n<td>Poids net<\/td>\n<td>34\u00a0kg<\/td>\n<\/tr>\n<tr>\n<td>Dimension<\/td>\n<td>70 x 28 x 43 cm<\/td>\n<\/tr>\n<tr>\n<td>Dimension emballage<\/td>\n<td>60 x 35 x 55 cm<\/td>\n<\/tr>\n<tr>\n<td>Catalogue produits<\/td>\n<td><a href=\"..\/..\/..\/wp-content\/uploads\/2018\/09\/TC32P.pdf\" target=\"_blank\" rel=\"noopener\"><img loading=\"lazy\" decoding=\"async\" class=\"alignleft wp-image-3321 size-full\" src=\"https:\/\/www.sapbologna.it\/wp-content\/uploads\/2018\/09\/download-icon.png\" alt=\"\" width=\"20\" height=\"28\" \/><\/a><\/td>\n<\/tr>\n<\/tbody>\n<\/table>\n<\/div>\n","protected":false},"excerpt":{"rendered":"<p>Le hachoir \u00e0 viande TC32P est<strong> \u00e9quip\u00e9 d&rsquo;un groupe de hachage externe en inox, tr\u00e9mie en acier inox avec protection des mains, inversion de marche et motor\u00e9ducteur d\u00e9couvert<\/strong>. Possibilit\u00e9 de d\u00e9monter la tr\u00e9mie pour faciliter et acc\u00e9l\u00e9rer les op\u00e9rations de nettoyage.<\/p>\n<p>Le syst\u00e8me de coupe est constitu\u00e9 par une<strong> h\u00e9lice, un couteau, une grille et un volant.<\/strong> La machine est \u00e9galement \u00e9quip\u00e9e d&rsquo;une base sur quatre pieds en plastique.<\/p>\n","protected":false},"featured_media":6026,"template":"","meta":[],"product_brand":[],"product_cat":[286,287],"product_tag":[],"class_list":{"0":"post-6021","1":"product","2":"type-product","3":"status-publish","4":"has-post-thumbnail","6":"product_cat-hachoirs-a-viande-fr","7":"product_cat-tous","8":"item col-md-6 col-sm-6 col-xs-12 mb_50","10":"first","11":"instock","12":"shipping-taxable","13":"product-type-simple"},"_links":{"self":[{"href":"https:\/\/sapbologna.it\/fr\/wp-json\/wp\/v2\/product\/6021","targetHints":{"allow":["GET"]}}],"collection":[{"href":"https:\/\/sapbologna.it\/fr\/wp-json\/wp\/v2\/product"}],"about":[{"href":"https:\/\/sapbologna.it\/fr\/wp-json\/wp\/v2\/types\/product"}],"wp:featuredmedia":[{"embeddable":true,"href":"https:\/\/sapbologna.it\/fr\/wp-json\/wp\/v2\/media\/6026"}],"wp:attachment":[{"href":"https:\/\/sapbologna.it\/fr\/wp-json\/wp\/v2\/media?parent=6021"}],"wp:term":[{"taxonomy":"product_brand","embeddable":true,"href":"https:\/\/sapbologna.it\/fr\/wp-json\/wp\/v2\/product_brand?post=6021"},{"taxonomy":"product_cat","embeddable":true,"href":"https:\/\/sapbologna.it\/fr\/wp-json\/wp\/v2\/product_cat?post=6021"},{"taxonomy":"product_tag","embeddable":true,"href":"https:\/\/sapbologna.it\/fr\/wp-json\/wp\/v2\/product_tag?post=6021"}],"curies":[{"name":"wp","href":"https:\/\/api.w.org\/{rel}","templated":true}]}}