{"id":6011,"date":"2018-09-04T15:20:17","date_gmt":"2018-09-04T15:20:17","guid":{"rendered":"https:\/\/medhit-wp2.it\/sap\/product\/hachoirs-a-viande-tc12p-tc22p\/"},"modified":"2026-04-28T09:51:28","modified_gmt":"2026-04-28T09:51:28","slug":"hachoirs-a-viande-tc12p-tc22p","status":"publish","type":"product","link":"https:\/\/sapbologna.it\/fr\/produit\/hachoirs-a-viande-tc12p-tc22p\/","title":{"rendered":"Hachoirs \u00e0 viande TC12P \u2013 TC22P"},"content":{"rendered":"<div class=\"caratteristiche\">\n<table class=\"table table-striped\">\n<thead>\n<tr>\n<th colspan=\"2\">HACHOIR \u00c0 VIANDE TC12P<\/th>\n<\/tr>\n<\/thead>\n<tbody>\n<tr>\n<td>Bouche en Acier<\/td>\n<td>\u00d8 70<\/td>\n<\/tr>\n<tr>\n<td>Col d&rsquo;Entr\u00e9e<\/td>\n<td>\u00d8 52<\/td>\n<\/tr>\n<tr>\n<td>Production Horaire<\/td>\n<td>100 Kg<\/td>\n<\/tr>\n<tr>\n<td>Poids<\/td>\n<td>21 Kg<\/td>\n<\/tr>\n<tr>\n<td>Puissance moteur<\/td>\n<td>kW 0,75 &#8211; hp 1<\/td>\n<\/tr>\n<tr>\n<td>Puissance moteur<\/td>\n<td>4,5 mm<\/td>\n<\/tr>\n<tr>\n<td>Dimensions<\/td>\n<td>42 x 26 x 48 cm<\/td>\n<\/tr>\n<tr>\n<td>Dimension emballage<\/td>\n<td>60 x 34 x 55 cm<\/td>\n<\/tr>\n<tr>\n<td>Options<\/td>\n<td>S\u00e9rie d&rsquo;entonnoirs pour embosser<\/td>\n<\/tr>\n<tr>\n<td>Catalogue produits<\/td>\n<td><a href=\"\/wp-content\/uploads\/2026\/04\/TRITACARNE-TC12P.pdf\" target=\"_blank\" rel=\"noopener noreferrer\"><img loading=\"lazy\" decoding=\"async\" class=\"alignleft wp-image-3321 size-full\" src=\"https:\/\/sapbologna.it\/wp-content\/uploads\/2018\/09\/download-icon.png\" alt=\"\" width=\"114\" height=\"133\" \/><\/a><\/td>\n<\/tr>\n<tr>\n<td>Vue \u00e9clat\u00e9e<\/td>\n<td><a href=\"\/wp-content\/uploads\/2026\/04\/TC12P-TC22P.pdf\" target=\"_blank\" rel=\"noopener noreferrer\"><img loading=\"lazy\" decoding=\"async\" class=\"alignleft wp-image-3321 size-full\" src=\"https:\/\/sapbologna.it\/wp-content\/uploads\/2018\/09\/download-icon.png\" alt=\"\" width=\"114\" height=\"133\" \/><\/a><\/td>\n<\/tr>\n<tr>\n<td>Pi\u00e8ces de rechange produit<\/td>\n<td><a href=\"..\/..\/..\/wp-content\/uploads\/2018\/09\/TC12P-INOX.pdf\" target=\"_blank\" rel=\"noopener noreferrer\"><img loading=\"lazy\" decoding=\"async\" class=\"alignleft wp-image-3321 size-full\" src=\"https:\/\/www.sapbologna.it\/wp-content\/uploads\/2018\/09\/download-icon.png\" alt=\"\" width=\"20\" height=\"28\" \/><\/a><\/td>\n<\/tr>\n<\/tbody>\n<\/table>\n<\/div>\n<p>&nbsp;<\/p>\n<div class=\"caratteristiche\">\n<table class=\"table table-striped\">\n<thead>\n<tr>\n<th colspan=\"2\">HACHOIR \u00c0 VIANDE TC22P<\/th>\n<\/tr>\n<\/thead>\n<tbody>\n<tr>\n<td>Bouche en acier<\/td>\n<td>\u00d8 82<\/td>\n<\/tr>\n<tr>\n<td>Col d&rsquo;entr\u00e9e<\/td>\n<td>\u00d8 52<\/td>\n<\/tr>\n<tr>\n<td>Production horaire<\/td>\n<td>Kg. 250<\/td>\n<\/tr>\n<tr>\n<td>Poids<\/td>\n<td>Kg. 32<\/td>\n<\/tr>\n<tr>\n<td>Puissance moteur<\/td>\n<td>kW 1,1- hp 1,5<\/td>\n<\/tr>\n<tr>\n<td>Trous grille standard<\/td>\n<td>4,5 mm<\/td>\n<\/tr>\n<tr>\n<td>Dimensions<\/td>\n<td>46 x 28 x 52 cm<\/td>\n<\/tr>\n<tr>\n<td>Dimension emballage<\/td>\n<td>60 x 34 x 55 cm<\/td>\n<\/tr>\n<tr>\n<td>Options<\/td>\n<td>S\u00e9rie d&rsquo;entonnoirs pour embosser<\/td>\n<\/tr>\n<tr>\n<td>Catalogue produits<\/td>\n<td><a href=\"\/wp-content\/uploads\/2026\/04\/TRITACARNE-TC22P.pdf\" target=\"_blank\" rel=\"noopener noreferrer\"><img loading=\"lazy\" decoding=\"async\" class=\"alignleft wp-image-3321 size-full\" src=\"https:\/\/sapbologna.it\/wp-content\/uploads\/2018\/09\/download-icon.png\" alt=\"\" width=\"114\" height=\"133\" \/><\/a><\/td>\n<\/tr>\n<tr>\n<td>Vue \u00e9clat\u00e9e<\/td>\n<td><a href=\"\/wp-content\/uploads\/2026\/04\/TC12P-TC22P.pdf\" target=\"_blank\" rel=\"noopener noreferrer\"><img loading=\"lazy\" decoding=\"async\" class=\"alignleft wp-image-3321 size-full\" src=\"https:\/\/sapbologna.it\/wp-content\/uploads\/2018\/09\/download-icon.png\" alt=\"\" width=\"114\" height=\"133\" \/><\/a><\/td>\n<\/tr>\n<tr>\n<td>Pi\u00e8ces de rechange produit<\/td>\n<td><a href=\"..\/..\/..\/wp-content\/uploads\/2018\/09\/TC-22P.pdf\" target=\"_blank\" rel=\"noopener noreferrer\"><img loading=\"lazy\" decoding=\"async\" class=\"alignleft wp-image-3321 size-full\" src=\"https:\/\/www.sapbologna.it\/wp-content\/uploads\/2018\/09\/download-icon.png\" alt=\"\" width=\"20\" height=\"28\" \/><\/a><\/td>\n<\/tr>\n<\/tbody>\n<\/table>\n<\/div>\n","protected":false},"excerpt":{"rendered":"<div class=\"testo\">\n<p>Les hachoirs \u00e0 viande TC12P\/CE et TC22P\/CE sont constitu\u00e9s par<strong> le corps, un groupe de hachage, un bac et une tr\u00e9mie en acier inox<\/strong>.<br \/>\nLes machines sont \u00e9quip\u00e9es d&rsquo;un inverseur de marche et d&rsquo;une carte \u00e9lectronique 24 V.<br \/>\nIls sont simples \u00e0 utiliser et \u00e0 nettoyer car le groupe de hachage et facile \u00e0 d\u00e9monter et toutes les parties peuvent \u00eatre nettoy\u00e9es avec un chiffon humide.<\/p>\n<p><strong>Instrument id\u00e9al pour le hachage des viandes<\/strong> en g\u00e9n\u00e9ral avec, sur demande, des entonnoirs pour l&#8217;embossage des saucisses.<\/p>\n<\/div>\n","protected":false},"featured_media":6016,"template":"","meta":[],"product_brand":[],"product_cat":[286,287],"product_tag":[],"class_list":{"0":"post-6011","1":"product","2":"type-product","3":"status-publish","4":"has-post-thumbnail","6":"product_cat-hachoirs-a-viande-fr","7":"product_cat-tous","8":"item col-md-6 col-sm-6 col-xs-12 mb_50","10":"first","11":"instock","12":"shipping-taxable","13":"product-type-simple"},"_links":{"self":[{"href":"https:\/\/sapbologna.it\/fr\/wp-json\/wp\/v2\/product\/6011","targetHints":{"allow":["GET"]}}],"collection":[{"href":"https:\/\/sapbologna.it\/fr\/wp-json\/wp\/v2\/product"}],"about":[{"href":"https:\/\/sapbologna.it\/fr\/wp-json\/wp\/v2\/types\/product"}],"wp:featuredmedia":[{"embeddable":true,"href":"https:\/\/sapbologna.it\/fr\/wp-json\/wp\/v2\/media\/6016"}],"wp:attachment":[{"href":"https:\/\/sapbologna.it\/fr\/wp-json\/wp\/v2\/media?parent=6011"}],"wp:term":[{"taxonomy":"product_brand","embeddable":true,"href":"https:\/\/sapbologna.it\/fr\/wp-json\/wp\/v2\/product_brand?post=6011"},{"taxonomy":"product_cat","embeddable":true,"href":"https:\/\/sapbologna.it\/fr\/wp-json\/wp\/v2\/product_cat?post=6011"},{"taxonomy":"product_tag","embeddable":true,"href":"https:\/\/sapbologna.it\/fr\/wp-json\/wp\/v2\/product_tag?post=6011"}],"curies":[{"name":"wp","href":"https:\/\/api.w.org\/{rel}","templated":true}]}}