{"id":5647,"date":"2018-12-14T10:27:50","date_gmt":"2018-12-14T10:27:50","guid":{"rendered":"https:\/\/medhit-wp2.it\/sap\/?page_id=5647"},"modified":"2026-04-27T08:24:13","modified_gmt":"2026-04-27T08:24:13","slug":"certifications","status":"publish","type":"page","link":"https:\/\/sapbologna.it\/fr\/certifications\/","title":{"rendered":"certifications"},"content":{"rendered":"<p><section class=\"kc-elm kc-css-98530 kc_row\"><div class=\"kc-row-container  kc-container\"><div class=\"kc-wrap-columns\"><div class=\"kc-elm kc-css-988788 kc_col-sm-12 kc_column kc_col-sm-12\"><div class=\"kc-col-container\"><div class=\"kc-elm kc-css-283964 kc_text_block\"><\/p>\n<p>Les instituts <b>KIWA<\/b>\u00a0et <strong>ICE<\/strong> ont certifi\u00e9 la <strong>pleine conformit\u00e9<\/strong> de nos machines pour la transformation des aliments, aux r\u00e9glementations europ\u00e9ennes et internationales les plus strictes, en mati\u00e8re d&#039;<strong>hygi\u00e8ne<\/strong> et de <strong>s\u00e9curit\u00e9<\/strong>.<\/p>\n<\/p>\n<p>\n<\/div><div class=\"kc-elm kc-css-549478 kc_text_block\"><\/p>\n<p>Ils attestent la qualit\u00e9 globale de la conception, de la fabrication et de la commercialisation des machines et encouragent l&#039;<strong>am\u00e9lioration continue<\/strong>.<\/p>\n<p>\n<\/div><\/div><\/div><\/div><\/div><\/section><section id=\"brand-icon\" class=\"kc-elm kc-css-485319 kc_row\"><div class=\"kc-row-container  kc-container\"><div class=\"kc-wrap-columns\"><div class=\"kc-elm kc-css-295229 kc_col-sm-12 kc_column kc_col-sm-12\"><div class=\"kc-col-container\"><div id=\"ice-desktop\" class=\"kc-elm kc-css-564202 kc_row kc_row_inner brand-row\"><div class=\"kc-elm kc-css-344036 kc_col-sm-6 kc_column_inner kc_col-sm-6\"><div class=\"kc_wrapper kc-col-inner-container\"><div class=\"kc-elm kc-css-300499 kc_text_block\"><\/p>\n<p style=\"margin: 0px; text-align: center;\"><img decoding=\"async\" class=\"img-responsive img-inline\" src=\"https:\/\/www.sapbologna.it\/wp-content\/uploads\/2018\/09\/istituto-certificazione-europea-ICE.png\" \/><strong>EN 12268:2010<\/strong><\/p>\n<p>\n<\/div><\/div><\/div><div class=\"kc-elm kc-css-821454 kc_col-sm-6 kc_column_inner kc_col-sm-6\"><div class=\"kc_wrapper kc-col-inner-container\"><div class=\"kc-elm kc-css-738108 kc_text_block\"><\/p>\n<p style=\"margin: 0px; text-align: center;\"><img decoding=\"async\" class=\"img-responsive img-inline\" src=\"https:\/\/www.sapbologna.it\/wp-content\/uploads\/2018\/09\/istituto-certificazione-europea-ICE.png\" \/><strong>CEI EN 60204-1:2006<\/strong><\/p>\n<p>\n<\/div><\/div><\/div><\/div><div id=\"ice-mobile\" class=\"kc-elm kc-css-58902 kc_row kc_row_inner\"><div class=\"kc-elm kc-css-390501 kc_col-sm-12 kc_column_inner kc_col-sm-12\"><div class=\"kc_wrapper kc-col-inner-container\"><div class=\"kc-elm kc-css-\u00bb197317&Prime; kc_row kc_row_inner\"><div class=\"kc-elm kc-css-\u00bb74018&Prime; kc_col-sm-1 kc_column_inner kc_col-sm-1\"><div class=\"kc_wrapper kc-col-inner-container\"><div class=\"kc-elm kc-css-853497 kc_shortcode kc_single_image\">\n\n        <img decoding=\"async\" src=\"https:\/\/sapbologna.it\/wp-content\/uploads\/2018\/09\/istituto-certificazione-europea-ICE.png\" class=\"\" alt=\"\" \/>    <\/div>\n<\/div><\/div><\/div><div class=\"kc-elm kc-css-\u00bb609979&Prime; kc_row kc_row_inner\"><div class=\"kc-elm kc-css-\u00bb390578&Prime; kc_col-sm-1 kc_column_inner kc_col-sm-1\"><div class=\"kc_wrapper kc-col-inner-container\"><div class=\"kc-elm kc-css-129397 kc_text_block\"><\/p>\n<p style=\"margin: 0px; text-align: center;\"><strong>EN 12268:2010<\/strong><\/p>\n<p>\n<\/div><\/div><\/div><div class=\"kc-elm kc-css-\u00bb922085&Prime; kc_col-sm-1 kc_column_inner kc_col-sm-1\"><div class=\"kc_wrapper kc-col-inner-container\"><div class=\"kc-elm kc-css-545480 kc_text_block\"><\/p>\n<p style=\"margin: 0px; text-align: center;\"><strong>CEI EN 60204-1:2006<\/strong><\/p>\n<p>\n<\/div><\/div><\/div><\/div><\/div><\/div><\/div><div class=\"kc-elm kc-css-140888 kc_row kc_row_inner brand-row\"><div class=\"kc-elm kc-css-337985 kc_col-sm-12 kc_column_inner kc_col-sm-12\"><div class=\"kc_wrapper kc-col-inner-container\"><div id=\"jmsbrand-box\" class=\"kc-elm kc-css-477219\">\n\t<div class=\"brand-carousel-1079243008 owl-carousel owl-theme\" data-carousel='{\"selector\": \".brand-carousel-1079243008\", &quot;itemDesktop&quot;: &quot;4&quot;, &quot;itemMedium&quot;: &quot;4&quot;, &quot;itemTablet&quot;: &quot;4&quot;, &quot;itemMobile&quot;: &quot;4&quot;, &quot;navigation&quot;: false, &quot;pagination&quot;: false, &quot;autoplay&quot;: false, &quot;autoplayTimeout&quot;: &quot;4000&quot;, &quot;loop&quot;: true}'>\n\t\t\t\t\t<div class=\"item tc\">\n\t            <img decoding=\"async\" src=\"https:\/\/sapbologna.it\/wp-content\/uploads\/2026\/02\/ANCCP-LOGO.png\" alt=\"\" class=\"img-responsive\">\n\t        <\/div>\n\t\t\t\t\t\t<div class=\"item tc\">\n\t            <img decoding=\"async\" src=\"https:\/\/sapbologna.it\/wp-content\/uploads\/2018\/09\/Logo-Anima.png\" alt=\"\" class=\"img-responsive\">\n\t        <\/div>\n\t\t\t\t\t\t<div class=\"item tc\">\n\t            <img decoding=\"async\" src=\"https:\/\/sapbologna.it\/wp-content\/uploads\/2018\/09\/Logo-Uni.png\" alt=\"\" class=\"img-responsive\">\n\t        <\/div>\n\t\t\t\t\t\t<div class=\"item tc\">\n\t            <img decoding=\"async\" src=\"https:\/\/sapbologna.it\/wp-content\/uploads\/2018\/09\/Logo-kiwa.png\" alt=\"\" class=\"img-responsive\">\n\t        <\/div>\n\t\t\t\t<\/div>\n<\/div><\/div><\/div><\/div><div class=\"kc-elm kc-css-613366 kc_shortcode kc_single_image\">\n\n        <img decoding=\"async\" src=\"https:\/\/sapbologna.it\/wp-content\/uploads\/2023\/11\/Screenshot-2023-11-02-alle-17.41.58.png\" class=\"\" alt=\"\" \/>    <\/div>\n<\/div><\/div><\/div><\/div><\/section><\/p>\n","protected":false},"excerpt":{"rendered":"","protected":false},"author":1,"featured_media":0,"parent":0,"menu_order":0,"comment_status":"closed","ping_status":"closed","template":"","meta":{"footnotes":""},"class_list":["post-5647","page","type-page","status-publish","hentry","item col-md-6 col-sm-6 col-xs-12 mb_50"],"_links":{"self":[{"href":"https:\/\/sapbologna.it\/fr\/wp-json\/wp\/v2\/pages\/5647","targetHints":{"allow":["GET"]}}],"collection":[{"href":"https:\/\/sapbologna.it\/fr\/wp-json\/wp\/v2\/pages"}],"about":[{"href":"https:\/\/sapbologna.it\/fr\/wp-json\/wp\/v2\/types\/page"}],"author":[{"embeddable":true,"href":"https:\/\/sapbologna.it\/fr\/wp-json\/wp\/v2\/users\/1"}],"replies":[{"embeddable":true,"href":"https:\/\/sapbologna.it\/fr\/wp-json\/wp\/v2\/comments?post=5647"}],"version-history":[{"count":10,"href":"https:\/\/sapbologna.it\/fr\/wp-json\/wp\/v2\/pages\/5647\/revisions"}],"predecessor-version":[{"id":9758,"href":"https:\/\/sapbologna.it\/fr\/wp-json\/wp\/v2\/pages\/5647\/revisions\/9758"}],"wp:attachment":[{"href":"https:\/\/sapbologna.it\/fr\/wp-json\/wp\/v2\/media?parent=5647"}],"curies":[{"name":"wp","href":"https:\/\/api.w.org\/{rel}","templated":true}]}}