{"id":5607,"date":"2018-12-14T10:19:40","date_gmt":"2018-12-14T10:19:40","guid":{"rendered":"https:\/\/medhit-wp2.it\/sap\/qui-nous-sommes\/"},"modified":"2026-03-16T13:00:14","modified_gmt":"2026-03-16T13:00:14","slug":"qui-nous-sommes","status":"publish","type":"page","link":"https:\/\/sapbologna.it\/fr\/qui-nous-sommes\/","title":{"rendered":"Qui nous sommes"},"content":{"rendered":"<p><section class=\"kc-elm kc-css-204748 kc_row\"><div class=\"kc-row-container  kc-container\"><div class=\"kc-wrap-columns\"><div id=\"col-sx\" class=\"kc-elm kc-css-653526 kc_col-sm-3 kc_column kc_col-sm-3\"><div class=\"kc-col-container\"><div class=\"kc-elm kc-css-212161 kc_text_block intro-p\"><\/p>\n<p style=\"text-align: left;\"><strong>Qui est Sap Bologna?<\/strong> Avant d&rsquo;\u00eatre une entreprise, nous sommes une \u00e9quipe soud\u00e9e qui, chaque jour, met toute son \u00e9nergie \u00e0 faire un travail m\u00e9ritant d&rsquo;\u00eatre reconnu, au niveau international, comme un travail excellent. Le s\u00e9rieux qui nous distingue depuis plus de 45 ans nous a permis de nous tailler une place d&rsquo;exception aux quatre coins du globe: de l&rsquo;Europe \u00e0 l&rsquo;Am\u00e9rique du Sud, de l&rsquo;Afrique au Moyen-Orient, de la Russie \u00e0 la Chine.<\/p>\n<p>\n<\/div><\/div><\/div><div id=\"col-dx\" class=\"kc-elm kc-css-107926 kc_col-sm-9 kc_column kc_col-sm-9\"><div class=\"kc-col-container\"><div class=\"kc-elm kc-css-928261 kc-raw-code\"><iframe loading=\"lazy\" width=\"560\" height=\"315\" src=\"https:\/\/www.youtube.com\/embed\/qpvROMqSTz0?si=lpyQ2zcNrnjT3VYC\" title=\"YouTube video player\" frameborder=\"0\" allow=\"accelerometer; autoplay; clipboard-write; encrypted-media; gyroscope; picture-in-picture; web-share\" referrerpolicy=\"strict-origin-when-cross-origin\" allowfullscreen><\/iframe><\/div><\/div><\/div><\/div><\/div><\/section><section class=\"kc-elm kc-css-316236 kc_row\"><div class=\"kc-row-container  kc-container\"><div class=\"kc-wrap-columns\"><div class=\"kc-elm kc-css-786402 kc_col-sm-12 kc_column kc_col-sm-12\"><div class=\"kc-col-container\"><div class=\"kc-elm kc-css-149063 kc_text_block intro-s-p\"><\/p>\n<p>Notre gamme de <strong>machines<\/strong> est enti\u00e8rement fabriqu\u00e9e avec des mat\u00e9riaux made in Italy (<strong>aluminium<\/strong> et <strong>acier inoxydable<\/strong>) et est r\u00e9alis\u00e9e artisanalement par nos ouvriers qui, avec attention et passion, prennent soin de chaque pi\u00e8ce.<\/p>\n<\/p>\n<p>\n<\/div><div class=\"kc-elm kc-css-508222 kc_text_block intro-t-p\"><\/p>\n<p data-start=\"513\" data-end=\"906\">Notre si\u00e8ge social est situ\u00e9 dans la province de Bologne, \u00e0 Ozzano dell&rsquo;Emilia, dans une structure moderne et fonctionnelle caract\u00e9ris\u00e9e par une superficie de <strong>2300 m2<\/strong>. Et ce n&rsquo;est pas tout. <strong>80 kilowatts<\/strong> de panneaux photovolta\u00efques sur le toit de notre usine favorisent l&rsquo;efficacit\u00e9 \u00e9nerg\u00e9tique et la protection de l&rsquo;environnement.<\/p>\n<\/p>\n<p>\n<\/div><div class=\"kc-elm kc-css-324839 kc_text_block\"><\/p>\n<div class=\"pointer-events-none h-px w-px absolute bottom-0\" aria-hidden=\"true\" data-edge=\"true\">\u00a0<\/div>\n<div class=\"flex flex-col text-sm pb-25\">\n<article class=\"text-token-text-primary w-full focus:outline-none &#091;--shadow-height:45px&#093; has-data-writing-block:pointer-events-none has-data-writing-block:-mt-(--shadow-height) has-data-writing-block:pt-(--shadow-height) &#091;&amp;:has(&#091;data-writing-block&#093;)&gt;*&#093;:pointer-events-auto scroll-mt-&#091;calc(var(--header-height)+min(200px,max(70px,20svh)))&#093;\" dir=\"auto\" tabindex=\"-1\" data-turn-id=\"request-WEB:96b253a6-3f5a-4580-8643-3a2a7ca5792f-3\" data-testid=\"conversation-turn-8\" data-scroll-anchor=\"true\" data-turn=\"assistant\">\n<div class=\"text-base my-auto mx-auto pb-10 &#091;--thread-content-margin:var(--thread-content-margin-xs,calc(var(--spacing)*4))&#093; @w-sm\/main:&#091;--thread-content-margin:var(--thread-content-margin-sm,calc(var(--spacing)*6))&#093; @w-lg\/main:&#091;--thread-content-margin:var(--thread-content-margin-lg,calc(var(--spacing)*16))&#093; px-(--thread-content-margin)\">\n<div class=\"&#091;--thread-content-max-width:40rem&#093; @w-lg\/main:&#091;--thread-content-max-width:48rem&#093; mx-auto max-w-(--thread-content-max-width) flex-1 group\/turn-messages focus-visible:outline-hidden relative flex w-full min-w-0 flex-col agent-turn\" tabindex=\"-1\">\n<div class=\"flex max-w-full flex-col gap-4 grow\">\n<div class=\"min-h-8 text-message relative flex w-full flex-col items-end gap-2 text-start break-words whitespace-normal &#091;.text-message+&amp;&#093;:mt-1\" dir=\"auto\" data-message-author-role=\"assistant\" data-message-id=\"5f743247-1094-495d-a76a-43ead6b36047\" data-message-model-slug=\"gpt-5-3\">\n<div class=\"flex w-full flex-col gap-1 empty:hidden\">\n<div class=\"markdown prose dark:prose-invert w-full wrap-break-word dark markdown-new-styling\">\n<p data-start=\"908\" data-end=\"1355\">\u00ab Nous sommes une machine, c&rsquo;est le cas de le dire \u2013 affirme <strong>Ivana Scattolini<\/strong>, directrice g\u00e9n\u00e9rale de l&rsquo;entreprise \u2013 qui ne s&rsquo;arr\u00eate jamais. Nous r\u00e9fl\u00e9chissons rapidement et nous agissons en gardant \u00e0 l&rsquo;esprit les changements rapides et continus que conna\u00eet notre march\u00e9 de r\u00e9f\u00e9rence. Nous sommes satisfaits et fiers de nos produits et des garanties qu&rsquo;ils offrent, notamment en termes d&rsquo;hygi\u00e8ne et de s\u00e9curit\u00e9 \u00bb. La qualit\u00e9 globale de la conception, de la fabrication et de la commercialisation de nos machines nous pousse \u00e0 nous am\u00e9liorer continuellement.<\/p>\n<\/div>\n<\/div>\n<\/div>\n<\/div>\n<div class=\"z-0 flex min-h-&#091;46px&#093; justify-start\">\u00a0<\/div>\n<div class=\"mt-3 w-full empty:hidden\">\n<div class=\"text-center\">\u00a0<\/div>\n<\/div>\n<\/div>\n<\/div>\n<\/article>\n<\/div>\n<p>\n<\/div><\/div><\/div><\/div><\/div><\/section><section class=\"kc-elm kc-css-610897 kc_row\"><div class=\"kc-row-container  kc-container\"><div class=\"kc-wrap-columns\"><div class=\"kc-elm kc-css-645060 kc_col-sm-12 kc_column kc_col-sm-12\"><div class=\"kc-col-container\"><div class=\"kc-image-gallery kc-elm kc-css-672294\">\n<div class=\"kc_image_gallery kc-carousel-image kc-grid \" data-image_masonry=\"yes\">\n<div class=\"item-grid grid-4\"><a class=\"kc-image-link kc-pretty-photo\" data-lightbox=\"kc-lightbox\" rel=\"kc-pretty-photo[11566766]\" href=\"https:\/\/sapbologna.it\/wp-content\/uploads\/2018\/09\/foto2.jpg\"><img decoding=\"async\" src=\"https:\/\/sapbologna.it\/wp-content\/uploads\/2018\/09\/foto2-400x400xc.jpg\" alt=\"Azienda SAP\"\/><div class=\"kc-image-overlay\"><i class=\"pe-7s-search\"><\/i><\/div><\/a><\/div><div class=\"item-grid grid-4\"><a class=\"kc-image-link kc-pretty-photo\" data-lightbox=\"kc-lightbox\" rel=\"kc-pretty-photo[11566766]\" href=\"https:\/\/sapbologna.it\/wp-content\/uploads\/2018\/09\/foto1.jpg\"><img decoding=\"async\" src=\"https:\/\/sapbologna.it\/wp-content\/uploads\/2018\/09\/foto1-400x400xc.jpg\" alt=\"Azienda SAP\"\/><div class=\"kc-image-overlay\"><i class=\"pe-7s-search\"><\/i><\/div><\/a><\/div><div class=\"item-grid grid-4\"><a class=\"kc-image-link kc-pretty-photo\" data-lightbox=\"kc-lightbox\" rel=\"kc-pretty-photo[11566766]\" href=\"https:\/\/sapbologna.it\/wp-content\/uploads\/2018\/09\/foto4.jpg\"><img decoding=\"async\" src=\"https:\/\/sapbologna.it\/wp-content\/uploads\/2018\/09\/foto4-400x400xc.jpg\" alt=\"Azienda SAP\"\/><div class=\"kc-image-overlay\"><i class=\"pe-7s-search\"><\/i><\/div><\/a><\/div><div class=\"item-grid grid-4\"><a class=\"kc-image-link kc-pretty-photo\" data-lightbox=\"kc-lightbox\" rel=\"kc-pretty-photo[11566766]\" href=\"https:\/\/sapbologna.it\/wp-content\/uploads\/2018\/09\/foto5.jpg\"><img decoding=\"async\" src=\"https:\/\/sapbologna.it\/wp-content\/uploads\/2018\/09\/foto5-400x400xc.jpg\" alt=\"Magazzino azienda SAP\"\/><div class=\"kc-image-overlay\"><i class=\"pe-7s-search\"><\/i><\/div><\/a><\/div><\/div>\n<\/div><\/div><\/div><\/div><\/div><\/section><\/p>\n","protected":false},"excerpt":{"rendered":"","protected":false},"author":1,"featured_media":0,"parent":0,"menu_order":0,"comment_status":"closed","ping_status":"closed","template":"","meta":{"footnotes":""},"class_list":["post-5607","page","type-page","status-publish","hentry","item col-md-6 col-sm-6 col-xs-12 mb_50"],"_links":{"self":[{"href":"https:\/\/sapbologna.it\/fr\/wp-json\/wp\/v2\/pages\/5607","targetHints":{"allow":["GET"]}}],"collection":[{"href":"https:\/\/sapbologna.it\/fr\/wp-json\/wp\/v2\/pages"}],"about":[{"href":"https:\/\/sapbologna.it\/fr\/wp-json\/wp\/v2\/types\/page"}],"author":[{"embeddable":true,"href":"https:\/\/sapbologna.it\/fr\/wp-json\/wp\/v2\/users\/1"}],"replies":[{"embeddable":true,"href":"https:\/\/sapbologna.it\/fr\/wp-json\/wp\/v2\/comments?post=5607"}],"version-history":[{"count":15,"href":"https:\/\/sapbologna.it\/fr\/wp-json\/wp\/v2\/pages\/5607\/revisions"}],"predecessor-version":[{"id":9162,"href":"https:\/\/sapbologna.it\/fr\/wp-json\/wp\/v2\/pages\/5607\/revisions\/9162"}],"wp:attachment":[{"href":"https:\/\/sapbologna.it\/fr\/wp-json\/wp\/v2\/media?parent=5607"}],"curies":[{"name":"wp","href":"https:\/\/api.w.org\/{rel}","templated":true}]}}