{"id":5240,"date":"2018-09-04T14:43:45","date_gmt":"2018-09-04T14:43:45","guid":{"rendered":"https:\/\/medhit-wp2.it\/sap\/contatti\/"},"modified":"2026-02-23T10:12:18","modified_gmt":"2026-02-23T10:12:18","slug":"contatti","status":"publish","type":"page","link":"https:\/\/sapbologna.it\/fr\/contatti\/","title":{"rendered":"Contacts"},"content":{"rendered":"<p><section class=\"kc-elm kc-css-819187 kc_row\"><div class=\"kc-row-container  kc-container\"><div class=\"kc-wrap-columns\"><div class=\"kc-elm kc-css-717269 kc_col-sm-12 kc_column kc_col-sm-12\"><div class=\"kc-col-container\"><div class=\"kc-elm kc-css-766911 kc_row kc_row_inner\"><div class=\"kc-elm kc-css-828972 kc_col-sm-5 kc_column_inner kc_col-sm-5\"><div class=\"kc_wrapper kc-col-inner-container\"><div class=\"kc-elm kc-css-\u00bb472753&Prime; kc_row kc_row_inner\"><div class=\"kc-elm kc-css-\u00bb886614&Prime; kc_col-sm-1 kc_column_inner kc_col-sm-1 \u00bbcol-dx\"><div class=\"kc_wrapper kc-col-inner-container\"><div class=\"kc-elm kc-css-472551 kc_text_block\"><\/p>\n<p><strong>SAP SRL<\/strong><\/p>\n<p><strong>Production de machines alimentaires<\/strong><\/p>\n<p>Via Nobel 7\/11\/11a,<br \/>Z.I. 1\u00b0 Maggio, 40064,<br \/>Ozzano dell\u2019Emilia (Bo) Italia<\/p>\n<p>(+39) <a href=\"tel:+39051796872\">051.796872<\/a><\/p>\n<p>(+39) <a href=\"tel:+390516552287\">051.6552287<\/a><\/p>\n<p><a href=\"mailto:sap@sapbologna.it\">sap@sapbologna.it<\/a><\/p>\n<p><a href=\"mailto:ivana.scattolini@sapbologna.it\">ivana.scattolini@sapbologna.it<\/a><\/p>\n<p><a href=\"mailto:amministrazione@sapbologna.it\">amministrazione@sapbologna.it<\/a><\/p>\n<p><a href=\"mailto:business@sapbologna.it\">business@sapbologna.it<\/a><\/p>\n<p>\n<\/div><div class=\"kc-elm kc-css-192431 kc-raw-code\"><a href=\"https:\/\/www.facebook.com\/SAPMACCHINEALIMENTARI\" target=\"_blank\"><i class=\"fa fa-facebook\" aria-hidden=\"true\"><\/i><\/a>\r\n<a href=\"https:\/\/www.instagram.com\/sap_bologna2017\/\" target=\"_blank\"><i class=\"fa fa-instagram\" aria-hidden=\"true\"><\/i><\/a>\r\n<a href=\"https:\/\/www.youtube.com\/channel\/UCmJV3LCPusCeQE_BEg4ehSg\" target=\"_blank\"><img decoding=\"async\" class=\"youtube\" src=\"https:\/\/medhit-wp.it\/sap\/wp-content\/uploads\/2018\/09\/youtube.png\" alt=\"\"><\/a><\/div><\/div><\/div><\/div><\/div><\/div><div class=\"kc-elm kc-css-270034 kc_col-sm-7 kc_column_inner kc_col-sm-7\"><div class=\"kc_wrapper kc-col-inner-container\"><div class=\"kc-elm kc-css-574269 kc-raw-code\"><iframe loading=\"lazy\" src=\"https:\/\/maps.google.it\/maps?ie=UTF8&amp;cid=109121054631158099&amp;q=SAP+srl+-+produzione+macchine+alimentari&amp;gl=IT&amp;hl=it&amp;t=m&amp;ll=44.445117,11.492279&amp;spn=0.009008,0.012617&amp;z=16&amp;iwloc=A&amp;output=embed\" frameborder=\"0\" marginwidth=\"0\" marginheight=\"0\" scrolling=\"no\" width=\"100%\" height=\"486\"><\/iframe><\/div><\/div><\/div><\/div><\/div><\/div><\/div><\/div><\/section><section id=\"come-raggiungerci\" class=\"kc-elm kc-css-17693 kc_row\"><div class=\"kc-row-container  kc-container\"><div class=\"kc-wrap-columns\"><div class=\"kc-elm kc-css-562953 kc_col-sm-12 kc_column kc_col-sm-12\"><div class=\"kc-col-container\"><div class=\"kc-elm kc-css-563237 kc_row kc_row_inner\"><div class=\"kc-elm kc-css-742350 kc_col-sm-1 kc_column_inner kc_col-sm-1 col-sn\"><div class=\"kc_wrapper kc-col-inner-container\"><div class=\"kc-elm kc-css-756785 kc_shortcode kc_single_image\">\n\n        <img decoding=\"async\" src=\"https:\/\/sapbologna.it\/wp-content\/uploads\/2018\/09\/icona-macchina.png\" class=\"\" alt=\"\" \/>    <\/div>\n<\/div><\/div><div class=\"kc-elm kc-css-808112 kc_col-sm-11 kc_column_inner kc_col-sm-11 col-dx\"><div class=\"kc_wrapper kc-col-inner-container\">\n<div class=\"kc-elm kc-css-710116 kc-title-wrap \">\n\n\t<h6 class=\"kc_title\">COMMENT NOUS REJOINDRE<\/h6>\n<\/div>\n<\/div><\/div><\/div><div class=\"kc-elm kc-css-880002 kc_row kc_row_inner\"><div class=\"kc-elm kc-css-119635 kc_col-sm-6 kc_column_inner kc_col-sm-6\"><div class=\"kc_wrapper kc-col-inner-container\">\n<div class=\"kc-elm kc-css-681852 kc-title-wrap \">\n\n\t<h6 class=\"kc_title\">AUTOROUTE A14 - SORTIE \u00ab BOLOGNA - S.LAZZARO \u00bb<\/h6>\n<\/div>\n\n<div class=\"kc-elm kc-css-495915 divider_line\">\n\t<div class=\"divider_inner divider_line1\">\n\t\t\t<\/div>\n<\/div>\n<div class=\"kc-elm kc-css-22309 kc_text_block\"><\/p>\n<p>\nSuivre les indications pour la Via Emilia puis tourner \u00e0 gauche en direction d&#039;Imola. Apr\u00e8s Ozzano dell&#039;Emilia, tourner \u00e0 gauche vers la Via Tolara di Sotto. Avant d&#039;arriver \u00e0 mi-chemin sur le pont, tourner \u00e0 gauche et prendre la via Nobel au premier rond-point.<\/p>\n<p>\n<\/div><\/div><\/div><div class=\"kc-elm kc-css-888383 kc_col-sm-6 kc_column_inner kc_col-sm-6\"><div class=\"kc_wrapper kc-col-inner-container\">\n<div class=\"kc-elm kc-css-622142 kc-title-wrap \">\n\n\t<h6 class=\"kc_title\">AUTOROUTE A14 - SORTIE \u00ab CASTEL SAN PIETRO TERME \u00bb<\/h6>\n<\/div>\n\n<div class=\"kc-elm kc-css-276805 divider_line\">\n\t<div class=\"divider_inner divider_line1\">\n\t\t\t<\/div>\n<\/div>\n<div class=\"kc-elm kc-css-552628 kc_text_block\"><\/p>\n<p>\nSuivre les indications pour la Via Emilia puis tourner \u00e0 droite en direction de Bologne. Apr\u00e8s Osteria Grande, tourner \u00e0 gauche vers la Via Tolara di Sotto. Avant d&#039;arriver \u00e0 mi-chemin sur le pont, tourner \u00e0 gauche et prendre la via Nobel au premier rond-point.<\/p>\n<p>\n<\/div><\/div><\/div><\/div><\/div><\/div><\/div><\/div><\/section><\/p>\n","protected":false},"excerpt":{"rendered":"","protected":false},"author":1,"featured_media":0,"parent":0,"menu_order":0,"comment_status":"closed","ping_status":"closed","template":"","meta":{"footnotes":""},"class_list":["post-5240","page","type-page","status-publish","hentry","item col-md-6 col-sm-6 col-xs-12 mb_50"],"_links":{"self":[{"href":"https:\/\/sapbologna.it\/fr\/wp-json\/wp\/v2\/pages\/5240","targetHints":{"allow":["GET"]}}],"collection":[{"href":"https:\/\/sapbologna.it\/fr\/wp-json\/wp\/v2\/pages"}],"about":[{"href":"https:\/\/sapbologna.it\/fr\/wp-json\/wp\/v2\/types\/page"}],"author":[{"embeddable":true,"href":"https:\/\/sapbologna.it\/fr\/wp-json\/wp\/v2\/users\/1"}],"replies":[{"embeddable":true,"href":"https:\/\/sapbologna.it\/fr\/wp-json\/wp\/v2\/comments?post=5240"}],"version-history":[{"count":53,"href":"https:\/\/sapbologna.it\/fr\/wp-json\/wp\/v2\/pages\/5240\/revisions"}],"predecessor-version":[{"id":8769,"href":"https:\/\/sapbologna.it\/fr\/wp-json\/wp\/v2\/pages\/5240\/revisions\/8769"}],"wp:attachment":[{"href":"https:\/\/sapbologna.it\/fr\/wp-json\/wp\/v2\/media?parent=5240"}],"curies":[{"name":"wp","href":"https:\/\/api.w.org\/{rel}","templated":true}]}}