{"id":9761,"date":"2020-01-10T16:10:09","date_gmt":"2020-01-10T16:10:09","guid":{"rendered":"https:\/\/sapbologna.it\/?post_type=product&#038;p=9761"},"modified":"2026-04-27T12:17:35","modified_gmt":"2026-04-27T12:17:35","slug":"maquina-para-la-produccion-de-pasta-fresca","status":"publish","type":"product","link":"https:\/\/sapbologna.it\/es\/producto\/maquina-para-la-produccion-de-pasta-fresca\/","title":{"rendered":"M\u00e1quina para la producci\u00f3n de pasta fresca"},"content":{"rendered":"","protected":false},"excerpt":{"rendered":"<p>M\u00e1quina para amasado de masa con huevo y extrusi\u00f3n en varios formatos. Hace todo por s\u00ed mismo: basta con introducir los ingredientes y en pocos minutos la pasta est\u00e1 lista en los tipos y formatos deseados. La m\u00e1quina garantiza la m\u00e1xima higiene, de hecho las partes en contacto con la mezcla, f\u00e1cilmente extra\u00edbles para la limpieza, est\u00e1n construidas en acero inoxidable. Construcci\u00f3n met\u00e1lica, con movimientos sobre rodamientos de bolas y lubricaci\u00f3n de por vida, pr\u00e1cticamente sin mantenimiento. Todos los modelos est\u00e1n fabricados seg\u00fan las normas de seguridad nacionales y extranjeras vigentes.<\/p>\n<p>&nbsp;<\/p>\n<p><a href=\"\/wp-content\/uploads\/2026\/02\/MACCHINA-PER-LA-PRODUZIONE-DI-PASTA-FRESCA.pdf\" target=\"_blank\" rel=\"noopener noreferrer\"><input style=\"color: #ffffff; background-color: #0e8241;\" name=\"button\" type=\"submit\" value=\"M\u00e1quina para la producci\u00f3n de pasta fresca\" \/><\/a><\/p>\n","protected":false},"featured_media":7611,"template":"","meta":[],"product_brand":[],"product_cat":[309,317],"product_tag":[],"class_list":{"0":"post-9761","1":"product","2":"type-product","3":"status-publish","4":"has-post-thumbnail","6":"product_cat-todos","7":"product_cat-pasta-fresca-es","8":"item col-md-6 col-sm-6 col-xs-12 mb_50","10":"first","11":"instock","12":"shipping-taxable","13":"product-type-simple"},"_links":{"self":[{"href":"https:\/\/sapbologna.it\/es\/wp-json\/wp\/v2\/product\/9761","targetHints":{"allow":["GET"]}}],"collection":[{"href":"https:\/\/sapbologna.it\/es\/wp-json\/wp\/v2\/product"}],"about":[{"href":"https:\/\/sapbologna.it\/es\/wp-json\/wp\/v2\/types\/product"}],"wp:featuredmedia":[{"embeddable":true,"href":"https:\/\/sapbologna.it\/es\/wp-json\/wp\/v2\/media\/7611"}],"wp:attachment":[{"href":"https:\/\/sapbologna.it\/es\/wp-json\/wp\/v2\/media?parent=9761"}],"wp:term":[{"taxonomy":"product_brand","embeddable":true,"href":"https:\/\/sapbologna.it\/es\/wp-json\/wp\/v2\/product_brand?post=9761"},{"taxonomy":"product_cat","embeddable":true,"href":"https:\/\/sapbologna.it\/es\/wp-json\/wp\/v2\/product_cat?post=9761"},{"taxonomy":"product_tag","embeddable":true,"href":"https:\/\/sapbologna.it\/es\/wp-json\/wp\/v2\/product_tag?post=9761"}],"curies":[{"name":"wp","href":"https:\/\/api.w.org\/{rel}","templated":true}]}}