{"id":8352,"date":"2023-06-20T08:18:04","date_gmt":"2023-06-20T08:18:04","guid":{"rendered":"https:\/\/sapbologna.it\/?post_type=product&#038;p=8352"},"modified":"2026-03-12T10:51:33","modified_gmt":"2026-03-12T10:51:33","slug":"segaossa-variante-di-colore-rosso","status":"publish","type":"product","link":"https:\/\/sapbologna.it\/es\/producto\/segaossa-variante-di-colore-rosso\/","title":{"rendered":"Segaossa variante di colore rosso"},"content":{"rendered":"<div class=\"caratteristiche\">\n<p>&nbsp;<\/p>\n<table class=\"table table-striped\">\n<thead>\n<tr>\n<th colspan=\"2\">CORTADORA DE HUESOS SO-SM 1550<\/th>\n<\/tr>\n<\/thead>\n<tbody>\n<tr>\n<td>Longitud hoja<\/td>\n<td>1550 mm<\/td>\n<\/tr>\n<tr>\n<td>Altura de corte<\/td>\n<td>250 mm<\/td>\n<\/tr>\n<tr>\n<td>Superficie de trabajo<\/td>\n<td>330 x 330 mm<\/td>\n<\/tr>\n<tr>\n<td>Motor<\/td>\n<td>kW 0,75 &#8211; hp 1,00 230V &#8211; 50 Hz \/ 230\u00f7400 V &#8211; 50 Hz<\/td>\n<\/tr>\n<tr>\n<td>Instalaci\u00f3n el\u00e9ctrica<\/td>\n<td>Tarjeta de baja tensi\u00f3n 24 V<\/td>\n<\/tr>\n<tr>\n<td>Peso<\/td>\n<td>Kg. 34<\/td>\n<\/tr>\n<tr>\n<td>Dimensiones<\/td>\n<td>44 x 37 x 81 cm<\/td>\n<\/tr>\n<tr>\n<td>Dimensiones embalaje<\/td>\n<td>90 x 52 x 40 cm<\/td>\n<\/tr>\n<tr>\n<td>Opcional<\/td>\n<td>Caballete inoxidable (75 x 50 x 35 cm) Versi\u00f3n anodizada o pintada<\/td>\n<\/tr>\n<tr>\n<td>Altura \u00fatil de corte<\/td>\n<td>150 mm<\/td>\n<\/tr>\n<tr>\n<td>Anchura de corte<\/td>\n<td>170 mm<\/td>\n<\/tr>\n<tr>\n<td>Opcional<\/td>\n<td>LAS M\u00c1QUINAS PUEDEN SER EN LA VERSI\u00d3N ANODIZADA O PINTADA<\/td>\n<\/tr>\n<tr>\n<td>\u00f8 Polea<\/td>\n<td>\u00d8 190<\/td>\n<\/tr>\n<tr>\n<td>Cat\u00e1logo de producto<\/td>\n<td><a href=\"\/wp-content\/uploads\/2026\/03\/SEGAOSSA-SO-SM-1550-CE.pdf\" target=\"_blank\" rel=\"noopener\"><img loading=\"lazy\" decoding=\"async\" class=\"alignleft wp-image-3321 size-full\" src=\"https:\/\/sapbologna.it\/wp-content\/uploads\/2018\/09\/download-icon.png\" alt=\"\" width=\"114\" height=\"133\" \/><\/a><\/td>\n<\/tr>\n<tr>\n<td>Despiezo<\/td>\n<td><a href=\"..\/..\/..\/wp-content\/uploads\/2018\/09\/SO-1550-1830-2020.pdf\" target=\"_blank\" rel=\"noopener\"><img loading=\"lazy\" decoding=\"async\" class=\"alignleft wp-image-3321 size-full\" src=\"https:\/\/www.sapbologna.it\/wp-content\/uploads\/2018\/09\/download-icon.png\" alt=\"\" width=\"20\" height=\"28\" \/><\/a><\/td>\n<\/tr>\n<tr>\n<td>Repuestos de producto<\/td>\n<td><a href=\"..\/..\/..\/wp-content\/uploads\/2018\/09\/SO1550L-RIC.pdf\" target=\"_blank\" rel=\"noopener\"><img loading=\"lazy\" decoding=\"async\" class=\"alignleft wp-image-3321 size-full\" src=\"https:\/\/www.sapbologna.it\/wp-content\/uploads\/2018\/09\/download-icon.png\" alt=\"\" width=\"20\" height=\"28\" \/><\/a><\/td>\n<\/tr>\n<\/tbody>\n<\/table>\n<\/div>\n<div class=\"caratteristiche\">\n<p>&nbsp;<\/p>\n<table class=\"table table-striped\">\n<thead>\n<tr>\n<th colspan=\"2\">CORTADORA DE HUESOS SO-SM 1830<\/th>\n<\/tr>\n<\/thead>\n<tbody>\n<tr>\n<td>Longitud hoja<\/td>\n<td>1830 mm<\/td>\n<\/tr>\n<tr>\n<td>Altura de corte<\/td>\n<td>320 mm<\/td>\n<\/tr>\n<tr>\n<td>Superficie de trabajo<\/td>\n<td>410 x 410 mm<\/td>\n<\/tr>\n<tr>\n<td>Motor<\/td>\n<td>kW 0,75 &#8211; hp 1,00 230V &#8211; 50 Hz \/ 230\u00f7400 V &#8211; 50 Hz<\/td>\n<\/tr>\n<tr>\n<td>Instalaci\u00f3n el\u00e9ctrica<\/td>\n<td>Tarjeta de baja tensi\u00f3n 24 V<\/td>\n<\/tr>\n<tr>\n<td>Peso<\/td>\n<td>Kg. 38<\/td>\n<\/tr>\n<tr>\n<td>Dimensiones<\/td>\n<td>53 x 42 x 91 cm<\/td>\n<\/tr>\n<tr>\n<td>Dimensiones embalaje<\/td>\n<td>100 x 53 x 40 cm<\/td>\n<\/tr>\n<tr>\n<td>Opcional<\/td>\n<td>Caballete inoxidable (75 x 50 x 35 cm) Versi\u00f3n anodizada o pintada<\/td>\n<\/tr>\n<tr>\n<td>Altura \u00fatil de corte<\/td>\n<td>225 mm<\/td>\n<\/tr>\n<tr>\n<td>Anchura de corte<\/td>\n<td>200 mm<\/td>\n<\/tr>\n<tr>\n<td>\u00f8 Polea<\/td>\n<td>\u00d8 200<\/td>\n<\/tr>\n<tr>\n<td>Opcional<\/td>\n<td>LAS M\u00c1QUINAS PUEDEN SER EN LA VERSI\u00d3N ANODIZADA O PINTADA<\/td>\n<\/tr>\n<tr>\n<td>Cat\u00e1logo de producto<\/td>\n<td><a href=\"\/wp-content\/uploads\/2026\/03\/SEGAOSSA-SO-SM-1830-CE.pdf\" target=\"_blank\" rel=\"noopener\"><img loading=\"lazy\" decoding=\"async\" class=\"alignleft wp-image-3321 size-full\" src=\"https:\/\/sapbologna.it\/wp-content\/uploads\/2018\/09\/download-icon.png\" alt=\"\" width=\"114\" height=\"133\" \/><\/a><\/td>\n<\/tr>\n<tr>\n<td>Despiezo<\/td>\n<td><a href=\"..\/..\/..\/wp-content\/uploads\/2018\/09\/SO-1550-1830-2020.pdf\" target=\"_blank\" rel=\"noopener\"><img loading=\"lazy\" decoding=\"async\" class=\"alignleft wp-image-3321 size-full\" src=\"https:\/\/www.sapbologna.it\/wp-content\/uploads\/2018\/09\/download-icon.png\" alt=\"\" width=\"20\" height=\"28\" \/><\/a><\/td>\n<\/tr>\n<tr>\n<td>Repuestos de producto<\/td>\n<td><a href=\"..\/..\/..\/wp-content\/uploads\/2018\/09\/SO1830-RIC.pdf\" target=\"_blank\" rel=\"noopener\"><img loading=\"lazy\" decoding=\"async\" class=\"alignleft wp-image-3321 size-full\" src=\"https:\/\/www.sapbologna.it\/wp-content\/uploads\/2018\/09\/download-icon.png\" alt=\"\" width=\"20\" height=\"28\" \/><\/a><\/td>\n<\/tr>\n<\/tbody>\n<\/table>\n<\/div>\n","protected":false},"excerpt":{"rendered":"<div class=\"testo\">\n<p>Una gama completa de cortadoras de huesos compuesta por 2 modelos (peque\u00f1o mod. 1550, grande mod. 1830).<\/p>\n<p><span class=\"testo10\"><strong>TIPO DE USO<\/strong>:<br \/>\nCarnicer\u00edas, pescader\u00edas, restaurantes, comedores, industrias de la carne y del pescado congelado.<\/span><\/p>\n<p><span class=\"testo10\"><strong>HIGI\u00c9NICAS, RESISTENTES Y F\u00c1CILES DE USAR<\/strong>:<br \/>\nM\u00e1quinas conformes con las normativas higi\u00e9nicas internacionales. Cuerpo de la m\u00e1quina de metal fundido acabado con pintura nitro o anodizado. Superficie de trabajo de acero inoxidable, tensores de hoja ajustables, cortador en porciones incorporado..<\/span><\/p>\n<p><span class=\"testo10\"><strong>SEGURAS<\/strong>:<br \/>\nConformes con las m\u00e1s importantes normativas europeas e internacionales. Motor dentro de carcasa con grado de protecci\u00f3n IP 65.<\/span><\/p>\n<\/div>\n","protected":false},"featured_media":7626,"template":"","meta":[],"product_brand":[],"product_cat":[305,309],"product_tag":[],"class_list":{"0":"post-8352","1":"product","2":"type-product","3":"status-publish","4":"has-post-thumbnail","6":"product_cat-cortadoras-de-huesos","7":"product_cat-todos","8":"item col-md-6 col-sm-6 col-xs-12 mb_50","10":"first","11":"instock","12":"shipping-taxable","13":"product-type-simple"},"_links":{"self":[{"href":"https:\/\/sapbologna.it\/es\/wp-json\/wp\/v2\/product\/8352","targetHints":{"allow":["GET"]}}],"collection":[{"href":"https:\/\/sapbologna.it\/es\/wp-json\/wp\/v2\/product"}],"about":[{"href":"https:\/\/sapbologna.it\/es\/wp-json\/wp\/v2\/types\/product"}],"wp:featuredmedia":[{"embeddable":true,"href":"https:\/\/sapbologna.it\/es\/wp-json\/wp\/v2\/media\/7626"}],"wp:attachment":[{"href":"https:\/\/sapbologna.it\/es\/wp-json\/wp\/v2\/media?parent=8352"}],"wp:term":[{"taxonomy":"product_brand","embeddable":true,"href":"https:\/\/sapbologna.it\/es\/wp-json\/wp\/v2\/product_brand?post=8352"},{"taxonomy":"product_cat","embeddable":true,"href":"https:\/\/sapbologna.it\/es\/wp-json\/wp\/v2\/product_cat?post=8352"},{"taxonomy":"product_tag","embeddable":true,"href":"https:\/\/sapbologna.it\/es\/wp-json\/wp\/v2\/product_tag?post=8352"}],"curies":[{"name":"wp","href":"https:\/\/api.w.org\/{rel}","templated":true}]}}