{"id":6440,"date":"2018-09-05T09:53:38","date_gmt":"2018-09-05T09:53:38","guid":{"rendered":"https:\/\/medhit-wp2.it\/sap\/product\/maquina-para-hacer-bistecs-phr-100-phr-130-phr-150\/"},"modified":"2026-02-26T12:35:28","modified_gmt":"2026-02-26T12:35:28","slug":"maquina-para-hacer-bistecs-phr-100-phr-130-phr-150","status":"publish","type":"product","link":"https:\/\/sapbologna.it\/es\/producto\/maquina-para-hacer-bistecs-phr-100-phr-130-phr-150\/","title":{"rendered":"M\u00e1quina para hacer bistecs PHR 100 \u2013 PHR 130 \u2013 PHR 150"},"content":{"rendered":"<div class=\"caratteristiche\">\n<p>&nbsp;<\/p>\n<table class=\"table table-striped\">\n<thead>\n<tr>\n<th colspan=\"2\">M\u00c1QUINA PARA HACER BISTECS PHR 100<\/th>\n<\/tr>\n<\/thead>\n<tbody>\n<tr>\n<td>DIMENSIONES CUBETA<\/td>\n<td>mm 100<\/td>\n<\/tr>\n<tr>\n<td>DIMENSIONES TOTALES<\/td>\n<td>100x170x310mm<\/td>\n<\/tr>\n<tr>\n<td>PESO<\/td>\n<td>4,6 Kg<\/td>\n<\/tr>\n<tr>\n<td>Cat\u00e1logo de producto<\/td>\n<td><a href=\"\/wp-content\/uploads\/2026\/02\/BISTECCATRICE-PHR100.pdf\" target=\"_blank\" rel=\"noopener\"><img loading=\"lazy\" decoding=\"async\" class=\"alignleft wp-image-3321 \" src=\"https:\/\/sapbologna.it\/wp-content\/uploads\/2018\/09\/download-icon.png\" alt=\"\" width=\"21\" height=\"25\" \/><\/a><\/td>\n<\/tr>\n<tr>\n<td>Despiezo<\/td>\n<td><a href=\"..\/..\/..\/wp-content\/uploads\/2018\/09\/esploso_hamburgatrice-ESPLOSO.pdf\" target=\"_blank\" rel=\"noopener\"><img loading=\"lazy\" decoding=\"async\" class=\"alignleft wp-image-3321 size-full\" src=\"https:\/\/www.sapbologna.it\/wp-content\/uploads\/2018\/09\/download-icon.png\" alt=\"\" width=\"20\" height=\"28\" \/><\/a><\/td>\n<\/tr>\n<tr>\n<td>Repuestos de producto<\/td>\n<td><a href=\"..\/..\/..\/wp-content\/uploads\/2018\/09\/hamburgatrice100-130-150itaRICAMBI.pdf\" target=\"_blank\" rel=\"noopener\"><img loading=\"lazy\" decoding=\"async\" class=\"alignleft wp-image-3321 size-full\" src=\"https:\/\/www.sapbologna.it\/wp-content\/uploads\/2018\/09\/download-icon.png\" alt=\"\" width=\"20\" height=\"28\" \/><\/a><\/td>\n<\/tr>\n<\/tbody>\n<\/table>\n<\/div>\n<div class=\"caratteristiche\">\n<p>&nbsp;<\/p>\n<table class=\"table table-striped\">\n<thead>\n<tr>\n<th colspan=\"2\">M\u00c1QUINA PARA HACER BISTECS PHR 130<\/th>\n<\/tr>\n<\/thead>\n<tbody>\n<tr>\n<td>DIMENSIONES CUBETA<\/td>\n<td>mm 130<\/td>\n<\/tr>\n<tr>\n<td>DIMENSIONES TOTALES<\/td>\n<td>130x170x310mm<\/td>\n<\/tr>\n<tr>\n<td>PESO<\/td>\n<td>4,8 Kg<\/td>\n<\/tr>\n<tr>\n<td>Cat\u00e1logo de producto<\/td>\n<td><a href=\"\/wp-content\/uploads\/2026\/02\/BISTECCATRICE-PHR130.pdf\" target=\"_blank\" rel=\"noopener\"><img loading=\"lazy\" decoding=\"async\" class=\"alignleft wp-image-3321 \" src=\"https:\/\/sapbologna.it\/wp-content\/uploads\/2018\/09\/download-icon.png\" alt=\"\" width=\"21\" height=\"25\" \/><\/a><\/td>\n<\/tr>\n<tr>\n<td>Despiezo<\/td>\n<td><a href=\"..\/..\/..\/wp-content\/uploads\/2018\/09\/esploso_hamburgatrice-ESPLOSO.pdf\" target=\"_blank\" rel=\"noopener\"><img loading=\"lazy\" decoding=\"async\" class=\"alignleft wp-image-3321 size-full\" src=\"https:\/\/www.sapbologna.it\/wp-content\/uploads\/2018\/09\/download-icon.png\" alt=\"\" width=\"20\" height=\"28\" \/><\/a><\/td>\n<\/tr>\n<tr>\n<td>Repuestos de producto<\/td>\n<td><a href=\"..\/..\/..\/wp-content\/uploads\/2018\/09\/hamburgatrice100-130-150itaRICAMBI.pdf\" target=\"_blank\" rel=\"noopener\"><img loading=\"lazy\" decoding=\"async\" class=\"alignleft wp-image-3321 size-full\" src=\"https:\/\/www.sapbologna.it\/wp-content\/uploads\/2018\/09\/download-icon.png\" alt=\"\" width=\"20\" height=\"28\" \/><\/a><\/td>\n<\/tr>\n<\/tbody>\n<\/table>\n<\/div>\n<div class=\"caratteristiche\">\n<p>&nbsp;<\/p>\n<table class=\"table table-striped\">\n<thead>\n<tr>\n<th colspan=\"2\">M\u00c1QUINA PARA HACER BISTECS PHR 150<\/th>\n<\/tr>\n<\/thead>\n<tbody>\n<tr>\n<td>DIMENSIONES CUBETA<\/td>\n<td>mm 150<\/td>\n<\/tr>\n<tr>\n<td>DIMENSIONES TOTALES<\/td>\n<td>150x250x240mm<\/td>\n<\/tr>\n<tr>\n<td>PESO<\/td>\n<td>5,0 Kg<\/td>\n<\/tr>\n<tr>\n<td>Cat\u00e1logo de producto<\/td>\n<td><a href=\"\/wp-content\/uploads\/2026\/02\/BISTECCATRICE-PHR150.pdf\" target=\"_blank\" rel=\"noopener\"><img loading=\"lazy\" decoding=\"async\" class=\"alignleft wp-image-3321 \" src=\"https:\/\/sapbologna.it\/wp-content\/uploads\/2018\/09\/download-icon.png\" alt=\"\" width=\"21\" height=\"25\" \/><\/a><\/td>\n<\/tr>\n<tr>\n<td>Despiezo<\/td>\n<td><a href=\"..\/..\/..\/wp-content\/uploads\/2018\/09\/esploso_hamburgatrice-ESPLOSO.pdf\" target=\"_blank\" rel=\"noopener\"><img loading=\"lazy\" decoding=\"async\" class=\"alignleft wp-image-3321 size-full\" src=\"https:\/\/www.sapbologna.it\/wp-content\/uploads\/2018\/09\/download-icon.png\" alt=\"\" width=\"20\" height=\"28\" \/><\/a><\/td>\n<\/tr>\n<tr>\n<td>Repuestos de producto<\/td>\n<td><a href=\"..\/..\/..\/wp-content\/uploads\/2018\/09\/hamburgatrice100-130-150itaRICAMBI.pdf\" target=\"_blank\" rel=\"noopener\"><img loading=\"lazy\" decoding=\"async\" class=\"alignleft wp-image-3321 size-full\" src=\"https:\/\/www.sapbologna.it\/wp-content\/uploads\/2018\/09\/download-icon.png\" alt=\"\" width=\"20\" height=\"28\" \/><\/a><\/td>\n<\/tr>\n<\/tbody>\n<\/table>\n<\/div>\n","protected":false},"excerpt":{"rendered":"<div class=\"testo\">\n<p>M\u00e1quina para hacer bistecs de forma manual fundida en aleaci\u00f3n de aluminio y protegida por oxidaci\u00f3n an\u00f3dica.<\/p>\n<p>&#8211; Di\u00e1metro 100-130-150 con cubeta prensadora de carne de aluminio anodizado y expulsor de acero inoxidable.<\/p>\n<p>&#8211; Contenedor para celof\u00e1n incorporado y discos de celof\u00e1n de muestra.<\/p>\n<p>&#8211; Funcionamiento mediante palanca de mando que permite, de forma sincronizada, la compresi\u00f3n y extracci\u00f3n de la hamburguesa.<\/p>\n<p>&#8211; Limpieza r\u00e1pida por la ausencia en el conjunto de \u00e1ngulos o cavidades.<\/p>\n<p>&#8211; Mantenimiento pr\u00e1cticamente inexistente.<\/p>\n<p>&#8211; Conforme a las normativas internacionales sobre higiene y seguridad.<\/p>\n<p>&#8211; Opcional: discos de celof\u00e1n di\u00e1metro 100-130-150.<\/p>\n<\/div>\n","protected":false},"featured_media":6444,"template":"","meta":[],"product_brand":[],"product_cat":[308,309],"product_tag":[],"class_list":{"0":"post-6440","1":"product","2":"type-product","3":"status-publish","4":"has-post-thumbnail","6":"product_cat-picadora","7":"product_cat-todos","8":"item col-md-6 col-sm-6 col-xs-12 mb_50","10":"first","11":"instock","12":"shipping-taxable","13":"product-type-simple"},"_links":{"self":[{"href":"https:\/\/sapbologna.it\/es\/wp-json\/wp\/v2\/product\/6440","targetHints":{"allow":["GET"]}}],"collection":[{"href":"https:\/\/sapbologna.it\/es\/wp-json\/wp\/v2\/product"}],"about":[{"href":"https:\/\/sapbologna.it\/es\/wp-json\/wp\/v2\/types\/product"}],"wp:featuredmedia":[{"embeddable":true,"href":"https:\/\/sapbologna.it\/es\/wp-json\/wp\/v2\/media\/6444"}],"wp:attachment":[{"href":"https:\/\/sapbologna.it\/es\/wp-json\/wp\/v2\/media?parent=6440"}],"wp:term":[{"taxonomy":"product_brand","embeddable":true,"href":"https:\/\/sapbologna.it\/es\/wp-json\/wp\/v2\/product_brand?post=6440"},{"taxonomy":"product_cat","embeddable":true,"href":"https:\/\/sapbologna.it\/es\/wp-json\/wp\/v2\/product_cat?post=6440"},{"taxonomy":"product_tag","embeddable":true,"href":"https:\/\/sapbologna.it\/es\/wp-json\/wp\/v2\/product_tag?post=6440"}],"curies":[{"name":"wp","href":"https:\/\/api.w.org\/{rel}","templated":true}]}}