{"id":6437,"date":"2018-09-05T09:44:02","date_gmt":"2018-09-05T09:44:02","guid":{"rendered":"https:\/\/medhit-wp2.it\/sap\/product\/ablandadora\/"},"modified":"2026-02-27T09:37:40","modified_gmt":"2026-02-27T09:37:40","slug":"ablandadora","status":"publish","type":"product","link":"https:\/\/sapbologna.it\/es\/producto\/ablandadora\/","title":{"rendered":"Ablandadora"},"content":{"rendered":"<p>&nbsp;<\/p>\n<table class=\"table table-striped\">\n<thead>\n<tr>\n<th colspan=\"2\">Ablandadora<\/th>\n<\/tr>\n<\/thead>\n<tbody>\n<tr>\n<td>HOJA<\/td>\n<td>2&#215;64<\/td>\n<\/tr>\n<tr>\n<td>CAPACIDAD DE CORTE<\/td>\n<td>150&#215;20<\/td>\n<\/tr>\n<tr>\n<td>PESO<\/td>\n<td>20 Kg<\/td>\n<\/tr>\n<tr>\n<td>Spessore massimo \/Maximum Thickness \/ Epaisseur maximum \/ \u041c\u0430\u043a\u0441\u0438\u043c\u0430\u043b\u044c\u043d\u0430\u044f \u0442\u043e\u043b\u0449\u0438\u043d\u0430<\/td>\n<td>20 mm<\/td>\n<\/tr>\n<tr>\n<td>Motore \/ Motor \/\u00a0Motor \/ Moteur \/ \u0414\u0432\u0438\u0433\u0430\u0442\u0435\u043b\u044c<\/td>\n<td>V 400\/50 &#8211; V 230\/50 kW 0,15<\/td>\n<\/tr>\n<tr>\n<td>Dimensioni appoggio \/ Surface Dimensions \/ Dimensions d\u2019appui \/ \u0420\u0430\u0437\u043c\u0435\u0440\u044b \u043e\u043f\u043e\u0440\u044b<\/td>\n<td>16 x 38,5 cm<\/td>\n<\/tr>\n<tr>\n<td>Dimensione \/ Dimension \/ Dimensions \/\u00a0Dimensiones \/ \u0420\u0430\u0437\u043c\u0435\u0440\u044b<\/td>\n<td>44 x 17 x 48 cm<\/td>\n<\/tr>\n<tr>\n<td>Dimensione imballo \/ Package dimension Dimensions emballage \/\u00a0Dimensiones embalaje \/ \u0420\u0430\u0437\u043c\u0435\u0440\u044b \u0443\u043f\u0430\u043a\u043e\u0432\u043a\u0438<\/td>\n<td>50 x 30 x 50 cm<\/td>\n<\/tr>\n<tr>\n<td>Cat\u00e1logo de producto<\/td>\n<td><a href=\"\/wp-content\/uploads\/2026\/02\/INTENERITRICE-INT.pdf\" target=\"_blank\" rel=\"noopener\"><img loading=\"lazy\" decoding=\"async\" class=\"alignleft wp-image-3321 \" src=\"https:\/\/sapbologna.it\/wp-content\/uploads\/2018\/09\/download-icon.png\" alt=\"\" width=\"21\" height=\"25\" \/><\/a><\/td>\n<\/tr>\n<\/tbody>\n<\/table>\n","protected":false},"excerpt":{"rendered":"<p>La ablandadora, con sus 180 microcortes por dec\u00edmetro cuadrado, corta las fibras dejando la carne tierna sin estropearla. Es apta para ablandar lonchas de carne cruda o cocida, pero su uso no es adecuado para carnes con hueso o congeladas.<\/p>\n<p>La m\u00e1quina, provista de una transmisi\u00f3n de engranajes y cuchillas de acero inoxidable que se pueden extraer f\u00e1cilmente, se ajusta a todas las m\u00e1s estrictas normativas CE en materia de seguridad.<\/p>\n<p>La m\u00e1quina est\u00e1 realizada completamente en acero inoxidable AISI 304, no requiere un mantenimiento especial y resulta f\u00e1cil de limpiar.<\/p>\n","protected":false},"featured_media":6439,"template":"","meta":[],"product_brand":[],"product_cat":[308,309],"product_tag":[],"class_list":{"0":"post-6437","1":"product","2":"type-product","3":"status-publish","4":"has-post-thumbnail","6":"product_cat-picadora","7":"product_cat-todos","8":"item col-md-6 col-sm-6 col-xs-12 mb_50","10":"first","11":"instock","12":"shipping-taxable","13":"product-type-simple"},"_links":{"self":[{"href":"https:\/\/sapbologna.it\/es\/wp-json\/wp\/v2\/product\/6437","targetHints":{"allow":["GET"]}}],"collection":[{"href":"https:\/\/sapbologna.it\/es\/wp-json\/wp\/v2\/product"}],"about":[{"href":"https:\/\/sapbologna.it\/es\/wp-json\/wp\/v2\/types\/product"}],"wp:featuredmedia":[{"embeddable":true,"href":"https:\/\/sapbologna.it\/es\/wp-json\/wp\/v2\/media\/6439"}],"wp:attachment":[{"href":"https:\/\/sapbologna.it\/es\/wp-json\/wp\/v2\/media?parent=6437"}],"wp:term":[{"taxonomy":"product_brand","embeddable":true,"href":"https:\/\/sapbologna.it\/es\/wp-json\/wp\/v2\/product_brand?post=6437"},{"taxonomy":"product_cat","embeddable":true,"href":"https:\/\/sapbologna.it\/es\/wp-json\/wp\/v2\/product_cat?post=6437"},{"taxonomy":"product_tag","embeddable":true,"href":"https:\/\/sapbologna.it\/es\/wp-json\/wp\/v2\/product_tag?post=6437"}],"curies":[{"name":"wp","href":"https:\/\/api.w.org\/{rel}","templated":true}]}}