{"id":6434,"date":"2018-09-05T09:41:55","date_gmt":"2018-09-05T09:41:55","guid":{"rendered":"https:\/\/medhit-wp2.it\/sap\/product\/procesadores-de-alimentos-mod-2013-lt3-lt5-lt8\/"},"modified":"2026-02-26T12:57:30","modified_gmt":"2026-02-26T12:57:30","slug":"procesadores-de-alimentos-mod-2013-lt3-lt5-lt8","status":"publish","type":"product","link":"https:\/\/sapbologna.it\/es\/producto\/procesadores-de-alimentos-mod-2013-lt3-lt5-lt8\/","title":{"rendered":"Procesadores de alimentos Mod. 2013 LT3 \u2013 LT5 \u2013 LT8"},"content":{"rendered":"<div id=\"spalla-dx\">\n<div class=\"prodotto\">\n<div class=\"caratteristiche\">\n<p>&nbsp;<\/p>\n<table class=\"table table-striped\">\n<thead>\n<tr>\n<th colspan=\"2\">PROCESADOR DE ALIMENTOS MOD. 2013 LT3<\/th>\n<\/tr>\n<\/thead>\n<tbody>\n<tr>\n<td>Potencia motor monof\u00e1sico 230 V 50 Hz<\/td>\n<td>370 W<\/td>\n<\/tr>\n<tr>\n<td>Medidas exteriores<\/td>\n<td>40 x 32 x 32 cm<\/td>\n<\/tr>\n<tr>\n<td>Peso neto<\/td>\n<td>14 kg<\/td>\n<\/tr>\n<tr>\n<td>Dimensiones cubeta<\/td>\n<td>\u00f8 21 x 11 cm<\/td>\n<\/tr>\n<tr>\n<td>Dimensiones embalaje<\/td>\n<td>47 x 38 x 38 cm<\/td>\n<\/tr>\n<tr>\n<td>Opcional<\/td>\n<td>hoja perforada para montar y amasar<\/td>\n<\/tr>\n<tr>\n<td>Cat\u00e1logo de producto<\/td>\n<td><a href=\"\/wp-content\/uploads\/2026\/02\/CUTTER-2013-LT3-LT5-LT8.pdf\" target=\"_blank\" rel=\"noopener\"><img loading=\"lazy\" decoding=\"async\" class=\"alignleft wp-image-3321 \" src=\"https:\/\/sapbologna.it\/wp-content\/uploads\/2018\/09\/download-icon.png\" alt=\"\" width=\"25\" height=\"29\" \/><\/a><\/td>\n<\/tr>\n<\/tbody>\n<\/table>\n<\/div>\n<div class=\"caratteristiche\">\n<p>&nbsp;<\/p>\n<table class=\"table table-striped\">\n<thead>\n<tr>\n<th colspan=\"2\">PROCESADOR DE ALIMENTOS MOD. 2013 LT5<\/th>\n<\/tr>\n<\/thead>\n<tbody>\n<tr>\n<td>Potencia motor monof\u00e1sico 230 V 50 Hz<\/td>\n<td>750 W<\/td>\n<\/tr>\n<tr>\n<td>Medidas exteriores<\/td>\n<td>56 x 32 x 44 cm<\/td>\n<\/tr>\n<tr>\n<td>Peso netto<\/td>\n<td>30 kg<\/td>\n<\/tr>\n<tr>\n<td>Dimensiones cubeta<\/td>\n<td>\u00f8 21 x 15.5 cm<\/td>\n<\/tr>\n<tr>\n<td>Dimensiones embalaje<\/td>\n<td>63 x 53 x 51 cm<\/td>\n<\/tr>\n<tr>\n<td>Opcional<\/td>\n<td>hoja perforada para montar y amasar<\/td>\n<\/tr>\n<tr>\n<td>Cat\u00e1logo de producto<\/td>\n<td><a href=\"\/wp-content\/uploads\/2026\/02\/CUTTER-2013-LT3-LT5-LT8.pdf\" target=\"_blank\" rel=\"noopener\"><img loading=\"lazy\" decoding=\"async\" class=\"alignleft wp-image-3321 size-full\" src=\"https:\/\/www.sapbologna.it\/wp-content\/uploads\/2018\/09\/download-icon.png\" alt=\"\" width=\"20\" height=\"28\" \/><\/a><\/td>\n<\/tr>\n<\/tbody>\n<\/table>\n<\/div>\n<div class=\"caratteristiche\">\n<p>&nbsp;<\/p>\n<table class=\"table table-striped\">\n<thead>\n<tr>\n<th colspan=\"2\">PROCESADOR DE ALIMENTOS MOD. 2013 LT8<\/th>\n<\/tr>\n<\/thead>\n<tbody>\n<tr>\n<td>Potencia motor monof\u00e1sico 230 V 50 Hz<\/td>\n<td>750 W<\/td>\n<\/tr>\n<tr>\n<td>Medidas exteriores<\/td>\n<td>56 x 32 x 44 cm<\/td>\n<\/tr>\n<tr>\n<td>Peso netto<\/td>\n<td>31 kg<\/td>\n<\/tr>\n<tr>\n<td>Dimensiones cubeta<\/td>\n<td>\u00f8 21 x 23 cm<\/td>\n<\/tr>\n<tr>\n<td>Dimensiones embalaje<\/td>\n<td>63 x 53 x 51 cm<\/td>\n<\/tr>\n<tr>\n<td>Opcional<\/td>\n<td>hoja perforada para montar y amasar<\/td>\n<\/tr>\n<tr>\n<td>Cat\u00e1logo de producto<\/td>\n<td><a href=\"\/wp-content\/uploads\/2026\/02\/CUTTER-2013-LT3-LT5-LT8.pdf\" target=\"_blank\" rel=\"noopener\"><img loading=\"lazy\" decoding=\"async\" class=\"alignleft wp-image-3321 size-full\" src=\"https:\/\/www.sapbologna.it\/wp-content\/uploads\/2018\/09\/download-icon.png\" alt=\"\" width=\"20\" height=\"28\" \/><\/a><\/td>\n<\/tr>\n<\/tbody>\n<\/table>\n<\/div>\n<\/div>\n<\/div>\n<div class=\"clearfix\"><\/div>\n","protected":false},"excerpt":{"rendered":"<p>Dise\u00f1ados y realizados en cumplimiento de las normativas europeas en regla para la certificaci\u00f3n CE, desde hace a\u00f1os son de gran ayuda en las cocinas profesionales. Cubeta distanciada del motor para no calentar los productos elaborados. Velocidad de la cuchilla 1400 rpm, con funci\u00f3n \u00abpulse\u00bb y freno del motor en las versiones de 5 y 8 litros. Son pr\u00e1cticos, ya que son capaces de desmenuzar, cortar y homogeneizar una gran cantidad de productos, reduciendo considerablemente los tiempos de trabajo en la cocina. Son seguros, ya que disponen de mandos de baja tensi\u00f3n de 24 voltios, 1 microinterruptor de seguridad en la tapa y 2 microinterruptores de seguridad en la cubeta. Estructura de aluminio anodizado, cubeta de acero inoxidable y tapa de policarbonato transparente. Se suministra un grupo de cuchilla con hojas afiladas de acero inoxidable. Opcional grupo cuchilla con hojas huecas para mezclar.<\/p>\n","protected":false},"featured_media":6436,"template":"","meta":[],"product_brand":[],"product_cat":[301,309],"product_tag":[],"class_list":{"0":"post-6434","1":"product","2":"type-product","3":"status-publish","4":"has-post-thumbnail","6":"product_cat-cortador","7":"product_cat-todos","8":"item col-md-6 col-sm-6 col-xs-12 mb_50","10":"first","11":"instock","12":"shipping-taxable","13":"product-type-simple"},"_links":{"self":[{"href":"https:\/\/sapbologna.it\/es\/wp-json\/wp\/v2\/product\/6434","targetHints":{"allow":["GET"]}}],"collection":[{"href":"https:\/\/sapbologna.it\/es\/wp-json\/wp\/v2\/product"}],"about":[{"href":"https:\/\/sapbologna.it\/es\/wp-json\/wp\/v2\/types\/product"}],"wp:featuredmedia":[{"embeddable":true,"href":"https:\/\/sapbologna.it\/es\/wp-json\/wp\/v2\/media\/6436"}],"wp:attachment":[{"href":"https:\/\/sapbologna.it\/es\/wp-json\/wp\/v2\/media?parent=6434"}],"wp:term":[{"taxonomy":"product_brand","embeddable":true,"href":"https:\/\/sapbologna.it\/es\/wp-json\/wp\/v2\/product_brand?post=6434"},{"taxonomy":"product_cat","embeddable":true,"href":"https:\/\/sapbologna.it\/es\/wp-json\/wp\/v2\/product_cat?post=6434"},{"taxonomy":"product_tag","embeddable":true,"href":"https:\/\/sapbologna.it\/es\/wp-json\/wp\/v2\/product_tag?post=6434"}],"curies":[{"name":"wp","href":"https:\/\/api.w.org\/{rel}","templated":true}]}}