{"id":6416,"date":"2018-09-05T09:08:56","date_gmt":"2018-09-05T09:08:56","guid":{"rendered":"https:\/\/medhit-wp2.it\/sap\/product\/pelador-de-patatas\/"},"modified":"2026-03-11T13:42:29","modified_gmt":"2026-03-11T13:42:29","slug":"pelador-de-patatas","status":"publish","type":"product","link":"https:\/\/sapbologna.it\/es\/producto\/pelador-de-patatas\/","title":{"rendered":"Pelador de patatas"},"content":{"rendered":"<div class=\"caratteristiche\"><\/div>\n<div class=\"caratteristiche\">\n<p>&nbsp;<\/p>\n<table class=\"table table-striped\">\n<thead>\n<tr>\n<th colspan=\"2\">PELADOR DE PATATAS PL8<\/th>\n<\/tr>\n<\/thead>\n<tbody>\n<tr>\n<td>Material<\/td>\n<td>acero inoxidable<\/td>\n<\/tr>\n<tr>\n<td>Capacidad cubeta<\/td>\n<td>8 kg<\/td>\n<\/tr>\n<tr>\n<td>Producci\u00f3n horaria<\/td>\n<td>200 kg\/h<\/td>\n<\/tr>\n<tr>\n<td>Motor<\/td>\n<td>kW 0,5 V 230\/50Hz O V.230\/400\/50Hz<\/td>\n<\/tr>\n<tr>\n<td>Potencia<\/td>\n<td>0,6 hp<\/td>\n<\/tr>\n<tr>\n<td>Revoluciones motor<\/td>\n<td>1350 RPM 1400 RPM<\/td>\n<\/tr>\n<tr>\n<td>Peso neto<\/td>\n<td>26 kg<\/td>\n<\/tr>\n<tr>\n<td>Peso bruto<\/td>\n<td>30 kg<\/td>\n<\/tr>\n<tr>\n<td>Dimensiones<\/td>\n<td>32 x 42 x 80 cm<\/td>\n<\/tr>\n<tr>\n<td>Dimensiones embalaje<\/td>\n<td>95 x 50 x 45 cm<\/td>\n<\/tr>\n<tr>\n<td>Opciones<\/td>\n<td>carro acero inoxidable<\/td>\n<\/tr>\n<tr>\n<td>Cat\u00e1logo de producto<\/td>\n<td><a href=\"\/wp-content\/uploads\/2026\/03\/PELAPATATE-PL8.pdf\" target=\"_blank\" rel=\"noopener\"><img loading=\"lazy\" decoding=\"async\" class=\"alignleft wp-image-3321 size-full\" src=\"https:\/\/sapbologna.it\/wp-content\/uploads\/2018\/09\/download-icon.png\" alt=\"\" width=\"114\" height=\"133\" \/><\/a><\/td>\n<\/tr>\n<tr>\n<td>Despiezo<\/td>\n<td><a href=\"..\/..\/..\/wp-content\/uploads\/2018\/09\/Esploso-PL-2015.pdf\" target=\"_blank\" rel=\"noopener\"><img loading=\"lazy\" decoding=\"async\" class=\"alignleft wp-image-3321 size-full\" src=\"https:\/\/www.sapbologna.it\/wp-content\/uploads\/2018\/09\/download-icon.png\" alt=\"\" width=\"20\" height=\"28\" \/><\/a><\/td>\n<\/tr>\n<tr>\n<td>Repuestos de producto<\/td>\n<td><a href=\"..\/..\/..\/wp-content\/uploads\/2018\/09\/PL-8-ricambi.pdf \" target=\"_blank\" rel=\"noopener\"><img loading=\"lazy\" decoding=\"async\" class=\"alignleft wp-image-3321 size-full\" src=\"https:\/\/www.sapbologna.it\/wp-content\/uploads\/2018\/09\/download-icon.png\" alt=\"\" width=\"20\" height=\"28\" \/><\/a><\/td>\n<\/tr>\n<\/tbody>\n<\/table>\n<\/div>\n<div class=\"caratteristiche\">\n<p>&nbsp;<\/p>\n<table class=\"table table-striped\">\n<thead>\n<tr>\n<th colspan=\"2\">PELADOR DE PATATAS PL15<\/th>\n<\/tr>\n<\/thead>\n<tbody>\n<tr>\n<td>Material<\/td>\n<td>acero inoxidable<\/td>\n<\/tr>\n<tr>\n<td>Capacidad cubeta<\/td>\n<td>15 kg<\/td>\n<\/tr>\n<tr>\n<td>Producci\u00f3n horaria<\/td>\n<td>450 kg\/h<\/td>\n<\/tr>\n<tr>\n<td>Motor<\/td>\n<td>kW 0,75 V.230\/50Hz O V.230\/400\/50Hz<\/td>\n<\/tr>\n<tr>\n<td>Potencia<\/td>\n<td>1,0 hp<\/td>\n<\/tr>\n<tr>\n<td>Revoluciones motor<\/td>\n<td>1360 RPM 1400 RPM<\/td>\n<\/tr>\n<tr>\n<td>Peso neto<\/td>\n<td>36 kg<\/td>\n<\/tr>\n<tr>\n<td>Peso bruto<\/td>\n<td>40 kg<\/td>\n<\/tr>\n<tr>\n<td>Dimensiones<\/td>\n<td>40 x 50 x 90 cm<\/td>\n<\/tr>\n<tr>\n<td>Dimensiones embalaje<\/td>\n<td>100 x 60 x 55 cm<\/td>\n<\/tr>\n<tr>\n<td>Opciones<\/td>\n<td>carro acero inoxidable<\/td>\n<\/tr>\n<tr>\n<td>Cat\u00e1logo de producto<\/td>\n<td><a href=\"\/wp-content\/uploads\/2026\/03\/PELAPATATE-PL15.pdf\" target=\"_blank\" rel=\"noopener\"><img loading=\"lazy\" decoding=\"async\" class=\"alignleft wp-image-3321 size-full\" src=\"https:\/\/sapbologna.it\/wp-content\/uploads\/2018\/09\/download-icon.png\" alt=\"\" width=\"114\" height=\"133\" \/><\/a><\/td>\n<\/tr>\n<tr>\n<td>Despiezo<\/td>\n<td><a href=\"..\/..\/..\/wp-content\/uploads\/2018\/09\/Esploso-PL-2015.pdf\" target=\"_blank\" rel=\"noopener\"><img loading=\"lazy\" decoding=\"async\" class=\"alignleft wp-image-3321 size-full\" src=\"https:\/\/www.sapbologna.it\/wp-content\/uploads\/2018\/09\/download-icon.png\" alt=\"\" width=\"20\" height=\"28\" \/><\/a><\/td>\n<\/tr>\n<tr>\n<td>Repuestos de producto<\/td>\n<td><a href=\"..\/..\/..\/wp-content\/uploads\/2018\/09\/PL-15-ricambi.pdf \" target=\"_blank\" rel=\"noopener\"><img loading=\"lazy\" decoding=\"async\" class=\"alignleft wp-image-3321 size-full\" src=\"https:\/\/www.sapbologna.it\/wp-content\/uploads\/2018\/09\/download-icon.png\" alt=\"\" width=\"20\" height=\"28\" \/><\/a><\/td>\n<\/tr>\n<\/tbody>\n<\/table>\n<\/div>\n<div class=\"caratteristiche\">\n<p>&nbsp;<\/p>\n<table class=\"table table-striped\">\n<thead>\n<tr>\n<th colspan=\"2\">PELADOR DE PATATAS PL20<\/th>\n<\/tr>\n<\/thead>\n<tbody>\n<tr>\n<td>Material<\/td>\n<td>acero inoxidable<\/td>\n<\/tr>\n<tr>\n<td>Capacidad cubeta<\/td>\n<td>20 kg<\/td>\n<\/tr>\n<tr>\n<td>Producci\u00f3n horaria<\/td>\n<td>550 kg\/h<\/td>\n<\/tr>\n<tr>\n<td>Motor<\/td>\n<td>kW 0,75 V.230\/50Hz o V230\/400\/50Hz<\/td>\n<\/tr>\n<tr>\n<td>Potencia<\/td>\n<td>1,0 hp<\/td>\n<\/tr>\n<tr>\n<td>Revoluciones motor<\/td>\n<td>1360 RPM 1400 RPM<\/td>\n<\/tr>\n<tr>\n<td>Peso neto<\/td>\n<td>41 kg<\/td>\n<\/tr>\n<tr>\n<td>Peso bruto<\/td>\n<td>45 kg<\/td>\n<\/tr>\n<tr>\n<td>Dimensiones<\/td>\n<td>45 x 55 x 95 cm<\/td>\n<\/tr>\n<tr>\n<td>Dimensiones embalaje<\/td>\n<td>100 x 60 x 55 cm<\/td>\n<\/tr>\n<tr>\n<td>Opciones<\/td>\n<td>carro acero inoxidable<\/td>\n<\/tr>\n<tr>\n<td>Cat\u00e1logo de producto<\/td>\n<td><a href=\"\/wp-content\/uploads\/2026\/03\/PELAPATATE-PL20.pdf\" target=\"_blank\" rel=\"noopener\"><img loading=\"lazy\" decoding=\"async\" class=\"alignleft wp-image-3321 size-full\" src=\"https:\/\/www.sapbologna.it\/wp-content\/uploads\/2018\/09\/download-icon.png\" alt=\"\" width=\"20\" height=\"28\" \/><\/a><\/td>\n<\/tr>\n<tr>\n<td>Despiezo<\/td>\n<td><a href=\"..\/..\/..\/wp-content\/uploads\/2018\/09\/Esploso-PL-2015.pdf\" target=\"_blank\" rel=\"noopener\"><img loading=\"lazy\" decoding=\"async\" class=\"alignleft wp-image-3321 size-full\" src=\"https:\/\/www.sapbologna.it\/wp-content\/uploads\/2018\/09\/download-icon.png\" alt=\"\" width=\"20\" height=\"28\" \/><\/a><\/td>\n<\/tr>\n<tr>\n<td>Repuestos de producto<\/td>\n<td><a href=\"..\/..\/..\/wp-content\/uploads\/2018\/09\/PL-20-ricambi.pdf \" target=\"_blank\" rel=\"noopener\"><img loading=\"lazy\" decoding=\"async\" class=\"alignleft wp-image-3321 size-full\" src=\"https:\/\/www.sapbologna.it\/wp-content\/uploads\/2018\/09\/download-icon.png\" alt=\"\" width=\"20\" height=\"28\" \/><\/a><\/td>\n<\/tr>\n<\/tbody>\n<\/table>\n<\/div>\n","protected":false},"excerpt":{"rendered":"<p>El pelador de patatas y el pelador de cebollas est\u00e1n enteramente realizados en acero inoxidable y cuentan con todos los m\u00e1s modernos dispositivos de seguridad. La versi\u00f3n CE, en cumplimiento de las normas de seguridad de la Comunidad Econ\u00f3mica Europea, cuenta con consola el\u00e9ctrica con tarjeta de 24 voltios, microinterruptor de seguridad tanto en la puerta como en la tapa y un bot\u00f3n de seta rojo de emergencia de fin de trabajo.<br \/>\nLas m\u00e1quinas est\u00e1n equipadas con reductor de velocidad con transmisi\u00f3n a correa, y la correa multitoma es silenciosa, segura y f\u00e1cil de regular.<br \/>\nLa tapa de cristal transparente permite al operador controlar el proceso de trabajo.<br \/>\nEl dispositivo de descarga autom\u00e1tica y carga de agua es de \u0158 50 mm para el pelador de patatas y \u0158 70 mm para el pelador de cebollas.<br \/>\nEl platillo del pelador de patatas es de carbono de silicio o aluminio, mientras que el del pelador de cebollas est\u00e1 revestido con granulado fin\u00edsimo y tiene una rotaci\u00f3n inferior del 20% con respecto al pelador de patatas.<br \/>\nLa correa multitoma es silenciosa, segura y f\u00e1cil de regular.<\/p>\n","protected":false},"featured_media":6420,"template":"","meta":[],"product_brand":[],"product_cat":[307,309],"product_tag":[],"class_list":{"0":"post-6416","1":"product","2":"type-product","3":"status-publish","4":"has-post-thumbnail","6":"product_cat-cortaverduras","7":"product_cat-todos","8":"item col-md-6 col-sm-6 col-xs-12 mb_50","10":"first","11":"instock","12":"shipping-taxable","13":"product-type-simple"},"_links":{"self":[{"href":"https:\/\/sapbologna.it\/es\/wp-json\/wp\/v2\/product\/6416","targetHints":{"allow":["GET"]}}],"collection":[{"href":"https:\/\/sapbologna.it\/es\/wp-json\/wp\/v2\/product"}],"about":[{"href":"https:\/\/sapbologna.it\/es\/wp-json\/wp\/v2\/types\/product"}],"wp:featuredmedia":[{"embeddable":true,"href":"https:\/\/sapbologna.it\/es\/wp-json\/wp\/v2\/media\/6420"}],"wp:attachment":[{"href":"https:\/\/sapbologna.it\/es\/wp-json\/wp\/v2\/media?parent=6416"}],"wp:term":[{"taxonomy":"product_brand","embeddable":true,"href":"https:\/\/sapbologna.it\/es\/wp-json\/wp\/v2\/product_brand?post=6416"},{"taxonomy":"product_cat","embeddable":true,"href":"https:\/\/sapbologna.it\/es\/wp-json\/wp\/v2\/product_cat?post=6416"},{"taxonomy":"product_tag","embeddable":true,"href":"https:\/\/sapbologna.it\/es\/wp-json\/wp\/v2\/product_tag?post=6416"}],"curies":[{"name":"wp","href":"https:\/\/api.w.org\/{rel}","templated":true}]}}