{"id":6406,"date":"2018-09-18T13:21:26","date_gmt":"2018-09-18T13:21:26","guid":{"rendered":"https:\/\/medhit-wp2.it\/sap\/product\/amasadoras-imp-1002-1502\/"},"modified":"2026-02-26T14:03:18","modified_gmt":"2026-02-26T14:03:18","slug":"amasadoras-imp-1002-1502","status":"publish","type":"product","link":"https:\/\/sapbologna.it\/es\/producto\/amasadoras-imp-1002-1502\/","title":{"rendered":"Amasadoras Imp 1002-1502"},"content":{"rendered":"<div class=\"caratteristiche\"><\/div>\n<div class=\"caratteristiche\">\n<table class=\"table table-striped\">\n<thead>\n<tr>\n<th colspan=\"2\">AMASADORA IMP 1002<\/th>\n<\/tr>\n<\/thead>\n<tbody>\n<tr>\n<td>Capacita&#8217; d\u2019impasto Min. \/ Working capacity Min. Capacita&#8217; de Melange Min. \/ \u041c\u0438\u043d. \u043f\u0440\u043e\u0438\u0437\u0432\u043e\u0434\u0438\u0442. \u0441\u043c\u0435\u0448\u0438\u0432\u0430\u043d\u0438\u044f \u0444\u0430\u0440\u0448\u0430<\/td>\n<td>17 kg<\/td>\n<\/tr>\n<tr>\n<td>Capacita&#8217; d\u2019impasto Max. \/ Working capacity Max. Capacita&#8217; de Melange Max. \/ \u041c\u0430\u043a\u0441. \u043f\u0440\u043e\u0438\u0437\u0432\u043e\u0434\u0438\u0442. \u0441\u043c\u0435\u0448\u0438\u0432\u0430\u043d\u0438\u044f \u0444\u0430\u0440\u0448\u0430<\/td>\n<td>100 kg<\/td>\n<\/tr>\n<tr>\n<td>Motore \/ Motor \/ Moteur \/ \u0414\u0432\u0438\u0433\u0430\u0442\u0435\u043b\u044c<\/td>\n<td>V 230 400\/3\/50Hz V 230\/1\/50Hz<\/td>\n<\/tr>\n<tr>\n<td>Potenza \/ Power \/ Puissance \/ \u041c\u043e\u0449\u043d\u043e\u0441\u0442\u044c<\/td>\n<td>hp 2 kW 1,8<\/td>\n<\/tr>\n<tr>\n<td>Peso \/ Weight \/ Poids \/ \u0412\u0435\u0441<\/td>\n<td>110 kg<\/td>\n<\/tr>\n<tr>\n<td>Dimensione \/ Dimension \/ Dimensions \/ \u0420\u0430\u0437\u043c\u0435\u0440\u044b<\/td>\n<td>57x116x104 cm<\/td>\n<\/tr>\n<tr>\n<td>Cat\u00e1logo de producto<\/td>\n<td><a href=\"\/wp-content\/uploads\/2026\/02\/IMPASTATRICE-PER-CARNE-IMP1002.pdf\" target=\"_blank\" rel=\"noopener\"><img loading=\"lazy\" decoding=\"async\" class=\"alignleft wp-image-3321 \" src=\"https:\/\/sapbologna.it\/wp-content\/uploads\/2018\/09\/download-icon.png\" alt=\"\" width=\"21\" height=\"25\" \/><\/a><\/td>\n<\/tr>\n<tr>\n<td>Despiezo<\/td>\n<td><a href=\"..\/..\/..\/wp-content\/uploads\/2018\/09\/IMP-Monopala.pdf\" target=\"_blank\" rel=\"noopener\"><img loading=\"lazy\" decoding=\"async\" class=\"alignleft wp-image-3321 size-full\" src=\"https:\/\/www.sapbologna.it\/wp-content\/uploads\/2018\/09\/download-icon.png\" alt=\"\" width=\"20\" height=\"28\" \/><\/a><\/td>\n<\/tr>\n<tr>\n<td>Repuestos de producto<\/td>\n<td><a href=\"..\/..\/..\/wp-content\/uploads\/2018\/09\/impastatrice-100kg-bipalaRICAMBI.pdf\" target=\"_blank\" rel=\"noopener\"><img loading=\"lazy\" decoding=\"async\" class=\"alignleft wp-image-3321 size-full\" src=\"https:\/\/www.sapbologna.it\/wp-content\/uploads\/2018\/09\/download-icon.png\" alt=\"\" width=\"20\" height=\"28\" \/><\/a><\/td>\n<\/tr>\n<\/tbody>\n<\/table>\n<\/div>\n<div class=\"caratteristiche\">\n<p>&nbsp;<\/p>\n<table class=\"table table-striped\">\n<thead>\n<tr>\n<th colspan=\"2\">AMASADORA IMP 1502<\/th>\n<\/tr>\n<\/thead>\n<tbody>\n<tr>\n<td>Capacita&#8217; d\u2019impasto Min. \/ Working capacity Min. Capacita&#8217; de Melange Min. \/ \u041c\u0438\u043d. \u043f\u0440\u043e\u0438\u0437\u0432\u043e\u0434\u0438\u0442. \u0441\u043c\u0435\u0448\u0438\u0432\u0430\u043d\u0438\u044f \u0444\u0430\u0440\u0448\u0430<\/td>\n<td>25 kg<\/td>\n<\/tr>\n<tr>\n<td>Capacita&#8217; d\u2019impasto Max. \/ Working capacity Max. Capacita&#8217; de Melange Max. \/ \u041c\u0430\u043a\u0441. \u043f\u0440\u043e\u0438\u0437\u0432\u043e\u0434\u0438\u0442. \u0441\u043c\u0435\u0448\u0438\u0432\u0430\u043d\u0438\u044f \u0444\u0430\u0440\u0448\u0430<\/td>\n<td>150 kg<\/td>\n<\/tr>\n<tr>\n<td>Motore \/ Motor \/ Moteur \/ \u0414\u0432\u0438\u0433\u0430\u0442\u0435\u043b\u044c<\/td>\n<td>V 230 400\/3\/50Hz V 230\/1\/50Hz<\/td>\n<\/tr>\n<tr>\n<td>Potenza \/ Power \/ Puissance \/ \u041c\u043e\u0449\u043d\u043e\u0441\u0442\u044c<\/td>\n<td>hp 2,5 kW 1,8<\/td>\n<\/tr>\n<tr>\n<td>Peso \/ Weight \/ Poids \/ \u0412\u0435\u0441<\/td>\n<td>135 kg<\/td>\n<\/tr>\n<tr>\n<td>Dimensione \/ Dimension \/ Dimensions \/ \u0420\u0430\u0437\u043c\u0435\u0440\u044b<\/td>\n<td>63x126x108 cm<\/td>\n<\/tr>\n<tr>\n<td>Cat\u00e1logo de producto<\/td>\n<td><a href=\"\/wp-content\/uploads\/2026\/02\/IMPASTATRICE-PER-CARNE-IMP1502.pdf\" target=\"_blank\" rel=\"noopener\"><img loading=\"lazy\" decoding=\"async\" class=\"alignleft wp-image-3321 \" src=\"https:\/\/sapbologna.it\/wp-content\/uploads\/2018\/09\/download-icon.png\" alt=\"\" width=\"21\" height=\"25\" \/><\/a><\/td>\n<\/tr>\n<tr>\n<td>Despiezo<\/td>\n<td><a href=\"..\/..\/..\/wp-content\/uploads\/2018\/09\/IMP-Monopala.pdf\" target=\"_blank\" rel=\"noopener\"><img loading=\"lazy\" decoding=\"async\" class=\"alignleft wp-image-3321 size-full\" src=\"https:\/\/www.sapbologna.it\/wp-content\/uploads\/2018\/09\/download-icon.png\" alt=\"\" width=\"20\" height=\"28\" \/><\/a><\/td>\n<\/tr>\n<tr>\n<td>Repuestos de producto<\/td>\n<td><a href=\"..\/..\/..\/wp-content\/uploads\/2018\/09\/impastatrice-150-kg-bipalaRICAMBI.pdf\" target=\"_blank\" rel=\"noopener\"><img loading=\"lazy\" decoding=\"async\" class=\"alignleft wp-image-3321 size-full\" src=\"https:\/\/www.sapbologna.it\/wp-content\/uploads\/2018\/09\/download-icon.png\" alt=\"\" width=\"20\" height=\"28\" \/><\/a><\/td>\n<\/tr>\n<\/tbody>\n<\/table>\n<\/div>\n","protected":false},"excerpt":{"rendered":"<p>Nuestra l\u00ednea de m\u00e1quinas amasadoras est\u00e1 dise\u00f1ada para amasar distintos tipos de carne y permite adaptarse a las m\u00e1s variadas necesidades de producci\u00f3n.<\/p>\n<p>Con capacidad variable de 30 a 150 kg, las amasadoras est\u00e1n disponibles en versi\u00f3n de una o dos palas.<\/p>\n<p>Las dimensiones reducidas y la estructura enteramente de acero inoxidable convierten a estas amasadoras en la soluci\u00f3n ideal para peque\u00f1os y medianos usuarios que disponen de un espacio reducido.<\/p>\n<p>Los dispositivos de seguridad, que cumplen totalmente las normativas CE, han sido realizados con sumo cuidado y por ello incluyen de serie mandos de baja tensi\u00f3n y microinterruptores de emergencia en la tapa de la cubeta.<\/p>\n<p>Las distintas fases de la transformaci\u00f3n se facilitan mediante soluciones t\u00e9cnicas de vanguardia como el volcado de la cubeta para el vaciado cuando finaliza el trabajo, el bot\u00f3n de impulsos que permite la inversi\u00f3n de la marcha para obtener un mejor amasado y las palas extra\u00edbles para simplificar las operaciones de lavado al final del trabajo.<\/p>\n","protected":false},"featured_media":6407,"template":"","meta":[],"product_brand":[],"product_cat":[303,309],"product_tag":[],"class_list":{"0":"post-6406","1":"product","2":"type-product","3":"status-publish","4":"has-post-thumbnail","6":"product_cat-amasadoras","7":"product_cat-todos","8":"item col-md-6 col-sm-6 col-xs-12 mb_50","10":"first","11":"instock","12":"shipping-taxable","13":"product-type-simple"},"_links":{"self":[{"href":"https:\/\/sapbologna.it\/es\/wp-json\/wp\/v2\/product\/6406","targetHints":{"allow":["GET"]}}],"collection":[{"href":"https:\/\/sapbologna.it\/es\/wp-json\/wp\/v2\/product"}],"about":[{"href":"https:\/\/sapbologna.it\/es\/wp-json\/wp\/v2\/types\/product"}],"wp:featuredmedia":[{"embeddable":true,"href":"https:\/\/sapbologna.it\/es\/wp-json\/wp\/v2\/media\/6407"}],"wp:attachment":[{"href":"https:\/\/sapbologna.it\/es\/wp-json\/wp\/v2\/media?parent=6406"}],"wp:term":[{"taxonomy":"product_brand","embeddable":true,"href":"https:\/\/sapbologna.it\/es\/wp-json\/wp\/v2\/product_brand?post=6406"},{"taxonomy":"product_cat","embeddable":true,"href":"https:\/\/sapbologna.it\/es\/wp-json\/wp\/v2\/product_cat?post=6406"},{"taxonomy":"product_tag","embeddable":true,"href":"https:\/\/sapbologna.it\/es\/wp-json\/wp\/v2\/product_tag?post=6406"}],"curies":[{"name":"wp","href":"https:\/\/api.w.org\/{rel}","templated":true}]}}