{"id":6399,"date":"2018-09-05T08:54:10","date_gmt":"2018-09-05T08:54:10","guid":{"rendered":"https:\/\/medhit-wp2.it\/sap\/product\/embutidoras-hidraulicas-inoxidables\/"},"modified":"2026-02-26T15:01:03","modified_gmt":"2026-02-26T15:01:03","slug":"embutidoras-hidraulicas-inoxidables","status":"publish","type":"product","link":"https:\/\/sapbologna.it\/es\/producto\/embutidoras-hidraulicas-inoxidables\/","title":{"rendered":"Embutidoras Hidr\u00e1ulicas INOXIDABLES"},"content":{"rendered":"<div class=\"caratteristiche\">\n<p>&nbsp;<\/p>\n<table class=\"table table-striped\">\n<thead>\n<tr>\n<th colspan=\"2\">EMBUTIDORA INV \/ ID22 VERTICAL<\/th>\n<\/tr>\n<\/thead>\n<tbody>\n<tr>\n<td>Capacidad<\/td>\n<td>22 kg<\/td>\n<\/tr>\n<tr>\n<td>Motor<\/td>\n<td>230V-50Hz, hp 0.50, kw 0.37 230-400V-50Hz, hp 0.70, kw 0.5<\/td>\n<\/tr>\n<tr>\n<td>Tiempo m\u00ednimo de vaciado<\/td>\n<td>64<\/td>\n<\/tr>\n<tr>\n<td>Cat\u00e1logo de producto<\/td>\n<td><a href=\"\/wp-content\/uploads\/2026\/02\/INSACCATRICE-IDRAULICA-INOX-VERTICALE-15-25-35-50.pdf\" target=\"_blank\" rel=\"noopener\"><img loading=\"lazy\" decoding=\"async\" class=\"alignleft wp-image-3321 \" src=\"https:\/\/sapbologna.it\/wp-content\/uploads\/2018\/09\/download-icon.png\" alt=\"\" width=\"21\" height=\"25\" \/><\/a><\/td>\n<\/tr>\n<tr>\n<td>Despiezo<\/td>\n<td><a href=\"..\/..\/..\/wp-content\/uploads\/2018\/09\/INV-ID22-ESPLOSO.pdf\" target=\"_blank\" rel=\"noopener\"><img loading=\"lazy\" decoding=\"async\" class=\"alignleft wp-image-3321 size-full\" src=\"https:\/\/www.sapbologna.it\/wp-content\/uploads\/2018\/09\/download-icon.png\" alt=\"\" width=\"20\" height=\"28\" \/><\/a><\/td>\n<\/tr>\n<tr>\n<td>Repuestos de producto<\/td>\n<td><a href=\"..\/..\/..\/wp-content\/uploads\/2018\/09\/ID22RICAMBI.pdf\" target=\"_blank\" rel=\"noopener\"><img loading=\"lazy\" decoding=\"async\" class=\"alignleft wp-image-3321 size-full\" src=\"https:\/\/www.sapbologna.it\/wp-content\/uploads\/2018\/09\/download-icon.png\" alt=\"\" width=\"20\" height=\"28\" \/><\/a><\/td>\n<\/tr>\n<\/tbody>\n<\/table>\n<\/div>\n<div class=\"caratteristiche\">\n<p>&nbsp;<\/p>\n<table class=\"table table-striped\">\n<thead>\n<tr>\n<th colspan=\"2\">EMBUTIDORA INV \/ ID32 VERTICAL<\/th>\n<\/tr>\n<\/thead>\n<tbody>\n<tr>\n<td>Capacidad<\/td>\n<td>32 kg<\/td>\n<\/tr>\n<tr>\n<td>Motor<\/td>\n<td>230V-50Hz, hp 0.50, kw 0.37 230-400V-50Hz, hp 0.70, kw 0.5<\/td>\n<\/tr>\n<tr>\n<td>Tiempo m\u00ednimo de vaciado<\/td>\n<td>88<\/td>\n<\/tr>\n<tr>\n<td>Peso neto<\/td>\n<td>130kg<\/td>\n<\/tr>\n<tr>\n<td>Peso bruto<\/td>\n<td>150kg<\/td>\n<\/tr>\n<tr>\n<td>Dimensiones<\/td>\n<td>52 x 57 x 119 cm<\/td>\n<\/tr>\n<tr>\n<td>Dimensiones embalaje<\/td>\n<td>74 x 84 x 136 cm<\/td>\n<\/tr>\n<tr>\n<td>Cat\u00e1logo de producto<\/td>\n<td><a href=\"\/wp-content\/uploads\/2026\/02\/INSACCATRICE-IDRAULICA-INOX-VERTICALE-15-25-35-50.pdf\" target=\"_blank\" rel=\"noopener\"><img loading=\"lazy\" decoding=\"async\" class=\"alignleft wp-image-3321 size-full\" src=\"https:\/\/www.sapbologna.it\/wp-content\/uploads\/2018\/09\/download-icon.png\" alt=\"\" width=\"20\" height=\"28\" \/><\/a><\/td>\n<\/tr>\n<tr>\n<td>Despiezo<\/td>\n<td><a href=\"..\/..\/..\/wp-content\/uploads\/2018\/09\/INV-ID22-ESPLOSO.pdf\" target=\"_blank\" rel=\"noopener\"><img loading=\"lazy\" decoding=\"async\" class=\"alignleft wp-image-3321 size-full\" src=\"https:\/\/www.sapbologna.it\/wp-content\/uploads\/2018\/09\/download-icon.png\" alt=\"\" width=\"20\" height=\"28\" \/><\/a><\/td>\n<\/tr>\n<tr>\n<td>Repuestos de producto<\/td>\n<td><a href=\"..\/..\/..\/wp-content\/uploads\/2018\/09\/ID32RICAMBI.pdf\" target=\"_blank\" rel=\"noopener\"><img loading=\"lazy\" decoding=\"async\" class=\"alignleft wp-image-3321 size-full\" src=\"https:\/\/www.sapbologna.it\/wp-content\/uploads\/2018\/09\/download-icon.png\" alt=\"\" width=\"20\" height=\"28\" \/><\/a><\/td>\n<\/tr>\n<\/tbody>\n<\/table>\n<\/div>\n<div class=\"caratteristiche\">\n<p>&nbsp;<\/p>\n<table class=\"table table-striped\">\n<thead>\n<tr>\n<th colspan=\"2\">EMBUTIDORA INV \/ ID45 VERTICAL<\/th>\n<\/tr>\n<\/thead>\n<tbody>\n<tr>\n<td>Capacidad<\/td>\n<td>45 kg<\/td>\n<\/tr>\n<tr>\n<td>Motor<\/td>\n<td>230-400V-50Hz, hp 0.70, kw 0.5<\/td>\n<\/tr>\n<tr>\n<td>Tiempo m\u00ednimo de vaciado<\/td>\n<td>88<\/td>\n<\/tr>\n<tr>\n<td>Cat\u00e1logo de producto<\/td>\n<td><a href=\"\/wp-content\/uploads\/2026\/02\/INSACCATRICE-IDRAULICA-INOX-VERTICALE-15-25-35-50.pdf\" target=\"_blank\" rel=\"noopener\"><img loading=\"lazy\" decoding=\"async\" class=\"alignleft wp-image-3321 size-full\" src=\"https:\/\/www.sapbologna.it\/wp-content\/uploads\/2018\/09\/download-icon.png\" alt=\"\" width=\"20\" height=\"28\" \/><\/a><\/td>\n<\/tr>\n<tr>\n<td>Despiezo<\/td>\n<td><a href=\"..\/..\/..\/wp-content\/uploads\/2018\/09\/INV-ID22-ESPLOSO.pdf\" target=\"_blank\" rel=\"noopener\"><img loading=\"lazy\" decoding=\"async\" class=\"alignleft wp-image-3321 size-full\" src=\"https:\/\/www.sapbologna.it\/wp-content\/uploads\/2018\/09\/download-icon.png\" alt=\"\" width=\"20\" height=\"28\" \/><\/a><\/td>\n<\/tr>\n<tr>\n<td>Repuestos de producto<\/td>\n<td><a href=\"..\/..\/..\/wp-content\/uploads\/2018\/09\/ID45RICAMBI.pdf\" target=\"_blank\" rel=\"noopener\"><img loading=\"lazy\" decoding=\"async\" class=\"alignleft wp-image-3321 size-full\" src=\"https:\/\/www.sapbologna.it\/wp-content\/uploads\/2018\/09\/download-icon.png\" alt=\"\" width=\"20\" height=\"28\" \/><\/a><\/td>\n<\/tr>\n<\/tbody>\n<\/table>\n<\/div>\n","protected":false},"excerpt":{"rendered":"<p>Las embutidoras inoxidables verticales se utilizan para la transformaci\u00f3n de la carne porcina y bovina. El mando de rodilla y el regulador de velocidad del pist\u00f3n le garantizan al operador libertad y dinamismo de trabajo durante las operaciones de embutido. En todos los modelos la carga se efect\u00faa desde arriba, girando y bloqueando el cilindro en posici\u00f3n vertical mediante un dispositivo mec\u00e1nico de seguridad. El cilindro se puede extraer y ajustar para facilitar las operaciones de limpieza. Con 4 ruedas para facilitar la manipulaci\u00f3n y 3 embudos inoxidables: 12, 20, 28 mm. Se ajustan a las normas CE en materia de higiene y seguridad, y las piezas el\u00e9ctricas se encuentran dentro de una caja estanca IP56.<\/p>\n","protected":false},"featured_media":6405,"template":"","meta":[],"product_brand":[],"product_cat":[304,309],"product_tag":[],"class_list":{"0":"post-6399","1":"product","2":"type-product","3":"status-publish","4":"has-post-thumbnail","6":"product_cat-embutidoras","7":"product_cat-todos","8":"item col-md-6 col-sm-6 col-xs-12 mb_50","10":"first","11":"instock","12":"shipping-taxable","13":"product-type-simple"},"_links":{"self":[{"href":"https:\/\/sapbologna.it\/es\/wp-json\/wp\/v2\/product\/6399","targetHints":{"allow":["GET"]}}],"collection":[{"href":"https:\/\/sapbologna.it\/es\/wp-json\/wp\/v2\/product"}],"about":[{"href":"https:\/\/sapbologna.it\/es\/wp-json\/wp\/v2\/types\/product"}],"wp:featuredmedia":[{"embeddable":true,"href":"https:\/\/sapbologna.it\/es\/wp-json\/wp\/v2\/media\/6405"}],"wp:attachment":[{"href":"https:\/\/sapbologna.it\/es\/wp-json\/wp\/v2\/media?parent=6399"}],"wp:term":[{"taxonomy":"product_brand","embeddable":true,"href":"https:\/\/sapbologna.it\/es\/wp-json\/wp\/v2\/product_brand?post=6399"},{"taxonomy":"product_cat","embeddable":true,"href":"https:\/\/sapbologna.it\/es\/wp-json\/wp\/v2\/product_cat?post=6399"},{"taxonomy":"product_tag","embeddable":true,"href":"https:\/\/sapbologna.it\/es\/wp-json\/wp\/v2\/product_tag?post=6399"}],"curies":[{"name":"wp","href":"https:\/\/api.w.org\/{rel}","templated":true}]}}