{"id":6397,"date":"2018-09-05T08:49:51","date_gmt":"2018-09-05T08:49:51","guid":{"rendered":"https:\/\/medhit-wp2.it\/sap\/product\/embutidoras-eco-3-5-8-lt\/"},"modified":"2026-02-27T11:21:19","modified_gmt":"2026-02-27T11:21:19","slug":"embutidoras-eco-3-5-8-lt","status":"publish","type":"product","link":"https:\/\/sapbologna.it\/es\/producto\/embutidoras-eco-3-5-8-lt\/","title":{"rendered":"Embutidoras ECO 3 \u2013 5 \u2013 8 LT"},"content":{"rendered":"<div class=\"caratteristiche\">\n<p>&nbsp;<\/p>\n<table class=\"table table-striped\">\n<thead>\n<tr>\n<th colspan=\"2\">EMBUTIDORA LT3<\/th>\n<\/tr>\n<\/thead>\n<tbody>\n<tr>\n<td>Velocit\u00e0 \/ Speed \/ Vitesse \/ \u0421\u043a\u043e\u0440\u043e\u0441\u0442\u044c<\/td>\n<td>1<\/td>\n<\/tr>\n<tr>\n<td>Peso Netto \/ Net Weight \/ Poids net \/ \u041e\u0431\u044a\u0435\u043c<\/td>\n<td>8 kg<\/td>\n<\/tr>\n<tr>\n<td>Dimensione \/ Dimension \/<\/td>\n<td>22 x 37 x 20 cm<\/td>\n<\/tr>\n<tr>\n<td>Cat\u00e1logo de producto<\/td>\n<td><a href=\"\/wp-content\/uploads\/2026\/02\/INSACCATRICE-ECONOMICA-LT3-LT5-LT8.pdf\" target=\"_blank\" rel=\"noopener\"><img loading=\"lazy\" decoding=\"async\" class=\"alignleft wp-image-3321 \" src=\"https:\/\/sapbologna.it\/wp-content\/uploads\/2018\/09\/download-icon.png\" alt=\"\" width=\"21\" height=\"25\" \/><\/a><\/td>\n<\/tr>\n<tr>\n<td>Despiezo<\/td>\n<td><a href=\"..\/..\/..\/wp-content\/uploads\/2018\/09\/ESPLOSO-IN3-5-8LT-2016.pdf\" target=\"_blank\" rel=\"noopener\"><img loading=\"lazy\" decoding=\"async\" class=\"alignleft wp-image-3321 size-full\" src=\"https:\/\/www.sapbologna.it\/wp-content\/uploads\/2018\/09\/download-icon.png\" alt=\"\" width=\"20\" height=\"28\" \/><\/a><\/td>\n<\/tr>\n<tr>\n<td>Repuestos de producto<\/td>\n<td><a href=\"..\/..\/..\/wp-content\/uploads\/2018\/09\/INS-3-5-8-NUOVO-2016.pdf\" target=\"_blank\" rel=\"noopener\"><img loading=\"lazy\" decoding=\"async\" class=\"alignleft wp-image-3321 size-full\" src=\"https:\/\/www.sapbologna.it\/wp-content\/uploads\/2018\/09\/download-icon.png\" alt=\"\" width=\"20\" height=\"28\" \/><\/a><\/td>\n<\/tr>\n<\/tbody>\n<\/table>\n<\/div>\n<div class=\"caratteristiche\">\n<p>&nbsp;<\/p>\n<table class=\"table table-striped\">\n<thead>\n<tr>\n<th colspan=\"2\">EMBUTIDORA LT5<\/th>\n<\/tr>\n<\/thead>\n<tbody>\n<tr>\n<td>Velocit\u00e0 \/ Speed \/ Vitesse \/ \u0421\u043a\u043e\u0440\u043e\u0441\u0442\u044c<\/td>\n<td>2<\/td>\n<\/tr>\n<tr>\n<td>Peso Netto \/ Net Weight \/ Poids net \/ \u041e\u0431\u044a\u0435\u043c<\/td>\n<td>11 kg<\/td>\n<\/tr>\n<tr>\n<td>Dimensione \/ Dimension \/<\/td>\n<td>59 x 23 x 24 cm<\/td>\n<\/tr>\n<tr>\n<td>Cat\u00e1logo de producto<\/td>\n<td><a href=\"\/wp-content\/uploads\/2026\/02\/INSACCATRICE-ECONOMICA-LT3-LT5-LT8.pdf\" target=\"_blank\" rel=\"noopener\"><img loading=\"lazy\" decoding=\"async\" class=\"alignleft wp-image-3321 size-full\" src=\"https:\/\/www.sapbologna.it\/wp-content\/uploads\/2018\/09\/download-icon.png\" alt=\"\" width=\"20\" height=\"28\" \/><\/a><\/td>\n<\/tr>\n<tr>\n<td>Despiezo<\/td>\n<td><a href=\"..\/..\/..\/wp-content\/uploads\/2018\/09\/ESPLOSO-IN3-5-8LT-2016.pdf\" target=\"_blank\" rel=\"noopener\"><img loading=\"lazy\" decoding=\"async\" class=\"alignleft wp-image-3321 size-full\" src=\"https:\/\/www.sapbologna.it\/wp-content\/uploads\/2018\/09\/download-icon.png\" alt=\"\" width=\"20\" height=\"28\" \/><\/a><\/td>\n<\/tr>\n<tr>\n<td>Repuestos de producto<\/td>\n<td><a href=\"..\/..\/..\/wp-content\/uploads\/2018\/09\/INS-3-5-8-NUOVO-2016.pdf\" target=\"_blank\" rel=\"noopener\"><img loading=\"lazy\" decoding=\"async\" class=\"alignleft wp-image-3321 size-full\" src=\"https:\/\/www.sapbologna.it\/wp-content\/uploads\/2018\/09\/download-icon.png\" alt=\"\" width=\"20\" height=\"28\" \/><\/a><\/td>\n<\/tr>\n<\/tbody>\n<\/table>\n<\/div>\n<div class=\"caratteristiche\">\n<p>&nbsp;<\/p>\n<table class=\"table table-striped\">\n<thead>\n<tr>\n<th colspan=\"2\">EMBUTIDORA LT8<\/th>\n<\/tr>\n<\/thead>\n<tbody>\n<tr>\n<td>Velocit\u00e0 \/ Speed \/ Vitesse \/ \u0421\u043a\u043e\u0440\u043e\u0441\u0442\u044c<\/td>\n<td>2<\/td>\n<\/tr>\n<tr>\n<td>Peso Netto \/ Net Weight \/ Poids net \/ \u041e\u0431\u044a\u0435\u043c<\/td>\n<td>13 kg<\/td>\n<\/tr>\n<tr>\n<td>Dimensione \/ Dimension \/<\/td>\n<td>75 x 23 x 24 cm<\/td>\n<\/tr>\n<tr>\n<td>Cat\u00e1logo de producto<\/td>\n<td><a href=\"\/wp-content\/uploads\/2026\/02\/INSACCATRICE-ECONOMICA-LT3-LT5-LT8.pdf\" target=\"_blank\" rel=\"noopener\"><img loading=\"lazy\" decoding=\"async\" class=\"alignleft wp-image-3321 size-full\" src=\"https:\/\/www.sapbologna.it\/wp-content\/uploads\/2018\/09\/download-icon.png\" alt=\"\" width=\"20\" height=\"28\" \/><\/a><\/td>\n<\/tr>\n<tr>\n<td>Despiezo<\/td>\n<td><a href=\"..\/..\/..\/wp-content\/uploads\/2018\/09\/ESPLOSO-IN3-5-8LT-2016.pdf\" target=\"_blank\" rel=\"noopener\"><img loading=\"lazy\" decoding=\"async\" class=\"alignleft wp-image-3321 size-full\" src=\"https:\/\/www.sapbologna.it\/wp-content\/uploads\/2018\/09\/download-icon.png\" alt=\"\" width=\"20\" height=\"28\" \/><\/a><\/td>\n<\/tr>\n<tr>\n<td>Repuestos de producto<\/td>\n<td><a href=\"..\/..\/..\/wp-content\/uploads\/2018\/09\/INS-3-5-8-NUOVO-2016.pdf\" target=\"_blank\" rel=\"noopener\"><img loading=\"lazy\" decoding=\"async\" class=\"alignleft wp-image-3321 size-full\" src=\"https:\/\/www.sapbologna.it\/wp-content\/uploads\/2018\/09\/download-icon.png\" alt=\"\" width=\"20\" height=\"28\" \/><\/a><\/td>\n<\/tr>\n<\/tbody>\n<\/table>\n<\/div>\n","protected":false},"excerpt":{"rendered":"<p>Embutidora de gran solidez con una estructura portante compacta de acero, mecanismo y engranajes de reducci\u00f3n y de multiplicaci\u00f3n de la carrera del pist\u00f3n de metal para facilitar respectivamente las operaciones de embutido y de extracci\u00f3n del pist\u00f3n. Tubo de acero inoxidable AISI 304 especial para alimentos, cremallera de acero, soporte para el pist\u00f3n de nailon, tapa y cierre del pist\u00f3n de material pl\u00e1stico especial para alimentos. Se suministra de serie con cuatro embudos embutidores de diferentes tama\u00f1os (10\/20\/25\/35 mm) para todo tipo de embutido.<\/p>\n","protected":false},"featured_media":6398,"template":"","meta":[],"product_brand":[],"product_cat":[304,309],"product_tag":[],"class_list":{"0":"post-6397","1":"product","2":"type-product","3":"status-publish","4":"has-post-thumbnail","6":"product_cat-embutidoras","7":"product_cat-todos","8":"item col-md-6 col-sm-6 col-xs-12 mb_50","10":"first","11":"instock","12":"shipping-taxable","13":"product-type-simple"},"_links":{"self":[{"href":"https:\/\/sapbologna.it\/es\/wp-json\/wp\/v2\/product\/6397","targetHints":{"allow":["GET"]}}],"collection":[{"href":"https:\/\/sapbologna.it\/es\/wp-json\/wp\/v2\/product"}],"about":[{"href":"https:\/\/sapbologna.it\/es\/wp-json\/wp\/v2\/types\/product"}],"wp:featuredmedia":[{"embeddable":true,"href":"https:\/\/sapbologna.it\/es\/wp-json\/wp\/v2\/media\/6398"}],"wp:attachment":[{"href":"https:\/\/sapbologna.it\/es\/wp-json\/wp\/v2\/media?parent=6397"}],"wp:term":[{"taxonomy":"product_brand","embeddable":true,"href":"https:\/\/sapbologna.it\/es\/wp-json\/wp\/v2\/product_brand?post=6397"},{"taxonomy":"product_cat","embeddable":true,"href":"https:\/\/sapbologna.it\/es\/wp-json\/wp\/v2\/product_cat?post=6397"},{"taxonomy":"product_tag","embeddable":true,"href":"https:\/\/sapbologna.it\/es\/wp-json\/wp\/v2\/product_tag?post=6397"}],"curies":[{"name":"wp","href":"https:\/\/api.w.org\/{rel}","templated":true}]}}