{"id":6377,"date":"2018-09-05T08:33:06","date_gmt":"2018-09-05T08:33:06","guid":{"rendered":"https:\/\/medhit-wp2.it\/sap\/product\/cortadoras-de-huesos-inoxidables-so-sm-1650-1860-2080-2460-3160\/"},"modified":"2026-03-12T10:36:10","modified_gmt":"2026-03-12T10:36:10","slug":"cortadoras-de-huesos-inoxidables-so-sm-1650-1860-2080-2460-3160","status":"publish","type":"product","link":"https:\/\/sapbologna.it\/es\/producto\/cortadoras-de-huesos-inoxidables-so-sm-1650-1860-2080-2460-3160\/","title":{"rendered":"Cortadoras de huesos inoxidables SO\/SM 1650-1860-2080-2460-3160"},"content":{"rendered":"<div class=\"caratteristiche\">\n<p>&nbsp;<\/p>\n<table class=\"table table-striped\" style=\"height: 512px;\" width=\"922\">\n<thead>\n<tr>\n<th colspan=\"2\">CORTADORA DE HUESOS SO\/SM 1650<\/th>\n<\/tr>\n<\/thead>\n<tbody>\n<tr>\n<td>Longitud cinta<\/td>\n<td>1650 mm x 16<\/td>\n<\/tr>\n<tr>\n<td>Motor<\/td>\n<td>kW 1,1 &#8211; hp 1,5 1450 rpm<\/td>\n<\/tr>\n<tr>\n<td>Alimentaci\u00f3n<\/td>\n<td>400\/3\/50Hz 230\/1\/50Hz<\/td>\n<\/tr>\n<tr>\n<td>Polea<\/td>\n<td>\u00d8 208 mm<\/td>\n<\/tr>\n<tr>\n<td>Superficie de trabajo<\/td>\n<td>480 x 470 mm<\/td>\n<\/tr>\n<tr>\n<td>Capacidad superficie<\/td>\n<td>20 Kg<\/td>\n<\/tr>\n<tr>\n<td>Altura de corte<\/td>\n<td>240 mm<\/td>\n<\/tr>\n<tr>\n<td>Anchura de corte<\/td>\n<td>190 mm<\/td>\n<\/tr>\n<tr>\n<td>Peso<\/td>\n<td>36 Kg<\/td>\n<\/tr>\n<tr>\n<td>Peso con embalaje<\/td>\n<td>44 Kg<\/td>\n<\/tr>\n<tr>\n<td>Dimensiones<\/td>\n<td>48 x 47 x 91 cm<\/td>\n<\/tr>\n<tr>\n<td>Dimensiones embalaje<\/td>\n<td>60 x 53 x 115 cm<\/td>\n<\/tr>\n<tr>\n<td>Cat\u00e1logo de producto<\/td>\n<td><a href=\"\/wp-content\/uploads\/2026\/03\/SEGAOSSA-SO-SM-1650.pdf\" target=\"_blank\" rel=\"noopener\"><img loading=\"lazy\" decoding=\"async\" class=\"alignleft wp-image-3321 size-full\" src=\"https:\/\/sapbologna.it\/wp-content\/uploads\/2018\/09\/download-icon.png\" alt=\"\" width=\"114\" height=\"133\" \/><\/a><\/td>\n<\/tr>\n<tr>\n<td>Despiezo<\/td>\n<td><a href=\"https:\/\/www.sapbologna.it\/wp-content\/uploads\/2022\/10\/SEGAOSSA-1650-NUOVO.pdf\" target=\"_blank\" rel=\"noopener\"><img loading=\"lazy\" decoding=\"async\" class=\"alignleft wp-image-3321 size-full\" src=\"https:\/\/www.sapbologna.it\/wp-content\/uploads\/2018\/09\/download-icon.png\" alt=\"\" width=\"20\" height=\"28\" \/><\/a><\/td>\n<\/tr>\n<tr>\n<td>Repuestos de producto<\/td>\n<td><a href=\"..\/..\/..\/wp-content\/uploads\/2018\/09\/SO1650ricambi.pdf\" target=\"_blank\" rel=\"noopener\"><img loading=\"lazy\" decoding=\"async\" class=\"alignleft wp-image-3321 size-full\" src=\"https:\/\/www.sapbologna.it\/wp-content\/uploads\/2018\/09\/download-icon.png\" alt=\"\" width=\"20\" height=\"28\" \/><\/a><\/td>\n<\/tr>\n<\/tbody>\n<\/table>\n<\/div>\n<div class=\"caratteristiche\">\n<p>&nbsp;<\/p>\n<table class=\"table table-striped\" style=\"height: 550px;\" width=\"921\">\n<thead>\n<tr>\n<th colspan=\"2\">CORTADORA DE HUESOS SO\/SM 1860<\/th>\n<\/tr>\n<\/thead>\n<tbody>\n<tr>\n<td>Longitud cinta<\/td>\n<td>1860 mm x16<\/td>\n<\/tr>\n<tr>\n<td>Motor<\/td>\n<td>kW 1,1 &#8211; hp 1,5 1400 rpm<\/td>\n<\/tr>\n<tr>\n<td>Alimentaci\u00f3n<\/td>\n<td>400\/3\/50Hz 230\/1\/50Hz<\/td>\n<\/tr>\n<tr>\n<td>Polea<\/td>\n<td>\u00d8 240 mm<\/td>\n<\/tr>\n<tr>\n<td>Superficie de trabajo<\/td>\n<td>510 x 440 mm<\/td>\n<\/tr>\n<tr>\n<td>Capacidad superficie<\/td>\n<td>25 Kg<\/td>\n<\/tr>\n<tr>\n<td>Altura m\u00e1xima de corte<\/td>\n<td>24,5 cm<\/td>\n<\/tr>\n<tr>\n<td>Anchura de corte<\/td>\n<td>44,5 cm<\/td>\n<\/tr>\n<tr>\n<td>Peso<\/td>\n<td>50 Kg<\/td>\n<\/tr>\n<tr>\n<td>Peso con embalaje<\/td>\n<td>55 Kg<\/td>\n<\/tr>\n<tr>\n<td>Dimensiones<\/td>\n<td>51 x 50 x 97 cm<\/td>\n<\/tr>\n<tr>\n<td>Dimensiones embalaje<\/td>\n<td>60 x 65 x 110 cm<\/td>\n<\/tr>\n<tr>\n<td>Frenado<\/td>\n<td>Freno de seguridad electr\u00f3nico; Instalaci\u00f3n el\u00e9ctrica de clase I, IP55; 2 Micro de seguridad codificado<\/td>\n<\/tr>\n<tr>\n<td>Cat\u00e1logo de producto<\/td>\n<td><a href=\"\/wp-content\/uploads\/2026\/03\/SEGAOSSA-SO-SM-1860.pdf\" target=\"_blank\" rel=\"noopener\"><img loading=\"lazy\" decoding=\"async\" class=\"alignleft wp-image-3321 size-full\" src=\"https:\/\/sapbologna.it\/wp-content\/uploads\/2018\/09\/download-icon.png\" alt=\"\" width=\"114\" height=\"133\" \/><\/a><\/td>\n<\/tr>\n<tr>\n<td>Despiezo<\/td>\n<td><a href=\"https:\/\/www.sapbologna.it\/wp-content\/uploads\/2022\/10\/SEGAOSSA-1860-2080-NUOVO.pdf\" target=\"_blank\" rel=\"noopener\"><img loading=\"lazy\" decoding=\"async\" class=\"alignleft wp-image-3321 size-full\" src=\"https:\/\/www.sapbologna.it\/wp-content\/uploads\/2018\/09\/download-icon.png\" alt=\"\" width=\"20\" height=\"28\" \/><\/a><\/td>\n<\/tr>\n<tr>\n<td>Repuestos de producto<\/td>\n<td><a href=\"..\/..\/..\/wp-content\/uploads\/2018\/09\/SO1860ricambi.pdf\" target=\"_blank\" rel=\"noopener\"><img loading=\"lazy\" decoding=\"async\" class=\"alignleft wp-image-3321 size-full\" src=\"https:\/\/www.sapbologna.it\/wp-content\/uploads\/2018\/09\/download-icon.png\" alt=\"\" width=\"20\" height=\"28\" \/><\/a><\/td>\n<\/tr>\n<\/tbody>\n<\/table>\n<\/div>\n<div class=\"caratteristiche\">\n<p>&nbsp;<\/p>\n<table class=\"table table-striped\">\n<thead>\n<tr>\n<th colspan=\"2\">CORTADORA DE HUESOS SO\/SM 2080<\/th>\n<\/tr>\n<\/thead>\n<tbody>\n<tr>\n<td>Longitud cinta<\/td>\n<td>2080 mm<\/td>\n<\/tr>\n<tr>\n<td>Motor<\/td>\n<td>kW 1,1 &#8211; hp 1,5 1410 rpm<\/td>\n<\/tr>\n<tr>\n<td>Alimentaci\u00f3n<\/td>\n<td>400\/3\/50Hz 230\/1\/50Hz<\/td>\n<\/tr>\n<tr>\n<td>Polea<\/td>\n<td>\u00d8 270 mm<\/td>\n<\/tr>\n<tr>\n<td>Superficie de trabajo<\/td>\n<td>600 x 555 mm<\/td>\n<\/tr>\n<tr>\n<td>Capacidad superficie<\/td>\n<td>30 Kg<\/td>\n<\/tr>\n<tr>\n<td>Altura de corte<\/td>\n<td>270 mm<\/td>\n<\/tr>\n<tr>\n<td>Anchura de corte<\/td>\n<td>525 mm<\/td>\n<\/tr>\n<tr>\n<td>Peso<\/td>\n<td>80 Kg<\/td>\n<\/tr>\n<tr>\n<td>Peso con embalaje<\/td>\n<td>95 Kg<\/td>\n<\/tr>\n<tr>\n<td>Dimensiones<\/td>\n<td>60 x 64 x 160 cm<\/td>\n<\/tr>\n<tr>\n<td>Dimensiones embalaje (caja de madera ISPM)<\/td>\n<td>71 x 76x 184 cm<\/td>\n<\/tr>\n<tr>\n<td>Frenado<\/td>\n<td>Freno de seguridad electr\u00f3nico; Instalaci\u00f3n el\u00e9ctrica de clase I, IP55; 2 Micro de seguridad codificado<\/td>\n<\/tr>\n<tr>\n<td>Cat\u00e1logo de producto<\/td>\n<td><a href=\"\/wp-content\/uploads\/2026\/03\/SEGAOSSA-SO-SM-2080.pdf\" target=\"_blank\" rel=\"noopener\"><img loading=\"lazy\" decoding=\"async\" class=\"alignleft wp-image-3321 size-full\" src=\"https:\/\/sapbologna.it\/wp-content\/uploads\/2018\/09\/download-icon.png\" alt=\"\" width=\"114\" height=\"133\" \/><\/a><\/td>\n<\/tr>\n<tr>\n<td>Despiezo<\/td>\n<td><a href=\"https:\/\/www.sapbologna.it\/wp-content\/uploads\/2022\/10\/SEGAOSSA-1860-2080-NUOVO.pdf\" target=\"_blank\" rel=\"noopener\"><img loading=\"lazy\" decoding=\"async\" class=\"alignleft wp-image-3321 size-full\" src=\"https:\/\/www.sapbologna.it\/wp-content\/uploads\/2018\/09\/download-icon.png\" alt=\"\" width=\"20\" height=\"28\" \/><\/a><\/td>\n<\/tr>\n<tr>\n<td>Repuestos de producto<\/td>\n<td><img loading=\"lazy\" decoding=\"async\" class=\"alignleft wp-image-3321 size-full\" src=\"https:\/\/www.sapbologna.it\/wp-content\/uploads\/2018\/09\/download-icon.png\" alt=\"\" width=\"20\" height=\"28\" \/><\/td>\n<\/tr>\n<\/tbody>\n<\/table>\n<\/div>\n<div class=\"caratteristiche\">\n<p>&nbsp;<\/p>\n<table class=\"table table-striped\" style=\"height: 569px;\" width=\"921\">\n<thead>\n<tr>\n<th colspan=\"2\">CORTADORA DE HUESOS SO\/SM 2460<\/th>\n<\/tr>\n<\/thead>\n<tbody>\n<tr>\n<td>Longitud cinta<\/td>\n<td>2460 mm X 20<\/td>\n<\/tr>\n<tr>\n<td>Motor<\/td>\n<td>V.230\/50 HZ 1.1KW 920RPM<\/td>\n<\/tr>\n<tr>\n<td>Alimentaci\u00f3n<\/td>\n<td>400\/3\/50Hz 230\/1\/50Hz<\/td>\n<\/tr>\n<tr>\n<td>Polea<\/td>\n<td>\u00d8 320 mm<\/td>\n<\/tr>\n<tr>\n<td>Superficie de trabajo<\/td>\n<td>715 x 655 mm<\/td>\n<\/tr>\n<tr>\n<td>Capacidad superficie<\/td>\n<td>40 Kg<\/td>\n<\/tr>\n<tr>\n<td>Altura de corte<\/td>\n<td>310 mm<\/td>\n<\/tr>\n<tr>\n<td>Anchura de corte<\/td>\n<td>630 mm<\/td>\n<\/tr>\n<tr>\n<td>Peso<\/td>\n<td>121 Kg<\/td>\n<\/tr>\n<tr>\n<td>Peso con embalaje<\/td>\n<td>140 Kg<\/td>\n<\/tr>\n<tr>\n<td>Dimensioni<\/td>\n<td>71 x 76 x 171 cm<\/td>\n<\/tr>\n<tr>\n<td>Dimensiones embalaje<\/td>\n<td>84 x 91 x 194 cm<\/td>\n<\/tr>\n<tr>\n<td>Motor<\/td>\n<td>V.400\/50-60HZ 1.5 KW 1410 RPM<\/td>\n<\/tr>\n<tr>\n<td>Frenado<\/td>\n<td>Freno de seguridad electr\u00f3nico; Instalaci\u00f3n el\u00e9ctrica de clase I, IP55; 2 Micro de seguridad codificado<\/td>\n<\/tr>\n<tr>\n<td>Cat\u00e1logo de producto<\/td>\n<td><a href=\"\/wp-content\/uploads\/2026\/03\/SEGAOSSA-SO-SM-2460.pdf\" target=\"_blank\" rel=\"noopener\"><img loading=\"lazy\" decoding=\"async\" class=\"alignleft wp-image-3321 size-full\" src=\"https:\/\/sapbologna.it\/wp-content\/uploads\/2018\/09\/download-icon.png\" alt=\"\" width=\"114\" height=\"133\" \/><\/a><\/td>\n<\/tr>\n<tr>\n<td>Despiezo<\/td>\n<td><a href=\"https:\/\/www.sapbologna.it\/wp-content\/uploads\/2022\/10\/SEGAOSSA-2460-3160-NUOVO.pdf\" target=\"_blank\" rel=\"noopener\"><img loading=\"lazy\" decoding=\"async\" class=\"alignleft wp-image-3321 size-full\" src=\"https:\/\/www.sapbologna.it\/wp-content\/uploads\/2018\/09\/download-icon.png\" alt=\"\" width=\"20\" height=\"28\" \/><\/a><\/td>\n<\/tr>\n<tr>\n<td>Repuestos de producto<\/td>\n<td><a href=\"..\/..\/..\/wp-content\/uploads\/2018\/09\/SO2460ricambi.pdf\" target=\"_blank\" rel=\"noopener\"><img loading=\"lazy\" decoding=\"async\" class=\"alignleft wp-image-3321 size-full\" src=\"https:\/\/www.sapbologna.it\/wp-content\/uploads\/2018\/09\/download-icon.png\" alt=\"\" width=\"20\" height=\"28\" \/><\/a><\/td>\n<\/tr>\n<\/tbody>\n<\/table>\n<\/div>\n<div class=\"caratteristiche\">\n<p>&nbsp;<\/p>\n<table class=\"table table-striped\" style=\"height: 586px;\" width=\"921\">\n<thead>\n<tr>\n<th colspan=\"2\">CORTADORA DE HUESOS SO\/SM 3160<\/th>\n<\/tr>\n<\/thead>\n<tbody>\n<tr>\n<td>Longitud cinta<\/td>\n<td>3160 mm<\/td>\n<\/tr>\n<tr>\n<td>Motor<\/td>\n<td>V.400\/50 HZ 2,2 KW PRM 1410<\/td>\n<\/tr>\n<tr>\n<td>Alimentaci\u00f3n<\/td>\n<td>400\/3\/50Hz 230\/1\/50Hz<\/td>\n<\/tr>\n<tr>\n<td>Polea<\/td>\n<td>\u00d8 420 mm<\/td>\n<\/tr>\n<tr>\n<td>Superficie de trabajo<\/td>\n<td>850 x 800 mm<\/td>\n<\/tr>\n<tr>\n<td>Capacidad superficie<\/td>\n<td>50 Kg<\/td>\n<\/tr>\n<tr>\n<td>Altura de corte<\/td>\n<td>420 mm<\/td>\n<\/tr>\n<tr>\n<td>Anchura de corte<\/td>\n<td>785 mm<\/td>\n<\/tr>\n<tr>\n<td>Peso<\/td>\n<td>165 Kg<\/td>\n<\/tr>\n<tr>\n<td>Peso con embalaje<\/td>\n<td>185 Kg<\/td>\n<\/tr>\n<tr>\n<td>Dimensiones<\/td>\n<td>85 x 93,5 x 191 cm<\/td>\n<\/tr>\n<tr>\n<td>Dimensiones embalaje<\/td>\n<td>94 x 104 x 213 cm<\/td>\n<\/tr>\n<tr>\n<td>Motor<\/td>\n<td>V.230\/50HZ 1,5 RPM 950<\/td>\n<\/tr>\n<tr>\n<td>Frenado<\/td>\n<td>Freno de seguridad electr\u00f3nico; Instalaci\u00f3n el\u00e9ctrica de clase I, IP55; 2 Micro de seguridad codificado<\/td>\n<\/tr>\n<tr>\n<td>Cat\u00e1logo de producto<\/td>\n<td><a href=\"\/wp-content\/uploads\/2026\/03\/SEGAOSSA-SO-SM-3160.pdf\" target=\"_blank\" rel=\"noopener\"><img loading=\"lazy\" decoding=\"async\" class=\"alignleft wp-image-3321 size-full\" src=\"https:\/\/sapbologna.it\/wp-content\/uploads\/2018\/09\/download-icon.png\" alt=\"\" width=\"114\" height=\"133\" \/><\/a><\/td>\n<\/tr>\n<tr>\n<td>Despiezo<\/td>\n<td><a href=\"https:\/\/www.sapbologna.it\/wp-content\/uploads\/2022\/10\/SEGAOSSA-2460-3160-NUOVO.pdf\" target=\"_blank\" rel=\"noopener\"><img loading=\"lazy\" decoding=\"async\" class=\"alignleft wp-image-3321 size-full\" src=\"https:\/\/www.sapbologna.it\/wp-content\/uploads\/2018\/09\/download-icon.png\" alt=\"\" width=\"20\" height=\"28\" \/><\/a><\/td>\n<\/tr>\n<tr>\n<td>Repuestos de producto<\/td>\n<td><a href=\"..\/..\/..\/wp-content\/uploads\/2018\/09\/SO3160ricambi.pdf\" target=\"_blank\" rel=\"noopener\"><img loading=\"lazy\" decoding=\"async\" class=\"alignleft wp-image-3321 size-full\" src=\"https:\/\/www.sapbologna.it\/wp-content\/uploads\/2018\/09\/download-icon.png\" alt=\"\" width=\"20\" height=\"28\" \/><\/a><\/td>\n<\/tr>\n<\/tbody>\n<\/table>\n<\/div>\n","protected":false},"excerpt":{"rendered":"<p>Extremadamente resistentes, fiables, seguras y f\u00e1ciles de manipular y usar, las cortadoras de huesos inoxidables en cinco modelos SO\/SM 1650 \u2013 SO\/SM 1860 \u2013 SO\/SM 2080 \u2013 SO\/SM 2460 \u2013 SO\/SM 3160 son el instrumento ideal para transformar cualquier tipo de carne, fresca o congelada.<br \/>\nNuestras cortadoras de huesos encuentran su lugar ideal en carnicer\u00edas e industrias de transformaci\u00f3n de la carne, as\u00ed como en pescader\u00edas, restaurantes y comedores.<br \/>\nRealizadas enteramente en acero inoxidable AISI 304, las m\u00e1quinas est\u00e1n equipadas con empujador de carne y porcionadora.<br \/>\nPara garantizar la m\u00e1xima seguridad, en cumplimiento de las disposiciones de la CE, las m\u00e1quinas est\u00e1n equipadas con sistemas de seguridad el\u00e9ctricos y mec\u00e1nicos: consola de mandos de 24 voltios y piezas el\u00e9ctricas estancas.<br \/>\nPueden contar con superficie deslizante bajo petici\u00f3n.<\/p>\n<p><iframe loading=\"lazy\" style=\"margin-top: 30px;\" src=\"https:\/\/www.youtube.com\/embed\/_E0RuKrcbCY\" width=\"560\" height=\"315\" frameborder=\"0\" allowfullscreen=\"allowfullscreen\"><\/iframe><\/p>\n","protected":false},"featured_media":6385,"template":"","meta":[],"product_brand":[],"product_cat":[305,309],"product_tag":[],"class_list":{"0":"post-6377","1":"product","2":"type-product","3":"status-publish","4":"has-post-thumbnail","6":"product_cat-cortadoras-de-huesos","7":"product_cat-todos","8":"item col-md-6 col-sm-6 col-xs-12 mb_50","10":"first","11":"instock","12":"shipping-taxable","13":"product-type-simple"},"_links":{"self":[{"href":"https:\/\/sapbologna.it\/es\/wp-json\/wp\/v2\/product\/6377","targetHints":{"allow":["GET"]}}],"collection":[{"href":"https:\/\/sapbologna.it\/es\/wp-json\/wp\/v2\/product"}],"about":[{"href":"https:\/\/sapbologna.it\/es\/wp-json\/wp\/v2\/types\/product"}],"wp:featuredmedia":[{"embeddable":true,"href":"https:\/\/sapbologna.it\/es\/wp-json\/wp\/v2\/media\/6385"}],"wp:attachment":[{"href":"https:\/\/sapbologna.it\/es\/wp-json\/wp\/v2\/media?parent=6377"}],"wp:term":[{"taxonomy":"product_brand","embeddable":true,"href":"https:\/\/sapbologna.it\/es\/wp-json\/wp\/v2\/product_brand?post=6377"},{"taxonomy":"product_cat","embeddable":true,"href":"https:\/\/sapbologna.it\/es\/wp-json\/wp\/v2\/product_cat?post=6377"},{"taxonomy":"product_tag","embeddable":true,"href":"https:\/\/sapbologna.it\/es\/wp-json\/wp\/v2\/product_tag?post=6377"}],"curies":[{"name":"wp","href":"https:\/\/api.w.org\/{rel}","templated":true}]}}