{"id":6352,"date":"2018-09-05T07:48:17","date_gmt":"2018-09-05T07:48:17","guid":{"rendered":"https:\/\/medhit-wp2.it\/sap\/product\/rallador-grl\/"},"modified":"2026-02-26T13:24:56","modified_gmt":"2026-02-26T13:24:56","slug":"rallador-grl","status":"publish","type":"product","link":"https:\/\/sapbologna.it\/es\/producto\/rallador-grl\/","title":{"rendered":"Rallador GRL"},"content":{"rendered":"<div class=\"caratteristiche\">\n<table class=\"table table-striped\">\n<thead>\n<tr>\n<th colspan=\"2\">Rallador GRL<\/th>\n<\/tr>\n<\/thead>\n<tbody>\n<tr>\n<td>POTENCIA<\/td>\n<td>0,75 kW (1 HP)<\/td>\n<\/tr>\n<tr>\n<td>ALIMENTACI\u00d3N<\/td>\n<td>230V\/1N\/50Hz &#8211; 230-400V\/3\/50Hz<\/td>\n<\/tr>\n<tr>\n<td>PRODUCCI\u00d3N HORARIA<\/td>\n<td>40 Kg\/h<\/td>\n<\/tr>\n<tr>\n<td>DIMENSIONES BOCA RALLADOR<\/td>\n<td>140&#215;75 (mm)<\/td>\n<\/tr>\n<tr>\n<td>DIMENSIONES<\/td>\n<td>420x300x390h (mm)<\/td>\n<\/tr>\n<tr>\n<td>PESO NETO<\/td>\n<td>17 Kg<\/td>\n<\/tr>\n<tr>\n<td>PESO BRUTO<\/td>\n<td>19 Kg<\/td>\n<\/tr>\n<tr>\n<td>DIMENSIONES EMBALAJE<\/td>\n<td>470x300x480h (mm)<\/td>\n<\/tr>\n<tr>\n<td>VOLUMEN EMBALAJE<\/td>\n<td>0,068 m3<\/td>\n<\/tr>\n<tr>\n<td>Cat\u00e1logo de producto<\/td>\n<td><a href=\"\/wp-content\/uploads\/2026\/02\/GRATTUGIA-GRL.pdf\" target=\"_blank\" rel=\"noopener\"><img loading=\"lazy\" decoding=\"async\" class=\"alignleft wp-image-3321 \" src=\"https:\/\/sapbologna.it\/wp-content\/uploads\/2018\/09\/download-icon.png\" alt=\"\" width=\"21\" height=\"25\" \/><\/a><\/td>\n<\/tr>\n<tr>\n<td>Despiezo<\/td>\n<td><a href=\"..\/..\/..\/wp-content\/uploads\/2018\/09\/GRATTUGIA-GRL-esploso.pdf\" target=\"_blank\" rel=\"noopener\"><img loading=\"lazy\" decoding=\"async\" class=\"alignleft wp-image-3321 size-full\" src=\"https:\/\/www.sapbologna.it\/wp-content\/uploads\/2018\/09\/download-icon.png\" alt=\"\" width=\"20\" height=\"28\" \/><\/a><\/td>\n<\/tr>\n<tr>\n<td>Repuestos de producto<\/td>\n<td><a href=\"..\/..\/..\/wp-content\/uploads\/2018\/09\/grattugia_grl_mignon-RICAMBI.pdf\" target=\"_blank\" rel=\"noopener\"><img loading=\"lazy\" decoding=\"async\" class=\"alignleft wp-image-3321 size-full\" src=\"https:\/\/www.sapbologna.it\/wp-content\/uploads\/2018\/09\/download-icon.png\" alt=\"\" width=\"20\" height=\"28\" \/><\/a><\/td>\n<\/tr>\n<\/tbody>\n<\/table>\n<\/div>\n","protected":false},"excerpt":{"rendered":"<p>Estructura y boca de aluminio pulido. La m\u00e1quina cuenta con rodillo de acero inoxidable y rejilla inferior de protecci\u00f3n. Con microinterruptor-palanca en el prensador, se ajusta a las m\u00e1s importantes normativas europeas e internacionales. La versi\u00f3n CE est\u00e1 equipada con freno de motor. Se puede utilizar para pan, queso, frutos secos y galletas, encontrando su lugar ideal en supermercados, comedores y restaurantes. Todas las piezas de la m\u00e1quina se pueden limpiar con facilidad con un pa\u00f1o h\u00famedo.<\/p>\n","protected":false},"featured_media":6356,"template":"","meta":[],"product_brand":[],"product_cat":[302,309],"product_tag":[],"class_list":{"0":"post-6352","1":"product","2":"type-product","3":"status-publish","4":"has-post-thumbnail","6":"product_cat-rallador","7":"product_cat-todos","8":"item col-md-6 col-sm-6 col-xs-12 mb_50","10":"first","11":"instock","12":"shipping-taxable","13":"product-type-simple"},"_links":{"self":[{"href":"https:\/\/sapbologna.it\/es\/wp-json\/wp\/v2\/product\/6352","targetHints":{"allow":["GET"]}}],"collection":[{"href":"https:\/\/sapbologna.it\/es\/wp-json\/wp\/v2\/product"}],"about":[{"href":"https:\/\/sapbologna.it\/es\/wp-json\/wp\/v2\/types\/product"}],"wp:featuredmedia":[{"embeddable":true,"href":"https:\/\/sapbologna.it\/es\/wp-json\/wp\/v2\/media\/6356"}],"wp:attachment":[{"href":"https:\/\/sapbologna.it\/es\/wp-json\/wp\/v2\/media?parent=6352"}],"wp:term":[{"taxonomy":"product_brand","embeddable":true,"href":"https:\/\/sapbologna.it\/es\/wp-json\/wp\/v2\/product_brand?post=6352"},{"taxonomy":"product_cat","embeddable":true,"href":"https:\/\/sapbologna.it\/es\/wp-json\/wp\/v2\/product_cat?post=6352"},{"taxonomy":"product_tag","embeddable":true,"href":"https:\/\/sapbologna.it\/es\/wp-json\/wp\/v2\/product_tag?post=6352"}],"curies":[{"name":"wp","href":"https:\/\/api.w.org\/{rel}","templated":true}]}}