{"id":6348,"date":"2018-09-05T07:44:29","date_gmt":"2018-09-05T07:44:29","guid":{"rendered":"https:\/\/medhit-wp2.it\/sap\/product\/picadoras-de-carne-con-rallador-tg12-tg22\/"},"modified":"2026-04-28T13:43:54","modified_gmt":"2026-04-28T13:43:54","slug":"picadoras-de-carne-con-rallador-tg12-tg22","status":"publish","type":"product","link":"https:\/\/sapbologna.it\/es\/producto\/picadoras-de-carne-con-rallador-tg12-tg22\/","title":{"rendered":"Picadoras de carne con rallador TG12-TG22"},"content":{"rendered":"<div class=\"caratteristiche\">\n<p>&nbsp;<\/p>\n<table class=\"table table-striped\">\n<thead>\n<tr>\n<th colspan=\"2\">PICADORA DE CARNE CON RALLADOR TG 12<\/th>\n<\/tr>\n<\/thead>\n<tbody>\n<tr>\n<td>POTENCIA<\/td>\n<td>0,75 kW (1 HP)<\/td>\n<\/tr>\n<tr>\n<td>ALIMENTACI\u00d3N<\/td>\n<td>230V\/1N\/50Hz &#8211; 230-400V\/3\/50Hz<\/td>\n<\/tr>\n<tr>\n<td>PRODUCCI\u00d3N HORARIA PICADORA DE CARNE<\/td>\n<td>160 Kg\/h<\/td>\n<\/tr>\n<tr>\n<td>PRODUCCI\u00d3N HORARIA RALLADOR<\/td>\n<td>40 Kg\/h<\/td>\n<\/tr>\n<tr>\n<td>DIMENSIONES BOCA RALLADOR<\/td>\n<td>14 x 7,5 cm<\/td>\n<\/tr>\n<tr>\n<td>DIMENSIONES<\/td>\n<td>63 x 30 x 46 cm<\/td>\n<\/tr>\n<tr>\n<td>PESO NETO<\/td>\n<td>23 Kg<\/td>\n<\/tr>\n<tr>\n<td>PESO BRUTO<\/td>\n<td>26 Kg<\/td>\n<\/tr>\n<tr>\n<td>DIMENSIONES EMBALAJE<\/td>\n<td>75 x 30 x 48 cm<\/td>\n<\/tr>\n<tr>\n<td>VOLUMEN EMBALAJE<\/td>\n<td>0,108 m3<\/td>\n<\/tr>\n<tr>\n<td>CAT\u00c1LOGO DE PRODUCTO<\/td>\n<td><a href=\"\/wp-content\/uploads\/2026\/04\/TRITACARNE-GRATTUGIA-TG12-TG22.pdf\" target=\"_blank\" rel=\"noopener\"><img loading=\"lazy\" decoding=\"async\" class=\"alignleft wp-image-3321 size-full\" src=\"https:\/\/sapbologna.it\/wp-content\/uploads\/2018\/09\/download-icon.png\" alt=\"\" width=\"114\" height=\"133\" \/><\/a><\/td>\n<\/tr>\n<tr>\n<td>DESPIEZO<\/td>\n<td><a href=\"\/wp-content\/uploads\/2026\/04\/TRITACARNE-GRATTUGIA-12.pdf\" target=\"_blank\" rel=\"noopener\"><img loading=\"lazy\" decoding=\"async\" class=\"alignleft wp-image-3321 size-full\" src=\"https:\/\/sapbologna.it\/wp-content\/uploads\/2018\/09\/download-icon.png\" alt=\"\" width=\"114\" height=\"133\" \/><\/a><\/td>\n<\/tr>\n<\/tbody>\n<\/table>\n<\/div>\n<div class=\"caratteristiche\">\n<p>&nbsp;<\/p>\n<table class=\"table table-striped\">\n<thead>\n<tr>\n<th colspan=\"2\">PICADORA DE CARNE CON RALLADOR TG 22<\/th>\n<\/tr>\n<\/thead>\n<tbody>\n<tr>\n<td>POTENCIA<\/td>\n<td>1,1 kW (1,5 HP)<\/td>\n<\/tr>\n<tr>\n<td>ALIMENTACI\u00d3N<\/td>\n<td>230V\/1N\/50Hz &#8211; 230-400V\/3\/50Hz<\/td>\n<\/tr>\n<tr>\n<td>PRODUCCI\u00d3N HORARIA PICADORA DE CARNE<\/td>\n<td>300 Kg\/h<\/td>\n<\/tr>\n<tr>\n<td>PRODUCCI\u00d3N HORARIA RALLADOR<\/td>\n<td>40 K\/gh<\/td>\n<\/tr>\n<tr>\n<td>DIMENSIONES BOCA RALLADOR<\/td>\n<td>14 x 7,5 cm<\/td>\n<\/tr>\n<tr>\n<td>DIMENSIONES<\/td>\n<td>67 x 35 x 48 cm<\/td>\n<\/tr>\n<tr>\n<td>PESO NETO<\/td>\n<td>27 Kg<\/td>\n<\/tr>\n<tr>\n<td>PESO BRUTO<\/td>\n<td>30 Kg<\/td>\n<\/tr>\n<tr>\n<td>DIMENSIONES EMBALAJE<\/td>\n<td>75 x 35 x 50 cm<\/td>\n<\/tr>\n<tr>\n<td>VOLUMEN EMBALAJE<\/td>\n<td>0,108 m3<\/td>\n<\/tr>\n<tr>\n<td>CAT\u00c1LOGO DE PRODUCTO<\/td>\n<td><a href=\"\/wp-content\/uploads\/2026\/04\/TRITACARNE-GRATTUGIA-TG12-TG22.pdf\" target=\"_blank\" rel=\"noopener\"><img loading=\"lazy\" decoding=\"async\" class=\"alignleft wp-image-3321 size-full\" src=\"https:\/\/www.sapbologna.it\/wp-content\/uploads\/2018\/09\/download-icon.png\" alt=\"\" width=\"20\" height=\"28\" \/><\/a><\/td>\n<\/tr>\n<tr>\n<td>DESPIEZO<\/td>\n<td><a href=\"\/wp-content\/uploads\/2026\/04\/TRITACARNE-GRATTUGIA-22.pdf\" target=\"_blank\" rel=\"noopener\"><img loading=\"lazy\" decoding=\"async\" class=\"alignleft wp-image-3321 size-full\" src=\"https:\/\/sapbologna.it\/wp-content\/uploads\/2018\/09\/download-icon.png\" alt=\"\" width=\"114\" height=\"133\" \/><\/a><\/td>\n<\/tr>\n<\/tbody>\n<\/table>\n<\/div>\n","protected":false},"excerpt":{"rendered":"<div class=\"testo\">\n<p>Muy veloz como picadora de carne, cuenta con un funcional rallador de quesos duros, pan, galletas y frutos secos.<br \/>\nEl cuerpo y la boca de la m\u00e1quina est\u00e1n hechos de aluminio pulido, pero a petici\u00f3n la m\u00e1quina puede disponer de una unidad de molienda de acero inoxidable.<br \/>\nBoca de entrada de la carne \u00d8 56 mm, reductor con engranajes con ba\u00f1o de aceite.<\/p>\n<p>La picadora de carne cuenta con sistema Enterprise: placa inoxidable con orificio de 6 mm y cuchilla inoxidable autorroscante.<br \/>\nLa pieza del rallador est\u00e1 constituida por una boca de aluminio pulido, rodillo de acero inoxidable, rejilla inferior de protecci\u00f3n y microinterruptor en la palanca del prensador.<\/p>\n<\/div>\n","protected":false},"featured_media":6351,"template":"","meta":[],"product_brand":[],"product_cat":[302,308,309],"product_tag":[],"class_list":{"0":"post-6348","1":"product","2":"type-product","3":"status-publish","4":"has-post-thumbnail","6":"product_cat-rallador","7":"product_cat-picadora","8":"product_cat-todos","9":"item col-md-6 col-sm-6 col-xs-12 mb_50","11":"first","12":"instock","13":"shipping-taxable","14":"product-type-simple"},"_links":{"self":[{"href":"https:\/\/sapbologna.it\/es\/wp-json\/wp\/v2\/product\/6348","targetHints":{"allow":["GET"]}}],"collection":[{"href":"https:\/\/sapbologna.it\/es\/wp-json\/wp\/v2\/product"}],"about":[{"href":"https:\/\/sapbologna.it\/es\/wp-json\/wp\/v2\/types\/product"}],"wp:featuredmedia":[{"embeddable":true,"href":"https:\/\/sapbologna.it\/es\/wp-json\/wp\/v2\/media\/6351"}],"wp:attachment":[{"href":"https:\/\/sapbologna.it\/es\/wp-json\/wp\/v2\/media?parent=6348"}],"wp:term":[{"taxonomy":"product_brand","embeddable":true,"href":"https:\/\/sapbologna.it\/es\/wp-json\/wp\/v2\/product_brand?post=6348"},{"taxonomy":"product_cat","embeddable":true,"href":"https:\/\/sapbologna.it\/es\/wp-json\/wp\/v2\/product_cat?post=6348"},{"taxonomy":"product_tag","embeddable":true,"href":"https:\/\/sapbologna.it\/es\/wp-json\/wp\/v2\/product_tag?post=6348"}],"curies":[{"name":"wp","href":"https:\/\/api.w.org\/{rel}","templated":true}]}}