{"id":6333,"date":"2018-09-04T16:00:20","date_gmt":"2018-09-04T16:00:20","guid":{"rendered":"https:\/\/medhit-wp2.it\/sap\/product\/picadoras-de-carne-refrigeradas-igloo-tcr22-tcr32\/"},"modified":"2026-04-01T10:42:55","modified_gmt":"2026-04-01T10:42:55","slug":"picadoras-de-carne-refrigeradas-igloo-tcr22-tcr32","status":"publish","type":"product","link":"https:\/\/sapbologna.it\/es\/producto\/picadoras-de-carne-refrigeradas-igloo-tcr22-tcr32\/","title":{"rendered":"Picadoras de carne refrigeradas Igloo TCR22-TCR32"},"content":{"rendered":"<div class=\"caratteristiche\">\n<p>&nbsp;<\/p>\n<table class=\"table table-striped\">\n<thead>\n<tr>\n<th colspan=\"2\">PICADORA DE CARNE TCR22CE IGLOO<\/th>\n<\/tr>\n<\/thead>\n<tbody>\n<tr>\n<td>Producci\u00f3n horaria<\/td>\n<td>280 kg\/h<\/td>\n<\/tr>\n<tr>\n<td>Motor<\/td>\n<td>1,5 Hp\/1,1 KW \u2013 230\/50; 1,5 Hp\/1,1 kW \u2013 V 400\/50<\/td>\n<\/tr>\n<tr>\n<td>Peso neto<\/td>\n<td>kg 43<\/td>\n<\/tr>\n<tr>\n<td>Dimensiones<\/td>\n<td>27X41X54,5 cm<\/td>\n<\/tr>\n<tr>\n<td>Dimensiones tolva<\/td>\n<td>35X24X4,9 cm<\/td>\n<\/tr>\n<tr>\n<td>Potencia compresor<\/td>\n<td>GD40MB220-240V,50HZ<\/td>\n<\/tr>\n<tr>\n<td>Gas refrigerante<\/td>\n<td>R134A<\/td>\n<\/tr>\n<tr>\n<td>Cat\u00e1logo de producto<\/td>\n<td><a href=\"\/wp-content\/uploads\/2026\/04\/TRITACARNE-REFRIGERATO-TCR22.pdf\" target=\"_blank\" rel=\"noopener\"><img loading=\"lazy\" decoding=\"async\" class=\"alignleft wp-image-3321 size-full\" src=\"https:\/\/sapbologna.it\/wp-content\/uploads\/2018\/09\/download-icon.png\" alt=\"\" width=\"114\" height=\"133\" \/><\/a><\/td>\n<\/tr>\n<\/tbody>\n<\/table>\n<\/div>\n<div class=\"caratteristiche\">\n<p>&nbsp;<\/p>\n<table class=\"table table-striped\" style=\"height: 278px;\" width=\"509\">\n<thead>\n<tr>\n<th colspan=\"2\">PICADORA DE CARNE TCR32CE IGLOO<\/th>\n<\/tr>\n<\/thead>\n<tbody>\n<tr>\n<td>Producci\u00f3n horaria<\/td>\n<td>450 kg\/h<\/td>\n<\/tr>\n<tr>\n<td>Motor<\/td>\n<td>3 Hp\/1,87 kW \u2013 V 400\/50<\/td>\n<\/tr>\n<tr>\n<td>Peso neto<\/td>\n<td>56 kg<\/td>\n<\/tr>\n<tr>\n<td>Dimensiones<\/td>\n<td>35X53X55,5cm<\/td>\n<\/tr>\n<tr>\n<td>Dimensiones tolva<\/td>\n<td>41X31X7,1 cm<\/td>\n<\/tr>\n<tr>\n<td>Potencia compresor<\/td>\n<td>GD40MB220-240V,50HZ<\/td>\n<\/tr>\n<tr>\n<td>Gas refrigerante<\/td>\n<td>R134A<\/td>\n<\/tr>\n<tr>\n<td>Cat\u00e1logo de producto<\/td>\n<td><a href=\"\/wp-content\/uploads\/2026\/04\/TRITACARNE-REFRIGERATO-TCR32.pdf\" target=\"_blank\" rel=\"noopener\"><img loading=\"lazy\" decoding=\"async\" class=\"alignleft wp-image-3321 size-full\" src=\"https:\/\/sapbologna.it\/wp-content\/uploads\/2018\/09\/download-icon.png\" alt=\"\" width=\"114\" height=\"133\" \/><\/a><\/td>\n<\/tr>\n<\/tbody>\n<\/table>\n<\/div>\n","protected":false},"excerpt":{"rendered":"<p>La picadora de carne, enteramente fabricada en acero inoxidable AISI 304, cuenta con un sistema de seguridad y un motor autoventilado, realizado con engranajes con ba\u00f1o de aceite. La m\u00e1quina se ajusta a todas las normativas europeas e internacionales sobre higiene y seguridad: permite procesar la carne a bajas temperaturas para impedir el desarrollo de bacterias, al tiempo que mantiene intacto el aspecto y las cualidades nutritivas de la carne. El sistema de corte est\u00e1 formado por 1 placa y 1 cuchilla de acero inoxidable, con una tolva extra\u00edble que permite una f\u00e1cil limpieza con un pa\u00f1o h\u00famedo. Si la m\u00e1quina no se utiliza de forma constante, no es necesario desmontar la boca y volverla a colocar en el frigor\u00edfico. La m\u00e1quina cuenta adem\u00e1s con un compresor, un termostato y un gas refrigerante sin impacto medioambiental. Tambi\u00e9n est\u00e1 disponible como accesorio opcional una tapa de aislamiento de la boca para mantener inalterada la temperatura de la carne reci\u00e9n procesada y aislarla del contacto con agentes externos.<\/p>\n","protected":false},"featured_media":6336,"template":"","meta":[],"product_brand":[],"product_cat":[308,309],"product_tag":[],"class_list":{"0":"post-6333","1":"product","2":"type-product","3":"status-publish","4":"has-post-thumbnail","6":"product_cat-picadora","7":"product_cat-todos","8":"item col-md-6 col-sm-6 col-xs-12 mb_50","10":"first","11":"instock","12":"shipping-taxable","13":"product-type-simple"},"_links":{"self":[{"href":"https:\/\/sapbologna.it\/es\/wp-json\/wp\/v2\/product\/6333","targetHints":{"allow":["GET"]}}],"collection":[{"href":"https:\/\/sapbologna.it\/es\/wp-json\/wp\/v2\/product"}],"about":[{"href":"https:\/\/sapbologna.it\/es\/wp-json\/wp\/v2\/types\/product"}],"wp:featuredmedia":[{"embeddable":true,"href":"https:\/\/sapbologna.it\/es\/wp-json\/wp\/v2\/media\/6336"}],"wp:attachment":[{"href":"https:\/\/sapbologna.it\/es\/wp-json\/wp\/v2\/media?parent=6333"}],"wp:term":[{"taxonomy":"product_brand","embeddable":true,"href":"https:\/\/sapbologna.it\/es\/wp-json\/wp\/v2\/product_brand?post=6333"},{"taxonomy":"product_cat","embeddable":true,"href":"https:\/\/sapbologna.it\/es\/wp-json\/wp\/v2\/product_cat?post=6333"},{"taxonomy":"product_tag","embeddable":true,"href":"https:\/\/sapbologna.it\/es\/wp-json\/wp\/v2\/product_tag?post=6333"}],"curies":[{"name":"wp","href":"https:\/\/api.w.org\/{rel}","templated":true}]}}