{"id":6325,"date":"2018-09-04T15:47:28","date_gmt":"2018-09-04T15:47:28","guid":{"rendered":"https:\/\/medhit-wp2.it\/sap\/product\/picadoras-de-carne-tc22-tc32\/"},"modified":"2026-04-28T10:15:36","modified_gmt":"2026-04-28T10:15:36","slug":"picadoras-de-carne-tc22-tc32","status":"publish","type":"product","link":"https:\/\/sapbologna.it\/es\/producto\/picadoras-de-carne-tc22-tc32\/","title":{"rendered":"Picadoras de carne TC22-TC32"},"content":{"rendered":"<div class=\"caratteristiche\">\n<p>&nbsp;<\/p>\n<table class=\"table table-striped\">\n<thead>\n<tr>\n<th colspan=\"2\">PICADORA DE CARNE TC22<\/th>\n<\/tr>\n<\/thead>\n<tbody>\n<tr>\n<td>Boca de acero<\/td>\n<td>\u00d8 22 (82 UNGER)<\/td>\n<\/tr>\n<tr>\n<td>Cuello de entrada<\/td>\n<td>\u00d8 52<\/td>\n<\/tr>\n<tr>\n<td>Producci\u00f3n horaria<\/td>\n<td>Kg. 300<\/td>\n<\/tr>\n<tr>\n<td>Motor<\/td>\n<td>kW 1,1 \u2013 hp 1,5 monof\u00e1sico<\/td>\n<\/tr>\n<tr>\n<td>Instalaci\u00f3n el\u00e9ctrica<\/td>\n<td>Tarjeta de baja tensi\u00f3n 24 V<\/td>\n<\/tr>\n<tr>\n<td>Peso neto<\/td>\n<td>kg 39<\/td>\n<\/tr>\n<tr>\n<td>Dimensiones<\/td>\n<td>45 x 30 x 36 cm<\/td>\n<\/tr>\n<tr>\n<td>Dimensiones embalaje<\/td>\n<td>60 x 34 x 55 cm<\/td>\n<\/tr>\n<tr>\n<td>Dimensiones tolva<\/td>\n<td>39 x 29 x 7 cm<\/td>\n<\/tr>\n<tr>\n<td>Opciones<\/td>\n<td>TOLVA con microinterruptor de seguridad \u2013 cuello \u0158 76 Serie de embudos para embutir<\/td>\n<\/tr>\n<tr>\n<td>Opciones<\/td>\n<td>Boca UNGER de acero AISI 304 con 3 placas (0 mm \u2013 4.5 mm \u2013 8 mm ) y 2 cuchillas<\/td>\n<\/tr>\n<tr>\n<td>Cat\u00e1logo de producto<\/td>\n<td><a href=\"\/wp-content\/uploads\/2026\/04\/TRITACARNE-TC22.pdf\" target=\"_blank\" rel=\"noopener noreferrer\"><img loading=\"lazy\" decoding=\"async\" class=\"alignleft wp-image-3321 size-full\" src=\"https:\/\/sapbologna.it\/wp-content\/uploads\/2018\/09\/download-icon.png\" alt=\"\" width=\"114\" height=\"133\" \/><\/a><\/td>\n<\/tr>\n<tr>\n<td>Despiezo<\/td>\n<td><a href=\"https:\/\/www.sapbologna.it\/wp-content\/uploads\/2018\/09\/TC22-TQ22-TC32-TQ32_SAP-2.jpg\" target=\"_blank\" rel=\"noopener noreferrer\"><img loading=\"lazy\" decoding=\"async\" class=\"alignleft wp-image-3321 size-full\" src=\"https:\/\/www.sapbologna.it\/wp-content\/uploads\/2018\/09\/download-icon.png\" alt=\"\" width=\"20\" height=\"28\" \/><\/a><\/td>\n<\/tr>\n<tr>\n<td>Repuestos de producto<\/td>\n<td><a href=\"https:\/\/www.sapbologna.it\/wp-content\/uploads\/2018\/12\/TC22-TQ224ricambi.pdf\" target=\"_blank\" rel=\"noopener noreferrer\"><img loading=\"lazy\" decoding=\"async\" class=\"alignleft wp-image-3321 size-full\" src=\"https:\/\/www.sapbologna.it\/wp-content\/uploads\/2018\/09\/download-icon.png\" alt=\"\" width=\"20\" height=\"28\" \/><\/a><\/td>\n<\/tr>\n<tr>\n<td>Manual<\/td>\n<td><a href=\"https:\/\/www.sapbologna.it\/wp-content\/uploads\/2019\/06\/TC-22-32_SAP.pdf\" target=\"_blank\" rel=\"noopener noreferrer\"><img loading=\"lazy\" decoding=\"async\" class=\"alignleft wp-image-3321 size-full\" src=\"https:\/\/www.sapbologna.it\/wp-content\/uploads\/2018\/09\/download-icon.png\" alt=\"\" width=\"20\" height=\"28\" \/><\/a><\/td>\n<\/tr>\n<\/tbody>\n<\/table>\n<\/div>\n<div class=\"caratteristiche\">\n<p>&nbsp;<\/p>\n<table class=\"table table-striped\">\n<thead>\n<tr>\n<th colspan=\"2\">PICADORA DE CARNE TC32<\/th>\n<\/tr>\n<\/thead>\n<tbody>\n<tr>\n<td>Boca de acero<\/td>\n<td>\u00d8 32 (98 UNGER)<\/td>\n<\/tr>\n<tr>\n<td>Cuello de entrada<\/td>\n<td>\u00d8 52<\/td>\n<\/tr>\n<tr>\n<td>Producci\u00f3n horaria<\/td>\n<td>Kg. 600<\/td>\n<\/tr>\n<tr>\n<td>Motor<\/td>\n<td>kW 1,85 \u2013 hp 2,2 monof\u00e1sico<\/td>\n<\/tr>\n<tr>\n<td>Instalaci\u00f3n el\u00e9ctrica<\/td>\n<td>Tarjeta de baja tensi\u00f3n 24 V<\/td>\n<\/tr>\n<tr>\n<td>Peso neto<\/td>\n<td>kg 43<\/td>\n<\/tr>\n<tr>\n<td>Dimensiones<\/td>\n<td>47 x 30 x 45 cm<\/td>\n<\/tr>\n<tr>\n<td>Dimensiones embalaje<\/td>\n<td>60 x 34 x 55 cm<\/td>\n<\/tr>\n<tr>\n<td>Opciones<\/td>\n<td>Boca UNGER de acero inoxidable AISI 304 con tres placas (0 mm \u2013 4.5 mm \u2013 8 mm ) y dos cuchillas TOLVA con microinterruptor de seguridad \u2013 cuello \u00d8 76 Serie de embudos para embutir<\/td>\n<\/tr>\n<tr>\n<td>Dimensiones embalaje<\/td>\n<td>39 x 29 x 7 cm<\/td>\n<\/tr>\n<tr>\n<td>Cat\u00e1logo de producto<\/td>\n<td><a href=\"\/wp-content\/uploads\/2026\/04\/TRITACARNE-TC32.pdf\" target=\"_blank\" rel=\"noopener noreferrer\"><img loading=\"lazy\" decoding=\"async\" class=\"alignleft wp-image-3321 size-full\" src=\"https:\/\/sapbologna.it\/wp-content\/uploads\/2018\/09\/download-icon.png\" alt=\"\" width=\"114\" height=\"133\" \/><\/a><\/td>\n<\/tr>\n<tr>\n<td>Despiezo<\/td>\n<td><a href=\"https:\/\/www.sapbologna.it\/wp-content\/uploads\/2018\/09\/TC22-TQ22-TC32-TQ32_SAP-2.jpg\" target=\"_blank\" rel=\"noopener noreferrer\"><img loading=\"lazy\" decoding=\"async\" class=\"alignleft wp-image-3321 size-full\" src=\"https:\/\/www.sapbologna.it\/wp-content\/uploads\/2018\/09\/download-icon.png\" alt=\"\" width=\"20\" height=\"28\" \/><\/a><\/td>\n<\/tr>\n<tr>\n<td>Repuestos de producto<\/td>\n<td><a href=\"https:\/\/www.sapbologna.it\/wp-content\/uploads\/2018\/12\/TC22-TQ224ricambi.pdf\" target=\"_blank\" rel=\"noopener noreferrer\"><img loading=\"lazy\" decoding=\"async\" class=\"alignleft wp-image-3321 size-full\" src=\"https:\/\/www.sapbologna.it\/wp-content\/uploads\/2018\/09\/download-icon.png\" alt=\"\" width=\"20\" height=\"28\" \/><\/a><\/td>\n<\/tr>\n<tr>\n<td>Manual<\/td>\n<td><a href=\"https:\/\/www.sapbologna.it\/wp-content\/uploads\/2019\/06\/TC-22-32_SAP.pdf\" target=\"_blank\" rel=\"noopener noreferrer\"><img loading=\"lazy\" decoding=\"async\" class=\"alignleft wp-image-3321 size-full\" src=\"https:\/\/www.sapbologna.it\/wp-content\/uploads\/2018\/09\/download-icon.png\" alt=\"\" width=\"20\" height=\"28\" \/><\/a><\/td>\n<\/tr>\n<\/tbody>\n<\/table>\n<\/div>\n","protected":false},"excerpt":{"rendered":"<p data-start=\"4621\" data-end=\"5442\">Estructura de aleaci\u00f3n fundida, totalmente revestida de acero inoxidable AISI 304. Motores autoventilados para uso intermitente, confeccionados con 4 engranajes de acero templado, cerrados en caja estanca con ba\u00f1o de aceite. Tolva y cubeta de recogida de carne, inoxidables. El microrruptor opcional en la tolva, a petici\u00f3n, prev\u00e9 un cuello de entrada m\u00e1s grande, \u00d8 76, y una tolva provista de microrruptores de seguridad y protecci\u00f3n de mano, seg\u00fan la normativa CE, garantizando una producci\u00f3n horaria aumentada en un 35%. Con una simple rotaci\u00f3n de una palanca se obtiene la desconexi\u00f3n de la unidad de molienda, hecha enteramente de acero inoxidable AISI 304. Todas las piezas de la m\u00e1quina se pueden limpiar con facilidad con un pa\u00f1o h\u00famedo.<\/p>\n<p data-start=\"5444\" data-end=\"5802\"><strong data-start=\"5444\" data-end=\"5458\">SEGURIDAD:<\/strong> Conforme con las normativas europeas e internacionales. M\u00e1quina incluida en el Anexo IV-D.M.: 96\/37\/CE. Motor y mandos con grado de protecci\u00f3n IP68, dotados de inversores de marcha y boca de entrada de carne seg\u00fan la normativa CE. Equipo de clase 1 con tarjeta de baja tensi\u00f3n 24 V (normativa N.V.R.). Tiempo m\u00e1ximo de uso continuo 15 minutos.<\/p>\n","protected":false},"featured_media":6330,"template":"","meta":[],"product_brand":[],"product_cat":[308,309],"product_tag":[],"class_list":{"0":"post-6325","1":"product","2":"type-product","3":"status-publish","4":"has-post-thumbnail","6":"product_cat-picadora","7":"product_cat-todos","8":"item col-md-6 col-sm-6 col-xs-12 mb_50","10":"first","11":"instock","12":"shipping-taxable","13":"product-type-simple"},"_links":{"self":[{"href":"https:\/\/sapbologna.it\/es\/wp-json\/wp\/v2\/product\/6325","targetHints":{"allow":["GET"]}}],"collection":[{"href":"https:\/\/sapbologna.it\/es\/wp-json\/wp\/v2\/product"}],"about":[{"href":"https:\/\/sapbologna.it\/es\/wp-json\/wp\/v2\/types\/product"}],"wp:featuredmedia":[{"embeddable":true,"href":"https:\/\/sapbologna.it\/es\/wp-json\/wp\/v2\/media\/6330"}],"wp:attachment":[{"href":"https:\/\/sapbologna.it\/es\/wp-json\/wp\/v2\/media?parent=6325"}],"wp:term":[{"taxonomy":"product_brand","embeddable":true,"href":"https:\/\/sapbologna.it\/es\/wp-json\/wp\/v2\/product_brand?post=6325"},{"taxonomy":"product_cat","embeddable":true,"href":"https:\/\/sapbologna.it\/es\/wp-json\/wp\/v2\/product_cat?post=6325"},{"taxonomy":"product_tag","embeddable":true,"href":"https:\/\/sapbologna.it\/es\/wp-json\/wp\/v2\/product_tag?post=6325"}],"curies":[{"name":"wp","href":"https:\/\/api.w.org\/{rel}","templated":true}]}}