{"id":6308,"date":"2018-09-04T15:20:17","date_gmt":"2018-09-04T15:20:17","guid":{"rendered":"https:\/\/medhit-wp2.it\/sap\/product\/picadoras-de-carne-tc12p-tc22p\/"},"modified":"2026-04-28T09:52:21","modified_gmt":"2026-04-28T09:52:21","slug":"picadoras-de-carne-tc12p-tc22p","status":"publish","type":"product","link":"https:\/\/sapbologna.it\/es\/producto\/picadoras-de-carne-tc12p-tc22p\/","title":{"rendered":"Picadoras de carne TC12P \u2013 TC22P"},"content":{"rendered":"<div class=\"caratteristiche\">\n<p>&nbsp;<\/p>\n<table class=\"table table-striped\">\n<thead>\n<tr>\n<th colspan=\"2\">PICADORA DE CARNE TC12P<\/th>\n<\/tr>\n<\/thead>\n<tbody>\n<tr>\n<td>Boca de acero<\/td>\n<td>\u00d8 70<\/td>\n<\/tr>\n<tr>\n<td>Cuello de entrada<\/td>\n<td>\u00d8 52<\/td>\n<\/tr>\n<tr>\n<td>Producci\u00f3n horaria<\/td>\n<td>Kg. 100<\/td>\n<\/tr>\n<tr>\n<td>Peso<\/td>\n<td>Kg. 21<\/td>\n<\/tr>\n<tr>\n<td>Potencia motor<\/td>\n<td>kW 0,75 &#8211; hp 1<\/td>\n<\/tr>\n<tr>\n<td>Orificios placa est\u00e1ndar<\/td>\n<td>4,5 mm<\/td>\n<\/tr>\n<tr>\n<td>Dimensiones<\/td>\n<td>42 x 26 x 48 cm<\/td>\n<\/tr>\n<tr>\n<td>Dimensiones embalaje<\/td>\n<td>60 x 34 x 55 cm<\/td>\n<\/tr>\n<tr>\n<td>Opciones<\/td>\n<td>Serie de embudos para embutir<\/td>\n<\/tr>\n<tr>\n<td>Cat\u00e1logo de producto<\/td>\n<td><a href=\"\/wp-content\/uploads\/2026\/04\/TRITACARNE-TC12P.pdf\" target=\"_blank\" rel=\"noopener noreferrer\"><img loading=\"lazy\" decoding=\"async\" class=\"alignleft wp-image-3321 size-full\" src=\"https:\/\/sapbologna.it\/wp-content\/uploads\/2018\/09\/download-icon.png\" alt=\"\" width=\"114\" height=\"133\" \/><\/a><\/td>\n<\/tr>\n<tr>\n<td>Despiezo<\/td>\n<td><a href=\"\/wp-content\/uploads\/2026\/04\/TC12P-TC22P.pdf\" target=\"_blank\" rel=\"noopener noreferrer\"><img loading=\"lazy\" decoding=\"async\" class=\"alignleft wp-image-3321 size-full\" src=\"https:\/\/sapbologna.it\/wp-content\/uploads\/2018\/09\/download-icon.png\" alt=\"\" width=\"114\" height=\"133\" \/><\/a><\/td>\n<\/tr>\n<tr>\n<td>Repuestos de producto<\/td>\n<td><a href=\"..\/..\/..\/wp-content\/uploads\/2018\/09\/TC12P-INOX.pdf\" target=\"_blank\" rel=\"noopener noreferrer\"><img loading=\"lazy\" decoding=\"async\" class=\"alignleft wp-image-3321 size-full\" src=\"https:\/\/www.sapbologna.it\/wp-content\/uploads\/2018\/09\/download-icon.png\" alt=\"\" width=\"20\" height=\"28\" \/><\/a><\/td>\n<\/tr>\n<tr>\n<td>Manual<\/td>\n<td><a href=\"..\/..\/..\/wp-content\/uploads\/2019\/06\/TC-12-22P_SAP.pdf\" target=\"_blank\" rel=\"noopener noreferrer\"><img loading=\"lazy\" decoding=\"async\" class=\"alignleft wp-image-3321 size-full\" src=\"https:\/\/www.sapbologna.it\/wp-content\/uploads\/2018\/09\/download-icon.png\" alt=\"\" width=\"20\" height=\"28\" \/><\/a><\/td>\n<\/tr>\n<\/tbody>\n<\/table>\n<\/div>\n<div class=\"caratteristiche\">\n<p>&nbsp;<\/p>\n<table class=\"table table-striped\">\n<thead>\n<tr>\n<th colspan=\"2\">PICADORA DE CARNE TC22P<\/th>\n<\/tr>\n<\/thead>\n<tbody>\n<tr>\n<td>Boca de acero<\/td>\n<td>\u00d8 82<\/td>\n<\/tr>\n<tr>\n<td>Cuello de entrada<\/td>\n<td>\u00d8 52<\/td>\n<\/tr>\n<tr>\n<td>Producci\u00f3n horaria<\/td>\n<td>Kg. 250<\/td>\n<\/tr>\n<tr>\n<td>Peso<\/td>\n<td>Kg. 32<\/td>\n<\/tr>\n<tr>\n<td>Potencia motor<\/td>\n<td>kW 1,1- hp 1,5<\/td>\n<\/tr>\n<tr>\n<td>Orificios placa est\u00e1ndar<\/td>\n<td>4,5 mm<\/td>\n<\/tr>\n<tr>\n<td>Dimensiones<\/td>\n<td>46 x 28 x 52 cm<\/td>\n<\/tr>\n<tr>\n<td>Dimensiones embalaje<\/td>\n<td>60 x 34 x 55 cm<\/td>\n<\/tr>\n<tr>\n<td>Opciones<\/td>\n<td>Serie de embudos para embutir<\/td>\n<\/tr>\n<tr>\n<td>Cat\u00e1logo de producto<\/td>\n<td><a href=\"\/wp-content\/uploads\/2026\/04\/TRITACARNE-TC22P.pdf\" target=\"_blank\" rel=\"noopener noreferrer\"><img loading=\"lazy\" decoding=\"async\" class=\"alignleft wp-image-3321 size-full\" src=\"https:\/\/sapbologna.it\/wp-content\/uploads\/2018\/09\/download-icon.png\" alt=\"\" width=\"114\" height=\"133\" \/><\/a><\/td>\n<\/tr>\n<tr>\n<td>Despiezo<\/td>\n<td><a href=\"\/wp-content\/uploads\/2026\/04\/TC12P-TC22P.pdf\" target=\"_blank\" rel=\"noopener noreferrer\"><img loading=\"lazy\" decoding=\"async\" class=\"alignleft wp-image-3321 size-full\" src=\"https:\/\/sapbologna.it\/wp-content\/uploads\/2018\/09\/download-icon.png\" alt=\"\" width=\"114\" height=\"133\" \/><\/a><\/td>\n<\/tr>\n<tr>\n<td>Repuestos de producto<\/td>\n<td><a href=\"..\/..\/..\/wp-content\/uploads\/2018\/09\/TC-22P.pdf\" target=\"_blank\" rel=\"noopener noreferrer\"><img loading=\"lazy\" decoding=\"async\" class=\"alignleft wp-image-3321 size-full\" src=\"https:\/\/www.sapbologna.it\/wp-content\/uploads\/2018\/09\/download-icon.png\" alt=\"\" width=\"20\" height=\"28\" \/><\/a><\/td>\n<\/tr>\n<tr>\n<td>Manual<\/td>\n<td><a href=\"..\/..\/..\/wp-content\/uploads\/2019\/06\/TC-12-22P_SAP.pdf\" target=\"_blank\" rel=\"noopener noreferrer\"><img loading=\"lazy\" decoding=\"async\" class=\"alignleft wp-image-3321 size-full\" src=\"https:\/\/www.sapbologna.it\/wp-content\/uploads\/2018\/09\/download-icon.png\" alt=\"\" width=\"20\" height=\"28\" \/><\/a><\/td>\n<\/tr>\n<\/tbody>\n<\/table>\n<\/div>\n","protected":false},"excerpt":{"rendered":"<div class=\"testo\">\n<p>Las picadoras de carne TC12P\/CE y TC22P\/CE est\u00e1n constituidas por <strong>carcasa, unidad de molienda, cubeta y tolva de acero inoxidable<\/strong>.<br \/>\nLas m\u00e1quinas est\u00e1n equipadas con inversor de marcha y tarjeta electr\u00f3nica 24V.<br \/>\nF\u00e1cil de usar y limpiar, pues la unidad de molienda se puede extraer con facilidad y todas las piezas pueden limpiarse con un pa\u00f1o h\u00famedo.<\/p>\n<p><strong>Instrumento ideal para triturar las carnes<\/strong> en general, se puede equipar, a petici\u00f3n, con accesorios embutidores para hacer salchichas.<br \/>\nLas TC12 P\/ CE y TC 22 P\/CE cumplen todas las normativas CE m\u00e1s estrictas en materia de seguridad.<\/p>\n<\/div>\n","protected":false},"featured_media":6313,"template":"","meta":[],"product_brand":[],"product_cat":[308,309],"product_tag":[],"class_list":{"0":"post-6308","1":"product","2":"type-product","3":"status-publish","4":"has-post-thumbnail","6":"product_cat-picadora","7":"product_cat-todos","8":"item col-md-6 col-sm-6 col-xs-12 mb_50","10":"first","11":"instock","12":"shipping-taxable","13":"product-type-simple"},"_links":{"self":[{"href":"https:\/\/sapbologna.it\/es\/wp-json\/wp\/v2\/product\/6308","targetHints":{"allow":["GET"]}}],"collection":[{"href":"https:\/\/sapbologna.it\/es\/wp-json\/wp\/v2\/product"}],"about":[{"href":"https:\/\/sapbologna.it\/es\/wp-json\/wp\/v2\/types\/product"}],"wp:featuredmedia":[{"embeddable":true,"href":"https:\/\/sapbologna.it\/es\/wp-json\/wp\/v2\/media\/6313"}],"wp:attachment":[{"href":"https:\/\/sapbologna.it\/es\/wp-json\/wp\/v2\/media?parent=6308"}],"wp:term":[{"taxonomy":"product_brand","embeddable":true,"href":"https:\/\/sapbologna.it\/es\/wp-json\/wp\/v2\/product_brand?post=6308"},{"taxonomy":"product_cat","embeddable":true,"href":"https:\/\/sapbologna.it\/es\/wp-json\/wp\/v2\/product_cat?post=6308"},{"taxonomy":"product_tag","embeddable":true,"href":"https:\/\/sapbologna.it\/es\/wp-json\/wp\/v2\/product_tag?post=6308"}],"curies":[{"name":"wp","href":"https:\/\/api.w.org\/{rel}","templated":true}]}}