{"id":5727,"date":"2018-12-14T11:33:11","date_gmt":"2018-12-14T11:33:11","guid":{"rendered":"https:\/\/medhit-wp2.it\/sap\/?page_id=5727"},"modified":"2026-02-23T10:13:17","modified_gmt":"2026-02-23T10:13:17","slug":"contactos","status":"publish","type":"page","link":"https:\/\/sapbologna.it\/es\/contactos\/","title":{"rendered":"Contactos"},"content":{"rendered":"<p><section class=\"kc-elm kc-css-323968 kc_row\"><div class=\"kc-row-container  kc-container\"><div class=\"kc-wrap-columns\"><div class=\"kc-elm kc-css-855849 kc_col-sm-12 kc_column kc_col-sm-12\"><div class=\"kc-col-container\"><div class=\"kc-elm kc-css-776869 kc_row kc_row_inner\"><div class=\"kc-elm kc-css-242699 kc_col-sm-5 kc_column_inner kc_col-sm-5\"><div class=\"kc_wrapper kc-col-inner-container\"><div class=\"kc-elm kc_row kc_row_inner\"><div class=\"kc-elm kc_col-sm-1 kc_column_inner kc_col-sm-1 \u00bbcol-dx\u00bb\"><div class=\"kc_wrapper kc-col-inner-container\"><div class=\"kc-elm kc-css-513416 kc_text_block\"><\/p>\n<p><strong>SAP SRL<\/strong><\/p>\n<p><strong>Fabricaci\u00f3n de m\u00e1quinas destinadas a los productos alimenticios<\/strong><\/p>\n<p>Via Nobel 7\/11\/11a,<br \/>Z.I. 1\u00b0 Maggio, 40064,<br \/>Ozzano dell\u2019Emilia (Bo) Italia<\/p>\n<p>(+39) <a href=\"tel:+39051796872\">051.796872<\/a><\/p>\n<p>(+39) <a href=\"tel:+390516552287\">051.6552287<\/a><\/p>\n<p><a href=\"mailto:sap@sapbologna.it\">sap@sapbologna.it<\/a><\/p>\n<p><a href=\"mailto:ivana.scattolini@sapbologna.it\">ivana.scattolini@sapbologna.it<\/a><\/p>\n<p><a href=\"mailto:amministrazione@sapbologna.it\">amministrazione@sapbologna.it<\/a><\/p>\n<p><a href=\"mailto:business@sapbologna.it\">business@sapbologna.it<\/a><\/p>\n<p>\n<\/div><div class=\"kc-elm kc-css-928387 kc-raw-code\"><a href=\"https:\/\/www.facebook.com\/SAPMACCHINEALIMENTARI\" target=\"_blank\"><i class=\"fa fa-facebook\" aria-hidden=\"true\"><\/i><\/a>\r\n<a href=\"https:\/\/www.instagram.com\/sap_bologna2017\/\" target=\"_blank\"><i class=\"fa fa-instagram\" aria-hidden=\"true\"><\/i><\/a>\r\n<a href=\"https:\/\/www.youtube.com\/channel\/UCmJV3LCPusCeQE_BEg4ehSg\" target=\"_blank\"><img decoding=\"async\" class=\"youtube\" src=\"https:\/\/medhit-wp.it\/sap\/wp-content\/uploads\/2018\/09\/youtube.png\" alt=\"\"><\/a><\/div><\/div><\/div><\/div><\/div><\/div><div class=\"kc-elm kc-css-473628 kc_col-sm-7 kc_column_inner kc_col-sm-7\"><div class=\"kc_wrapper kc-col-inner-container\"><div class=\"kc-elm kc-css-793584 kc-raw-code\"><iframe loading=\"lazy\" src=\"https:\/\/maps.google.it\/maps?ie=UTF8&amp;cid=109121054631158099&amp;q=SAP+srl+-+produzione+macchine+alimentari&amp;gl=IT&amp;hl=it&amp;t=m&amp;ll=44.445117,11.492279&amp;spn=0.009008,0.012617&amp;z=16&amp;iwloc=A&amp;output=embed\" frameborder=\"0\" marginwidth=\"0\" marginheight=\"0\" scrolling=\"no\" width=\"100%\" height=\"486\"><\/iframe><\/div><\/div><\/div><\/div><\/div><\/div><\/div><\/div><\/section><section id=\"come-raggiungerci\" class=\"kc-elm kc-css-760299 kc_row\"><div class=\"kc-row-container  kc-container\"><div class=\"kc-wrap-columns\"><div class=\"kc-elm kc-css-759438 kc_col-sm-12 kc_column kc_col-sm-12\"><div class=\"kc-col-container\"><div class=\"kc-elm kc-css-829103 kc_row kc_row_inner\"><div class=\"kc-elm kc-css-869681 kc_col-sm-1 kc_column_inner kc_col-sm-1 col-sn\"><div class=\"kc_wrapper kc-col-inner-container\"><div class=\"kc-elm kc-css-260070 kc_shortcode kc_single_image\">\n\n        <img decoding=\"async\" src=\"https:\/\/sapbologna.it\/wp-content\/uploads\/2018\/09\/icona-macchina.png\" class=\"\" alt=\"\" \/>    <\/div>\n<\/div><\/div><div class=\"kc-elm kc-css-990349 kc_col-sm-11 kc_column_inner kc_col-sm-11 col-dx\"><div class=\"kc_wrapper kc-col-inner-container\">\n<div class=\"kc-elm kc-css-647060 kc-title-wrap \">\n\n\t<h6 class=\"kc_title\">C\u00d3MO LLEGAR<\/h6>\n<\/div>\n<\/div><\/div><\/div><div class=\"kc-elm kc-css-795458 kc_row kc_row_inner\"><div class=\"kc-elm kc-css-916093 kc_col-sm-6 kc_column_inner kc_col-sm-6\"><div class=\"kc_wrapper kc-col-inner-container\">\n<div class=\"kc-elm kc-css-841174 kc-title-wrap \">\n\n\t<h6 class=\"kc_title\">AUTOPISTA A14 - SALIDA \"BOLOGNA - S.LAZZARO\"<\/h6>\n<\/div>\n\n<div class=\"kc-elm kc-css-689348 divider_line\">\n\t<div class=\"divider_inner divider_line1\">\n\t\t\t<\/div>\n<\/div>\n<div class=\"kc-elm kc-css-298573 kc_text_block\"><\/p>\n<p>\nSiga las indicaciones para la Via Emilia y a continuaci\u00f3n gire a la izquierda en direcci\u00f3n a Imola. Tras dejas atr\u00e1s Ozzano dell&#039;Emilia gire a la izquierda por la Via Tolara di Sotto. Antes de llegar al medio del paso elevado, gire a la izquierda y en la primera rotonda tome la Via Nobel.<\/p>\n<p>\n<\/div><\/div><\/div><div class=\"kc-elm kc-css-836969 kc_col-sm-6 kc_column_inner kc_col-sm-6\"><div class=\"kc_wrapper kc-col-inner-container\">\n<div class=\"kc-elm kc-css-412318 kc-title-wrap \">\n\n\t<h6 class=\"kc_title\">AUTOPISTA A14 - SALIDA \"CASTEL SAN PIETRO TERME\"<\/h6>\n<\/div>\n\n<div class=\"kc-elm kc-css-332899 divider_line\">\n\t<div class=\"divider_inner divider_line1\">\n\t\t\t<\/div>\n<\/div>\n<div class=\"kc-elm kc-css-823525 kc_text_block\"><\/p>\n<p>\nSiga las indicaciones para la Via Emilia y a continuaci\u00f3n gire a la derecha en direcci\u00f3n a Bologna. Tras dejas atr\u00e1s Osteria Grande gire a la derecha por la Via Tolara di Sotto. Antes de llegar al medio del paso elevado, gire a la izquierda y en la primera rotonda tome la Via Nobel.<\/p>\n<p>\n<\/div><\/div><\/div><\/div><\/div><\/div><\/div><\/div><\/section><\/p>\n","protected":false},"excerpt":{"rendered":"","protected":false},"author":1,"featured_media":0,"parent":0,"menu_order":0,"comment_status":"closed","ping_status":"closed","template":"","meta":{"footnotes":""},"class_list":["post-5727","page","type-page","status-publish","hentry","item col-md-6 col-sm-6 col-xs-12 mb_50"],"_links":{"self":[{"href":"https:\/\/sapbologna.it\/es\/wp-json\/wp\/v2\/pages\/5727","targetHints":{"allow":["GET"]}}],"collection":[{"href":"https:\/\/sapbologna.it\/es\/wp-json\/wp\/v2\/pages"}],"about":[{"href":"https:\/\/sapbologna.it\/es\/wp-json\/wp\/v2\/types\/page"}],"author":[{"embeddable":true,"href":"https:\/\/sapbologna.it\/es\/wp-json\/wp\/v2\/users\/1"}],"replies":[{"embeddable":true,"href":"https:\/\/sapbologna.it\/es\/wp-json\/wp\/v2\/comments?post=5727"}],"version-history":[{"count":27,"href":"https:\/\/sapbologna.it\/es\/wp-json\/wp\/v2\/pages\/5727\/revisions"}],"predecessor-version":[{"id":8770,"href":"https:\/\/sapbologna.it\/es\/wp-json\/wp\/v2\/pages\/5727\/revisions\/8770"}],"wp:attachment":[{"href":"https:\/\/sapbologna.it\/es\/wp-json\/wp\/v2\/media?parent=5727"}],"curies":[{"name":"wp","href":"https:\/\/api.w.org\/{rel}","templated":true}]}}