{"id":5722,"date":"2018-12-14T11:27:26","date_gmt":"2018-12-14T11:27:26","guid":{"rendered":"https:\/\/medhit-wp2.it\/sap\/?page_id=5722"},"modified":"2026-04-27T08:25:18","modified_gmt":"2026-04-27T08:25:18","slug":"certifications","status":"publish","type":"page","link":"https:\/\/sapbologna.it\/es\/certifications\/","title":{"rendered":"certifications"},"content":{"rendered":"<p><section class=\"kc-elm kc-css-822539 kc_row\"><div class=\"kc-row-container  kc-container\"><div class=\"kc-wrap-columns\"><div class=\"kc-elm kc-css-716107 kc_col-sm-12 kc_column kc_col-sm-12\"><div class=\"kc-col-container\"><div class=\"kc-elm kc-css-425709 kc_text_block\"><\/p>\n<p>Los Institutos <b>KIWA<\/b>\u00a0e <strong>ICE<\/strong> han certificado la <strong>plena conformidad<\/strong> de nuestras m\u00e1quinas para la transformaci\u00f3n de los alimentos seg\u00fan las m\u00e1s estrictas normativas europeas e internacionales en materia de<strong> higiene<\/strong> y <strong>seguridad<\/strong>.<\/p>\n<p>\n<\/div><div class=\"kc-elm kc-css-96205 kc_text_block\"><\/p>\n<p>Certifican la calidad global del dise\u00f1o, fabricaci\u00f3n y comercializaci\u00f3n de las m\u00e1quinas y son una <strong>importante motivaci\u00f3n<\/strong> para <strong>mejorar continuamente<\/strong>.<\/p>\n<p>\n<\/div><\/div><\/div><\/div><\/div><\/section><section id=\"brand-icon\" class=\"kc-elm kc-css-383828 kc_row\"><div class=\"kc-row-container  kc-container\"><div class=\"kc-wrap-columns\"><div class=\"kc-elm kc-css-348641 kc_col-sm-12 kc_column kc_col-sm-12\"><div class=\"kc-col-container\"><div id=\"ice-desktop\" class=\"kc-elm kc-css-261099 kc_row kc_row_inner brand-row\"><div class=\"kc-elm kc-css-946919 kc_col-sm-6 kc_column_inner kc_col-sm-6\"><div class=\"kc_wrapper kc-col-inner-container\"><div class=\"kc-elm kc-css-750365 kc_text_block\"><\/p>\n<p style=\"margin: 0px; text-align: center;\"><img decoding=\"async\" class=\"img-responsive img-inline\" src=\"https:\/\/www.sapbologna.it\/wp-content\/uploads\/2018\/09\/istituto-certificazione-europea-ICE.png\" \/><strong>EN 12268:2010<\/strong><\/p>\n<p>\n<\/div><\/div><\/div><div class=\"kc-elm kc-css-516711 kc_col-sm-6 kc_column_inner kc_col-sm-6\"><div class=\"kc_wrapper kc-col-inner-container\"><div class=\"kc-elm kc-css-140173 kc_text_block\"><\/p>\n<p style=\"margin: 0px; text-align: center;\"><img decoding=\"async\" class=\"img-responsive img-inline\" src=\"https:\/\/www.sapbologna.it\/wp-content\/uploads\/2018\/09\/istituto-certificazione-europea-ICE.png\" \/><strong>CEI EN 60204-1:2006<\/strong><\/p>\n<p>\n<\/div><\/div><\/div><\/div><div id=\"ice-mobile\" class=\"kc-elm kc-css-292483 kc_row kc_row_inner\"><div class=\"kc-elm kc-css-363842 kc_col-sm-12 kc_column_inner kc_col-sm-12\"><div class=\"kc_wrapper kc-col-inner-container\"><div class=\"kc-elm kc_row kc_row_inner\"><div class=\"kc-elm kc_col-sm-1 kc_column_inner kc_col-sm-1\"><div class=\"kc_wrapper kc-col-inner-container\"><div class=\"kc-elm kc-css-397722 kc_shortcode kc_single_image\">\n\n        <img decoding=\"async\" src=\"https:\/\/sapbologna.it\/wp-content\/uploads\/2018\/09\/istituto-certificazione-europea-ICE.png\" class=\"\" alt=\"\" \/>    <\/div>\n<\/div><\/div><\/div><div class=\"kc-elm kc_row kc_row_inner\"><div class=\"kc-elm kc_col-sm-1 kc_column_inner kc_col-sm-1\"><div class=\"kc_wrapper kc-col-inner-container\"><div class=\"kc-elm kc-css-336127 kc_text_block\"><\/p>\n<p style=\"margin: 0px; text-align: center;\"><strong>EN 12268:2010<\/strong><\/p>\n<p>\n<\/div><\/div><\/div><div class=\"kc-elm kc_col-sm-1 kc_column_inner kc_col-sm-1\"><div class=\"kc_wrapper kc-col-inner-container\"><div class=\"kc-elm kc-css-69937 kc_text_block\"><\/p>\n<p style=\"margin: 0px; text-align: center;\"><strong>CEI EN 60204-1:2006<\/strong><\/p>\n<p>\n<\/div><\/div><\/div><\/div><\/div><\/div><\/div><div class=\"kc-elm kc-css-961549 kc_row kc_row_inner brand-row\"><div class=\"kc-elm kc-css-204595 kc_col-sm-12 kc_column_inner kc_col-sm-12\"><div class=\"kc_wrapper kc-col-inner-container\"><div id=\"jmsbrand-box\" class=\"kc-elm kc-css-505759\">\n\t<div class=\"brand-carousel-636408772 owl-carousel owl-theme\" data-carousel='{\"selector\": \".brand-carousel-636408772\", &quot;itemDesktop&quot;: &quot;4&quot;, &quot;itemMedium&quot;: &quot;4&quot;, &quot;itemTablet&quot;: &quot;4&quot;, &quot;itemMobile&quot;: &quot;4&quot;, &quot;navigation&quot;: false, &quot;pagination&quot;: false, &quot;autoplay&quot;: false, &quot;autoplayTimeout&quot;: &quot;4000&quot;, &quot;loop&quot;: true}'>\n\t\t\t\t\t<div class=\"item tc\">\n\t            <img decoding=\"async\" src=\"https:\/\/sapbologna.it\/wp-content\/uploads\/2026\/02\/ANCCP-LOGO.png\" alt=\"\" class=\"img-responsive\">\n\t        <\/div>\n\t\t\t\t\t\t<div class=\"item tc\">\n\t            <img decoding=\"async\" src=\"https:\/\/sapbologna.it\/wp-content\/uploads\/2018\/09\/Logo-Anima.png\" alt=\"\" class=\"img-responsive\">\n\t        <\/div>\n\t\t\t\t\t\t<div class=\"item tc\">\n\t            <img decoding=\"async\" src=\"https:\/\/sapbologna.it\/wp-content\/uploads\/2018\/09\/Logo-Uni.png\" alt=\"\" class=\"img-responsive\">\n\t        <\/div>\n\t\t\t\t\t\t<div class=\"item tc\">\n\t            <img decoding=\"async\" src=\"https:\/\/sapbologna.it\/wp-content\/uploads\/2018\/09\/Logo-kiwa.png\" alt=\"\" class=\"img-responsive\">\n\t        <\/div>\n\t\t\t\t<\/div>\n<\/div><\/div><\/div><\/div><div class=\"kc-elm kc-css-60365 kc_shortcode kc_single_image\">\n\n        <img decoding=\"async\" src=\"https:\/\/sapbologna.it\/wp-content\/uploads\/2023\/11\/Screenshot-2023-11-02-alle-17.41.58.png\" class=\"\" alt=\"\" \/>    <\/div>\n<\/div><\/div><\/div><\/div><\/section><\/p>\n","protected":false},"excerpt":{"rendered":"","protected":false},"author":1,"featured_media":0,"parent":0,"menu_order":0,"comment_status":"closed","ping_status":"closed","template":"","meta":{"footnotes":""},"class_list":["post-5722","page","type-page","status-publish","hentry","item col-md-6 col-sm-6 col-xs-12 mb_50"],"_links":{"self":[{"href":"https:\/\/sapbologna.it\/es\/wp-json\/wp\/v2\/pages\/5722","targetHints":{"allow":["GET"]}}],"collection":[{"href":"https:\/\/sapbologna.it\/es\/wp-json\/wp\/v2\/pages"}],"about":[{"href":"https:\/\/sapbologna.it\/es\/wp-json\/wp\/v2\/types\/page"}],"author":[{"embeddable":true,"href":"https:\/\/sapbologna.it\/es\/wp-json\/wp\/v2\/users\/1"}],"replies":[{"embeddable":true,"href":"https:\/\/sapbologna.it\/es\/wp-json\/wp\/v2\/comments?post=5722"}],"version-history":[{"count":8,"href":"https:\/\/sapbologna.it\/es\/wp-json\/wp\/v2\/pages\/5722\/revisions"}],"predecessor-version":[{"id":9759,"href":"https:\/\/sapbologna.it\/es\/wp-json\/wp\/v2\/pages\/5722\/revisions\/9759"}],"wp:attachment":[{"href":"https:\/\/sapbologna.it\/es\/wp-json\/wp\/v2\/media?parent=5722"}],"curies":[{"name":"wp","href":"https:\/\/api.w.org\/{rel}","templated":true}]}}