{"id":5683,"date":"2018-12-14T11:21:03","date_gmt":"2018-12-14T11:21:03","guid":{"rendered":"https:\/\/medhit-wp2.it\/sap\/quienes-somos\/"},"modified":"2026-03-16T13:06:26","modified_gmt":"2026-03-16T13:06:26","slug":"quienes-somos","status":"publish","type":"page","link":"https:\/\/sapbologna.it\/es\/quienes-somos\/","title":{"rendered":"Qui\u00e9nes somos"},"content":{"rendered":"<p><section class=\"kc-elm kc-css-516860 kc_row\"><div class=\"kc-row-container  kc-container\"><div class=\"kc-wrap-columns\"><div id=\"col-sx\" class=\"kc-elm kc-css-718827 kc_col-sm-3 kc_column kc_col-sm-3\"><div class=\"kc-col-container\"><div class=\"kc-elm kc-css-929286 kc_text_block intro-p\"><\/p>\n<p style=\"text-align: left;\"><strong data-start=\"69\" data-end=\"95\">\u00bfQui\u00e9n es Sap Bologna?<\/strong><br data-start=\"95\" data-end=\"98\" \/>Antes de ser una empresa, somos un equipo de compa\u00f1eros que invertimos cada d\u00eda toda nuestra energ\u00eda para realizar un trabajo reconocido como excelente a nivel internacional. La seriedad que nos distingue hace ya m\u00e1s de 45 a\u00f1os nos ha hecho merecedores de un lugar especial en gran parte del mundo: desde Europa y Sudam\u00e9rica hasta \u00c1frica, Oriente Medio, Rusia y China.<\/p>\n<p>\n<\/div><\/div><\/div><div id=\"col-dx\" class=\"kc-elm kc-css-249565 kc_col-sm-9 kc_column kc_col-sm-9\"><div class=\"kc-col-container\"><div class=\"kc-elm kc-css-395053 kc-raw-code\"><iframe loading=\"lazy\" width=\"560\" height=\"315\" src=\"https:\/\/www.youtube.com\/embed\/qpvROMqSTz0?si=lpyQ2zcNrnjT3VYC\" title=\"YouTube video player\" frameborder=\"0\" allow=\"accelerometer; autoplay; clipboard-write; encrypted-media; gyroscope; picture-in-picture; web-share\" referrerpolicy=\"strict-origin-when-cross-origin\" allowfullscreen><\/iframe><\/div><\/div><\/div><\/div><\/div><\/section><section class=\"kc-elm kc-css-908670 kc_row\"><div class=\"kc-row-container  kc-container\"><div class=\"kc-wrap-columns\"><div class=\"kc-elm kc-css-592270 kc_col-sm-12 kc_column kc_col-sm-12\"><div class=\"kc-col-container\"><div class=\"kc-elm kc-css-296837 kc_text_block intro-s-p\"><\/p>\n<p>Nuestras <strong>m\u00e1quinas<\/strong>, realizadas \u00fanicamente con material \u201cmade in Italy\u201d (<strong>aluminio<\/strong> y <strong>acero<\/strong> <strong>inoxidable<\/strong>), son fabricadas artesanalmente por nuestros operarios con esmero y pasi\u00f3n, buscando la perfecci\u00f3n hasta en el \u00faltimo detalle.<\/p>\n<p>\n<\/div><div class=\"kc-elm kc-css-527778 kc_text_block intro-t-p\"><\/p>\n<p>Nuestra sede se encuentra en la provincia de Bolonia, en Ozzano dell\u2019Emilia, en una estructura moderna y funcional con una superficie de <strong>2.300 metros cuadrados<\/strong>. Pero eso no es todo. En el techo de nuestra f\u00e1brica hay <strong>80 kilovatios<\/strong> de paneles fotovoltaicos que proporcionan eficiencia energ\u00e9tica y protecci\u00f3n del patrimonio medioambiental.<\/p>\n<p>\n<\/div><div class=\"kc-elm kc-css-428959 kc_text_block\"><\/p>\n<p>\u201cHay que decir que somos una m\u00e1quina \u2013afirma <strong>Ivana Scattolini<\/strong>, gerente general de la empresa\u2013 que nunca se detiene. Pensamos r\u00e1pidamente y operamos teniendo presentes los cambios veloces y continuos de nuestro mercado de referencia. Estamos satisfechos y orgullosos de nuestros productos y de las garant\u00edas que ofrecen, sobre todo en materia de higiene y seguridad\u201d. La calidad global del dise\u00f1o, la fabricaci\u00f3n y la comercializaci\u00f3n de las m\u00e1quinas constituye una gran motivaci\u00f3n para la mejora continua.<\/p>\n<p>\n<\/div><\/div><\/div><\/div><\/div><\/section><section class=\"kc-elm kc-css-5028 kc_row\"><div class=\"kc-row-container  kc-container\"><div class=\"kc-wrap-columns\"><div class=\"kc-elm kc-css-907586 kc_col-sm-12 kc_column kc_col-sm-12\"><div class=\"kc-col-container\"><div class=\"kc-image-gallery kc-elm kc-css-529229\">\n<div class=\"kc_image_gallery kc-carousel-image kc-grid \" data-image_masonry=\"yes\">\n<div class=\"item-grid grid-4\"><a class=\"kc-image-link kc-pretty-photo\" data-lightbox=\"kc-lightbox\" rel=\"kc-pretty-photo[37697846]\" href=\"https:\/\/sapbologna.it\/wp-content\/uploads\/2018\/09\/foto2.jpg\"><img decoding=\"async\" src=\"https:\/\/sapbologna.it\/wp-content\/uploads\/2018\/09\/foto2-400x400xc.jpg\" alt=\"Azienda SAP\"\/><div class=\"kc-image-overlay\"><i class=\"pe-7s-search\"><\/i><\/div><\/a><\/div><div class=\"item-grid grid-4\"><a class=\"kc-image-link kc-pretty-photo\" data-lightbox=\"kc-lightbox\" rel=\"kc-pretty-photo[37697846]\" href=\"https:\/\/sapbologna.it\/wp-content\/uploads\/2018\/09\/foto1.jpg\"><img decoding=\"async\" src=\"https:\/\/sapbologna.it\/wp-content\/uploads\/2018\/09\/foto1-400x400xc.jpg\" alt=\"Azienda SAP\"\/><div class=\"kc-image-overlay\"><i class=\"pe-7s-search\"><\/i><\/div><\/a><\/div><div class=\"item-grid grid-4\"><a class=\"kc-image-link kc-pretty-photo\" data-lightbox=\"kc-lightbox\" rel=\"kc-pretty-photo[37697846]\" href=\"https:\/\/sapbologna.it\/wp-content\/uploads\/2018\/09\/foto4.jpg\"><img decoding=\"async\" src=\"https:\/\/sapbologna.it\/wp-content\/uploads\/2018\/09\/foto4-400x400xc.jpg\" alt=\"Azienda SAP\"\/><div class=\"kc-image-overlay\"><i class=\"pe-7s-search\"><\/i><\/div><\/a><\/div><div class=\"item-grid grid-4\"><a class=\"kc-image-link kc-pretty-photo\" data-lightbox=\"kc-lightbox\" rel=\"kc-pretty-photo[37697846]\" href=\"https:\/\/sapbologna.it\/wp-content\/uploads\/2018\/09\/foto5.jpg\"><img decoding=\"async\" src=\"https:\/\/sapbologna.it\/wp-content\/uploads\/2018\/09\/foto5-400x400xc.jpg\" alt=\"Magazzino azienda SAP\"\/><div class=\"kc-image-overlay\"><i class=\"pe-7s-search\"><\/i><\/div><\/a><\/div><\/div>\n<\/div><\/div><\/div><\/div><\/div><\/section><\/p>\n","protected":false},"excerpt":{"rendered":"","protected":false},"author":1,"featured_media":0,"parent":0,"menu_order":0,"comment_status":"closed","ping_status":"closed","template":"","meta":{"footnotes":""},"class_list":["post-5683","page","type-page","status-publish","hentry","item col-md-6 col-sm-6 col-xs-12 mb_50"],"_links":{"self":[{"href":"https:\/\/sapbologna.it\/es\/wp-json\/wp\/v2\/pages\/5683","targetHints":{"allow":["GET"]}}],"collection":[{"href":"https:\/\/sapbologna.it\/es\/wp-json\/wp\/v2\/pages"}],"about":[{"href":"https:\/\/sapbologna.it\/es\/wp-json\/wp\/v2\/types\/page"}],"author":[{"embeddable":true,"href":"https:\/\/sapbologna.it\/es\/wp-json\/wp\/v2\/users\/1"}],"replies":[{"embeddable":true,"href":"https:\/\/sapbologna.it\/es\/wp-json\/wp\/v2\/comments?post=5683"}],"version-history":[{"count":12,"href":"https:\/\/sapbologna.it\/es\/wp-json\/wp\/v2\/pages\/5683\/revisions"}],"predecessor-version":[{"id":9164,"href":"https:\/\/sapbologna.it\/es\/wp-json\/wp\/v2\/pages\/5683\/revisions\/9164"}],"wp:attachment":[{"href":"https:\/\/sapbologna.it\/es\/wp-json\/wp\/v2\/media?parent=5683"}],"curies":[{"name":"wp","href":"https:\/\/api.w.org\/{rel}","templated":true}]}}