{"id":5490,"date":"2018-09-05T10:04:52","date_gmt":"2018-09-05T10:04:52","guid":{"rendered":"https:\/\/medhit-wp2.it\/sap\/product\/external-suction-vacuum-packaging-machines\/"},"modified":"2026-03-11T11:42:35","modified_gmt":"2026-03-11T11:42:35","slug":"external-suction-vacuum-packaging-machines","status":"publish","type":"product","link":"https:\/\/sapbologna.it\/en\/product\/external-suction-vacuum-packaging-machines\/","title":{"rendered":"External Suction Vacuum Packaging Machines"},"content":{"rendered":"<div class=\"caratteristiche\">\n<table class=\"table table-striped\">\n<thead>\n<tr>\n<th colspan=\"2\">EXTERNAL SUCTION VACUUM PACKAGING MACHINES\/350<\/th>\n<\/tr>\n<\/thead>\n<tbody>\n<tr>\n<td>Dimensions<\/td>\n<td>370 x 260 x 130 mm<\/td>\n<\/tr>\n<tr>\n<td>Voltage<\/td>\n<td>230 V \/ 50-60 Hz<\/td>\n<\/tr>\n<tr>\n<td>Oil bath pump<\/td>\n<td>20-24 L\/min 20-24 nmpa b MMHyiy<\/td>\n<\/tr>\n<tr>\n<td>Power consumption<\/td>\n<td>250 W &#8211; 250 Bt<\/td>\n<\/tr>\n<tr>\n<td>Sealing bar<\/td>\n<td>350<\/td>\n<\/tr>\n<tr>\n<td>Weight<\/td>\n<td>8 kg &#8211; 8 Kr<\/td>\n<\/tr>\n<tr>\n<td>Product catalogue<\/td>\n<td><a href=\"\/wp-content\/uploads\/2026\/03\/MACCHINA-SOTTOVUOTO-AD-ASPIRAZIONE-ESTERNE.pdf\" target=\"_blank\" rel=\"noopener\"><img loading=\"lazy\" decoding=\"async\" class=\"alignleft wp-image-3321 size-full\" src=\"https:\/\/sapbologna.it\/wp-content\/uploads\/2018\/09\/download-icon.png\" alt=\"\" width=\"114\" height=\"133\" \/><\/a><\/td>\n<\/tr>\n<tr>\n<td>Exploded view<\/td>\n<td><a href=\"https:\/\/www.sapbologna.it\/wp-content\/uploads\/2022\/12\/ESPLOSO-VACUUM-ASPIRAZIONE-ESTERNA.pdf\" target=\"_blank\" rel=\"noopener\"><img loading=\"lazy\" decoding=\"async\" class=\"alignleft wp-image-3321 size-full\" src=\"https:\/\/www.sapbologna.it\/wp-content\/uploads\/2018\/09\/download-icon.png\" alt=\"\" width=\"20\" height=\"28\" \/><\/a><\/td>\n<\/tr>\n<tr>\n<td>Parts list<\/td>\n<td><a href=\"https:\/\/www.sapbologna.it\/wp-content\/uploads\/2022\/12\/RICAMBI-VAC-ASPIRAZIONE-ESTERNA.pdf\" target=\"_blank\" rel=\"noopener\"><img loading=\"lazy\" decoding=\"async\" class=\"alignleft wp-image-3321 size-full\" src=\"https:\/\/www.sapbologna.it\/wp-content\/uploads\/2018\/09\/download-icon.png\" alt=\"\" width=\"20\" height=\"28\" \/><\/a><\/td>\n<\/tr>\n<\/tbody>\n<\/table>\n<p>&nbsp;<\/p>\n<\/div>\n<div class=\"caratteristiche\">\n<table class=\"table table-striped\">\n<thead>\n<tr>\n<th colspan=\"2\">EXTERNAL SUCTION VACUUM PACKAGING MACHINES\/450<\/th>\n<\/tr>\n<\/thead>\n<tbody>\n<tr>\n<td>Dimensions<\/td>\n<td>470 x 260 x 130 mm<\/td>\n<\/tr>\n<tr>\n<td>Voltage<\/td>\n<td>230 V \/ 50-60 Hz<\/td>\n<\/tr>\n<tr>\n<td>Oil bath pump<\/td>\n<td>20-24 L\/min 20-24 nmpa b MMHyiy<\/td>\n<\/tr>\n<tr>\n<td>Power consumption<\/td>\n<td>300 W &#8211; 300 Bt<\/td>\n<\/tr>\n<tr>\n<td>Sealing bar<\/td>\n<td>450<\/td>\n<\/tr>\n<tr>\n<td>Weight<\/td>\n<td>10 kg -10 kt<\/td>\n<\/tr>\n<tr>\n<td>Product catalogue<\/td>\n<td><a href=\"\/wp-content\/uploads\/2026\/03\/MACCHINA-SOTTOVUOTO-AD-ASPIRAZIONE-ESTERNE.pdf\" target=\"_blank\" rel=\"noopener\"><img loading=\"lazy\" decoding=\"async\" class=\"alignleft wp-image-3321 size-full\" src=\"https:\/\/www.sapbologna.it\/wp-content\/uploads\/2018\/09\/download-icon.png\" alt=\"\" width=\"20\" height=\"28\" \/><\/a><\/td>\n<\/tr>\n<tr>\n<td>Exploded view<\/td>\n<td><a href=\"https:\/\/www.sapbologna.it\/wp-content\/uploads\/2022\/12\/ESPLOSO-VACUUM-ASPIRAZIONE-ESTERNA.pdf\" target=\"_blank\" rel=\"noopener\"><img loading=\"lazy\" decoding=\"async\" class=\"alignleft wp-image-3321 size-full\" src=\"https:\/\/www.sapbologna.it\/wp-content\/uploads\/2018\/09\/download-icon.png\" alt=\"\" width=\"20\" height=\"28\" \/><\/a><\/td>\n<\/tr>\n<tr>\n<td>Parts list<\/td>\n<td><a href=\"https:\/\/www.sapbologna.it\/wp-content\/uploads\/2022\/12\/RICAMBI-VAC-ASPIRAZIONE-ESTERNA.pdf\" target=\"_blank\" rel=\"noopener\"><img loading=\"lazy\" decoding=\"async\" class=\"alignleft wp-image-3321 size-full\" src=\"https:\/\/www.sapbologna.it\/wp-content\/uploads\/2018\/09\/download-icon.png\" alt=\"\" width=\"20\" height=\"28\" \/><\/a><\/td>\n<\/tr>\n<\/tbody>\n<\/table>\n<p>&nbsp;<\/p>\n<table class=\"table table-striped\">\n<thead>\n<tr>\n<th colspan=\"2\">EXTERNAL SUCTION VACUUM PACKAGING MACHINES\/450 AUTO<\/th>\n<\/tr>\n<\/thead>\n<tbody>\n<tr>\n<td>Dimensions<\/td>\n<td>470 x 260 x 130 mm<\/td>\n<\/tr>\n<tr>\n<td>Voltage<\/td>\n<td>230 V \/ 50-60 Hz<\/td>\n<\/tr>\n<tr>\n<td>Oil bath pump<\/td>\n<td>40-48 L\/min 20-24 nmpa b MMHyiy<\/td>\n<\/tr>\n<tr>\n<td>Power consumption<\/td>\n<td>400 W &#8211; 400 Bt<\/td>\n<\/tr>\n<tr>\n<td>Sealing bar<\/td>\n<td>450<\/td>\n<\/tr>\n<tr>\n<td>Weight<\/td>\n<td>8 kg &#8211; 8 Kr<\/td>\n<\/tr>\n<tr>\n<td>Product catalogue<\/td>\n<td><a href=\"\/wp-content\/uploads\/2026\/03\/MACCHINA-SOTTOVUOTO-AD-ASPIRAZIONE-ESTERNE.pdf\" target=\"_blank\" rel=\"noopener\"><img loading=\"lazy\" decoding=\"async\" class=\"alignleft wp-image-3321 size-full\" src=\"https:\/\/www.sapbologna.it\/wp-content\/uploads\/2018\/09\/download-icon.png\" alt=\"\" width=\"20\" height=\"28\" \/><\/a><\/td>\n<\/tr>\n<tr>\n<td>Exploded view<\/td>\n<td><a href=\"https:\/\/www.sapbologna.it\/wp-content\/uploads\/2022\/12\/ESPLOSO-VACUUM-ASPIRAZIONE-ESTERNA.pdf\" target=\"_blank\" rel=\"noopener\"><img loading=\"lazy\" decoding=\"async\" class=\"alignleft wp-image-3321 size-full\" src=\"https:\/\/www.sapbologna.it\/wp-content\/uploads\/2018\/09\/download-icon.png\" alt=\"\" width=\"20\" height=\"28\" \/><\/a><\/td>\n<\/tr>\n<tr>\n<td>Parts list<\/td>\n<td><a href=\"https:\/\/www.sapbologna.it\/wp-content\/uploads\/2022\/12\/RICAMBI-VAC-ASPIRAZIONE-ESTERNA.pdf\" target=\"_blank\" rel=\"noopener\"><img loading=\"lazy\" decoding=\"async\" class=\"alignleft wp-image-3321 size-full\" src=\"https:\/\/www.sapbologna.it\/wp-content\/uploads\/2018\/09\/download-icon.png\" alt=\"\" width=\"20\" height=\"28\" \/><\/a><\/td>\n<\/tr>\n<\/tbody>\n<\/table>\n<\/div>\n<div class=\"caratteristiche\"><\/div>\n","protected":false},"excerpt":{"rendered":"<p>This external suction vacuum machine, entirely made of stainless Steel, is a professional item recommended for th\u00e8 small sales outlets. With solid, long-term reliability, it offers th\u00e8 possibility to serve th\u00e8 packaged product &#8220;in sight&#8221;, increasing th\u00e8 conservation and freshness over time thanks to a durable and high-quality vacuum with a consequent increase of Service and image. Ideal for products with low moisture content (meats, cheeses, etc.). The machine also has a professional sealing bar which provides a thicker weld, providing a clear long-term vacuum. They also have a filter pump protection from liquids and moisture. All types of fresh or liquid products that cannot be packaged in th\u00e8 embossed bags can be preserved in special jars.<\/p>\n","protected":false},"featured_media":5497,"template":"","meta":[],"product_brand":[],"product_cat":[252,259],"product_tag":[],"class_list":{"0":"post-5490","1":"product","2":"type-product","3":"status-publish","4":"has-post-thumbnail","6":"product_cat-all","7":"product_cat-vacuum-packaging-machines","8":"item col-md-6 col-sm-6 col-xs-12 mb_50","10":"first","11":"instock","12":"shipping-taxable","13":"product-type-simple"},"_links":{"self":[{"href":"https:\/\/sapbologna.it\/en\/wp-json\/wp\/v2\/product\/5490","targetHints":{"allow":["GET"]}}],"collection":[{"href":"https:\/\/sapbologna.it\/en\/wp-json\/wp\/v2\/product"}],"about":[{"href":"https:\/\/sapbologna.it\/en\/wp-json\/wp\/v2\/types\/product"}],"wp:featuredmedia":[{"embeddable":true,"href":"https:\/\/sapbologna.it\/en\/wp-json\/wp\/v2\/media\/5497"}],"wp:attachment":[{"href":"https:\/\/sapbologna.it\/en\/wp-json\/wp\/v2\/media?parent=5490"}],"wp:term":[{"taxonomy":"product_brand","embeddable":true,"href":"https:\/\/sapbologna.it\/en\/wp-json\/wp\/v2\/product_brand?post=5490"},{"taxonomy":"product_cat","embeddable":true,"href":"https:\/\/sapbologna.it\/en\/wp-json\/wp\/v2\/product_cat?post=5490"},{"taxonomy":"product_tag","embeddable":true,"href":"https:\/\/sapbologna.it\/en\/wp-json\/wp\/v2\/product_tag?post=5490"}],"curies":[{"name":"wp","href":"https:\/\/api.w.org\/{rel}","templated":true}]}}