{"id":5458,"date":"2018-09-05T09:18:48","date_gmt":"2018-09-05T09:18:48","guid":{"rendered":"https:\/\/medhit-wp2.it\/sap\/product\/potato-peeler-2\/"},"modified":"2026-03-11T11:59:10","modified_gmt":"2026-03-11T11:59:10","slug":"potato-peeler-2","status":"publish","type":"product","link":"https:\/\/sapbologna.it\/en\/product\/potato-peeler-2\/","title":{"rendered":"Onion peeler"},"content":{"rendered":"<div class=\"caratteristiche\"><\/div>\n<div class=\"caratteristiche\">\n<p>&nbsp;<\/p>\n<table class=\"table table-striped\">\n<thead>\n<tr>\n<th colspan=\"2\">ONION PEELER PLC8<\/th>\n<\/tr>\n<\/thead>\n<tbody>\n<tr>\n<td>Materiale \/ Made of \/ Mat\u00e9riel \/ \u041c\u0430\u0442\u0435\u0440\u0438\u0430\u043b<\/td>\n<td>acciaio inox \/ stainless steel \/ acier inox \/ \u041d\u0435\u0440\u0436\u0430\u0432\u0435\u044e\u0449\u0430\u044f \u0441\u0442\u0430\u043b\u044c<\/td>\n<\/tr>\n<tr>\n<td>Capacit\u00e0 vasca \/ Tank capacity \/<\/td>\n<td>8 kg<\/td>\n<\/tr>\n<tr>\n<td>Produzione oraria \/ Hourly output \/<\/td>\n<td>100 kg<\/td>\n<\/tr>\n<tr>\n<td>Motore \/ Motor \/ Moteur \/ \u0414\u0432\u0438\u0433\u0430\u0442\u0435\u043b\u044c<\/td>\n<td>0.55 kW 230 V \/ 50 Hz<\/td>\n<\/tr>\n<tr>\n<td>Potenza \/ Power \/ Puissance \/ \u041c\u043e\u0449\u043d\u043e\u0441\u0442\u044c<\/td>\n<td>0.75 hp<\/td>\n<\/tr>\n<tr>\n<td>Giri motore \/ Motor speed \/<\/td>\n<td>900 RPM<\/td>\n<\/tr>\n<tr>\n<td>Peso netto \/ Net weight \/ Poids net \/ \u0427\u0438\u0441\u0442\u044b\u0439 \u0432\u0435\u0441<\/td>\n<td>26 kg<\/td>\n<\/tr>\n<tr>\n<td>Peso lordo \/ Gross weight \/ Poids brut \/ \u041e\u0431\u0449\u0438\u0439 \u0432\u0435\u0441<\/td>\n<td>30 kg<\/td>\n<\/tr>\n<tr>\n<td>Dimensione \/ Dimension \/ Dimensions \/ \u0420\u0430\u0437\u043c\u0435\u0440\u044b<\/td>\n<td>32 x 42 x 80 cm<\/td>\n<\/tr>\n<tr>\n<td>Dimensione imballo \/ Package dimension<\/td>\n<td>95 x 50 x 45 cm<\/td>\n<\/tr>\n<tr>\n<td>Optional \/ Optional<\/td>\n<td>Cavalletto con filtro \/ Stainless steel table with filter<\/td>\n<\/tr>\n<tr>\n<td>Product catalogue<\/td>\n<td><a href=\"\/wp-content\/uploads\/2026\/03\/PELACIPOLLE-PLC8.pdf\" target=\"_blank\" rel=\"noopener\"><img loading=\"lazy\" decoding=\"async\" class=\"alignleft wp-image-3321 size-full\" src=\"https:\/\/sapbologna.it\/wp-content\/uploads\/2018\/09\/download-icon.png\" alt=\"\" width=\"114\" height=\"133\" \/><\/a><\/td>\n<\/tr>\n<\/tbody>\n<\/table>\n<\/div>\n<div class=\"caratteristiche\">\n<p>&nbsp;<\/p>\n<table class=\"table table-striped\">\n<thead>\n<tr>\n<th colspan=\"2\">ONION PEELER PLC15<\/th>\n<\/tr>\n<\/thead>\n<tbody>\n<tr>\n<td>Materiale \/ Made of \/ Mat\u00e9riel \/ \u041c\u0430\u0442\u0435\u0440\u0438\u0430\u043b<\/td>\n<td>acciaio inox \/ stainless steel \/ acier inox \/ \u041d\u0435\u0440\u0436\u0430\u0432\u0435\u044e\u0449\u0430\u044f \u0441\u0442\u0430\u043b\u044c<\/td>\n<\/tr>\n<tr>\n<td>Capacit\u00e0 vasca \/ Tank capacity \/<\/td>\n<td>15 kg<\/td>\n<\/tr>\n<tr>\n<td>Produzione oraria \/ Hourly output \/<\/td>\n<td>180 kg<\/td>\n<\/tr>\n<tr>\n<td>Motore \/ Motor \/ Moteur \/ \u0414\u0432\u0438\u0433\u0430\u0442\u0435\u043b\u044c<\/td>\n<td>0.63 kW 230 V \/ 50 Hz 230 \/ 400 V \/ 50 Hz<\/td>\n<\/tr>\n<tr>\n<td>Potenza \/ Power \/ Puissance \/ \u041c\u043e\u0449\u043d\u043e\u0441\u0442\u044c<\/td>\n<td>0.85 hp<\/td>\n<\/tr>\n<tr>\n<td>Giri motore \/ Motor speed \/<\/td>\n<td>900 RPM<\/td>\n<\/tr>\n<tr>\n<td>Peso netto \/ Net weight \/ Poids net \/ \u0427\u0438\u0441\u0442\u044b\u0439 \u0432\u0435\u0441<\/td>\n<td>36 kg<\/td>\n<\/tr>\n<tr>\n<td>Peso lordo \/ Gross weight \/ Poids brut \/ \u041e\u0431\u0449\u0438\u0439 \u0432\u0435\u0441<\/td>\n<td>40 kg<\/td>\n<\/tr>\n<tr>\n<td>Dimensione \/ Dimension \/ Dimensions \/ \u0420\u0430\u0437\u043c\u0435\u0440\u044b<\/td>\n<td>40 x 50 x 90 cm<\/td>\n<\/tr>\n<tr>\n<td>Dimensione imballo \/ Package dimension<\/td>\n<td>100 x 60 x 55 cm<\/td>\n<\/tr>\n<tr>\n<td>Optional \/ Optional<\/td>\n<td>Cavalletto con filtro \/ Stainless steel table with filter<\/td>\n<\/tr>\n<tr>\n<td>Product catalogue<\/td>\n<td><a href=\"\/wp-content\/uploads\/2026\/03\/PELACIPOLLE-PLC15.pdf\" target=\"_blank\" rel=\"noopener\"><img loading=\"lazy\" decoding=\"async\" class=\"alignleft wp-image-3321 size-full\" src=\"https:\/\/sapbologna.it\/wp-content\/uploads\/2018\/09\/download-icon.png\" alt=\"\" width=\"114\" height=\"133\" \/><\/a><\/td>\n<\/tr>\n<\/tbody>\n<\/table>\n<\/div>\n<div class=\"caratteristiche\">\n<p>&nbsp;<\/p>\n<table class=\"table table-striped\">\n<thead>\n<tr>\n<th colspan=\"2\">ONION PEELER PLC20<\/th>\n<\/tr>\n<\/thead>\n<tbody>\n<tr>\n<td>Materiale \/ Made of \/ Mat\u00e9riel \/ \u041c\u0430\u0442\u0435\u0440\u0438\u0430\u043b<\/td>\n<td>20 kg<\/td>\n<\/tr>\n<tr>\n<td>Produzione oraria \/ Hourly output \/<\/td>\n<td>240 kg<\/td>\n<\/tr>\n<tr>\n<td>Motore \/ Motor \/ Moteur \/ \u0414\u0432\u0438\u0433\u0430\u0442\u0435\u043b\u044c<\/td>\n<td>0.63 kW 230 V \/ 50 Hz 230 \/ 400 V \/ 50 Hz<\/td>\n<\/tr>\n<tr>\n<td>Potenza \/ Power \/ Puissance \/ \u041c\u043e\u0449\u043d\u043e\u0441\u0442\u044c<\/td>\n<td>0.85 hp<\/td>\n<\/tr>\n<tr>\n<td>Giri motore \/ Motor speed \/<\/td>\n<td>900 RPM<\/td>\n<\/tr>\n<tr>\n<td>Peso netto \/ Net weight \/ Poids net \/ \u0427\u0438\u0441\u0442\u044b\u0439 \u0432\u0435\u0441<\/td>\n<td>41 kg<\/td>\n<\/tr>\n<tr>\n<td>Peso lordo \/ Gross weight \/ Poids brut \/ \u041e\u0431\u0449\u0438\u0439 \u0432\u0435\u0441<\/td>\n<td>45 kg<\/td>\n<\/tr>\n<tr>\n<td>Dimensione \/ Dimension \/ Dimensions \/ \u0420\u0430\u0437\u043c\u0435\u0440\u044b<\/td>\n<td>45 x 55 x 95 cm<\/td>\n<\/tr>\n<tr>\n<td>Dimensione imballo \/ Package dimension<\/td>\n<td>100 x 60 x 55 cm<\/td>\n<\/tr>\n<tr>\n<td>Product catalogue<\/td>\n<td><a href=\"\/wp-content\/uploads\/2026\/03\/PELACIPOLLE-PLC20.pdf\" target=\"_blank\" rel=\"noopener\"><img loading=\"lazy\" decoding=\"async\" class=\"alignleft wp-image-3321 size-full\" src=\"https:\/\/sapbologna.it\/wp-content\/uploads\/2018\/09\/download-icon.png\" alt=\"\" width=\"114\" height=\"133\" \/><\/a><\/td>\n<\/tr>\n<\/tbody>\n<\/table>\n<\/div>\n","protected":false},"excerpt":{"rendered":"<p>I pelacipolle sono interamente costruiti in acciaio inox e sono dotati di tutti i pi\u00f9 moderni dispositivi di sicurezza. La versione CE, in osservanza delle norme di sicurezza della Comunit\u00e0 Economica Europea, \u00e8 dotata di pulsantiera elettrica con scheda 24volt, microswitch di sicurezza sia sullo sportello sia sul coperchio e di un pulsante a fungo rosso di emergenza di fine lavoro. Le macchine sono dotate di riduttore di velocit\u00e0 con trasmissione a cinghia, e la cinghia multigrip \u00e8 silenziosa, sicura e di semplice registrazione. Il coperchio in policarbonato trasparente permette all\u2019operatore di controllare il processo di lavorazione. Il dispositivo di scarico automatico e carico d\u00b4acqua \u00e8 di \u00d8 50 mm e il piattello \u00e8 rivestito in granulare finissimo ed ha una rotazione inferiore del 20% rispetto al pelapatate. Il nuovo sportello e la sua maniglia \u00e8 fatto di un materiale speciale nylon 6 FV 30% denominato akulon.<\/p>\n","protected":false},"featured_media":5460,"template":"","meta":[],"product_brand":[],"product_cat":[252,260],"product_tag":[],"class_list":{"0":"post-5458","1":"product","2":"type-product","3":"status-publish","4":"has-post-thumbnail","6":"product_cat-all","7":"product_cat-meat-mincer-en","8":"item col-md-6 col-sm-6 col-xs-12 mb_50","10":"first","11":"instock","12":"shipping-taxable","13":"product-type-simple"},"_links":{"self":[{"href":"https:\/\/sapbologna.it\/en\/wp-json\/wp\/v2\/product\/5458","targetHints":{"allow":["GET"]}}],"collection":[{"href":"https:\/\/sapbologna.it\/en\/wp-json\/wp\/v2\/product"}],"about":[{"href":"https:\/\/sapbologna.it\/en\/wp-json\/wp\/v2\/types\/product"}],"wp:featuredmedia":[{"embeddable":true,"href":"https:\/\/sapbologna.it\/en\/wp-json\/wp\/v2\/media\/5460"}],"wp:attachment":[{"href":"https:\/\/sapbologna.it\/en\/wp-json\/wp\/v2\/media?parent=5458"}],"wp:term":[{"taxonomy":"product_brand","embeddable":true,"href":"https:\/\/sapbologna.it\/en\/wp-json\/wp\/v2\/product_brand?post=5458"},{"taxonomy":"product_cat","embeddable":true,"href":"https:\/\/sapbologna.it\/en\/wp-json\/wp\/v2\/product_cat?post=5458"},{"taxonomy":"product_tag","embeddable":true,"href":"https:\/\/sapbologna.it\/en\/wp-json\/wp\/v2\/product_tag?post=5458"}],"curies":[{"name":"wp","href":"https:\/\/api.w.org\/{rel}","templated":true}]}}