{"id":9270,"date":"2026-03-23T14:33:57","date_gmt":"2026-03-23T14:33:57","guid":{"rendered":"https:\/\/sapbologna.it\/?post_type=product&#038;p=9270"},"modified":"2026-03-26T11:09:46","modified_gmt":"2026-03-26T11:09:46","slug":"reibe-mignon","status":"publish","type":"product","link":"https:\/\/sapbologna.it\/de\/produkt\/reibe-mignon\/","title":{"rendered":"Reibe MIGNON"},"content":{"rendered":"<div class=\"caratteristiche\">\n<table class=\"table table-striped\">\n<thead>\n<tr>\n<th colspan=\"2\">REIBE MIGNON<\/th>\n<\/tr>\n<\/thead>\n<tbody>\n<tr>\n<td>LEISTUNG<\/td>\n<td>0,38 kW (0,5 HP)<\/td>\n<\/tr>\n<tr>\n<td>STROMVERSORGUNG<\/td>\n<td>230V\/1N\/50Hz<\/td>\n<\/tr>\n<tr>\n<td>STUNDENLEISTUNG<\/td>\n<td>35 Kg\/h<\/td>\n<\/tr>\n<tr>\n<td>M\u00dcNDUNGSMA\u1e9eE<\/td>\n<td>11&#215;6,5 (cm)<\/td>\n<\/tr>\n<tr>\n<td>ABMESSUNGEN<\/td>\n<td>28x25x31h (cm)<\/td>\n<\/tr>\n<tr>\n<td>NETTOGEWICHT<\/td>\n<td>8 Kg<\/td>\n<\/tr>\n<tr>\n<td>VERPACKUNGSMASSE<\/td>\n<td>31x26x37h (cm)<\/td>\n<\/tr>\n<tr>\n<td>Produktkatalog<\/td>\n<td><a href=\"\/wp-content\/uploads\/2026\/03\/MIGNON-CATALOGO.pdf\" target=\"_blank\" rel=\"noopener\"><img loading=\"lazy\" decoding=\"async\" class=\"alignleft wp-image-3321\" src=\"https:\/\/sapbologna.it\/wp-content\/uploads\/2018\/09\/download-icon.png\" alt=\"\" width=\"21\" height=\"25\" \/><\/a><\/td>\n<\/tr>\n<\/tbody>\n<\/table>\n<\/div>\n","protected":false},"excerpt":{"rendered":"<p>Kleine Reibe f\u00fcr die K\u00e4sevorbereitung, ideal f\u00fcr den Hausgebrauch, aber auch f\u00fcr halb-professionelle Anwendungen geeignet: kleine Gemeinschaften, Hotels und Gasth\u00e4user.<br data-start=\"1548\" data-end=\"1551\" \/>Die CE-Version entspricht allen einschl\u00e4gigen Vorschriften und ist mit einem Motor mit Schutzschalter, einer Verriegelung am Dr\u00fccker und einem Edelstahlgitter ausgestattet.<br data-start=\"1723\" data-end=\"1726\" \/>Trotz ihrer geringen Abmessungen ist diese Reibe in der Lage, eine au\u00dfergew\u00f6hnlich gro\u00dfe Produktmenge zu verarbeiten.<\/p>\n","protected":false},"featured_media":9278,"template":"","meta":[],"product_brand":[],"product_cat":[265,272],"product_tag":[],"class_list":{"0":"post-9270","1":"product","2":"type-product","3":"status-publish","4":"has-post-thumbnail","6":"product_cat-reibe","7":"product_cat-alle","8":"item col-md-6 col-sm-6 col-xs-12 mb_50","10":"first","11":"instock","12":"shipping-taxable","13":"product-type-simple"},"_links":{"self":[{"href":"https:\/\/sapbologna.it\/de\/wp-json\/wp\/v2\/product\/9270","targetHints":{"allow":["GET"]}}],"collection":[{"href":"https:\/\/sapbologna.it\/de\/wp-json\/wp\/v2\/product"}],"about":[{"href":"https:\/\/sapbologna.it\/de\/wp-json\/wp\/v2\/types\/product"}],"wp:featuredmedia":[{"embeddable":true,"href":"https:\/\/sapbologna.it\/de\/wp-json\/wp\/v2\/media\/9278"}],"wp:attachment":[{"href":"https:\/\/sapbologna.it\/de\/wp-json\/wp\/v2\/media?parent=9270"}],"wp:term":[{"taxonomy":"product_brand","embeddable":true,"href":"https:\/\/sapbologna.it\/de\/wp-json\/wp\/v2\/product_brand?post=9270"},{"taxonomy":"product_cat","embeddable":true,"href":"https:\/\/sapbologna.it\/de\/wp-json\/wp\/v2\/product_cat?post=9270"},{"taxonomy":"product_tag","embeddable":true,"href":"https:\/\/sapbologna.it\/de\/wp-json\/wp\/v2\/product_tag?post=9270"}],"curies":[{"name":"wp","href":"https:\/\/api.w.org\/{rel}","templated":true}]}}